{"id":1578,"date":"2020-12-27T20:17:28","date_gmt":"2020-12-27T18:17:28","guid":{"rendered":"https:\/\/edublog.educastur.es\/ixuxullingua\/?page_id=1578"},"modified":"2020-12-27T20:17:28","modified_gmt":"2020-12-27T18:17:28","slug":"pallabreros","status":"publish","type":"page","link":"https:\/\/edublog.educastur.es\/ixuxullingua\/vocabulariu\/pallabreros\/","title":{"rendered":"PALLABREROS"},"content":{"rendered":"<p><a href=\"https:\/\/www.gijon.es\/ast\/publicaciones?t=Folletos&amp;b=2&amp;etiquetas=LLingua,Pallabrero&amp;m=f\"><em><strong>Edita: Ayto. de Xix\u00f3n<\/strong><\/em><\/a><\/p>\n<ul>\n<li><em><a href=\"https:\/\/www.gijon.es\/ast\/publicaciones\/el-pallabreru-de-la-natacion\">El pallabreru de la nataci\u00f3n <\/a><\/em><\/li>\n<li><em><a href=\"https:\/\/www.gijon.es\/ast\/publicaciones\/el-pallabreru-de-los-bolos-de-xixon\">El pallabreru de los bolos de Xix\u00f3n <\/a><\/em><\/li>\n<li><em><a href=\"https:\/\/www.gijon.es\/ast\/publicaciones\/el-pallabreru-del-atletismu\">El pallabreru del Atletismu<\/a><\/em><\/li>\n<li><em><a href=\"https:\/\/www.gijon.es\/ast\/publicaciones\/el-pallabreru-del-baloncestu\">El pallabreru del baloncestu <\/a><\/em><\/li>\n<li><em><a href=\"https:\/\/www.gijon.es\/ast\/publicaciones\/el-pallabreru-del-balonmano\">El pallabreru del balonmano <\/a><\/em><\/li>\n<li><em><a href=\"https:\/\/www.gijon.es\/ast\/publicaciones\/el-pallabreru-del-ciclismu\">El pallabreru del ciclismu <\/a><\/em><\/li>\n<li><em><a href=\"https:\/\/www.gijon.es\/ast\/publicaciones\/el-pallabreru-del-futbol\">El pallabreru del f\u00fatbol <\/a><\/em><\/li>\n<li><em><a href=\"https:\/\/www.gijon.es\/ast\/publicaciones\/el-pallabreru-del-monte-y-la-escalada\">El pallabreru del monte y la escalada <\/a><\/em><\/li>\n<li><em><a href=\"https:\/\/www.gijon.es\/ast\/publicaciones\/el-pallabreru-del-skate\">El Pallabreru del skate<\/a><\/em><\/li>\n<li><a href=\"https:\/\/www.gijon.es\/ast\/publicaciones\/el-pallabreru-del-surf\"><em>El pallabreru del Surf <\/em><\/a><\/li>\n<\/ul>\n<p>&nbsp;<\/p>\n<p><img loading=\"lazy\" decoding=\"async\" class=\"alignnone \" src=\"https:\/\/drupal.gijon.es\/sites\/default\/files\/2019-05\/EL%20PALLABRERU%20DE%20LA%20NATACION.PNG\" width=\"168\" height=\"115\" \/> \u00a0\u00a0 <img loading=\"lazy\" decoding=\"async\" class=\"alignnone \" src=\"https:\/\/drupal.gijon.es\/sites\/default\/files\/2019-05\/PortadaPallabreruBolosa250.jpg\" width=\"153\" height=\"107\" \/> \u00a0\u00a0 <img loading=\"lazy\" decoding=\"async\" class=\"alignnone \" src=\"https:\/\/drupal.gijon.es\/sites\/default\/files\/2019-05\/EL%20PALLABRERU%20DEL%20ATLETISMU.PNG\" width=\"248\" height=\"100\" \/> \u00a0\u00a0 <img loading=\"lazy\" decoding=\"async\" class=\"alignnone \" src=\"https:\/\/drupal.gijon.es\/sites\/default\/files\/2019-05\/PortadaPallabrerubaloncestua300.jpg\" width=\"142\" height=\"100\" \/> \u00a0\u00a0 <img loading=\"lazy\" decoding=\"async\" class=\"alignnone \" src=\"https:\/\/drupal.gijon.es\/sites\/default\/files\/2019-05\/EL%20PALLABRERU%20DEL%20BALONMANO.PNG\" width=\"209\" height=\"104\" \/> \u00a0 <img loading=\"lazy\" decoding=\"async\" class=\"alignnone \" src=\"https:\/\/drupal.gijon.es\/sites\/default\/files\/2019-05\/Portadapallabreruciclismua300.jpg\" width=\"139\" height=\"98\" \/> \u00a0\u00a0 <img loading=\"lazy\" decoding=\"async\" class=\"alignnone \" src=\"https:\/\/drupal.gijon.es\/sites\/default\/files\/2019-05\/EL%20PALLABRERU%20DEL%20FUTBOL.PNG\" width=\"96\" height=\"94\" \/> <img loading=\"lazy\" decoding=\"async\" class=\"alignnone \" src=\"https:\/\/drupal.gijon.es\/sites\/default\/files\/2019-05\/PALLABRERU%20DEL%20MONTE%20Y%20LA%20%20ESCALADA.PNG\" width=\"177\" height=\"99\" \/> \u00a0 <img loading=\"lazy\" decoding=\"async\" class=\"alignnone \" src=\"https:\/\/drupal.gijon.es\/sites\/default\/files\/2020-09\/pallabreru.png\" width=\"156\" height=\"94\" \/> \u00a0 <img loading=\"lazy\" decoding=\"async\" class=\"alignnone \" src=\"https:\/\/drupal.gijon.es\/sites\/default\/files\/2019-05\/Pallabrero%20%20del%20SURF.PNG\" width=\"178\" height=\"100\" \/><\/p>\n<hr \/>\n\n<!-- iframe plugin v.6.0 wordpress.org\/plugins\/iframe\/ -->\n<iframe loading=\"lazy\" src=\"https:\/\/drive.google.com\/file\/d\/1uBSjF4axNMVqYhgkCsqjUFLzGJz2F3h6\/preview\" width=\"704\" height=\"500\" 0=\"\/iframe\" scrolling=\"yes\" class=\"iframe-class\" frameborder=\"0\"><\/iframe>\n\n<hr \/>\n\n<!-- iframe plugin v.6.0 wordpress.org\/plugins\/iframe\/ -->\n<iframe loading=\"lazy\" src=\"https:\/\/drive.google.com\/file\/d\/1oCdAyWSc6iNOMVCvln5AXNETPKUUp-m4\/preview\" width=\"704\" height=\"500\" 0=\"\/iframe\" scrolling=\"yes\" class=\"iframe-class\" frameborder=\"0\"><\/iframe>\n\n<hr \/>\n\n<!-- iframe plugin v.6.0 wordpress.org\/plugins\/iframe\/ -->\n<iframe loading=\"lazy\" src=\"https:\/\/drive.google.com\/file\/d\/1M427rBhjJUP2ofkynZvYlJrGDLmAGrIA\/preview\" width=\"704\" height=\"500\" 0=\"\/iframe\" scrolling=\"yes\" class=\"iframe-class\" frameborder=\"0\"><\/iframe>\n\n<hr \/>\n\n<!-- iframe plugin v.6.0 wordpress.org\/plugins\/iframe\/ -->\n<iframe loading=\"lazy\" src=\"https:\/\/drive.google.com\/file\/d\/1xejUarGSsTOUDwWB1xwnbyk44yZdwt9z\/preview\" width=\"704\" height=\"500\" 0=\"\/iframe\" scrolling=\"yes\" class=\"iframe-class\" frameborder=\"0\"><\/iframe>\n\n<hr \/>\n\n<!-- iframe plugin v.6.0 wordpress.org\/plugins\/iframe\/ -->\n<iframe loading=\"lazy\" src=\"https:\/\/drive.google.com\/file\/d\/1lJJUjZumtmofeZzpewAPE1xgqEd6hLkx\/preview\" width=\"704\" height=\"500\" 0=\"\/iframe\" scrolling=\"yes\" class=\"iframe-class\" frameborder=\"0\"><\/iframe>\n\n<hr \/>\n\n<!-- iframe plugin v.6.0 wordpress.org\/plugins\/iframe\/ -->\n<iframe loading=\"lazy\" src=\"https:\/\/drive.google.com\/file\/d\/1zaOfcohiWRvFvOM7VdCbeeYy7C2buPH7\/preview\" width=\"704\" height=\"500\" 0=\"\/iframe\" scrolling=\"yes\" class=\"iframe-class\" frameborder=\"0\"><\/iframe>\n\n<hr \/>\n\n<!-- iframe plugin v.6.0 wordpress.org\/plugins\/iframe\/ -->\n<iframe loading=\"lazy\" src=\"https:\/\/drive.google.com\/file\/d\/11eC3DBFoAYtZSZSYVbWexyPFCyyqEiQQ\/preview\" width=\"704\" height=\"500\" 0=\"\/iframe\" scrolling=\"yes\" class=\"iframe-class\" frameborder=\"0\"><\/iframe>\n\n<hr \/>\n\n<!-- iframe plugin v.6.0 wordpress.org\/plugins\/iframe\/ -->\n<iframe loading=\"lazy\" src=\"https:\/\/drive.google.com\/file\/d\/1FzMbnZzGdto6HKqvumGW1SuYWbBc802p\/preview\" width=\"704\" height=\"500\" 0=\"\/iframe\" scrolling=\"yes\" class=\"iframe-class\" frameborder=\"0\"><\/iframe>\n\n<hr \/>\n\n<!-- iframe plugin v.6.0 wordpress.org\/plugins\/iframe\/ -->\n<iframe loading=\"lazy\" src=\"https:\/\/drive.google.com\/file\/d\/1xm5iOnbJIEfSsf30Agow9h8SGoNWXzDH\/preview\" width=\"704\" height=\"500\" 0=\"\/iframe\" scrolling=\"yes\" class=\"iframe-class\" frameborder=\"0\"><\/iframe>\n\n<hr \/>\n\n<!-- iframe plugin v.6.0 wordpress.org\/plugins\/iframe\/ -->\n<iframe loading=\"lazy\" src=\"https:\/\/drive.google.com\/file\/d\/1zYbmsUVpyt6AjkyvoyJL3A95S9ljrZO0\/preview\" width=\"704\" height=\"500\" 0=\"\/iframe\" scrolling=\"yes\" class=\"iframe-class\" frameborder=\"0\"><\/iframe>\n\n<hr \/>\n\n<!-- iframe plugin v.6.0 wordpress.org\/plugins\/iframe\/ -->\n<iframe loading=\"lazy\" src=\"https:\/\/drive.google.com\/file\/d\/1zrY88hu2iITlyThEdT22YWBytCpkUulK\/preview\" width=\"704\" height=\"500\" 0=\"\/iframe\" scrolling=\"yes\" class=\"iframe-class\" frameborder=\"0\"><\/iframe>\n\n<hr \/>\n\n<!-- iframe plugin v.6.0 wordpress.org\/plugins\/iframe\/ -->\n<iframe loading=\"lazy\" src=\"https:\/\/drive.google.com\/file\/d\/1hKTjGrr27v67nNNJM-K-cg-_o3hcDDbm\/preview\" width=\"704\" height=\"500\" 0=\"\/iframe\" scrolling=\"yes\" class=\"iframe-class\" frameborder=\"0\"><\/iframe>\n\n","protected":false},"excerpt":{"rendered":"<p>Edita: Ayto. de Xix\u00f3n El pallabreru de la nataci\u00f3n El pallabreru de los bolos de Xix\u00f3n El pallabreru del Atletismu El pallabreru del baloncestu El pallabreru del balonmano El pallabreru del ciclismu El pallabreru del f\u00fatbol El pallabreru del monte y la escalada El Pallabreru del skate El pallabreru del Surf &nbsp; \u00a0\u00a0 \u00a0\u00a0 \u00a0\u00a0 [&hellip;]<\/p>\n","protected":false},"author":117,"featured_media":0,"parent":1576,"menu_order":0,"comment_status":"closed","ping_status":"closed","template":"","meta":{"footnotes":""},"class_list":["post-1578","page","type-page","status-publish","hentry","post-preview"],"_links":{"self":[{"href":"https:\/\/edublog.educastur.es\/ixuxullingua\/wp-json\/wp\/v2\/pages\/1578","targetHints":{"allow":["GET"]}}],"collection":[{"href":"https:\/\/edublog.educastur.es\/ixuxullingua\/wp-json\/wp\/v2\/pages"}],"about":[{"href":"https:\/\/edublog.educastur.es\/ixuxullingua\/wp-json\/wp\/v2\/types\/page"}],"author":[{"embeddable":true,"href":"https:\/\/edublog.educastur.es\/ixuxullingua\/wp-json\/wp\/v2\/users\/117"}],"replies":[{"embeddable":true,"href":"https:\/\/edublog.educastur.es\/ixuxullingua\/wp-json\/wp\/v2\/comments?post=1578"}],"version-history":[{"count":1,"href":"https:\/\/edublog.educastur.es\/ixuxullingua\/wp-json\/wp\/v2\/pages\/1578\/revisions"}],"predecessor-version":[{"id":1579,"href":"https:\/\/edublog.educastur.es\/ixuxullingua\/wp-json\/wp\/v2\/pages\/1578\/revisions\/1579"}],"up":[{"embeddable":true,"href":"https:\/\/edublog.educastur.es\/ixuxullingua\/wp-json\/wp\/v2\/pages\/1576"}],"wp:attachment":[{"href":"https:\/\/edublog.educastur.es\/ixuxullingua\/wp-json\/wp\/v2\/media?parent=1578"}],"curies":[{"name":"wp","href":"https:\/\/api.w.org\/{rel}","templated":true}]}}