{"id":1583,"date":"2020-12-27T21:12:31","date_gmt":"2020-12-27T19:12:31","guid":{"rendered":"https:\/\/edublog.educastur.es\/ixuxullingua\/?page_id=1583"},"modified":"2021-08-27T17:48:43","modified_gmt":"2021-08-27T15:48:43","slug":"conceyos","status":"publish","type":"page","link":"https:\/\/edublog.educastur.es\/ixuxullingua\/asturies\/conceyos\/","title":{"rendered":"Conceyos"},"content":{"rendered":"<p data-wp-editing=\"1\"><a href=\"https:\/\/drive.google.com\/drive\/u\/1\/folders\/1Idmy51eit5bH9aKVhK8etpBUaiplzfzm\"><img loading=\"lazy\" decoding=\"async\" class=\"alignnone\" src=\"https:\/\/www.bubok.es\/libro\/portadaLibro\/21512\/6\/Nomes-de-conceyos-parroquies-pueblos-y-llugares-del-Principau-dAsturies.jpg\" alt=\"\" width=\"168\" height=\"247\" \/><\/a><a href=\"https:\/\/drive.google.com\/drive\/u\/1\/folders\/1Idmy51eit5bH9aKVhK8etpBUaiplzfzm\">Descarga pdf<\/a><\/p>\n\n<!-- iframe plugin v.6.0 wordpress.org\/plugins\/iframe\/ -->\n<iframe loading=\"lazy\" src=\"https:\/\/drive.google.com\/file\/d\/1zWCmTtDrCyHvFYJL2so-eI020jytV_dI\/preview\" width=\"640\" height=\"900\" allow=\"autoplay\" 0=\"\/iframe\" scrolling=\"yes\" class=\"iframe-class\" frameborder=\"0\"><\/iframe>\n\n<p>&nbsp;<\/p>\n<p><img loading=\"lazy\" decoding=\"async\" class=\" aligncenter\" src=\"https:\/\/encrypted-tbn0.gstatic.com\/images?q=tbn:ANd9GcTR28kVyfgd3qwCkn2ICP6JNBpKea-RZS3fF5sLEuFyAkmWuml3Qyn-alg-FidZmJD8Ug&amp;usqp=CAU\" width=\"366\" height=\"39\" \/><\/p>\n<p style=\"text-align: center\"><a href=\"http:\/\/www.revistatierrasur.com\/online\/cache\/com_zoo\/images\/asturias-mapa_b4077f0916846d83ea9f05ba392aec03.jpg\"><img loading=\"lazy\" decoding=\"async\" class=\"alignnone\" src=\"http:\/\/www.revistatierrasur.com\/online\/cache\/com_zoo\/images\/asturias-mapa_b4077f0916846d83ea9f05ba392aec03.jpg\" alt=\"\" width=\"900\" height=\"400\" \/><\/a><\/p>\n<p><img loading=\"lazy\" decoding=\"async\" class=\" aligncenter\" src=\"https:\/\/encrypted-tbn0.gstatic.com\/images?q=tbn:ANd9GcTR28kVyfgd3qwCkn2ICP6JNBpKea-RZS3fF5sLEuFyAkmWuml3Qyn-alg-FidZmJD8Ug&amp;usqp=CAU\" width=\"366\" height=\"39\" \/><\/p>\n<ul>\n<li><a href=\"https:\/\/tematico.asturias.es\/industriasextractivas\/concejos.htm\"><strong><span style=\"font-size: 14pt\"><em>MAPA online con capitales de conceyu<\/em><\/span><\/strong><\/a><\/li>\n<li><a href=\"https:\/\/www.wikiwand.com\/es\/Comarcas_hist%C3%B3ricas_de_Asturias\"><span style=\"font-size: 14pt\"><strong><em>Comarques hist\u00f3riques d\u00b4Asturies<\/em><\/strong><\/span><\/a><\/li>\n<\/ul>\n<p style=\"text-align: center\"><a href=\"https:\/\/www.researchgate.net\/profile\/Ana_Lopez-Menendez\/publication\/258338815\/figure\/fig1\/AS:392759253979141@1470652511228\/Figura-1-Division-Comarcal-de-Asturias.png\"><img loading=\"lazy\" decoding=\"async\" class=\"alignnone\" src=\"https:\/\/www.researchgate.net\/profile\/Ana_Lopez-Menendez\/publication\/258338815\/figure\/fig1\/AS:392759253979141@1470652511228\/Figura-1-Division-Comarcal-de-Asturias.png\" alt=\"\" width=\"850\" height=\"637\" \/><\/a><\/p>\n<p><img loading=\"lazy\" decoding=\"async\" class=\" aligncenter\" src=\"https:\/\/encrypted-tbn0.gstatic.com\/images?q=tbn:ANd9GcTR28kVyfgd3qwCkn2ICP6JNBpKea-RZS3fF5sLEuFyAkmWuml3Qyn-alg-FidZmJD8Ug&amp;usqp=CAU\" width=\"366\" height=\"39\" \/><\/p>\n<p style=\"text-align: center\"><a href=\"https:\/\/upload.wikimedia.org\/wikipedia\/commons\/thumb\/d\/d2\/Mapaasturies_copia.jpg\/1280px-Mapaasturies_copia.jpg\"><img loading=\"lazy\" decoding=\"async\" class=\"alignnone\" src=\"https:\/\/upload.wikimedia.org\/wikipedia\/commons\/thumb\/d\/d2\/Mapaasturies_copia.jpg\/1280px-Mapaasturies_copia.jpg\" alt=\"\" width=\"1280\" height=\"595\" \/><\/a><\/p>\n<p><img loading=\"lazy\" decoding=\"async\" class=\" aligncenter\" src=\"https:\/\/encrypted-tbn0.gstatic.com\/images?q=tbn:ANd9GcTR28kVyfgd3qwCkn2ICP6JNBpKea-RZS3fF5sLEuFyAkmWuml3Qyn-alg-FidZmJD8Ug&amp;usqp=CAU\" width=\"366\" height=\"39\" \/><\/p>\n<p>&nbsp;<\/p>\n<hr \/>\n<ul>\n<li><a href=\"http:\/\/llinguanelaula.blogspot.com\/2015\/06\/de-los-conceyos-les-parroquies-asturies.html\"><em><strong>De los conceyos a les parroquies<\/strong><\/em> (Llingua nel Aula)<\/a><\/li>\n<\/ul>\n<div class=\"post\">\n<div class=\"entry-container\">\n<div class=\"entry-content\">\n<h1 class=\"stposttitle\">De los Conceyos a les parroquies: Asturies y les sos cabeceres<\/h1>\n<div><\/div>\n<div class=\"separator\"><\/div>\n<div>\n<div class=\"separator\"><a href=\"http:\/\/2.bp.blogspot.com\/-yavYCXa6J8g\/VYAXmL9MCcI\/AAAAAAAAHEM\/J-KwR8R2Sho\/s1600\/mapa%2Basturies.PNG\"><img decoding=\"async\" title=\"mapa%2Basturies\" src=\"http:\/\/2.bp.blogspot.com\/-yavYCXa6J8g\/VYAXmL9MCcI\/AAAAAAAAHEM\/J-KwR8R2Sho\/s1600\/mapa%2Basturies.PNG\" alt=\"mapa%2Basturies\" border=\"0\" \/><\/a><\/div>\n<p>Vamos a ves si somo quien a dir completando esti mapa pa deprender l<i>os conceyos d&#8217;Asturies y les sos cabeceres. \u00a0<\/i>Son una pila d&#8217;ellos&#8230;\u00bfen cu\u00e1ntos tuvisti?.<br \/>\n<b><\/b><br \/>\n<a name=\"more\"><\/a><br \/>\nAsturies llinda pql norte col Mar Cant\u00e1bricu, pal sur con Castiella y Lle\u00f3n, pal Este con Cantabria y pal oeste con Lugo, Galicia<\/p>\n<div><\/div>\n<p>Agora vamos ver la diferencia ente les parroquies y los conceyos:<\/p>\n<\/div>\n<div>\n<ul>\n<li><b>Conceyu municipal:<\/b>\u00a0mu\u00e9rganu que de cutio, xuntu al alcalde, comp\u00f3n una municipalid\u00e1 o ayuntamientu.<\/li>\n<\/ul>\n<table class=\"tr-caption-container\" cellspacing=\"0\" cellpadding=\"0\" align=\"center\">\n<tbody>\n<tr>\n<td><a href=\"http:\/\/2.bp.blogspot.com\/-yavYCXa6J8g\/VYAXmL9MCcI\/AAAAAAAAHEQ\/wP-zflJEnAg\/s1600\/mapa%2Basturies.PNG\"><img loading=\"lazy\" decoding=\"async\" class=\"\" title=\"mapa%2Basturies\" src=\"http:\/\/2.bp.blogspot.com\/-yavYCXa6J8g\/VYAXmL9MCcI\/AAAAAAAAHEQ\/wP-zflJEnAg\/s320\/mapa%2Basturies.PNG\" alt=\"mapa%2Basturies\" width=\"468\" height=\"259\" border=\"0\" \/><\/a><\/td>\n<\/tr>\n<tr>\n<td class=\"tr-caption\">Mapa d&#8217;Asturies colos Conceyos<\/td>\n<\/tr>\n<\/tbody>\n<\/table>\n<ul>\n<li><b>La Parroquia<\/b> tami\u00e9n llamada <i>collaci\u00f3n<\/i> ye n&#8217;Asturies la divisi\u00f3n alministrativa tradicional inmediatamente inferior al conceyu.<\/li>\n<\/ul>\n<div class=\"separator\"><a href=\"https:\/\/ast.wikipedia.org\/wiki\/Parroquia#\/media\/File:Parroquies_d%27Asturies.png\" target=\"_blank\" rel=\"noopener\"><img loading=\"lazy\" decoding=\"async\" class=\"alignnone\" title=\"asturies%2Bparroquial%2BIII-ini%2Bcopia_e8a1bd\" src=\"http:\/\/2.bp.blogspot.com\/-A9YC9BHnglc\/VYA58LnOH8I\/AAAAAAAAHEw\/kl7ElGybV38\/s320\/asturies%2Bparroquial%2BIII-ini%2Bcopia_e8a1bd.jpg\" alt=\"asturies%2Bparroquial%2BIII-ini%2Bcopia_e8a1bd\" width=\"476\" height=\"336\" border=\"0\" \/><\/a><\/div>\n<div><\/div>\n<div><strong>DE SIGU\u00cdO VAMOS VER LOS CONCEYOS D&#8217;ASTURIES Y LES SOS CABECERES:<\/strong><\/div>\n<\/div>\n<div>\n<div class=\"separator\"><a href=\"http:\/\/2.bp.blogspot.com\/-ZwcngaUZsHA\/VX7GpioUb5I\/AAAAAAAAHDE\/Chwsm3yfmWY\/s1600\/mapa%2Basturies%2Bfala.png\"><img decoding=\"async\" title=\"mapa%2Basturies%2Bfala\" src=\"http:\/\/2.bp.blogspot.com\/-ZwcngaUZsHA\/VX7GpioUb5I\/AAAAAAAAHDE\/Chwsm3yfmWY\/s1600\/mapa%2Basturies%2Bfala.png\" alt=\"mapa%2Basturies%2Bfala\" border=\"0\" \/><\/a><\/div>\n<p><u><b>FASTERA EO-NAVIEGA <\/b>(Entrambasauguas)<\/u><\/p>\n<div><b>1. Santiso d&#8217;Abres.<\/b>(O Chao)<\/div>\n<div><b>2. A Veiga <\/b>(A Veiga)<\/div>\n<div><b>3. Taramundi <\/b>(Taramundi)<\/div>\n<div><b>4. Vilanova d&#8217;Ozcos<\/b> (Vilanova)<\/div>\n<div><b>5. Samart\u00edn d&#8217;Ozcos <\/b>(Samart\u00edn)<\/div>\n<div><b>6. Santalla d&#8217;Ozcos<\/b> (Santalla)<\/div>\n<div><b>7. Grandas de Salime <\/b>(Grandas)<\/div>\n<div><b>8. Pez\u00f3s<\/b> (Pez\u00f3s)<\/div>\n<div><b>9. Eilao<\/b> (Eilao)<\/div>\n<div><b>10. Castropol<\/b> (Castropol)<\/div>\n<div><b>11. Tapia<\/b> (Tapia)<\/div>\n<div><b>12. El Franco<\/b> (El Franco)<\/div>\n<div><b>13. Bual <\/b>(Bual)<\/div>\n<div><b>14. Cua\u00f1a<\/b> (Cua\u00f1a)<\/div>\n<div><b>15. Navia<\/b> (Navia)<\/div>\n<div><b>16. Villay\u00f3n <\/b>(Villay\u00f3n)<\/div>\n<div><b>17. Allande <\/b>(La Puela)<\/div>\n<div><b>18. Ibias <\/b>(Santantol\u00edn)<\/div>\n<div class=\"separator\"><a href=\"http:\/\/4.bp.blogspot.com\/-3jAOUHVpV28\/VYAIhZp3oEI\/AAAAAAAAHDk\/6C0IhDbGv54\/s1600\/fala%2Boocidental.png\"><img decoding=\"async\" title=\"fala%2Boocidental\" src=\"http:\/\/4.bp.blogspot.com\/-3jAOUHVpV28\/VYAIhZp3oEI\/AAAAAAAAHDk\/6C0IhDbGv54\/s1600\/fala%2Boocidental.png\" alt=\"fala%2Boocidental\" border=\"0\" \/><\/a><\/div>\n<div><\/div>\n<div><b><u>OCCIDENTE D&#8217;ASTURIES<\/u><\/b><\/div>\n<div><b>19. Dega\u00f1a<\/b> (Dega\u00f1a)<\/div>\n<div><b>20. Cangas del Narcea<\/b> (Cangas)<\/div>\n<div><b>21. Tin\u00e9u<\/b> (Tin\u00e9u)<\/div>\n<div><b>22. Vald\u00e9s<\/b> (\u00a0\u1e36\u1e37uarca)<\/div>\n<div><b>23. Cuideiru<\/b> (Cuideiru)<\/div>\n<div><b>24. Salas <\/b>(Salas)<\/div>\n<div><b>25. Miranda<\/b> (Balmonte)<\/div>\n<div><b>26. Somiedu<\/b> (La Pola)<\/div>\n<div><b>27. Teberga <\/b>(La Plaza)<\/div>\n<div><b>28. Tameza <\/b>(Villabre)<\/div>\n<div><b>29. Grau <\/b>(Grau)<\/div>\n<div><b>30.\u00a0<\/b><b>Candamu\u00a0<\/b>(Grullos)<\/div>\n<div><b>31. Pravia <\/b>(Pravia)<\/div>\n<\/div>\n<div>\n<div><b>32. Muros <\/b>(Muros)<\/div>\n<\/div>\n<div>\n<div><b>33. Sotu&#8217;l Barcu <\/b>(Sotu&#8217;l barcu)<\/div>\n<\/div>\n<div>\n<div><b>34. Castrill\u00f3n <\/b>(Piedras Blancas)<\/div>\n<\/div>\n<div>\n<div><b>35. Illas <\/b>(Caizuela)<\/div>\n<\/div>\n<div>\n<div><b>36. Les Regueres <\/b>(Santuyanu)<\/div>\n<\/div>\n<div>\n<div><b>37. Santu Adrianu <\/b>(Villanueva)<\/div>\n<\/div>\n<div>\n<div><b>38. Proaza <\/b>(Proaza)<\/div>\n<\/div>\n<div>\n<div><b>39. Quir\u00f3s<\/b> (B\u00e1rzana)<\/div>\n<\/div>\n<div>\n<div class=\"separator\"><a href=\"http:\/\/4.bp.blogspot.com\/-dEfilfZ1vVQ\/VYALjrJ5MlI\/AAAAAAAAHDw\/TQpUX5Dkt44\/s1600\/centru.png\"><img decoding=\"async\" title=\"centru\" src=\"http:\/\/4.bp.blogspot.com\/-dEfilfZ1vVQ\/VYALjrJ5MlI\/AAAAAAAAHDw\/TQpUX5Dkt44\/s1600\/centru.png\" alt=\"centru\" border=\"0\" \/><\/a><\/div>\n<p><b><u>CENTRU\u00a0 D&#8217;ASTURIES<\/u><\/b><\/p>\n<div><b>40.\u00a0<\/b>\u00a0<b>\u1e36\u1e37<\/b><b>ena\u00a0<\/b>(La Pola)<\/div>\n<div><b>41. Ayer <\/b>(Cabanaquinta)<\/div>\n<div><b>42. Mieres <\/b>(Mieres)<\/div>\n<div><b>43. Riosa <\/b>(La Vega)<\/div>\n<div><b>44. Morc\u00edn <\/b>(Santolaya)<\/div>\n<div><b>45. La Ribera <\/b>(Soto Ribera)<\/div>\n<div><b>46. UVI\u00c9U<\/b> (Uvi\u00e9u)<\/div>\n<div><b>47. Llanera <\/b>(Posada)<\/div>\n<div><b>48. Corvera<\/b> (Nubleo)<\/div>\n<div><b>49. Avil\u00e9s <\/b>(Avil\u00e9s)<\/div>\n<div><b>50. Goz\u00f3n<\/b> (Lluanco)<\/div>\n<div><b>51. Carre\u00f1o<\/b> (Cand\u00e1s)<\/div>\n<div><b>52. Xix\u00f3n<\/b> (Xix\u00f3n)<\/div>\n<div><b>53. Nore\u00f1a<\/b> (Nore\u00f1a)<\/div>\n<div><b>54. Siero<\/b> (La Pola)<\/div>\n<div><b>55. Bimenes <\/b>(Martinporra)<\/div>\n<div><b>56. Llangr\u00e9u <\/b>(Sama)<\/div>\n<div><b>57. Samart\u00edn del Rei Aurelio <\/b>(Sotrondio)<\/div>\n<div><b>58. Llaviana<\/b> (La Pola)<\/div>\n<div><b>59. Sobrescobiu<\/b> (Rusecu)<\/div>\n<div><b>60. Casu <\/b>(El Campu)<\/div>\n<div><b>61. Ponga<\/b> (San Xuan)<\/div>\n<div><b>62. Pilo\u00f1a<\/b> (L&#8217;Infiestu)<\/div>\n<div><b>63. Nava<\/b> (Nava)<\/div>\n<div><b>64. Cabranes <\/b>(Santolaya)<\/div>\n<div><b>65. Sariegu <\/b>(Vega)<\/div>\n<div><b>66. Villaviciosa <\/b>(Villaviciosa)<\/div>\n<div><b>67. Colunga <\/b>(Colunga)<\/div>\n<div><b>68. Caravia <\/b>(Prau)<\/div>\n<div class=\"separator\"><a href=\"http:\/\/4.bp.blogspot.com\/-OqaVgTUv5SI\/VYAO6hBembI\/AAAAAAAAHD8\/BO3p-li9Q4g\/s1600\/oriente.png\"><img decoding=\"async\" title=\"oriente\" src=\"http:\/\/4.bp.blogspot.com\/-OqaVgTUv5SI\/VYAO6hBembI\/AAAAAAAAHD8\/BO3p-li9Q4g\/s1600\/oriente.png\" alt=\"oriente\" border=\"0\" \/><\/a><\/div>\n<p><b><u>L&#8217;ORIENTE\u00a0 D&#8217;ASTURIES<\/u><\/b><\/p>\n<div><b>69. Ribeseya<\/b>\u00a0(Ribeseya)<\/div>\n<div><b>70. Parres <\/b>(Les Arriondes)<\/div>\n<div><b>71. Amieva<\/b> (Sames)<\/div>\n<div><b>72. Cangues d&#8217;On\u00eds<\/b> (Cangues)<\/div>\n<div><b>73. On\u00eds <\/b>(Benia)<\/div>\n<div><b>74. Llanes<\/b> (Llanes)<\/div>\n<div><b>75. Cabrales <\/b>(Carre\u00f1a)<\/div>\n<div><b>76. Pe\u00f1amellera Alta <\/b>(Alles)<\/div>\n<div><b>77. Pe\u00f1amellera Baxa <\/b>(Panes)<\/div>\n<div><b>78. Ribadeva <\/b>(Colombres)<\/div>\n<p><b><img loading=\"lazy\" decoding=\"async\" class=\" aligncenter\" src=\"https:\/\/encrypted-tbn0.gstatic.com\/images?q=tbn:ANd9GcTR28kVyfgd3qwCkn2ICP6JNBpKea-RZS3fF5sLEuFyAkmWuml3Qyn-alg-FidZmJD8Ug&amp;usqp=CAU\" width=\"366\" height=\"39\" \/><\/b> <b>La xera:<\/b><br \/>\nVamos ver si somos quienes a dir faciendo nesti mapa dixital tolos conceyos asturianos:<\/p>\n<div class=\"separator\"><a href=\"http:\/\/mapasinteractivos.didactalia.net\/comunidad\/mapasflashinteractivos\/recurso\/conceyos-dasturies-puzzle\/48797f1d-864f-4493-89a5-9be11f45b112\" target=\"_blank\" rel=\"noopener\"><img loading=\"lazy\" decoding=\"async\" class=\"aligncenter\" title=\"Copia_de_d7d3f72e-d4c5-ccbe-446a-2dbd79768c79_phixr\" src=\"http:\/\/3.bp.blogspot.com\/-2Cq9RYt9X80\/VYAYySnuyPI\/AAAAAAAAHEY\/DrEM66ePtNs\/s400\/Copia_de_d7d3f72e-d4c5-ccbe-446a-2dbd79768c79_phixr.JPG\" alt=\"Copia_de_d7d3f72e-d4c5-ccbe-446a-2dbd79768c79_phixr\" width=\"586\" height=\"406\" border=\"0\" \/><\/a><\/div>\n<p><b><img loading=\"lazy\" decoding=\"async\" class=\" aligncenter\" src=\"https:\/\/encrypted-tbn0.gstatic.com\/images?q=tbn:ANd9GcTR28kVyfgd3qwCkn2ICP6JNBpKea-RZS3fF5sLEuFyAkmWuml3Qyn-alg-FidZmJD8Ug&amp;usqp=CAU\" width=\"366\" height=\"39\" \/><\/b> Y agora vamos a xugar al xuegu de los conceyos d&#8217;<a href=\"http:\/\/asturies.com\/\">Asturies.com<\/a>. A ver cuantes cabeceres reucerdes&#8230;<br \/>\n<b><br \/>\n<\/b><\/p>\n<div class=\"separator\"><a href=\"http:\/\/www.asturies.com\/xuegumapa\/index.html\" target=\"_blank\" rel=\"noopener\"><img loading=\"lazy\" decoding=\"async\" class=\"aligncenter\" title=\"map2sombreadosa\" src=\"http:\/\/4.bp.blogspot.com\/-_gifjPJ58NE\/VYAZP7iqucI\/AAAAAAAAHEg\/iBia7QbklqI\/s400\/map2sombreadosa.jpg\" alt=\"map2sombreadosa\" width=\"581\" height=\"257\" border=\"0\" \/><\/a><\/div>\n<ul>\n<li><b>\u00a0<a href=\"http:\/\/www.descubreasturias.com\/asturias.html\">Listado (mapa + coses importantes de cad\u00b4un)<\/a><br \/>\n<\/b><\/li>\n<\/ul>\n<p style=\"text-align: center\"><img loading=\"lazy\" decoding=\"async\" class=\"alignnone size-full\" src=\"http:\/\/www.descubreasturias.com\/IMAGES\/map.GIF\" width=\"593\" height=\"253\" \/><\/p>\n<\/div>\n<\/div>\n<\/div>\n<\/div>\n<div class=\"post-footer\">\n<ul>\n<li class=\"post-footer-line post-footer-line-1\"><a href=\"http:\/\/www.asturiasfotoafoto.com\/juegos\/buscaconcejoi.html\">XUEGU: alcuentra conceyos<\/a><\/li>\n<\/ul>\n<hr \/>\n<p style=\"text-align: center\"><a href=\"https:\/\/postureoasturiano.com\/wp-content\/uploads\/2019\/10\/Mapa-mudo-concejos-de-Asturias.gif\"><img loading=\"lazy\" decoding=\"async\" class=\"alignnone\" src=\"https:\/\/postureoasturiano.com\/wp-content\/uploads\/2019\/10\/Mapa-mudo-concejos-de-Asturias.gif\" alt=\"\" width=\"1096\" height=\"628\" \/><\/a><\/p>\n<p style=\"text-align: center\"><a href=\"https:\/\/upload.wikimedia.org\/wikipedia\/commons\/thumb\/b\/b2\/Mapa_municipal_d%27Ast%C3%BAries.svg\/1920px-Mapa_municipal_d%27Ast%C3%BAries.svg.png\"><img loading=\"lazy\" decoding=\"async\" class=\"alignnone\" src=\"https:\/\/upload.wikimedia.org\/wikipedia\/commons\/thumb\/b\/b2\/Mapa_municipal_d%27Ast%C3%BAries.svg\/1920px-Mapa_municipal_d%27Ast%C3%BAries.svg.png\" alt=\"\" width=\"1920\" height=\"769\" \/><\/a><\/p>\n<hr \/>\n<p style=\"text-align: center\"><a href=\"https:\/\/postureoasturiano.com\/wp-content\/uploads\/2019\/10\/Comarcas-Asturias.png\"><img loading=\"lazy\" decoding=\"async\" class=\"alignnone\" src=\"https:\/\/postureoasturiano.com\/wp-content\/uploads\/2019\/10\/Comarcas-Asturias.png\" alt=\"\" width=\"830\" height=\"522\" \/><\/a><\/p>\n<hr \/>\n<p>Conceyos que m\u00e1s peleen poles sos fronteres:<\/p>\n<p style=\"text-align: center\"><a href=\"https:\/\/cflvdg.avoz.es\/sc\/z8N85G6LgoQy7qvrytlqojnge5Q=\/x\/2019\/01\/16\/00121547633025833662944\/Foto\/lindesast.jpg\"><img loading=\"lazy\" decoding=\"async\" class=\"alignnone\" src=\"https:\/\/cflvdg.avoz.es\/sc\/z8N85G6LgoQy7qvrytlqojnge5Q=\/x\/2019\/01\/16\/00121547633025833662944\/Foto\/lindesast.jpg\" alt=\"\" width=\"1280\" height=\"720\" \/><\/a><\/p>\n<p>&nbsp;<\/p>\n<\/div>\n","protected":false},"excerpt":{"rendered":"<p>Descarga pdf &nbsp; MAPA online con capitales de conceyu Comarques hist\u00f3riques d\u00b4Asturies &nbsp; De los conceyos a les parroquies (Llingua nel Aula) De los Conceyos a les parroquies: Asturies y les sos cabeceres Vamos a ves si somo quien a dir completando esti mapa pa deprender los conceyos d&#8217;Asturies y les sos cabeceres. \u00a0Son una [&hellip;]<\/p>\n","protected":false},"author":117,"featured_media":0,"parent":1026,"menu_order":0,"comment_status":"closed","ping_status":"closed","template":"","meta":{"footnotes":""},"class_list":["post-1583","page","type-page","status-publish","hentry","post-preview"],"_links":{"self":[{"href":"https:\/\/edublog.educastur.es\/ixuxullingua\/wp-json\/wp\/v2\/pages\/1583","targetHints":{"allow":["GET"]}}],"collection":[{"href":"https:\/\/edublog.educastur.es\/ixuxullingua\/wp-json\/wp\/v2\/pages"}],"about":[{"href":"https:\/\/edublog.educastur.es\/ixuxullingua\/wp-json\/wp\/v2\/types\/page"}],"author":[{"embeddable":true,"href":"https:\/\/edublog.educastur.es\/ixuxullingua\/wp-json\/wp\/v2\/users\/117"}],"replies":[{"embeddable":true,"href":"https:\/\/edublog.educastur.es\/ixuxullingua\/wp-json\/wp\/v2\/comments?post=1583"}],"version-history":[{"count":11,"href":"https:\/\/edublog.educastur.es\/ixuxullingua\/wp-json\/wp\/v2\/pages\/1583\/revisions"}],"predecessor-version":[{"id":2158,"href":"https:\/\/edublog.educastur.es\/ixuxullingua\/wp-json\/wp\/v2\/pages\/1583\/revisions\/2158"}],"up":[{"embeddable":true,"href":"https:\/\/edublog.educastur.es\/ixuxullingua\/wp-json\/wp\/v2\/pages\/1026"}],"wp:attachment":[{"href":"https:\/\/edublog.educastur.es\/ixuxullingua\/wp-json\/wp\/v2\/media?parent=1583"}],"curies":[{"name":"wp","href":"https:\/\/api.w.org\/{rel}","templated":true}]}}