{"id":1722,"date":"2020-12-28T14:27:50","date_gmt":"2020-12-28T12:27:50","guid":{"rendered":"https:\/\/edublog.educastur.es\/ixuxullingua\/?page_id=1722"},"modified":"2021-01-07T16:20:08","modified_gmt":"2021-01-07T14:20:08","slug":"aguilandeiros-s-x-villapanada","status":"publish","type":"page","link":"https:\/\/edublog.educastur.es\/ixuxullingua\/asturies\/aguilandeiros\/aguilandeiros-s-x-villapanada\/","title":{"rendered":"Aguilandeiros S. X. Villapa\u00f1ada"},"content":{"rendered":"<p><a href=\"https:\/\/conocerasturies.com\/wp-content\/uploads\/Portada-9.png\"><img loading=\"lazy\" decoding=\"async\" class=\"alignnone\" src=\"https:\/\/conocerasturies.com\/wp-content\/uploads\/Portada-9.png\" alt=\"\" width=\"448\" height=\"628\" \/><\/a><\/p>\n<p><strong><a href=\"https:\/\/issuu.com\/conocerasturias\"><em>Revista Conocer Asturies-Viaxast. <\/em><\/a><\/strong><em>N\u00ba9 (<\/em><em>payares 2019) <\/em><em><a href=\"https:\/\/issuu.com\/conocerasturias\/docs\/viaxast_9__web\">Puedes lleela calcando equ\u00ed<\/a><\/em><\/p>\n<p><strong><em>N\u00ba 9\u00a0\u00a0 Payares 2019 &#8211; Marzu 2020<\/em><br \/>\n<\/strong><\/p>\n\n<!-- iframe plugin v.6.0 wordpress.org\/plugins\/iframe\/ -->\n<iframe loading=\"lazy\" src=\"https:\/\/drive.google.com\/file\/d\/1dZSqbZr4Utaj65RADWfv8uEXwpZEZ1OT\/preview\" width=\"704\" height=\"900\" scrolling=\"yes\" class=\"iframe-class\" frameborder=\"0\"><\/iframe>\n\n<ul>\n<li><a href=\"https:\/\/issuu.com\/conocerasturias\/docs\/viaxast_9__web\/20\"><em><strong>Los aguilanderos de San Xuan de Villapa\u00f1ada<\/strong><\/em><\/a><\/li>\n<li><a href=\"https:\/\/asturies.com\/noticies\/los-aguilandeiros-de-san-xuan-de-villapanada-primer-mazcarada-diviernu-en-salir\">Noticia Asturies.com<\/a><\/li>\n<\/ul>\n<div id=\"contenedor_noticies\">\n<div id=\"main-content\" class=\"clearfix\">\n<div id=\"main-content-inner\" class=\"main-equal\">\n<h1 class=\"title page-title\" style=\"text-align: center\"><span style=\"font-size: 18pt;color: #008080\">Los Aguilandeiros de San Xuan de Villapa\u00f1ada, primer mazcarada d&#8217;iviernu en salir<\/span><\/h1>\n<div class=\"region region-content\">\n<div id=\"block-system-main\" class=\"block block-system\">\n<div class=\"block-inner\">\n<div class=\"content\">\n<div id=\"node-46769\" class=\"node node-noticies node-promoted clearfix\">\n<div class=\"node-inner\">\n<div class=\"full-node\">\n<div class=\"field field-name-field-noticies-rellacionaes field-type-node-reference field-label-hidden\">\n<ul>\n<li><a href=\"https:\/\/asturies.com\/noticies\/los-aguilandeiros-de-san-xuan-de-villapanada-reclamen-que-se-respete-la-toponimia-oficial\">Los Aguilandeiros de San Xuan de Villapa\u00f1ada reclamen que se respete la toponimia oficial<\/a><\/li>\n<\/ul>\n<\/div>\n<div class=\"content clearfix\">\n<p><em><span style=\"font-size: 14pt\">Los <strong>Aguilandeiros de San Xuan de Villapa\u00f1ada, mazcarada recuperada nel 2014 tres siete d\u00e9cades ensin entamase<\/strong>, t\u00e1n prepar\u00e1ndose pa celebrar ma\u00f1ana el so d\u00eda, qu&#8217;atrai a un bon pi\u00f1u de persones de dientro y fuera del<strong> conceyu de Grau<\/strong>.<strong><span style=\"color: #008080\">\u00a0L&#8217;escob\u00f3n, les pareyes de maragatos, l&#8217;osu, la dama y el gal\u00e1n, el m\u00e9dicu, el cura o&#8217;l diablu<\/span> <\/strong>son dalgunos de los 18 personaxes que la integren y que van partir a les 9.30 hores del Albergue de San Xuan.<\/span><\/em><\/p>\n<div class=\"field field-name-body field-type-text-with-summary field-label-hidden\">\n<div class=\"field-items\">\n<div class=\"field-item even\">\n<p><em><span style=\"font-size: 14pt\">D&#8217;eh\u00ed van tomar direici\u00f3n hacia Rozadas, pa depu\u00e9s pasar per Aceb\u00e9u y La Llinar, y finar de nuevo en San Xuan al rodiu les 15 hores, onde va siguir la folixa hasta les 17 hores <span style=\"color: #008080\"><strong>pa finar cola celebraci\u00f3n d&#8217;una merienda nel campu la Ilesia<\/strong><\/span>. Nesti percorr\u00edu, la comparsa va dir pidiendo l&#8217;aguilando peles cases, animando la xornada a tolos vecinos de la parroquia.<\/span><\/em><\/p>\n<p><em><span style=\"font-size: 14pt\">La de San Xuan de Villapa\u00f1ada<span style=\"color: #008080\"><strong> ye la primera del calendariu asturianu de mazcaraes d&#8217;iviernu<\/strong><\/span>. A Los Aguilandeiros van siguilos Os Reises del Valledor, El Guirria de Ponga, Os Reises de Tormaleo, Los Sidros y La Comedia de Valdesoto y los Guilandeiros de Tin\u00e9u.<\/span><\/em><\/p>\n<\/div>\n<\/div>\n<\/div>\n<\/div>\n<\/div>\n<\/div>\n<\/div>\n<\/div>\n<\/div>\n<\/div>\n<\/div>\n<\/div>\n<\/div>\n<\/div>\n<div class=\"sidebar-second clearfix main-equal\">\n<div class=\"sidebar-first-inner\">\n<div class=\"region region-sidebar-second\">\n<div id=\"block-block-78\" class=\"block block-block\">\n<div class=\"block-inner\">\n<div class=\"content\">\n<div class=\"field field-name-field-semeya2 field-type-image field-label-hidden\">\n<div class=\"field-items\">\n<div class=\"field-item even\"><\/div>\n<div>\n<hr \/>\n<\/div>\n<\/div>\n<p style=\"text-align: center\"><img loading=\"lazy\" decoding=\"async\" class=\"alignnone size-full\" src=\"https:\/\/www.rtpa.es\/fotos\/\/19\/12\/20191229133058_agulanderos29.jpg\" width=\"853\" height=\"480\" \/><\/p>\n<p><a href=\"https:\/\/www.rtpa.es\/noticias-sociedad:-Los-Aguilandeiros-recorren-Grado-en-busca-del-aguinaldo_111577623051.html?fbclid=IwAR0Jf2BdmtFoG2AgIW81n8fp4hJgEgegPE9jQJZFjw-AQLb5Q670kqBf06Q\">Noticia RTPA<\/a><\/p>\n<h4 class=\"font-size-l padding-b-20\" style=\"text-align: center\"><span style=\"font-size: 18pt\"><em><span style=\"color: #008080\">Los personaxes robaron, tiraron ceniza a la xente y escorri\u00e9ronlos con paques de yerba<\/span><\/em><\/span><\/h4>\n<p><em><span style=\"font-size: 14pt\">Los aguilandeiros de San Xuan, en Grau, volvieron faer de les suyes per distintos pueblos del conceyu<span style=\"color: #008080\"><strong> en busca del aguilandu navidiegu<\/strong><\/span>. Personaxes como &#8216;El dia\u00f1u&#8217;, &#8216;La vieya&#8217; o &#8216;El cura&#8217; robaron, <span style=\"color: #008080\">tiraron ceniza a la xente, moy\u00e1ronlos y escorri\u00e9ronlos con paques de yerba.<\/span><\/span><\/em><\/p>\n<p><em><span style=\"font-size: 14pt\">La comparsa de los 16 aguilandeiros de San Xuan, <span style=\"color: #008080\"><strong>mu\u00e9vese en tractores pelos pueblos de Grau<\/strong><\/span>. Ye la \u00fanica mazcarada que se celebra en tol conceyu. Una tradici\u00f3n que se recuper\u00f3 va seis a\u00f1os. L&#8217;oxetivu d&#8217;estos personaxes ye pidir l&#8217;aguilandu navidiegu peles cases.<\/span><\/em><\/p>\n<p><em><span style=\"font-size: 14pt\">Nel so percorr\u00edu nun falten les diablures y como manda la tradici\u00f3n, nuna de les cases &#8216;La vieya&#8217; ponse de partu. <\/span><\/em><em><span style=\"font-size: 14pt\">Una fiesta que cada vez atr\u00e1i a m\u00e1s p\u00fablicu. Decenes de persones p\u00e1senlo bien colos aguilandeiros, y en cada parada, una espicha. <\/span><\/em><em><span style=\"font-size: 14pt\">Un aguilandu bien merec\u00edu, porque la xordia d&#8217;estos aguilandeiros<strong><span style=\"color: #008080\"> esfr\u00fatenla ne\u00f1os y mayores, que reviven la tradici\u00f3n de la folixa.<\/span><\/strong><\/span><\/em><\/p>\n<\/div>\n<p style=\"text-align: center\">\n<!-- iframe plugin v.6.0 wordpress.org\/plugins\/iframe\/ -->\n<iframe loading=\"lazy\" src=\"https:\/\/www.facebook.com\/plugins\/video.php?height=314&#038;href=https%3A%2F%2Fwww.facebook.com%2Frodrigo.cuevas.electrocuple%2Fvideos%2F1198468180239040%2F&#038;show_text=false&#038;width=560\" width=\"560\" height=\"314\" style=\"border:none;overflow:hidden\" scrolling=\"no\" frameborder=\"0\" allowfullscreen=\"true\" allow=\"autoplay; clipboard-write; encrypted-media; picture-in-picture; web-share\" 0=\"\/iframe\" class=\"iframe-class\"><\/iframe>\n<\/p>\n<div class=\"e5nlhep0 eg9m0zos nu4hu5il\">\n<div class=\"kvgmc6g5 cxmmr5t8 oygrvhab hcukyx3x c1et5uql\">\n<div dir=\"auto\" style=\"text-align: left\"><em><span style=\"font-size: 14pt\"><span style=\"color: #008080\"><strong>Aguilandeiros de San Xuan de Villapa\u00f1ada. Rodrigo Cuevas. Extraido de <a class=\"oajrlxb2 g5ia77u1 qu0x051f esr5mh6w e9989ue4 r7d6kgcz rq0escxv nhd2j8a9 nc684nl6 p7hjln8o kvgmc6g5 cxmmr5t8 oygrvhab hcukyx3x jb3vyjys rz4wbd8a qt6c0cv9 a8nywdso i1ao9s8h esuyzwwr f1sip0of lzcic4wl py34i1dx gpro0wi8\" role=\"link\" href=\"https:\/\/l.facebook.com\/l.php?u=http%3A%2F%2Felcabreires.com%2F%3Ffbclid%3DIwAR2_1CDqfumEijD4h1JSROdOHkgS-3ZNS3KtbisRS2N5eO0hSuAh0nrB5Z4&amp;h=AT3WCjlpMlf-kGJ9OR52tCOI-iVo-LZxek6J3ODky2rwjdBLKsNT1IEv1UWLabg8k3gxByEPHCzgucO-5YF0WGFzNJDNJMqsnTHN4GDyQ35lL1dDpeXQ590UfAGx0iB75w&amp;__tn__=-UK-R&amp;c[0]=AT2eda-PWgh9mBo5nps4jODKsKja2Gdffyer4LxpmHlazVu-6usmZTEfuIyc33nawe44qlE7fDHWgbiz2SA3kKahn-HFR95lzEk9Sygs3926_QVsoKGVlCK44E9DI0-il1ds_isRXuVXGTQ4IHCZbqpwFyMWyq0Ivswp\" target=\"_blank\" rel=\"nofollow noopener\">elcabreires.com<\/a><\/strong><\/span><br \/>\nAyer tuve\u00b4l placer de participar nesta mazcarada; de p\u00fablico, pero una de les coses m\u00e1s guapes d&#8217;estes fiestes ye que el p\u00fablico tami\u00e9n participa. Pa min asist\u00ed a una exaltaci\u00f3n de l&#8217;allegr\u00eda; una catarsis bufa na que se fai burla del CIVISMO y de tolos personaxes que faen de guardianes d&#8217;\u00e9l. D\u00e1ndo-y naturalid\u00e1, aceptando, y manifestando la doble moral d&#8217;estos personaxes.<\/span><\/em><\/div>\n<div dir=\"auto\"><\/div>\n<div dir=\"auto\"><em><span style=\"font-size: 14pt\"><span style=\"color: #008080\"><strong>Un teatru colectivu que sirve de terapia al repunante<\/strong><\/span> y que lu somorguia de nuevu nel colectivu; como d\u00e1ndo-y una oportunid\u00e1 pa relativizar de nuevu la so esistencia, como si d&#8217;una vuelta a la ni\u00f1ez trat\u00e1rase. Munches mazcaraes faen falta nesti mundu. Llarga vida a los Aguilandeiros!!<\/span><\/em><\/div>\n<div dir=\"auto\"><\/div>\n<\/div>\n<div class=\"o9v6fnle cxmmr5t8 oygrvhab hcukyx3x c1et5uql\">\n<div dir=\"auto\"><em><span style=\"font-size: 14pt\">\u00abLas sociedades antiguas conceb\u00edan el tiempu c\u00edclicu y nou llineal cumo angua\u00f1o, pur eso, unu de los momentos m\u00e1s importantes pa eillos yiera\u2019l solsticiu d\u2019enviernu, cuando la lluz venc\u00eda a la escurid\u00e1. Y\u00ede nesti momentu cuando los \u00f1uesos antepasaos pasan revista a los qu\u2019on estan vivos y aparez la figura de los \u201cdemones\u201d que nos vienen a ayudar a pasar de las tiniebras a la lluz a aqueillos que lo merezan.<\/span><\/em><\/div>\n<div dir=\"auto\"><\/div>\n<\/div>\n<div class=\"o9v6fnle cxmmr5t8 oygrvhab hcukyx3x c1et5uql\">\n<div dir=\"auto\"><em><span style=\"color: #008080;font-size: 14pt\"><strong>La diferencia cunos entroidos medievales son la presencia de caretas, l\u2019empr\u00e9u de chucayos cumo elementu sonoru, l\u2019usu d\u2019elementos pa zurrare, l\u2019empr\u00e9u de cenisa pa entiznare, el pid\u00edu d\u2019aguinaldu, la participaci\u00f3n de toda la comunid\u00e1, y la organizaci\u00f3n esclusiva de los mozos de cada puebru.<\/strong><\/span><\/em><\/div>\n<\/div>\n<div class=\"o9v6fnle cxmmr5t8 oygrvhab hcukyx3x c1et5uql\">\n<div dir=\"auto\"><em><span style=\"font-size: 14pt\">Sobre l\u2019antig\u00fced\u00e1 de las mazcaradas hai que tornar hasta \u00e9poca prerromana. Las primeiras aparecen no norte de la pen\u00ednsula Ib\u00e9rica, el norte de la pen\u00ednsula it\u00e1lica y la zona de los Balcanes. Dende un indefin\u00edu orixen remotu convirti\u00e9ronse cuna chegada del cristianismu, creyando asina \u00f1uevos tipos sobre la mirma base, nun hai qu\u2019esquecer que todas siguen el mirmu patr\u00f3n, acciones, personaxes y actuaci\u00f3n. Ca\u00fana d\u2019eillas evolucion\u00f3u representando los seres mitol\u00f3xicos antiguos pa dir a\u00f1ediendo personaxes de la vida cotidiana de forma que nun hai una eigual.<\/span><\/em><\/div>\n<div dir=\"auto\"><\/div>\n<\/div>\n<div class=\"o9v6fnle cxmmr5t8 oygrvhab hcukyx3x c1et5uql\">\n<div dir=\"auto\"><em><span style=\"font-size: 14pt\"><span style=\"color: #008080\"><strong>La m\u00e1zcara nun tapa, sin\u00f3u que representa a estos seres cunos sous chucayos. Son mazcaradas pulo xeneral, \u00f1egras y coloradas cun cuernos y pilleyos d\u2019animales.<\/strong><\/span> La igresia entendi\u00e9ulas cumo demonios, cuando n\u2019orixen esos seres son benefactores, \u201cdemones\u201d que s\u2019atopan a met\u00e1 entre los diouses y los homes, nos que s\u2019encarna l\u2019esp\u00edritu de los antepasaos. Todos eillos interpretan el sou papel cun carreiras, persiguiendo a las mozas y pidiendo l\u2019aguinaldu nas casas. Pur eillo la igresia desterr\u00f3ulos al Entroidu.<\/span><\/em><\/div>\n<div dir=\"auto\"><\/div>\n<\/div>\n<div class=\"o9v6fnle cxmmr5t8 oygrvhab hcukyx3x c1et5uql\">\n<div dir=\"auto\"><em><span style=\"font-size: 14pt\">Poucu a poucu principioron a a\u00f1edir m\u00e1s personaxes cun t\u00f3dolos elementos d\u2019un teatru profanu medieval nos que tami\u00e9n participa la comunid\u00e1. Unu de los primeiros personaxes qu\u2019apareci\u00e9u foi la \u201cVieya\u201d. Esti personaxe interpret\u00e1u pur unu de los mozos, y\u00ede una vieya vistida de \u00f1egru cuna cara cubierta, que suel pidir l\u2019aguinaldu y qu\u2019en mueitas oucasiones par\u00eda un animal muertu. N\u2019outras mueitas tami\u00e9n llanza cernada a la xente. Una de las figuraciones d\u2019esta deid\u00e1 ancestral y\u00ede l\u2019arcu iris, que se vincula a esti ente en varias llenguas d\u2019Europa, cumo la llionesa, na qu\u2019esti fen\u00f3menu meteorol\u00f3xicu y\u00ede \u00f1om\u00e1u cumo l\u2019arcu la Vieya, en Cabreira, ou cinta la Vieya, en Senabria. Esti y\u00ede \u00f1estoncias, el conxuntu de caracter\u00edsticas de la Vieya llionesa: vive no monte, aparez no cielu cumo l\u2019arcu iris, y\u00ede filandeira y rellaci\u00f3nase tami\u00e9n cuna lluna, configur\u00e1ndose cumo un personaxe llexendariu que finca las suas ray\u00edces n\u2019estratos culturales muei vieyos, pero que mantien la sua alcordanza cumo un tesouru na tradici\u00f3n de la socied\u00e1 rural hasta los \u00f1uesos d\u00edas al travi\u00e9s de mueitas mazcaradas d\u2019enviernu.<\/span><\/em><\/div>\n<div dir=\"auto\"><\/div>\n<\/div>\n<div class=\"o9v6fnle cxmmr5t8 oygrvhab hcukyx3x c1et5uql\">\n<div dir=\"auto\"><em><span style=\"font-size: 14pt\">Outru personaxe que suel aparecer en Cabreira y\u00ede\u2019l \u201cToru\u201d que<span style=\"color: #008080\"><strong> n\u2019outras llatitudes m\u00e1s al norte pasa a ser l\u2019Osu<\/strong><\/span>. M\u00e1s personaxes que foron a\u00f1edidos cuno tiempu son el Cura, el M\u00e9dicu, el Guardia Civil, los Guapos y Feyos\u2026 todos eillos cuntan cun un escenariu, las caleyas de los puebros, participando los sous personaxes y tami\u00e9n los sous espectadores. Cuntan cun t\u00f3dolos elementos d\u2019una obra de teatru, presentaci\u00f3n, \u00f1uedu y final, deixando las di\u00e1logos a la improvisaci\u00f3n de cada personaxe.<\/span><\/em><\/div>\n<div dir=\"auto\"><\/div>\n<\/div>\n<div class=\"o9v6fnle cxmmr5t8 oygrvhab hcukyx3x c1et5uql\">\n<div dir=\"auto\"><em><span style=\"font-size: 14pt\">Y\u00ede bien dif\u00edcil atopar mazcaradas a partir de marciu. Onque s\u00ed pasa que n\u2019oucasiones el mirmu Entroidu se combina cun dalgunas mazcaradas. Am\u00e1s, de seguru y\u00ede posible que neillas estea l\u2019orixen d\u2019esta fiesta, mueito m\u00e1s actual.\u00bb<\/span><\/em><\/div>\n<div dir=\"auto\"><\/div>\n<div dir=\"auto\" style=\"text-align: center\">\n<!-- iframe plugin v.6.0 wordpress.org\/plugins\/iframe\/ -->\n<iframe loading=\"lazy\" src=\"https:\/\/www.facebook.com\/plugins\/video.php?height=314&#038;href=https%3A%2F%2Fwww.facebook.com%2F495208277306275%2Fvideos%2F2163787943639447%2F&#038;show_text=false&#038;width=560\" width=\"560\" height=\"314\" style=\"border:none;overflow:hidden\" scrolling=\"no\" frameborder=\"0\" allowfullscreen=\"true\" allow=\"autoplay; clipboard-write; encrypted-media; picture-in-picture; web-share\" 0=\"allowFullScreen=&quot;true&quot;\/iframe\" class=\"iframe-class\"><\/iframe>\n<\/div>\n<div dir=\"auto\"><\/div>\n<\/div>\n<div dir=\"auto\" style=\"text-align: center\">\n<!-- iframe plugin v.6.0 wordpress.org\/plugins\/iframe\/ -->\n<iframe loading=\"lazy\" src=\"https:\/\/www.facebook.com\/plugins\/video.php?height=314&#038;href=https%3A%2F%2Fwww.facebook.com%2Fjuanantonio.alonso.5%2Fvideos%2F1147390468604573%2F&#038;show_text=false&#038;width=560\" width=\"560\" height=\"314\" style=\"border:none;overflow:hidden\" scrolling=\"no\" frameborder=\"0\" allowfullscreen=\"true\" allow=\"autoplay; clipboard-write; encrypted-media; picture-in-picture; web-share\" 0=\"allowFullScreen=&quot;true&quot;\/iframe\" class=\"iframe-class\"><\/iframe>\n<\/div>\n<div dir=\"auto\"><\/div>\n<\/div>\n<div dir=\"auto\" style=\"text-align: center\">\n<!-- iframe plugin v.6.0 wordpress.org\/plugins\/iframe\/ -->\n<iframe loading=\"lazy\" src=\"https:\/\/www.facebook.com\/plugins\/video.php?height=314&#038;href=https%3A%2F%2Fwww.facebook.com%2Fjuanpedro.munozavila%2Fvideos%2F10206815792848943%2F&#038;show_text=false&#038;width=560\" width=\"560\" height=\"314\" style=\"border:none;overflow:hidden\" scrolling=\"no\" frameborder=\"0\" allowfullscreen=\"true\" allow=\"autoplay; clipboard-write; encrypted-media; picture-in-picture; web-share\" 0=\"\/iframe\" class=\"iframe-class\"><\/iframe>\n<\/div>\n<p><a href=\"https:\/\/asturies.com\/sites\/default\/files\/styles\/large\/public\/cartelu_aguilandeiros_de_san_xuan_de_villapanada_2018.jpg?itok=1kLbtwcE\"><img loading=\"lazy\" decoding=\"async\" class=\"aligncenter\" title=\"Cartelu Aguilandeiros de San Xuan de Villapa\u00f1ada 2018\" src=\"https:\/\/asturies.com\/sites\/default\/files\/styles\/large\/public\/cartelu_aguilandeiros_de_san_xuan_de_villapanada_2018.jpg?itok=1kLbtwcE\" alt=\"Cartelu Aguilandeiros de San Xuan de Villapa\u00f1ada 2018\" width=\"458\" height=\"665\" \/><\/a><\/p>\n<\/div>\n<\/div>\n<\/div>\n<\/div>\n<\/div>\n<\/div>\n","protected":false},"excerpt":{"rendered":"<p>Revista Conocer Asturies-Viaxast. N\u00ba9 (payares 2019) Puedes lleela calcando equ\u00ed N\u00ba 9\u00a0\u00a0 Payares 2019 &#8211; Marzu 2020 Los aguilanderos de San Xuan de Villapa\u00f1ada Noticia Asturies.com Los Aguilandeiros de San Xuan de Villapa\u00f1ada, primer mazcarada d&#8217;iviernu en salir Los Aguilandeiros de San Xuan de Villapa\u00f1ada reclamen que se respete la toponimia oficial Los Aguilandeiros de [&hellip;]<\/p>\n","protected":false},"author":117,"featured_media":0,"parent":1718,"menu_order":0,"comment_status":"closed","ping_status":"closed","template":"","meta":{"footnotes":""},"class_list":["post-1722","page","type-page","status-publish","hentry","post-preview"],"_links":{"self":[{"href":"https:\/\/edublog.educastur.es\/ixuxullingua\/wp-json\/wp\/v2\/pages\/1722","targetHints":{"allow":["GET"]}}],"collection":[{"href":"https:\/\/edublog.educastur.es\/ixuxullingua\/wp-json\/wp\/v2\/pages"}],"about":[{"href":"https:\/\/edublog.educastur.es\/ixuxullingua\/wp-json\/wp\/v2\/types\/page"}],"author":[{"embeddable":true,"href":"https:\/\/edublog.educastur.es\/ixuxullingua\/wp-json\/wp\/v2\/users\/117"}],"replies":[{"embeddable":true,"href":"https:\/\/edublog.educastur.es\/ixuxullingua\/wp-json\/wp\/v2\/comments?post=1722"}],"version-history":[{"count":8,"href":"https:\/\/edublog.educastur.es\/ixuxullingua\/wp-json\/wp\/v2\/pages\/1722\/revisions"}],"predecessor-version":[{"id":1911,"href":"https:\/\/edublog.educastur.es\/ixuxullingua\/wp-json\/wp\/v2\/pages\/1722\/revisions\/1911"}],"up":[{"embeddable":true,"href":"https:\/\/edublog.educastur.es\/ixuxullingua\/wp-json\/wp\/v2\/pages\/1718"}],"wp:attachment":[{"href":"https:\/\/edublog.educastur.es\/ixuxullingua\/wp-json\/wp\/v2\/media?parent=1722"}],"curies":[{"name":"wp","href":"https:\/\/api.w.org\/{rel}","templated":true}]}}