{"id":1740,"date":"2021-01-04T12:21:35","date_gmt":"2021-01-04T10:21:35","guid":{"rendered":"https:\/\/edublog.educastur.es\/ixuxullingua\/?page_id=1740"},"modified":"2021-01-05T20:27:28","modified_gmt":"2021-01-05T18:27:28","slug":"laguilandu","status":"publish","type":"page","link":"https:\/\/edublog.educastur.es\/ixuxullingua\/nadal\/laguilandu\/","title":{"rendered":"L\u00b4aguilandu"},"content":{"rendered":"<div class=\"entry-meta\"><a href=\"https:\/\/imgbox.es\/images\/2021\/01\/04\/12_page_121bd58fd586daccf0.jpg\"><img loading=\"lazy\" decoding=\"async\" class=\"alignnone\" src=\"https:\/\/imgbox.es\/images\/2021\/01\/04\/12_page_121bd58fd586daccf0.jpg\" alt=\"\" width=\"1068\" height=\"1497\" \/><\/a><\/div>\n<div><a href=\"https:\/\/imgbox.es\/images\/2021\/01\/04\/12_page_130d28c402ca9c83e8.jpg\"><img loading=\"lazy\" decoding=\"async\" class=\"alignnone\" src=\"https:\/\/imgbox.es\/images\/2021\/01\/04\/12_page_130d28c402ca9c83e8.jpg\" alt=\"\" width=\"1068\" height=\"1497\" \/><\/a><\/div>\n<div><img loading=\"lazy\" decoding=\"async\" class=\"alignnone size-full\" src=\"https:\/\/imgbox.es\/images\/2021\/01\/05\/guirriaaadda55d50d5df3235.jpg\" width=\"1600\" height=\"1192\" \/><\/div>\n<div>Guirria en Ponga<\/div>\n<div>\n<hr \/>\n<\/div>\n<div class=\"entry-content\">\n<div class=\"PublisherLine__PublisherInfoItem-g5h4z5-3 bKLTwm\"><a class=\"PublisherLine__A-g5h4z5-6 jYlrkT\" href=\"https:\/\/issuu.com\/verasturies\"><img loading=\"lazy\" decoding=\"async\" class=\"PublisherLine__PublisherAvatar-g5h4z5-1 dRKdSC\" src=\"https:\/\/photo.isu.pub\/verasturies\/photo_large.jpg\" width=\"47\" height=\"47\" \/> <\/a>from <a class=\"PublisherLine__A-g5h4z5-6 jYlrkT\" href=\"https:\/\/issuu.com\/verasturies\/docs\/viaxast_12_verasturies.com\"><strong>ViaxAst 12, la revista de VerAsturies.com<\/strong><\/a> by <a class=\"PublisherLine__A-g5h4z5-6 jYlrkT\" href=\"https:\/\/issuu.com\/verasturies\"><strong>Revista ViaxAst \/ VerAsturies.com<\/strong><\/a><\/div>\n<ul>\n<li><a href=\"https:\/\/issuu.com\/verasturies\/docs\/viaxast_12_verasturies.com\/s\/11537415\">Enllaz a noticia de Ver Asturies<\/a><\/li>\n<\/ul>\n<section class=\"Story__StoryContent-s1w89u-2 fkA-Dpn\">\n<div class=\"NextStory__StickyContainer-sc-1g3e28b-0 jFmtPg\">\n<div class=\"NextStory__RelativeContainer-sc-1g3e28b-1 hfgfGq\">\n<div class=\"NextStory__AbsoluteContainer-sc-1g3e28b-2 heLwGa\">\n<div><img decoding=\"async\" class=\"Photo__Image-sc-114e5q3-1 iiBZVb aligncenter\" src=\"https:\/\/assets.isu.pub\/document-structure\/210101181411-02c02aa685b01908bf94d7224a8f0990\/v1\/53f4d3d493e7a82d40affd640d55ed63.jpg\" \/><\/div>\n<\/div>\n<\/div>\n<\/div>\n<h2 class=\"Headline-sc-1336jb-0 izKhfd\" style=\"text-align: center\"><span style=\"color: #008080\"><em>L\u2019aguilandu, una tradici\u00f3n del iviernu asturianu<\/em><\/span><\/h2>\n<p class=\"Paragraph-sc-1mxv4ns-0 bGbcwt\"><span style=\"font-size: 14pt\"><em>A lo llargo de los a\u00f1os, nos pueblos siempres hebo munches costumes coles que celebrar el final d\u2019un a\u00f1u y l\u2019entamu del siguiente. Los d\u00edes diben faci\u00e9ndose cada vegada m\u00e1s llargos y la torna al trabayu de campu diba venir bien llueu, lo que nes zones rurales foi siempres motivu de celebraci\u00f3n. N\u2019Asturies, nestes feches d\u2019iviernu siempres foi mui celebr\u00e1u l\u2019aguilandu. Siguiendo esta costume, los mozos y les moces van pidiendo perres o comida a los vecinos tres facer dalguna peque\u00f1a actuaci\u00f3n o dalg\u00fan cantar. Pa esto, en munches zones yera importante dir mazcar\u00e1u, hasta\u2019l puntu qu\u2019en zones como Tameza l\u2019acci\u00f3n de dir pidiendo l\u2019aguilandu conozse como \u201cmazcar\u00e1u\u201d.<\/em><\/span><\/p>\n<p class=\"Paragraph-sc-1mxv4ns-0 bGbcwt\"><span style=\"font-size: 14pt\"><em>L\u2019aguilandu pid\u00edase davezu na Nuechebona. Al escurecer, ne\u00f1os y ne\u00f1os bien mozos xunt\u00e1bense pa pidir nes cases de los vecinos del pueblu, o inclusive nos pueblos de la contorna. Por exemplu, en San Rom\u00e1n (nel conceyu de Sariegu) diben a Pedrosa y Verdera (pueblu vec\u00edn, pero llocaliz\u00e1u nel conceyu de Cabranes). Sol\u00eden dir con una pandereta, una zombomba y una cesta pa meter lo que-yos dieren. Los guah. es diben picando en cada casa diciendo \u201c\u00bfCantar, rezar o echar a andar?\u201d. Si na casa pid\u00eden rezar, los guah.es rezaben dalg\u00fan Padre Nuesu o Ave Mar\u00eda por alg\u00fan difuntu. Esto fac\u00edase davezu nes cases nes que morriera daqui\u00e9n va poco. Si lo que ped\u00eden yera \u201ccantar\u201d los guah.es cantaben coples como, por exemplu, esta:<\/em><\/span><\/p>\n<p class=\"Paragraph-sc-1mxv4ns-0 bGbcwt\"><span style=\"color: #008080;font-size: 18pt\"><em>Deme l\u2019aguilandu, se\u00f1ora g\u00fcelina, Un galipu fabes y una manteguina<\/em><\/span><\/p>\n<p class=\"Paragraph-sc-1mxv4ns-0 bGbcwt\"><span style=\"font-size: 14pt\"><em>Tres cantar, a los guah.es d\u00e1ben-yos davezu una perrona, cuatro casta\u00f1es, mazanes, nueces, dalg\u00fan chorizu\u2026 que met\u00eden na cesta. Sicas\u00ed, tami\u00e9n pod\u00eden atopase con dalguna casa onde nun-yos dieren nada. Nesi casu cant\u00e1ben-y a los d\u2019esa casa:<\/em><\/span><\/p>\n<p class=\"Paragraph-sc-1mxv4ns-0 bGbcwt\"><span style=\"color: #008080;font-size: 18pt\"><em>Esta casa ye de yerro Y el corredor d\u2019alambre V\u00e1monos d\u2019equ\u00ed, se\u00f1ores Que s\u2019est\u00e1n muriendo d\u2019hambre.<\/em><\/span><\/p>\n<p class=\"Paragraph-sc-1mxv4ns-0 bGbcwt\"><span style=\"font-size: 14pt\"><em>Al final, los mozos y les moces repart\u00eden ente ellos lo que sacaren.<\/em><\/span><\/p>\n<p class=\"Paragraph-sc-1mxv4ns-0 bGbcwt\"><span style=\"font-size: 14pt\"><em>N\u2019otros llaos ye costume pidir l\u2019aguilando representando una aut\u00e9ntica comedia, como ye\u2019l casu de los zamarrones de L.lena o los guirrios o sidros del Valle del Nal\u00f3n y Siero. Tr\u00e1tase d\u2019un grupu de mozos mazcaraos que se dividen en tr\u00e9s grupos: unos m\u00e1s alantre (los vexi gueros), que van mazcaraos mientres bliquen, <\/em><em>baillen y mueven palos con vexigues (d\u2019eh\u00ed\u2019l nome), faciendo sonar campanes y cascabeles que lleven puestos. Dempu\u00e9s taben los esterones, que llevaben unes esteres y dellos lloqueron pela cintura y el llombu. <\/em><\/span><\/p>\n<p class=\"Paragraph-sc-1mxv4ns-0 bGbcwt\"><span style=\"font-size: 14pt\"><em>Al blincar, suenen los lloqueros y tami\u00e9n van faciendo movimientos provocativos, xeneralmente molestando. Too encabezado por un mozu (nom\u00e1u \u201cgal\u00e1n\u201d) y otru mozu mazcar\u00e1u (\u201cmadama\u201d), que piden l\u2019aguilandu a los vecinos. Prepar\u00e1i dalgo rico pa da-yos por si vos visiten. nestes fiestes nadaliegues que tanto presten. Los ne\u00f1os y los mozos xunt\u00e1bense nel pueblu y decid\u00eden quien yera l\u2019encarg\u00e1u de dir peles cases.<\/em><\/span><\/p>\n<figure class=\"Photo-sc-114e5q3-0 drpqhO\">\n<div class=\"Photo__ImageWrapper-sc-114e5q3-2 bCIISs\"><img decoding=\"async\" class=\"Photo__Image-sc-114e5q3-1 eCxVwX\" src=\"https:\/\/assets.isu.pub\/document-structure\/210101181411-02c02aa685b01908bf94d7224a8f0990\/v1\/316def2491925ad6afcd25b57672146a.jpg\" \/><\/div>\n<\/figure>\n<\/section>\n<\/div>\n","protected":false},"excerpt":{"rendered":"<p>Guirria en Ponga from ViaxAst 12, la revista de VerAsturies.com by Revista ViaxAst \/ VerAsturies.com Enllaz a noticia de Ver Asturies L\u2019aguilandu, una tradici\u00f3n del iviernu asturianu A lo llargo de los a\u00f1os, nos pueblos siempres hebo munches costumes coles que celebrar el final d\u2019un a\u00f1u y l\u2019entamu del siguiente. Los d\u00edes diben faci\u00e9ndose cada [&hellip;]<\/p>\n","protected":false},"author":117,"featured_media":0,"parent":1385,"menu_order":0,"comment_status":"closed","ping_status":"closed","template":"","meta":{"footnotes":""},"class_list":["post-1740","page","type-page","status-publish","hentry","post-preview"],"_links":{"self":[{"href":"https:\/\/edublog.educastur.es\/ixuxullingua\/wp-json\/wp\/v2\/pages\/1740","targetHints":{"allow":["GET"]}}],"collection":[{"href":"https:\/\/edublog.educastur.es\/ixuxullingua\/wp-json\/wp\/v2\/pages"}],"about":[{"href":"https:\/\/edublog.educastur.es\/ixuxullingua\/wp-json\/wp\/v2\/types\/page"}],"author":[{"embeddable":true,"href":"https:\/\/edublog.educastur.es\/ixuxullingua\/wp-json\/wp\/v2\/users\/117"}],"replies":[{"embeddable":true,"href":"https:\/\/edublog.educastur.es\/ixuxullingua\/wp-json\/wp\/v2\/comments?post=1740"}],"version-history":[{"count":7,"href":"https:\/\/edublog.educastur.es\/ixuxullingua\/wp-json\/wp\/v2\/pages\/1740\/revisions"}],"predecessor-version":[{"id":1774,"href":"https:\/\/edublog.educastur.es\/ixuxullingua\/wp-json\/wp\/v2\/pages\/1740\/revisions\/1774"}],"up":[{"embeddable":true,"href":"https:\/\/edublog.educastur.es\/ixuxullingua\/wp-json\/wp\/v2\/pages\/1385"}],"wp:attachment":[{"href":"https:\/\/edublog.educastur.es\/ixuxullingua\/wp-json\/wp\/v2\/media?parent=1740"}],"curies":[{"name":"wp","href":"https:\/\/api.w.org\/{rel}","templated":true}]}}