{"id":1814,"date":"2021-01-07T00:12:18","date_gmt":"2021-01-06T22:12:18","guid":{"rendered":"https:\/\/edublog.educastur.es\/ixuxullingua\/?page_id=1814"},"modified":"2021-03-29T13:20:31","modified_gmt":"2021-03-29T11:20:31","slug":"amigos-del-horreo","status":"publish","type":"page","link":"https:\/\/edublog.educastur.es\/ixuxullingua\/tv\/amigos-del-horreo\/","title":{"rendered":"Serie \u00abL\u00b4horru\u00bb"},"content":{"rendered":"<p><img loading=\"lazy\" decoding=\"async\" class=\"aligncenter\" src=\"https:\/\/imgbox.es\/images\/2021\/01\/06\/logohorreo62879d44ca52796f.jpg\" width=\"95\" height=\"95\" \/><\/p>\n<p style=\"text-align: center\"><a href=\"http:\/\/amigosdelhorreoasociacion.wordpress.com\/\"><strong><em><span class=\"d2edcug0 hpfvmrgz qv66sw1b c1et5uql rrkovp55 a8c37x1j keod5gw0 nxhoafnm aigsh9s9 d3f4x2em fe6kdd0r mau55g9w c8b282yb iv3no6db jq4qci2q a3bd9o3v knj5qynh oo9gr5id\" dir=\"auto\"><span class=\"d2edcug0 hpfvmrgz qv66sw1b c1et5uql rrkovp55 jq4qci2q a3bd9o3v knj5qynh oo9gr5id\">\u00bb ASOCIACI\u00d3N DE AMIGOS DEL H\u00d3RREO ASTURIANO\u00bb<\/span><\/span><\/em><\/strong><\/a><\/p>\n<p style=\"text-align: center\">Pr\u00f3simamente, na TPA:<a href=\"https:\/\/www.facebook.com\/watch\/136853896486999\/228048275463610\/?__cft__[0]=AZUWcPZO7H-ta1g0wu3Zl2TuBHzCfP2uK7TFSz60zRwwKdUfr_ZZyn2WYtA38_o8dVRFhMvz-x3-VpX-yE-ZUBntfguqvQgHloEe_Eui6PFbmpy3uhYxWhxfX_6SuH8DBrRD1V2G3mOO7CbSF75MhkKf7grDDUYE6kFfsTcBmAl_i-brdt5TzqF8oDTLNu53BMEwCX2zmSah4qufGeSEIAGhRz-SZzo5FhSZ-8AxwXRkzg&amp;__tn__=C%2CP-y-y-R\"> <strong><em>L\u00b4horru, serie documental.<\/em> <\/strong><\/a><\/p>\n<p><a href=\"https:\/\/imgbox.es\/images\/2021\/01\/06\/horru225bb88bdbe6687f0.jpg\"><img loading=\"lazy\" decoding=\"async\" class=\"aligncenter\" src=\"https:\/\/imgbox.es\/images\/2021\/01\/06\/horru225bb88bdbe6687f0.jpg\" alt=\"\" width=\"681\" height=\"383\" \/><\/a><\/p>\n<p style=\"text-align: center\">\n<!-- iframe plugin v.6.0 wordpress.org\/plugins\/iframe\/ -->\n<iframe loading=\"lazy\" src=\"https:\/\/open.spotify.com\/embed\/playlist\/1kzDu5VXLeFGPIp1VWDGPN\" width=\"300\" height=\"380\" frameborder=\"0\" allowtransparency=\"true\" allow=\"encrypted-media\" 0=\"\/iframe\" scrolling=\"yes\" class=\"iframe-class\"><\/iframe>\n<\/p>\n<p><a href=\"https:\/\/imgbox.es\/images\/2021\/01\/07\/horru57e6f7f0d40687af3.jpg\"><img loading=\"lazy\" decoding=\"async\" class=\"aligncenter\" src=\"https:\/\/imgbox.es\/images\/2021\/01\/07\/horru57e6f7f0d40687af3.jpg\" alt=\"\" width=\"749\" height=\"421\" \/><\/a><\/p>\n<div class=\"j83agx80\">\n<div>\n<div class=\"dwo3fsh8 g5ia77u1 rt8b4zig n8ej3o3l agehan2d sk4xxmp2 rq0escxv q9uorilb kvgmc6g5 cxmmr5t8 oygrvhab hcukyx3x jb3vyjys rz4wbd8a qt6c0cv9 a8nywdso l9j0dhe7 i1ao9s8h k4urcfbm\">\n<div class=\"j83agx80 cbu4d94t sj5x9vvc cxgpxx05\">\n<div class=\"rq0escxv l9j0dhe7 du4w35lb j83agx80 pfnyh3mw jifvfom9 ll8tlv6m owycx6da btwxx1t3 hv4rvrfc dati1w0a jb3vyjys b5q2rw42 lq239pai mysgfdmx hddg9phg\">\n<div class=\"rq0escxv l9j0dhe7 du4w35lb j83agx80 cbu4d94t g5gj957u d2edcug0 hpfvmrgz rj1gh0hx buofh1pr o8rfisnq p8fzw8mz pcp91wgn iuny7tx3 ipjc6fyt\">\n<div class=\"j83agx80 cbu4d94t ew0dbk1b irj2b8pg\">\n<h5 class=\"gmql0nx0 l94mrbxd p1ri9a11 lzcic4wl aahdfvyu hzawbc8m\" style=\"text-align: center\"><em><a class=\"oajrlxb2 g5ia77u1 qu0x051f esr5mh6w e9989ue4 r7d6kgcz rq0escxv nhd2j8a9 nc684nl6 p7hjln8o kvgmc6g5 cxmmr5t8 oygrvhab hcukyx3x jb3vyjys rz4wbd8a qt6c0cv9 a8nywdso i1ao9s8h esuyzwwr f1sip0of lzcic4wl oo9gr5id gpro0wi8 lrazzd5p\" role=\"link\" href=\"https:\/\/www.facebook.com\/watch\/136853896486999\/228048275463610\/?__cft__[0]=AZUWcPZO7H-ta1g0wu3Zl2TuBHzCfP2uK7TFSz60zRwwKdUfr_ZZyn2WYtA38_o8dVRFhMvz-x3-VpX-yE-ZUBntfguqvQgHloEe_Eui6PFbmpy3uhYxWhxfX_6SuH8DBrRD1V2G3mOO7CbSF75MhkKf7grDDUYE6kFfsTcBmAl_i-brdt5TzqF8oDTLNu53BMEwCX2zmSah4qufGeSEIAGhRz-SZzo5FhSZ-8AxwXRkzg&amp;__tn__=C%2CP-y-y-R\">L&#8217;horru Serie documental<\/a>.<\/em><\/h5>\n<p>&nbsp;<\/p>\n<p>&#8216;L&#8217;horru&#8217;, una serie documental de 5 cap\u00edtulos que nos avera al desconoc\u00edu mundu del horru asturianu para tresmitinos el so valor testimonial, t\u00e9cnicu y art\u00edsticu, y la so vinculaci\u00f3n sentimental col pueblu que lu dise\u00f1\u00f3.<\/p>\n<p>Esta producci\u00f3n cinematogr\u00e1fica realizada poles productores asturianes, La Rebequina y Art&amp;Life, va amosanos cada horru d&#8217;una forma nunca vista hasta la fecha. Al travi\u00e9s d&#8217;imaxes a\u00e9rees y llume nocherniego vamos afayar los horros como los aut\u00e9nticos monumentos que realmente son. &#8216;L&#8217;horru&#8217;, una serie fundamental que nos convida a afayar les sos claves y secretos. Una producci\u00f3n que va camudar para siempres la nuesa forma de mirar y sentir los horros.<\/p>\n<h4 class=\"font-size-l padding-b-20\" style=\"text-align: center\"><span style=\"color: #008080\"><em>Un viaxe al coraz\u00f3n d&#8217;Asturies que nos avera al desconoc\u00edu mundu del horru asturianu<\/em><\/span><\/h4>\n<p>En cada cap\u00edtulu, &#8216;L&#8217;horru&#8217; percuerre un sieglu na historia d\u2019Asturies al travi\u00e9s de los sos horros y paneres, del sieglu XVI a angua\u00f1o. Na autocaravana del periodista y director Jaime Santos percorreremos tola xeograf\u00eda d\u2019Asturies pa ver c\u00f3mo se construyen y c\u00f3mo se treslladen los horros, la so evoluci\u00f3n nos sieglos y la so constante adaptaci\u00f3n a les necesidaes de cada \u00e9poca.<\/p>\n<hr \/>\n<p style=\"text-align: center\">\n<!-- iframe plugin v.6.0 wordpress.org\/plugins\/iframe\/ -->\n<iframe loading=\"lazy\" src=\"https:\/\/www.facebook.com\/plugins\/video.php?height=314&#038;href=https%3A%2F%2Fwww.facebook.com%2F110841673857247%2Fvideos%2F779802089551187%2F&#038;show_text=false&#038;width=560\" width=\"560\" height=\"314\" style=\"border:none;overflow:hidden\" scrolling=\"no\" frameborder=\"0\" allowfullscreen=\"true\" allow=\"autoplay; clipboard-write; encrypted-media; picture-in-picture; web-share\" 0=\"allowFullScreen=&quot;true&quot;\/iframe\" class=\"iframe-class\"><\/iframe>\n<\/p>\n<p><img loading=\"lazy\" decoding=\"async\" class=\"aligncenter\" src=\"https:\/\/imgbox.es\/images\/2021\/01\/06\/separadora98f3b7647e7c10e8.jpg\" width=\"313\" height=\"25\" \/><\/p>\n<p style=\"text-align: center\">\n<!-- iframe plugin v.6.0 wordpress.org\/plugins\/iframe\/ -->\n<iframe loading=\"lazy\" src=\"https:\/\/www.facebook.com\/plugins\/video.php?height=314&#038;href=https%3A%2F%2Fwww.facebook.com%2F110841673857247%2Fvideos%2F3941127515932071%2F&#038;show_text=false&#038;width=560\" width=\"560\" height=\"314\" style=\"border:none;overflow:hidden\" scrolling=\"no\" frameborder=\"0\" allowfullscreen=\"true\" allow=\"autoplay; clipboard-write; encrypted-media; picture-in-picture; web-share\" 0=\"allowFullScreen=&quot;true&quot;\/iframe\" class=\"iframe-class\"><\/iframe>\n<\/p>\n<p><img loading=\"lazy\" decoding=\"async\" class=\"aligncenter\" src=\"https:\/\/imgbox.es\/images\/2021\/01\/06\/separadora98f3b7647e7c10e8.jpg\" width=\"313\" height=\"25\" \/><\/p>\n<\/div>\n<\/div>\n<\/div>\n<\/div>\n<\/div>\n<\/div>\n<\/div>\n<div class=\"j83agx80\">\n<div>\n<div class=\"dwo3fsh8 g5ia77u1 rt8b4zig n8ej3o3l agehan2d sk4xxmp2 rq0escxv q9uorilb kvgmc6g5 cxmmr5t8 oygrvhab hcukyx3x jb3vyjys rz4wbd8a qt6c0cv9 a8nywdso l9j0dhe7 i1ao9s8h k4urcfbm\">\n<div class=\"j83agx80 cbu4d94t sj5x9vvc cxgpxx05\">\n<div class=\"rq0escxv l9j0dhe7 du4w35lb j83agx80 pfnyh3mw jifvfom9 ll8tlv6m owycx6da btwxx1t3 hv4rvrfc dati1w0a jb3vyjys b5q2rw42 lq239pai mysgfdmx hddg9phg\">\n<div class=\"rq0escxv l9j0dhe7 du4w35lb j83agx80 cbu4d94t g5gj957u d2edcug0 hpfvmrgz rj1gh0hx buofh1pr o8rfisnq p8fzw8mz pcp91wgn iuny7tx3 ipjc6fyt\">\n<div class=\"j83agx80 cbu4d94t ew0dbk1b irj2b8pg\">\n<div class=\"aahdfvyu\">\n<div class=\"oajrlxb2 g5ia77u1 qu0x051f esr5mh6w e9989ue4 r7d6kgcz rq0escxv nhd2j8a9 nc684nl6 p7hjln8o kvgmc6g5 cxmmr5t8 oygrvhab hcukyx3x jb3vyjys rz4wbd8a qt6c0cv9 a8nywdso i1ao9s8h esuyzwwr f1sip0of lzcic4wl oo9gr5id gpro0wi8 lrazzd5p\" style=\"text-align: center\" role=\"button\">\n<!-- iframe plugin v.6.0 wordpress.org\/plugins\/iframe\/ -->\n<iframe loading=\"lazy\" src=\"https:\/\/www.facebook.com\/plugins\/video.php?height=314&#038;href=https%3A%2F%2Fwww.facebook.com%2F110841673857247%2Fvideos%2F418246792942747%2F&#038;show_text=false&#038;width=560\" width=\"560\" height=\"314\" style=\"border:none;overflow:hidden\" scrolling=\"no\" frameborder=\"0\" allowfullscreen=\"true\" allow=\"autoplay; clipboard-write; encrypted-media; picture-in-picture; web-share\" 0=\"allowFullScreen=&quot;true&quot;\/iframe\" class=\"iframe-class\"><\/iframe>\n<\/div>\n<div role=\"button\"><\/div>\n<div role=\"button\"><img loading=\"lazy\" decoding=\"async\" class=\"aligncenter\" src=\"https:\/\/imgbox.es\/images\/2021\/01\/06\/separadora98f3b7647e7c10e8.jpg\" width=\"313\" height=\"25\" \/><\/div>\n<div role=\"button\"><a href=\"https:\/\/imgbox.es\/images\/2021\/01\/06\/lhorru6faf2009b620e53c.jpg\"><img loading=\"lazy\" decoding=\"async\" class=\"aligncenter\" src=\"https:\/\/imgbox.es\/images\/2021\/01\/06\/lhorru6faf2009b620e53c.jpg\" alt=\"\" width=\"489\" height=\"275\" \/><\/a><br \/>\n<img loading=\"lazy\" decoding=\"async\" class=\"aligncenter\" src=\"https:\/\/imgbox.es\/images\/2021\/01\/06\/separadora98f3b7647e7c10e8.jpg\" width=\"313\" height=\"25\" \/><\/div>\n<\/div>\n<\/div>\n<\/div>\n<\/div>\n<\/div>\n<\/div>\n<\/div>\n<\/div>\n<p style=\"text-align: center\"><a href=\"http:\/\/amigosdelhorreoasociacion.wordpress.com\/\"><span style=\"color: #008080;font-size: 18pt\"><strong><em><span class=\"d2edcug0 hpfvmrgz qv66sw1b c1et5uql rrkovp55 a8c37x1j keod5gw0 nxhoafnm aigsh9s9 d3f4x2em fe6kdd0r mau55g9w c8b282yb iv3no6db jq4qci2q a3bd9o3v knj5qynh oo9gr5id\" dir=\"auto\"><span class=\"d2edcug0 hpfvmrgz qv66sw1b c1et5uql rrkovp55 jq4qci2q a3bd9o3v knj5qynh oo9gr5id\">\u00bb ASOCIACI\u00d3N DE AMIGOS DEL H\u00d3RREO ASTURIANO\u00bb<\/span><\/span><\/em><\/strong><\/span><\/a><\/p>\n<p><a href=\"http:\/\/amigosdelhorreoasociacion.wordpress.com\/\"><img loading=\"lazy\" decoding=\"async\" class=\"aligncenter\" src=\"https:\/\/amigosdelhorreoasociacion.files.wordpress.com\/2020\/04\/cropped-cabecera-modificada-escalada-alternativa-2-1.jpg\" alt=\"\" width=\"578\" height=\"251\" \/><\/a><\/p>\n<ul>\n<li style=\"text-align: center\"><a href=\"https:\/\/www.facebook.com\/Asociaci%C3%B3n-de-Amigos-del-H%C3%B3rreo-Asturiano-110841673857247\/\">Facebook<\/a><\/li>\n<\/ul>\n<div class=\"j83agx80\">\n<div>\n<div class=\"dwo3fsh8 g5ia77u1 rt8b4zig n8ej3o3l agehan2d sk4xxmp2 rq0escxv q9uorilb kvgmc6g5 cxmmr5t8 oygrvhab hcukyx3x jb3vyjys rz4wbd8a qt6c0cv9 a8nywdso l9j0dhe7 i1ao9s8h k4urcfbm\">\n<div class=\"j83agx80 cbu4d94t sj5x9vvc cxgpxx05\">\n<div class=\"rq0escxv l9j0dhe7 du4w35lb j83agx80 pfnyh3mw jifvfom9 ll8tlv6m owycx6da btwxx1t3 hv4rvrfc dati1w0a jb3vyjys b5q2rw42 lq239pai mysgfdmx hddg9phg\">\n<div class=\"rq0escxv l9j0dhe7 du4w35lb j83agx80 cbu4d94t g5gj957u d2edcug0 hpfvmrgz rj1gh0hx buofh1pr o8rfisnq p8fzw8mz pcp91wgn iuny7tx3 ipjc6fyt\">\n<div class=\"j83agx80 cbu4d94t ew0dbk1b irj2b8pg\">\n<ul>\n<li class=\"qzhwtbm6 knvmm38d\" style=\"text-align: center\"><span class=\"d2edcug0 hpfvmrgz qv66sw1b c1et5uql rrkovp55 a8c37x1j keod5gw0 nxhoafnm aigsh9s9 d3f4x2em fe6kdd0r mau55g9w c8b282yb iv3no6db jq4qci2q a3bd9o3v knj5qynh oo9gr5id hzawbc8m\" dir=\"auto\"><span class=\"d2edcug0 hpfvmrgz qv66sw1b c1et5uql rrkovp55 jq4qci2q a3bd9o3v knj5qynh py34i1dx\"><a class=\"oajrlxb2 g5ia77u1 qu0x051f esr5mh6w e9989ue4 r7d6kgcz rq0escxv nhd2j8a9 nc684nl6 p7hjln8o kvgmc6g5 cxmmr5t8 oygrvhab hcukyx3x jb3vyjys rz4wbd8a qt6c0cv9 a8nywdso i1ao9s8h esuyzwwr f1sip0of lzcic4wl py34i1dx gpro0wi8\" role=\"link\" href=\"https:\/\/l.facebook.com\/l.php?u=http%3A%2F%2Famigosdelhorreoasociacion.wordpress.com%2F%3Ffbclid%3DIwAR3aBLe-Tz2KpX9VD4iCK7O1mQrPBso0sJEHmBBi3iWvBMpupIbu5QYlNF8&amp;h=AT16lPeLe_8sK_Jnms5U1UTNhPQlhTyJMJ2IwE6g9rPzDNh6OVuY0o2D76UNAlWLGy2Xi58dL9YHITCZPhxow1_Pssxe-Z_S6GHzMGc8ZSb5Uv_dGkri1P1diLSe6oVyiws\" target=\"_blank\" rel=\"nofollow noopener\">http:\/\/amigosdelhorreoasociacion.wordpress.com\/<\/a><\/span><\/span><\/li>\n<li style=\"text-align: center\">Email: <span class=\"d2edcug0 hpfvmrgz qv66sw1b c1et5uql rrkovp55 a8c37x1j keod5gw0 nxhoafnm aigsh9s9 d3f4x2em fe6kdd0r mau55g9w c8b282yb iv3no6db jq4qci2q a3bd9o3v knj5qynh oo9gr5id hzawbc8m\" dir=\"auto\"><span class=\"d2edcug0 hpfvmrgz qv66sw1b c1et5uql rrkovp55 jq4qci2q a3bd9o3v knj5qynh py34i1dx\"><a class=\"oajrlxb2 g5ia77u1 qu0x051f esr5mh6w e9989ue4 r7d6kgcz rq0escxv nhd2j8a9 nc684nl6 p7hjln8o kvgmc6g5 cxmmr5t8 oygrvhab hcukyx3x jb3vyjys rz4wbd8a qt6c0cv9 a8nywdso i1ao9s8h esuyzwwr f1sip0of lzcic4wl py34i1dx gpro0wi8\" role=\"link\" href=\"mailto:amigosdelhorreo@gmail.com\" target=\"_blank\" rel=\"noopener\">amigosdelhorreo@gmail.com<\/a><\/span><\/span><\/li>\n<\/ul>\n<\/div>\n<\/div>\n<\/div>\n<\/div>\n<\/div>\n<\/div>\n<\/div>\n<div class=\"j83agx80\">\n<div>\n<div class=\"dwo3fsh8 g5ia77u1 rt8b4zig n8ej3o3l agehan2d sk4xxmp2 rq0escxv q9uorilb kvgmc6g5 cxmmr5t8 oygrvhab hcukyx3x jb3vyjys rz4wbd8a qt6c0cv9 a8nywdso l9j0dhe7 i1ao9s8h k4urcfbm\">\n<div class=\"j83agx80 cbu4d94t sj5x9vvc cxgpxx05\">\n<div class=\"rq0escxv l9j0dhe7 du4w35lb j83agx80 pfnyh3mw jifvfom9 ll8tlv6m owycx6da btwxx1t3 hv4rvrfc dati1w0a jb3vyjys b5q2rw42 lq239pai mysgfdmx hddg9phg\">\n<div class=\"rq0escxv l9j0dhe7 du4w35lb j83agx80 cbu4d94t g5gj957u d2edcug0 hpfvmrgz rj1gh0hx buofh1pr o8rfisnq p8fzw8mz pcp91wgn iuny7tx3 ipjc6fyt\">\n<div class=\"j83agx80 cbu4d94t ew0dbk1b irj2b8pg\">\n<hr \/>\n<p><span style=\"font-size: 18pt;color: #008080\"><strong>ART\u00cdCULOS D\u00b4INTER\u00c9S<\/strong><\/span><\/p>\n<ul>\n<li>\n<h1 class=\"h1 headline-article__text\"><a href=\"https:\/\/www.lne.es\/sociedad\/2020\/12\/16\/horreo-asturiano-aspira-patrimonio-humanidad-26414628.html?fbclid=IwAR3g3fOweJoo3OWE_bzi0tW3xWMoYJnOOgsFU-FmK5_e8n7OWCdwRTuotms\"><span style=\"font-size: 18pt\">El h\u00f3rreo asturiano aspira a ser Patrimonio de la Humanidad (LNE)<\/span><\/a><\/h1>\n<p><img loading=\"lazy\" decoding=\"async\" class=\"alignnone size-full\" src=\"https:\/\/estaticos-cdn.prensaiberica.es\/clip\/13d748d0-7268-4125-890d-e37299a68bf0_21-9-aspect-ratio_default_0.jpg\" width=\"1280\" height=\"548\" \/><\/li>\n<\/ul>\n<\/div>\n<\/div>\n<\/div>\n<\/div>\n<\/div>\n<\/div>\n<\/div>\n","protected":false},"excerpt":{"rendered":"<p>\u00bb ASOCIACI\u00d3N DE AMIGOS DEL H\u00d3RREO ASTURIANO\u00bb Pr\u00f3simamente, na TPA: L\u00b4horru, serie documental. L&#8217;horru Serie documental. &nbsp; &#8216;L&#8217;horru&#8217;, una serie documental de 5 cap\u00edtulos que nos avera al desconoc\u00edu mundu del horru asturianu para tresmitinos el so valor testimonial, t\u00e9cnicu y art\u00edsticu, y la so vinculaci\u00f3n sentimental col pueblu que lu dise\u00f1\u00f3. Esta producci\u00f3n cinematogr\u00e1fica [&hellip;]<\/p>\n","protected":false},"author":117,"featured_media":0,"parent":98,"menu_order":0,"comment_status":"closed","ping_status":"closed","template":"","meta":{"footnotes":""},"class_list":["post-1814","page","type-page","status-publish","hentry","post-preview"],"_links":{"self":[{"href":"https:\/\/edublog.educastur.es\/ixuxullingua\/wp-json\/wp\/v2\/pages\/1814","targetHints":{"allow":["GET"]}}],"collection":[{"href":"https:\/\/edublog.educastur.es\/ixuxullingua\/wp-json\/wp\/v2\/pages"}],"about":[{"href":"https:\/\/edublog.educastur.es\/ixuxullingua\/wp-json\/wp\/v2\/types\/page"}],"author":[{"embeddable":true,"href":"https:\/\/edublog.educastur.es\/ixuxullingua\/wp-json\/wp\/v2\/users\/117"}],"replies":[{"embeddable":true,"href":"https:\/\/edublog.educastur.es\/ixuxullingua\/wp-json\/wp\/v2\/comments?post=1814"}],"version-history":[{"count":11,"href":"https:\/\/edublog.educastur.es\/ixuxullingua\/wp-json\/wp\/v2\/pages\/1814\/revisions"}],"predecessor-version":[{"id":1816,"href":"https:\/\/edublog.educastur.es\/ixuxullingua\/wp-json\/wp\/v2\/pages\/1814\/revisions\/1816"}],"up":[{"embeddable":true,"href":"https:\/\/edublog.educastur.es\/ixuxullingua\/wp-json\/wp\/v2\/pages\/98"}],"wp:attachment":[{"href":"https:\/\/edublog.educastur.es\/ixuxullingua\/wp-json\/wp\/v2\/media?parent=1814"}],"curies":[{"name":"wp","href":"https:\/\/api.w.org\/{rel}","templated":true}]}}