{"id":1828,"date":"2021-01-07T01:11:57","date_gmt":"2021-01-06T23:11:57","guid":{"rendered":"https:\/\/edublog.educastur.es\/ixuxullingua\/?page_id=1828"},"modified":"2021-01-07T01:12:20","modified_gmt":"2021-01-06T23:12:20","slug":"lhorru","status":"publish","type":"page","link":"https:\/\/edublog.educastur.es\/ixuxullingua\/tv\/amigos-del-horreo\/lhorru\/","title":{"rendered":"L\u00b4horru"},"content":{"rendered":"<p><em><span class=\"d2edcug0 hpfvmrgz qv66sw1b c1et5uql rrkovp55 a8c37x1j keod5gw0 nxhoafnm aigsh9s9 d3f4x2em fe6kdd0r mau55g9w c8b282yb iv3no6db jq4qci2q a3bd9o3v knj5qynh oo9gr5id hzawbc8m\" dir=\"auto\" style=\"font-size: 14pt\">En dellos pueblos de les cuenques mineres asturianes, vense con abonda frecuencia los llamaos <strong><span style=\"color: #008080\">horros \u00abamestaos\u00bb<\/span><\/strong>, que nun son mas qu&#8217;una reforma d&#8217;otru orixinariu, fecha pol so propietariu actual o l&#8217;anterior. Les reformes consisten n&#8217;afaelo a techu de dos enag\u00fces, perdiendo capacid\u00e1 pero ganando segurid\u00e1 y quiciabes sitiu. Esti, alcuentrase en Ruseco, capital del conceyu Sobrescobiu.<\/span><\/em><\/p>\n<p><img loading=\"lazy\" decoding=\"async\" class=\"alignnone size-full\" src=\"https:\/\/imgbox.es\/images\/2021\/01\/07\/horruamestao372868539514e9c5.jpg\" width=\"1560\" height=\"1170\" \/><\/p>\n<p><img loading=\"lazy\" decoding=\"async\" class=\"alignnone size-full\" src=\"https:\/\/imgbox.es\/images\/2021\/01\/07\/horru-amestao24c421e4ba9f0ced4.jpg\" width=\"1944\" height=\"1458\" \/><\/p>\n","protected":false},"excerpt":{"rendered":"<p>En dellos pueblos de les cuenques mineres asturianes, vense con abonda frecuencia los llamaos horros \u00abamestaos\u00bb, que nun son mas qu&#8217;una reforma d&#8217;otru orixinariu, fecha pol so propietariu actual o l&#8217;anterior. Les reformes consisten n&#8217;afaelo a techu de dos enag\u00fces, perdiendo capacid\u00e1 pero ganando segurid\u00e1 y quiciabes sitiu. Esti, alcuentrase en Ruseco, capital del conceyu [&hellip;]<\/p>\n","protected":false},"author":117,"featured_media":0,"parent":1814,"menu_order":0,"comment_status":"closed","ping_status":"closed","template":"","meta":{"footnotes":""},"class_list":["post-1828","page","type-page","status-publish","hentry","post-preview"],"_links":{"self":[{"href":"https:\/\/edublog.educastur.es\/ixuxullingua\/wp-json\/wp\/v2\/pages\/1828","targetHints":{"allow":["GET"]}}],"collection":[{"href":"https:\/\/edublog.educastur.es\/ixuxullingua\/wp-json\/wp\/v2\/pages"}],"about":[{"href":"https:\/\/edublog.educastur.es\/ixuxullingua\/wp-json\/wp\/v2\/types\/page"}],"author":[{"embeddable":true,"href":"https:\/\/edublog.educastur.es\/ixuxullingua\/wp-json\/wp\/v2\/users\/117"}],"replies":[{"embeddable":true,"href":"https:\/\/edublog.educastur.es\/ixuxullingua\/wp-json\/wp\/v2\/comments?post=1828"}],"version-history":[{"count":1,"href":"https:\/\/edublog.educastur.es\/ixuxullingua\/wp-json\/wp\/v2\/pages\/1828\/revisions"}],"predecessor-version":[{"id":1829,"href":"https:\/\/edublog.educastur.es\/ixuxullingua\/wp-json\/wp\/v2\/pages\/1828\/revisions\/1829"}],"up":[{"embeddable":true,"href":"https:\/\/edublog.educastur.es\/ixuxullingua\/wp-json\/wp\/v2\/pages\/1814"}],"wp:attachment":[{"href":"https:\/\/edublog.educastur.es\/ixuxullingua\/wp-json\/wp\/v2\/media?parent=1828"}],"curies":[{"name":"wp","href":"https:\/\/api.w.org\/{rel}","templated":true}]}}