{"id":1996,"date":"2021-01-10T20:56:23","date_gmt":"2021-01-10T18:56:23","guid":{"rendered":"https:\/\/edublog.educastur.es\/ixuxullingua\/?page_id=1996"},"modified":"2021-01-10T21:32:51","modified_gmt":"2021-01-10T19:32:51","slug":"cosplay","status":"publish","type":"page","link":"https:\/\/edublog.educastur.es\/ixuxullingua\/asturies\/aguilandeiros\/cosplay\/","title":{"rendered":"Cosplay"},"content":{"rendered":"<ul>\n<li><a href=\"https:\/\/ast.wikipedia.org\/wiki\/Cosplay\"><strong><em><span style=\"font-size: 18pt\">Cosplay<span style=\"font-size: 14pt\"> (Wikipedia.AST)<\/span><\/span><\/em><\/strong><\/a><\/li>\n<li>Cosplay en Youtube<\/li>\n<\/ul>\n<p>El <b>Cosplay<\/b> (<span class=\"t_nihongo_kanji\" lang=\"ja\">\u30b3\u30b9\u30d7\u30ec<\/span> <span class=\"t_nihongo_romaji\"><i>Kosupure<\/i><\/span><span class=\"t_nihongo_help\"><sup><a class=\"mw-redirect\" title=\"Idioma xapon\u00e9s\" href=\"https:\/\/ast.wikipedia.org\/wiki\/Idioma_xapon%C3%A9s\"><span class=\"t_nihongo_icon\">?<\/span><\/a><\/sup><\/span>), contraici\u00f3n de <i><b>costume play<\/b><\/i> (<strong><span style=\"color: #008080\">xuegu de disfraz<\/span><\/strong>),<sup id=\"cite_ref-1\" class=\"reference\"><a href=\"https:\/\/ast.wikipedia.org\/wiki\/Cosplay#cite_note-1\">[1]<\/a><\/sup> ye una especie de moda representativa, onde los participantes, tami\u00e9n llamaos cosplayers, usen <a class=\"new\" title=\"Disfraz (la p\u00e1xina nun esiste)\" href=\"https:\/\/ast.wikipedia.org\/w\/index.php?title=Disfraz&amp;action=edit&amp;redlink=1\">amarutes<\/a>, accesorios y traxes que representen un personaxe espec\u00edficu o una idea. <strong>Los prauticantes de cosplay de cutiu interact\u00faan pa crear una <a title=\"Subcultura\" href=\"https:\/\/ast.wikipedia.org\/wiki\/Subcultura\">subcultura<\/a> centrada na <a class=\"new\" title=\"Interpretaci\u00f3n de roles (la p\u00e1xina nun esiste)\" href=\"https:\/\/ast.wikipedia.org\/w\/index.php?title=Interpretaci%C3%B3n_de_roles&amp;action=edit&amp;redlink=1\">interpretaci\u00f3n de roles<\/a>.<\/strong> Una definici\u00f3n m\u00e1s amplia del t\u00e9rminu \u00abcosplay\u00bb aplica a cualquier usu de <span style=\"color: #008080\"><strong>disfraz de xuegos roles fuera del escenariu<\/strong><\/span>, independientemente del so contestu cultural. Les fontes favorites pa esto incl\u00fain <a title=\"Historieta\" href=\"https:\/\/ast.wikipedia.org\/wiki\/Historieta\">c\u00f3mics<\/a>, <a class=\"mw-redirect\" title=\"Cine\" href=\"https:\/\/ast.wikipedia.org\/wiki\/Cine\">cine<\/a>, <a class=\"mw-redirect\" title=\"Llibros\" href=\"https:\/\/ast.wikipedia.org\/wiki\/Llibros\">llibros<\/a>, <a title=\"Anime\" href=\"https:\/\/ast.wikipedia.org\/wiki\/Anime\">anime<\/a>, <a title=\"Manga\" href=\"https:\/\/ast.wikipedia.org\/wiki\/Manga\">manga<\/a> y <a class=\"mw-redirect\" title=\"Videoxuegos\" href=\"https:\/\/ast.wikipedia.org\/wiki\/Videoxuegos\">videoxuegos<\/a>.<\/p>\n<div class=\"thumb tright\">\n<div class=\"thumbinner\">\n<p><a class=\"image\" href=\"https:\/\/ast.wikipedia.org\/wiki\/Ficheru:2014_Dragon_Con_Cosplay_-_Warhammer_40K_1_(14937604767).jpg\"><img loading=\"lazy\" decoding=\"async\" class=\"thumbimage\" src=\"https:\/\/upload.wikimedia.org\/wikipedia\/commons\/thumb\/4\/4c\/2014_Dragon_Con_Cosplay_-_Warhammer_40K_1_%2814937604767%29.jpg\/220px-2014_Dragon_Con_Cosplay_-_Warhammer_40K_1_%2814937604767%29.jpg\" alt=\"\" width=\"220\" height=\"293\" data-file-width=\"3000\" data-file-height=\"4000\" \/><\/a><\/p>\n<\/div>\n<\/div>\n<div class=\"thumb tright\">\n<div class=\"thumbinner\">\n<div class=\"thumbcaption\"><i>Cosplay<\/i> del marine espacial de <i><a class=\"new\" title=\"Warhammer 40.000 (la p\u00e1xina nun esiste)\" href=\"https:\/\/ast.wikipedia.org\/w\/index.php?title=Warhammer_40.000&amp;action=edit&amp;redlink=1\">Warhammer 40.000<\/a><\/i>, na <a class=\"new\" title=\"Dragon Con (la p\u00e1xina nun esiste)\" href=\"https:\/\/ast.wikipedia.org\/w\/index.php?title=Dragon_Con&amp;action=edit&amp;redlink=1\">Dragon Con<\/a>, 2014.<\/div>\n<\/div>\n<\/div>\n<p><span style=\"font-size: 14pt\"><strong>El <i>cosplay<\/i> tien un enfoque cultural espec\u00edficu dedic\u00e1u a la representaci\u00f3n realista d&#8217;una idea o un personaxe propiu de la ficci\u00f3n<\/strong>; puede tener distintes variantes seg\u00fan la intenci\u00f3n y el contestu, de normal faciendo<strong><span style=\"color: #008080\"> una representaci\u00f3n f\u00edsico y dram\u00e1tico d&#8217;un personaxe.<\/span> <\/strong>Ente les sos variantes at\u00f3pense notablemente: la representaci\u00f3n de personaxes antropomorfos, l&#8217;adaptaci\u00f3n antropomorfa de personaxes zoomorfos, el <a class=\"new\" title=\"Travestismu (la p\u00e1xina nun esiste)\" href=\"https:\/\/ast.wikipedia.org\/w\/index.php?title=Travestismu&amp;action=edit&amp;redlink=1\"><i>cross-dressing<\/i><\/a>, la representaci\u00f3n de los <a class=\"new\" title=\"Roles de x\u00e9neru (la p\u00e1xina nun esiste)\" href=\"https:\/\/ast.wikipedia.org\/w\/index.php?title=Roles_de_x%C3%A9neru&amp;action=edit&amp;redlink=1\">roles de x\u00e9neru<\/a> opuestos y el calter er\u00f3ticu.<\/span><sup id=\"cite_ref-2\" class=\"reference\"><\/sup><\/p>\n<h2><span id=\"Terminolox.C3.ADa_cosplay\"><\/span><span style=\"color: #008080\"><em><span id=\"Terminolox\u00eda_cosplay\" class=\"mw-headline\" style=\"font-size: 18pt\">Terminolox\u00eda cosplay<\/span><\/em><\/span><\/h2>\n<p><span style=\"font-size: 14pt\">El t\u00e9rminu <i>cosplay<\/i> aniciar d&#8217;una contraici\u00f3n de <i>costume<\/i> (<a title=\"Idioma ingl\u00e9s\" href=\"https:\/\/ast.wikipedia.org\/wiki\/Idioma_ingl%C3%A9s\">ingl\u00e9s<\/a> pa <i><a class=\"new\" title=\"Disfraz (la p\u00e1xina nun esiste)\" href=\"https:\/\/ast.wikipedia.org\/w\/index.php?title=Disfraz&amp;action=edit&amp;redlink=1\">disfraz<\/a><\/i>) y <i>play<\/i> (ingl\u00e9s pa <i><a class=\"new\" title=\"Xugar (la p\u00e1xina nun esiste)\" href=\"https:\/\/ast.wikipedia.org\/w\/index.php?title=Xugar&amp;action=edit&amp;redlink=1\">xugar<\/a>),<\/i> de normal utiliz\u00e1u como una pallabra curtia pa reemplazar el t\u00e9rminu orixinal, <strong><i>costume play<\/i>, (xugar a amarutase).<\/strong> Denominar <i><b>cosplayer<\/b><\/i> a una persona que practica&#8217;l cosplay.<\/span><\/p>\n<p><span style=\"font-size: 14pt\">Delles versiones sobre l&#8217;orixe del t\u00e9rminu atrib\u00fain la creaci\u00f3n del t\u00e9rminu <i>cosplay<\/i> a Nobuyuki Takahashi del estudiu xapon\u00e9s <i>Studio Hard<\/i> en 1984, mientres la presentaci\u00f3n de la <i><a class=\"new\" title=\"Worldcon (la p\u00e1xina nun esiste)\" href=\"https:\/\/ast.wikipedia.org\/w\/index.php?title=Worldcon&amp;action=edit&amp;redlink=1\">Worldcon<\/a><\/i> na ciud\u00e1 de <a title=\"Los Angeles\" href=\"https:\/\/ast.wikipedia.org\/wiki\/Los_Angeles\">Los Angeles<\/a>.\u00a0 El t\u00e9rminu en <a class=\"mw-redirect\" title=\"Idioma xapon\u00e9s\" href=\"https:\/\/ast.wikipedia.org\/wiki\/Idioma_xapon%C3%A9s\">xapon\u00e9s<\/a> construyir con una abreviaci\u00f3n por aciu l&#8217;usu de les <a class=\"new\" title=\"Mora (lling\u00fc\u00edstica) (la p\u00e1xina nun esiste)\" href=\"https:\/\/ast.wikipedia.org\/w\/index.php?title=Mora_(lling%C3%BC%C3%ADstica)&amp;action=edit&amp;redlink=1\">mores<\/a> iniciales en dos t\u00e9rminos independientes pa la construcci\u00f3n d&#8217;un compuestu dafechu distintu; en dicha descripci\u00f3n <strong><i><span style=\"color: #800080\">cos<\/span>tume<\/i><\/strong> deriva en <i>kosu<\/i> (\u30b3\u30b9) y <span style=\"color: #800080\"><i>play<\/i> <\/span>en <i>pure<\/i> (\u30d7\u30ec).<\/span><\/p>\n<p><span style=\"font-size: 14pt\"><strong><span id=\"Historia\" class=\"mw-headline\" style=\"color: #008080\">Historia: <\/span><\/strong><em>El fen\u00f3menu del cosplay surdi\u00f3 sobre los a\u00f1os 1970 nos <a class=\"new\" title=\"Comic Market (la p\u00e1xina nun esiste)\" href=\"https:\/\/ast.wikipedia.org\/w\/index.php?title=Comic_Market&amp;action=edit&amp;redlink=1\">Comic Market<\/a> de <a title=\"Xap\u00f3n\" href=\"https:\/\/ast.wikipedia.org\/wiki\/Xap%C3%B3n\">Xap\u00f3n<\/a>, que se celebren en Odaiba (<a title=\"Tokiu\" href=\"https:\/\/ast.wikipedia.org\/wiki\/Tokiu\">Tokiu<\/a>) llugares de compra\/vienta de <a class=\"new\" title=\"D\u00f4jinshi (la p\u00e1xina nun esiste)\" href=\"https:\/\/ast.wikipedia.org\/w\/index.php?title=D%C3%B4jinshi&amp;action=edit&amp;redlink=1\">D\u00f4jinshi<\/a>. Esti actu sigue realiz\u00e1ndose dacuando. Ell\u00ed, grupos de xaponeses vistir de los sos personaxes favoritos de mangues, animes, c\u00f3mics y videoxuegos. Asina pos felicid\u00e1 pr\u00e1utica siempres tuvo bien rellacionada con estos productos, pero col pasu de los a\u00f1os, foise estendiendo hasta cruciar les fronteres del pa\u00eds del sol naciente y tomar otros campos a esta pr\u00e1utica onde se-y considera una subcultura xaponesa.<\/em><\/span><\/p>\n<div class=\"thumb tright\">\n<div class=\"thumbinner\">\n<p style=\"text-align: center\"><a class=\"image\" href=\"https:\/\/ast.wikipedia.org\/wiki\/Ficheru:Visual_kei.jpg\"><img loading=\"lazy\" decoding=\"async\" class=\"thumbimage aligncenter\" src=\"https:\/\/upload.wikimedia.org\/wikipedia\/commons\/7\/7f\/Visual_kei.jpg\" alt=\"\" width=\"200\" height=\"149\" data-file-width=\"200\" data-file-height=\"149\" \/><\/a>Cosplayers en <a class=\"new\" title=\"Harajuku (la p\u00e1xina nun esiste)\" href=\"https:\/\/ast.wikipedia.org\/w\/index.php?title=Harajuku&amp;action=edit&amp;redlink=1\">Harajuku<\/a> (<a title=\"Tokiu\" href=\"https:\/\/ast.wikipedia.org\/wiki\/Tokiu\">Tokiu<\/a>), vist\u00edos como los integrantes de la banda <a class=\"new\" title=\"Malice Mizer (la p\u00e1xina nun esiste)\" href=\"https:\/\/ast.wikipedia.org\/w\/index.php?title=Malice_Mizer&amp;action=edit&amp;redlink=1\">Malice Mizer<\/a>.<\/p>\n<\/div>\n<\/div>\n<p>El n\u00famberu de siguidores del <i>cosplay<\/i> foi siempres n&#8217;aumentu, <strong>cada vez ye m\u00e1s com\u00fan ver a cosplayers en cualquier celebraci\u00f3n, y nun ye raru g\u00fcei d\u00eda, ver que nos estrenos de les grandes producciones de cine,<\/strong> dellos grupos ax\u00fantense afatiaos coles sos meyores gales nes sales de cine.<\/p>\n<p>Los concursos de <i>cosplay<\/i> son bien habituales nes convenciones d&#8217;anime y en dalgunes tiense la oportunid\u00e1 d&#8217;entrar de baldre por llevar puestu&#8217;l disfraz. De xac\u00edu, en dichos eventos abonden los llamaos <a class=\"new\" title=\"Kameko (la p\u00e1xina nun esiste)\" href=\"https:\/\/ast.wikipedia.org\/w\/index.php?title=Kameko&amp;action=edit&amp;redlink=1\">kameko<\/a> (<i>kamera kozo<\/i>, <i>mozu de la c\u00e1mara<\/i>), (anque hai diferencies, y\u00e1 que kozo ye una forma porcaz de llama-y a un ne\u00f1u, otros creen que se-yos diz kameko por \u00abKamera Otoko\u00bb, que significa home-c\u00e1mara) que se dediquen a sacar semeyes de los cosplayers, tres los que, dependiendo de los costumes del llugar, ufi\u00e9rten-yos copies como regalu o les incorporen a les galer\u00edes d&#8217;estes persones.<\/p>\n<p><strong>Los cosplayers m\u00e1s curiosos son los m\u00e1s fotografiaos y suelen arrodiase de fans, quien los siguen a cada actu al qu&#8217;asisten; y pasen a convertise en \u00abIdols\u00bb.<\/strong> Estos cosplayers facer en cierta forma profesionales; pero munches vegaes atentando contra derechos d&#8217;autor por cobrar dineru nos actos onde los conviden y ensin pagar derechos pol usu de la imaxe y\/o marca d&#8217;un personaxe al creador o empresa.<\/p>\n<p><strong>La trescendencia del cosplaying alredor del mundu refl\u00e9xase muncho m\u00e1s nos mozos consideraos como xeneraci\u00f3n Y, o millenias.<\/strong> Mozos que busquen atopar una identid\u00e1 m\u00e1s globalizada ensin centrase nun nam\u00e1i estilu de vida; poro, esisten cosplayers que pueden considerase roqueros, artistes gr\u00e1ficos, DJ&#8217;s, etc.<\/p>\n<p>Dientro del <i>cosplay<\/i> esisten dellos enclinos onde podr\u00eden destacar el <a title=\"Crossplay\" href=\"https:\/\/ast.wikipedia.org\/wiki\/Crossplay\">crossplay<\/a>, que consiste en vistite d&#8217;un personaxe del sexu contrario, o&#8217;l <a class=\"new\" title=\"Furry (la p\u00e1xina nun esiste)\" href=\"https:\/\/ast.wikipedia.org\/w\/index.php?title=Furry&amp;action=edit&amp;redlink=1\">furry<\/a>, que ye amarutase de dalg\u00fan animal d\u00e1ndo-yos carauter\u00edstiques humanes.<\/p>\n<h2><span id=\"Competiciones\" class=\"mw-headline\" style=\"color: #008080;font-size: 18pt\">Competiciones<\/span><\/h2>\n<div class=\"thumbinner\">\n<p><a class=\"image\" href=\"https:\/\/ast.wikipedia.org\/wiki\/Ficheru:Cosplayer._New_York_Comic_con._2012.jpg\"><img loading=\"lazy\" decoding=\"async\" class=\"thumbimage aligncenter\" src=\"https:\/\/upload.wikimedia.org\/wikipedia\/commons\/thumb\/d\/d8\/Cosplayer._New_York_Comic_con._2012.jpg\/220px-Cosplayer._New_York_Comic_con._2012.jpg\" alt=\"\" width=\"220\" height=\"178\" data-file-width=\"608\" data-file-height=\"492\" \/><\/a><\/p>\n<\/div>\n<div class=\"thumb tright\">\n<div class=\"thumbinner\">\n<div class=\"thumbcaption\" style=\"text-align: center\">Cosplayer. New York Comic con. 2012<\/div>\n<\/div>\n<\/div>\n<p>En diversos pa\u00edses ent\u00e1mense concursos de cosplay, frecuentemente en <a class=\"new\" title=\"Eventu d'historieta (la p\u00e1xina nun esiste)\" href=\"https:\/\/ast.wikipedia.org\/w\/index.php?title=Eventu_d%27historieta&amp;action=edit&amp;redlink=1\">eventu d&#8217;historieta<\/a>. Seg\u00fan l&#8217;organizador, otorgar mayor puntaje al disfraz o a la representaci\u00f3n del personaxe.<\/p>\n<p>Ye habitual que cosplayers d&#8217;una nacionalid\u00e1 mover por cuenta propia a otros pa\u00edses pa participar en concursos de cosplay.<\/p>\n<p>Puesto que el cosplay convirti\u00f3se nuna pr\u00e1utica xeneralizada en cuasi cualquier pa\u00eds que disponga d&#8217;un actu rellacion\u00e1u con anime, delles empreses aprovecharon pa realizar concursos internacionales ente los que podr\u00edamos destacar el <a class=\"new\" title=\"World Cosplay Summit (la p\u00e1xina nun esiste)\" href=\"https:\/\/ast.wikipedia.org\/w\/index.php?title=World_Cosplay_Summit&amp;action=edit&amp;redlink=1\">World Cosplay Summit<\/a>, celebr\u00e1u en <a title=\"Xap\u00f3n\" href=\"https:\/\/ast.wikipedia.org\/wiki\/Xap%C3%B3n\">Xap\u00f3n<\/a> o la <a class=\"new\" title=\"Yamato Cosplay Cup (la p\u00e1xina nun esiste)\" href=\"https:\/\/ast.wikipedia.org\/w\/index.php?title=Yamato_Cosplay_Cup&amp;action=edit&amp;redlink=1\">Yamato Cosplay Cup<\/a> que se celebra en <a title=\"Brasil\" href=\"https:\/\/ast.wikipedia.org\/wiki\/Brasil\">Brasil<\/a>.<\/p>\n<h2 style=\"text-align: center\"><span style=\"font-size: 14pt\"><span id=\"Crossplay\" class=\"mw-headline\" style=\"color: #008080\"><i>Crossplay:\u00a0 <\/i><\/span><i>Art\u00edculu principal: <a title=\"Crossplay\" href=\"https:\/\/ast.wikipedia.org\/wiki\/Crossplay\">Crossplay<\/a><\/i><\/span><\/h2>\n<p><span style=\"font-size: 14pt\"><a title=\"Crossplay\" href=\"https:\/\/ast.wikipedia.org\/wiki\/Crossplay\">Crossplay<\/a> (contraici\u00f3n ente <a class=\"new\" title=\"Travestismu (la p\u00e1xina nun esiste)\" href=\"https:\/\/ast.wikipedia.org\/w\/index.php?title=Travestismu&amp;action=edit&amp;redlink=1\"><i>cross-dressing<\/i><\/a> y <i>cosplay<\/i>) ye un t\u00e9rminu popular que refier a un tipu de <i>cosplay<\/i> nel que la persona amarutar d&#8217;un personaxe ficticiu del x\u00e9neru opuestu.<\/span><sup id=\"cite_ref-Cosplay.com_4-0\" class=\"reference\"><a href=\"https:\/\/ast.wikipedia.org\/wiki\/Cosplay#cite_note-Cosplay.com-4\"><span style=\"font-size: 14pt\">[4]<\/span><\/a><\/sup><\/p>\n<div class=\"llistaref\">\n<hr \/>\n<div id=\"upload-info\" class=\"style-scope ytd-video-owner-renderer\">\n<div id=\"container\" class=\"style-scope ytd-channel-name\">\n<div id=\"text-container\" class=\"style-scope ytd-channel-name\" style=\"text-align: center\"><span style=\"font-size: 18pt\"><a class=\"yt-simple-endpoint style-scope yt-formatted-string\" href=\"https:\/\/www.youtube.com\/channel\/UCiBbwNT3mLZEBceBjfdgToA\"><em><strong>PlayPresta<\/strong><\/em><\/a><\/span><\/div>\n<div style=\"text-align: center\"><span style=\"font-size: 24pt\"><span style=\"font-size: 18pt\">Canal:<\/span><a href=\"https:\/\/www.youtube.com\/results?search_query=cosplaypresta\"><strong><span style=\"font-size: 18pt\"> CosplayPresta<\/span><\/strong><\/a><\/span><\/div>\n<\/div>\n<\/div>\n<div id=\"sponsor-button\" class=\"style-scope ytd-video-owner-renderer\" style=\"text-align: center\"><span style=\"font-size: 24pt\">\u00a0<img loading=\"lazy\" decoding=\"async\" class=\"alignnone size-full\" src=\"https:\/\/shiroychigo.com\/wp-content\/uploads\/2018\/10\/playpresta-300x99-1.png\" width=\"300\" height=\"99\" \/><\/span><\/div>\n<div id=\"sponsor-button\" class=\"style-scope ytd-video-owner-renderer\" style=\"text-align: left\">\n<ul>\n<li class=\"title style-scope ytd-video-primary-info-renderer\"><a href=\"https:\/\/www.youtube.com\/watch?v=LDOKVY0MgjU\"><span style=\"color: #008080\"><strong>Fornite: El videoxuegu m\u00e1s popular de tolos tiempos | Cosplaypresta 3&#215;09<\/strong><\/span><\/a><\/li>\n<\/ul>\n<p style=\"text-align: center\">\n<!-- iframe plugin v.6.0 wordpress.org\/plugins\/iframe\/ -->\n<iframe loading=\"lazy\" width=\"647\" height=\"364\" src=\"https:\/\/www.youtube.com\/embed\/LDOKVY0MgjU\" scrolling=\"yes\" class=\"iframe-class\" frameborder=\"0\"><\/iframe>\n<\/p>\n<\/div>\n<ul>\n<li id=\"description\" class=\"style-scope ytd-video-secondary-info-renderer\"><span class=\"style-scope yt-formatted-string\" dir=\"auto\"><span class=\"style-scope yt-formatted-string\" dir=\"auto\">G\u00fcei Shiro Ychigo f\u00e1lanos de League of Legends Legends un xuegu m\u00edticu que cunta con m\u00e1s de 10 a\u00f1os de vida y una montorena de siguidores en tol mundu. <\/span><\/span><a href=\"https:\/\/www.youtube.com\/watch?v=PEUDRqmJtPI\"><strong>League of Legends, un xuegu m\u00edticu | Cosplay Presta<\/strong><\/a><\/li>\n<\/ul>\n<p style=\"text-align: center\">\n<!-- iframe plugin v.6.0 wordpress.org\/plugins\/iframe\/ -->\n<iframe loading=\"lazy\" width=\"647\" height=\"364\" src=\"https:\/\/www.youtube.com\/embed\/PEUDRqmJtPI\" scrolling=\"yes\" class=\"iframe-class\" frameborder=\"0\"><\/iframe>\n<\/p>\n<\/div>\n","protected":false},"excerpt":{"rendered":"<p>Cosplay (Wikipedia.AST) Cosplay en Youtube El Cosplay (\u30b3\u30b9\u30d7\u30ec Kosupure?), contraici\u00f3n de costume play (xuegu de disfraz),[1] ye una especie de moda representativa, onde los participantes, tami\u00e9n llamaos cosplayers, usen amarutes, accesorios y traxes que representen un personaxe espec\u00edficu o una idea. Los prauticantes de cosplay de cutiu interact\u00faan pa crear una subcultura centrada na interpretaci\u00f3n [&hellip;]<\/p>\n","protected":false},"author":117,"featured_media":0,"parent":1718,"menu_order":0,"comment_status":"closed","ping_status":"closed","template":"","meta":{"footnotes":""},"class_list":["post-1996","page","type-page","status-publish","hentry","post-preview"],"_links":{"self":[{"href":"https:\/\/edublog.educastur.es\/ixuxullingua\/wp-json\/wp\/v2\/pages\/1996","targetHints":{"allow":["GET"]}}],"collection":[{"href":"https:\/\/edublog.educastur.es\/ixuxullingua\/wp-json\/wp\/v2\/pages"}],"about":[{"href":"https:\/\/edublog.educastur.es\/ixuxullingua\/wp-json\/wp\/v2\/types\/page"}],"author":[{"embeddable":true,"href":"https:\/\/edublog.educastur.es\/ixuxullingua\/wp-json\/wp\/v2\/users\/117"}],"replies":[{"embeddable":true,"href":"https:\/\/edublog.educastur.es\/ixuxullingua\/wp-json\/wp\/v2\/comments?post=1996"}],"version-history":[{"count":7,"href":"https:\/\/edublog.educastur.es\/ixuxullingua\/wp-json\/wp\/v2\/pages\/1996\/revisions"}],"predecessor-version":[{"id":2003,"href":"https:\/\/edublog.educastur.es\/ixuxullingua\/wp-json\/wp\/v2\/pages\/1996\/revisions\/2003"}],"up":[{"embeddable":true,"href":"https:\/\/edublog.educastur.es\/ixuxullingua\/wp-json\/wp\/v2\/pages\/1718"}],"wp:attachment":[{"href":"https:\/\/edublog.educastur.es\/ixuxullingua\/wp-json\/wp\/v2\/media?parent=1996"}],"curies":[{"name":"wp","href":"https:\/\/api.w.org\/{rel}","templated":true}]}}