{"id":20,"date":"2020-07-16T10:07:55","date_gmt":"2020-07-16T10:07:55","guid":{"rendered":"https:\/\/edublog.educastur.es\/ixuxullingua\/?page_id=20"},"modified":"2021-09-26T13:01:23","modified_gmt":"2021-09-26T11:01:23","slug":"3-terceru","status":"publish","type":"page","link":"https:\/\/edublog.educastur.es\/ixuxullingua\/3-terceru\/","title":{"rendered":"3. TERCERU"},"content":{"rendered":"<p><a href=\"https:\/\/educastur.sharepoint.com\/:f:\/r\/sites\/C.P.CARMENRUIZ-TILVE-ESPECIALISTA_LLINGUAASTURIANA\/Documentos%20compartidos\/ESPECIALISTA_LLINGUA%20ASTURIANA\/Llingua_3%C2%BA%20ABCD?csf=1&amp;web=1&amp;e=QYXnKT\"><img loading=\"lazy\" decoding=\"async\" class=\" wp-image-817 alignleft\" src=\"http:\/\/edublog.educastur.es\/ixuxullingua\/files\/2020\/08\/00_terceru-150x150.png\" alt=\"\" width=\"100\" height=\"100\" \/><\/a><\/p>\n<p>&nbsp;<\/p>\n<p>&nbsp;<\/p>\n<ul>\n<li><em><span style=\"font-size: 14pt\"><a href=\"https:\/\/educastur.sharepoint.com\/:f:\/r\/sites\/C.P.CARMENRUIZ-TILVE-ESPECIALISTA_LLINGUAASTURIANA\/Documentos%20compartidos\/ESPECIALISTA_LLINGUA%20ASTURIANA\/Llingua_3%C2%BA%20ABCD?csf=1&amp;web=1&amp;e=9Dr6c0\">Accesu a la TAREA de 3\u00ba de Clas d\u00b4Isa<\/a><\/span><\/em><\/li>\n<\/ul>\n<p>&nbsp;<\/p>\n<hr \/>\n<p>&nbsp;<\/p>\n<ul>\n<li class=\"page_item page-item-20 page_item_has_children\"><a href=\"https:\/\/edublog.educastur.es\/ixuxullingua\/3-terceru\/\">3. TERCERU<\/a>\n<ul class=\"children\">\n<li class=\"page_item page-item-112\"><a href=\"https:\/\/edublog.educastur.es\/ixuxullingua\/3-terceru\/1-2020-primavera\/\">01) 2020 Primavera<\/a><\/li>\n<li class=\"page_item page-item-2782 page_item_has_children\"><a href=\"https:\/\/edublog.educastur.es\/ixuxullingua\/3-terceru\/terceru-20-21\/\">Terceru 20-21<\/a>\n<ul class=\"children\">\n<li class=\"page_item page-item-214 page_item_has_children\"><a href=\"https:\/\/edublog.educastur.es\/ixuxullingua\/3-terceru\/terceru-20-21\/02-primer-trimestre\/\">02) Primer trimestre<\/a>\n<ul class=\"children\">\n<li class=\"page_item page-item-1156\"><a href=\"https:\/\/edublog.educastur.es\/ixuxullingua\/3-terceru\/terceru-20-21\/02-primer-trimestre\/sesion-01\/\">Sesi\u00f3n 01<\/a><\/li>\n<li class=\"page_item page-item-1158\"><a href=\"https:\/\/edublog.educastur.es\/ixuxullingua\/3-terceru\/terceru-20-21\/02-primer-trimestre\/sesion-02\/\">Sesi\u00f3n 02<\/a><\/li>\n<li class=\"page_item page-item-1160\"><a href=\"https:\/\/edublog.educastur.es\/ixuxullingua\/3-terceru\/terceru-20-21\/02-primer-trimestre\/sesion-02b\/\">Sesi\u00f3n 02b<\/a><\/li>\n<li class=\"page_item page-item-1199\"><a href=\"https:\/\/edublog.educastur.es\/ixuxullingua\/3-terceru\/terceru-20-21\/02-primer-trimestre\/sesion-03\/\">Sesi\u00f3n 03<\/a><\/li>\n<li class=\"page_item page-item-1209\"><a href=\"https:\/\/edublog.educastur.es\/ixuxullingua\/3-terceru\/terceru-20-21\/02-primer-trimestre\/sesion-04\/\">Sesi\u00f3n 04<\/a><\/li>\n<li class=\"page_item page-item-1211\"><a href=\"https:\/\/edublog.educastur.es\/ixuxullingua\/3-terceru\/terceru-20-21\/02-primer-trimestre\/sesion-05\/\">Sesi\u00f3n 05<\/a><\/li>\n<li class=\"page_item page-item-1213\"><a href=\"https:\/\/edublog.educastur.es\/ixuxullingua\/3-terceru\/terceru-20-21\/02-primer-trimestre\/sesion-06\/\">Sesi\u00f3n 06<\/a><\/li>\n<li class=\"page_item page-item-1235\"><a href=\"https:\/\/edublog.educastur.es\/ixuxullingua\/3-terceru\/terceru-20-21\/02-primer-trimestre\/sesion-07\/\">Sesi\u00f3n 07<\/a><\/li>\n<li class=\"page_item page-item-1331\"><a href=\"https:\/\/edublog.educastur.es\/ixuxullingua\/3-terceru\/terceru-20-21\/02-primer-trimestre\/sesion-08\/\">Sesi\u00f3n 08<\/a><\/li>\n<li class=\"page_item page-item-1333\"><a href=\"https:\/\/edublog.educastur.es\/ixuxullingua\/3-terceru\/terceru-20-21\/02-primer-trimestre\/sesion-09\/\">Sesi\u00f3n 09<\/a><\/li>\n<li class=\"page_item page-item-1479\"><a href=\"https:\/\/edublog.educastur.es\/ixuxullingua\/3-terceru\/terceru-20-21\/02-primer-trimestre\/sesion-10\/\">Sesi\u00f3n 10<\/a><\/li>\n<\/ul>\n<\/li>\n<li class=\"page_item page-item-229 page_item_has_children\"><a href=\"https:\/\/edublog.educastur.es\/ixuxullingua\/3-terceru\/terceru-20-21\/03-segundu-trimestre\/\">03) Segundu trimestre<\/a>\n<ul class=\"children\">\n<li class=\"page_item page-item-1590\"><a href=\"https:\/\/edublog.educastur.es\/ixuxullingua\/3-terceru\/terceru-20-21\/03-segundu-trimestre\/sesion-01\/\">Sesi\u00f3n 01<\/a><\/li>\n<li class=\"page_item page-item-1598\"><a href=\"https:\/\/edublog.educastur.es\/ixuxullingua\/3-terceru\/terceru-20-21\/03-segundu-trimestre\/sesion-02\/\">Sesi\u00f3n 02<\/a><\/li>\n<li class=\"page_item page-item-1606\"><a href=\"https:\/\/edublog.educastur.es\/ixuxullingua\/3-terceru\/terceru-20-21\/03-segundu-trimestre\/sesion-03\/\">Sesi\u00f3n 03<\/a><\/li>\n<li class=\"page_item page-item-1616\"><a href=\"https:\/\/edublog.educastur.es\/ixuxullingua\/3-terceru\/terceru-20-21\/03-segundu-trimestre\/sesion-04\/\">Sesi\u00f3n 04<\/a><\/li>\n<li class=\"page_item page-item-1624\"><a href=\"https:\/\/edublog.educastur.es\/ixuxullingua\/3-terceru\/terceru-20-21\/03-segundu-trimestre\/sesion-05\/\">Sesi\u00f3n 05<\/a><\/li>\n<li class=\"page_item page-item-1636\"><a href=\"https:\/\/edublog.educastur.es\/ixuxullingua\/3-terceru\/terceru-20-21\/03-segundu-trimestre\/sesion-06\/\">Sesi\u00f3n 06<\/a><\/li>\n<li class=\"page_item page-item-1644\"><a href=\"https:\/\/edublog.educastur.es\/ixuxullingua\/3-terceru\/terceru-20-21\/03-segundu-trimestre\/sesion-07\/\">Sesi\u00f3n 07<\/a><\/li>\n<li class=\"page_item page-item-1656\"><a href=\"https:\/\/edublog.educastur.es\/ixuxullingua\/3-terceru\/terceru-20-21\/03-segundu-trimestre\/sesion-08\/\">Sesi\u00f3n 08<\/a><\/li>\n<li class=\"page_item page-item-1666\"><a href=\"https:\/\/edublog.educastur.es\/ixuxullingua\/3-terceru\/terceru-20-21\/03-segundu-trimestre\/sesion-09\/\">Sesi\u00f3n 09<\/a><\/li>\n<li class=\"page_item page-item-1676\"><a href=\"https:\/\/edublog.educastur.es\/ixuxullingua\/3-terceru\/terceru-20-21\/03-segundu-trimestre\/sesion-10\/\">Sesi\u00f3n 10<\/a><\/li>\n<li class=\"page_item page-item-1686\"><a href=\"https:\/\/edublog.educastur.es\/ixuxullingua\/3-terceru\/terceru-20-21\/03-segundu-trimestre\/sesion-11\/\">Sesi\u00f3n 11<\/a><\/li>\n<li class=\"page_item page-item-2246\"><a href=\"https:\/\/edublog.educastur.es\/ixuxullingua\/3-terceru\/terceru-20-21\/03-segundu-trimestre\/ternera-asturiana\/\">Ternera asturiana<\/a><\/li>\n<li class=\"page_item page-item-2252\"><a href=\"https:\/\/edublog.educastur.es\/ixuxullingua\/3-terceru\/terceru-20-21\/03-segundu-trimestre\/vaqueirada\/\">Vaqueirada<\/a><\/li>\n<\/ul>\n<\/li>\n<li class=\"page_item page-item-257\"><a href=\"https:\/\/edublog.educastur.es\/ixuxullingua\/3-terceru\/terceru-20-21\/04-tercer-trimestre\/\">04) Tercer trimestre<\/a><\/li>\n<\/ul>\n<\/li>\n<li class=\"page_item page-item-2746 page_item_has_children\"><a href=\"https:\/\/edublog.educastur.es\/ixuxullingua\/3-terceru\/terceru-21-22\/\">Terceru 21-22<\/a>\n<ul class=\"children\">\n<li class=\"page_item page-item-273\"><a href=\"https:\/\/edublog.educastur.es\/ixuxullingua\/3-terceru\/terceru-21-22\/05-primer-trimestre\/\">05) Primer trimestre<\/a><\/li>\n<li class=\"page_item page-item-840\"><a href=\"https:\/\/edublog.educastur.es\/ixuxullingua\/3-terceru\/terceru-21-22\/06-segundu-trimestre\/\">06) Segundu trimestre<\/a><\/li>\n<li class=\"page_item page-item-852\"><a href=\"https:\/\/edublog.educastur.es\/ixuxullingua\/3-terceru\/terceru-21-22\/07-tercer-trimestre\/\">07) Tercer trimestre<\/a><\/li>\n<\/ul>\n<\/li>\n<\/ul>\n<\/li>\n<\/ul>\n<hr \/>\n<p style=\"text-align: center\"><a href=\"https:\/\/educastur-my.sharepoint.com\/:b:\/g\/personal\/isabellh_educastur_org\/ETiuOdv-j5NEsz47UnVt0a0BZeeQoxPoVbNcNpP4XOZnvA?e=UdmYLp\"><em><strong>Terceru<\/strong><\/em><\/a><br \/>\n\n<!-- iframe plugin v.6.0 wordpress.org\/plugins\/iframe\/ -->\n<iframe loading=\"lazy\" src=\"https:\/\/drive.google.com\/file\/d\/1QqUNgzqIDzj8g4GgBv8GnankmmGBcSiK\/preview\" width=\"704\" height=\"980\" 0=\"\/iframe\" scrolling=\"yes\" class=\"iframe-class\" frameborder=\"0\"><\/iframe>\n<\/p>\n<p>&nbsp;<\/p>\n","protected":false},"excerpt":{"rendered":"<p>&nbsp; &nbsp; Accesu a la TAREA de 3\u00ba de Clas d\u00b4Isa &nbsp; &nbsp; 3. TERCERU 01) 2020 Primavera Terceru 20-21 02) Primer trimestre Sesi\u00f3n 01 Sesi\u00f3n 02 Sesi\u00f3n 02b Sesi\u00f3n 03 Sesi\u00f3n 04 Sesi\u00f3n 05 Sesi\u00f3n 06 Sesi\u00f3n 07 Sesi\u00f3n 08 Sesi\u00f3n 09 Sesi\u00f3n 10 03) Segundu trimestre Sesi\u00f3n 01 Sesi\u00f3n 02 Sesi\u00f3n 03 Sesi\u00f3n [&hellip;]<\/p>\n","protected":false},"author":117,"featured_media":0,"parent":0,"menu_order":0,"comment_status":"closed","ping_status":"closed","template":"","meta":{"footnotes":""},"class_list":["post-20","page","type-page","status-publish","hentry","post-preview"],"_links":{"self":[{"href":"https:\/\/edublog.educastur.es\/ixuxullingua\/wp-json\/wp\/v2\/pages\/20","targetHints":{"allow":["GET"]}}],"collection":[{"href":"https:\/\/edublog.educastur.es\/ixuxullingua\/wp-json\/wp\/v2\/pages"}],"about":[{"href":"https:\/\/edublog.educastur.es\/ixuxullingua\/wp-json\/wp\/v2\/types\/page"}],"author":[{"embeddable":true,"href":"https:\/\/edublog.educastur.es\/ixuxullingua\/wp-json\/wp\/v2\/users\/117"}],"replies":[{"embeddable":true,"href":"https:\/\/edublog.educastur.es\/ixuxullingua\/wp-json\/wp\/v2\/comments?post=20"}],"version-history":[{"count":15,"href":"https:\/\/edublog.educastur.es\/ixuxullingua\/wp-json\/wp\/v2\/pages\/20\/revisions"}],"predecessor-version":[{"id":2816,"href":"https:\/\/edublog.educastur.es\/ixuxullingua\/wp-json\/wp\/v2\/pages\/20\/revisions\/2816"}],"wp:attachment":[{"href":"https:\/\/edublog.educastur.es\/ixuxullingua\/wp-json\/wp\/v2\/media?parent=20"}],"curies":[{"name":"wp","href":"https:\/\/api.w.org\/{rel}","templated":true}]}}