{"id":212,"date":"2020-07-24T21:06:27","date_gmt":"2020-07-24T21:06:27","guid":{"rendered":"https:\/\/edublog.educastur.es\/ixuxullingua\/?page_id=212"},"modified":"2021-09-26T12:31:49","modified_gmt":"2021-09-26T10:31:49","slug":"02-primer-trimestre","status":"publish","type":"page","link":"https:\/\/edublog.educastur.es\/ixuxullingua\/2-segundu\/segundu-20-21\/02-primer-trimestre\/","title":{"rendered":"02) Primer trimestre"},"content":{"rendered":"<ul class=\"children\">\n<li class=\"page_item page-item-1152\"><span style=\"font-size: 18pt\"><a href=\"https:\/\/edublog.educastur.es\/ixuxullingua\/2-segundu\/2020-setiembre\/sesion-01\/\">Sesi\u00f3n 01<\/a><\/span><\/li>\n<li class=\"page_item page-item-1154\"><span style=\"font-size: 18pt\"><a href=\"https:\/\/edublog.educastur.es\/ixuxullingua\/2-segundu\/2020-setiembre\/sesion-02\/\">Sesi\u00f3n 02<\/a><\/span><\/li>\n<li class=\"page_item page-item-1203\"><span style=\"font-size: 18pt\"><a href=\"https:\/\/edublog.educastur.es\/ixuxullingua\/2-segundu\/2020-setiembre\/sesion-03\/\">Sesi\u00f3n 03<\/a><\/span><\/li>\n<li class=\"page_item page-item-1205\"><span style=\"font-size: 18pt\"><a href=\"https:\/\/edublog.educastur.es\/ixuxullingua\/2-segundu\/2020-setiembre\/sesion-04\/\">Sesi\u00f3n 04<\/a><\/span><\/li>\n<li class=\"page_item page-item-1207\"><span style=\"font-size: 18pt\"><a href=\"https:\/\/edublog.educastur.es\/ixuxullingua\/2-segundu\/2020-setiembre\/sesion-05\/\">Sesi\u00f3n 05<\/a><\/span><\/li>\n<li class=\"page_item page-item-1201\"><span style=\"font-size: 18pt\"><a href=\"https:\/\/edublog.educastur.es\/ixuxullingua\/2-segundu\/2020-setiembre\/sesion-06\/\">Sesi\u00f3n 06<\/a><\/span><\/li>\n<li class=\"page_item page-item-1309 current_page_item\"><a href=\"https:\/\/edublog.educastur.es\/ixuxullingua\/2-segundu\/2020-setiembre\/sesion-07\/\"><span style=\"font-size: 18pt\">Sesi\u00f3n 07<\/span><\/a><\/li>\n<li><a href=\"https:\/\/edublog.educastur.es\/ixuxullingua\/nadal\/\"><span style=\"font-size: 18pt;color: #008080\">Tradiciones asturianas navide\u00f1as:<\/span><\/a><\/li>\n<li class=\"page_item page-item-1385 page_item_has_children\"><span style=\"font-size: 18pt\"><em><a href=\"https:\/\/edublog.educastur.es\/ixuxullingua\/nadal\/\"><strong>NADAL<\/strong><\/a><\/em><\/span>\n<ul class=\"children\">\n<li class=\"page_item page-item-1398\"><span style=\"font-size: 18pt\"><em><a href=\"https:\/\/edublog.educastur.es\/ixuxullingua\/nadal\/anguleru\/\">Anguleru<\/a><\/em><\/span><\/li>\n<li class=\"page_item page-item-1406\"><span style=\"font-size: 18pt\"><em><a href=\"https:\/\/edublog.educastur.es\/ixuxullingua\/nadal\/el-ramu-de-nadal\/\">El ramu de Nadal<\/a><\/em><\/span><\/li>\n<li class=\"page_item page-item-1387\"><a href=\"https:\/\/edublog.educastur.es\/ixuxullingua\/nadal\/nataliegu\/\"><em><span style=\"font-size: 18pt\">Nataliegu<\/span><\/em><\/a><\/li>\n<\/ul>\n<\/li>\n<\/ul>\n","protected":false},"excerpt":{"rendered":"<p>Sesi\u00f3n 01 Sesi\u00f3n 02 Sesi\u00f3n 03 Sesi\u00f3n 04 Sesi\u00f3n 05 Sesi\u00f3n 06 Sesi\u00f3n 07 Tradiciones asturianas navide\u00f1as: NADAL Anguleru El ramu de Nadal Nataliegu<\/p>\n","protected":false},"author":117,"featured_media":0,"parent":2765,"menu_order":0,"comment_status":"closed","ping_status":"closed","template":"","meta":{"footnotes":""},"class_list":["post-212","page","type-page","status-publish","hentry","post-preview"],"_links":{"self":[{"href":"https:\/\/edublog.educastur.es\/ixuxullingua\/wp-json\/wp\/v2\/pages\/212","targetHints":{"allow":["GET"]}}],"collection":[{"href":"https:\/\/edublog.educastur.es\/ixuxullingua\/wp-json\/wp\/v2\/pages"}],"about":[{"href":"https:\/\/edublog.educastur.es\/ixuxullingua\/wp-json\/wp\/v2\/types\/page"}],"author":[{"embeddable":true,"href":"https:\/\/edublog.educastur.es\/ixuxullingua\/wp-json\/wp\/v2\/users\/117"}],"replies":[{"embeddable":true,"href":"https:\/\/edublog.educastur.es\/ixuxullingua\/wp-json\/wp\/v2\/comments?post=212"}],"version-history":[{"count":7,"href":"https:\/\/edublog.educastur.es\/ixuxullingua\/wp-json\/wp\/v2\/pages\/212\/revisions"}],"predecessor-version":[{"id":2769,"href":"https:\/\/edublog.educastur.es\/ixuxullingua\/wp-json\/wp\/v2\/pages\/212\/revisions\/2769"}],"up":[{"embeddable":true,"href":"https:\/\/edublog.educastur.es\/ixuxullingua\/wp-json\/wp\/v2\/pages\/2765"}],"wp:attachment":[{"href":"https:\/\/edublog.educastur.es\/ixuxullingua\/wp-json\/wp\/v2\/media?parent=212"}],"curies":[{"name":"wp","href":"https:\/\/api.w.org\/{rel}","templated":true}]}}