{"id":214,"date":"2020-07-24T21:06:49","date_gmt":"2020-07-24T21:06:49","guid":{"rendered":"https:\/\/edublog.educastur.es\/ixuxullingua\/?page_id=214"},"modified":"2021-09-26T12:41:35","modified_gmt":"2021-09-26T10:41:35","slug":"02-primer-trimestre","status":"publish","type":"page","link":"https:\/\/edublog.educastur.es\/ixuxullingua\/3-terceru\/terceru-20-21\/02-primer-trimestre\/","title":{"rendered":"02) Primer trimestre"},"content":{"rendered":"<ul>\n<li class=\"page_item page-item-214 page_item_has_children current_page_item\"><em><span style=\"font-size: 18pt\"><a href=\"https:\/\/edublog.educastur.es\/ixuxullingua\/3-terceru\/2020-setiembre\/\">02)<strong> 2020_21 Primer trimestre<\/strong><\/a><\/span><\/em>\n<ul class=\"children\">\n<li class=\"page_item page-item-1156\"><em><span style=\"font-size: 18pt\"><a href=\"https:\/\/edublog.educastur.es\/ixuxullingua\/3-terceru\/2020-setiembre\/sesion-01\/\">Sesi\u00f3n 01<\/a><\/span><\/em><\/li>\n<li class=\"page_item page-item-1158\"><em><span style=\"font-size: 18pt\"><a href=\"https:\/\/edublog.educastur.es\/ixuxullingua\/3-terceru\/2020-setiembre\/sesion-02\/\">Sesi\u00f3n 02<\/a><\/span><\/em><\/li>\n<li class=\"page_item page-item-1160\"><em><span style=\"font-size: 18pt\"><a href=\"https:\/\/edublog.educastur.es\/ixuxullingua\/3-terceru\/2020-setiembre\/sesion-02b\/\">Sesi\u00f3n 02b<\/a><\/span><\/em><\/li>\n<li class=\"page_item page-item-1199\"><em><span style=\"font-size: 18pt\"><a href=\"https:\/\/edublog.educastur.es\/ixuxullingua\/3-terceru\/2020-setiembre\/sesion-03\/\">Sesi\u00f3n 03<\/a><\/span><\/em><\/li>\n<li class=\"page_item page-item-1209\"><em><span style=\"font-size: 18pt\"><a href=\"https:\/\/edublog.educastur.es\/ixuxullingua\/3-terceru\/2020-setiembre\/sesion-04\/\">Sesi\u00f3n 04<\/a><\/span><\/em><\/li>\n<li class=\"page_item page-item-1211\"><em><span style=\"font-size: 18pt\"><a href=\"https:\/\/edublog.educastur.es\/ixuxullingua\/3-terceru\/2020-setiembre\/sesion-05\/\">Sesi\u00f3n 05<\/a><\/span><\/em><\/li>\n<li class=\"page_item page-item-1213\"><em><span style=\"font-size: 18pt\"><a href=\"https:\/\/edublog.educastur.es\/ixuxullingua\/3-terceru\/2020-setiembre\/sesion-06\/\">Sesi\u00f3n 06<\/a><\/span><\/em><\/li>\n<li class=\"page_item page-item-1235\"><em><span style=\"font-size: 18pt\"><a href=\"https:\/\/edublog.educastur.es\/ixuxullingua\/3-terceru\/2020-setiembre\/sesion-07\/\">Sesi\u00f3n 07<\/a><\/span><\/em><\/li>\n<li class=\"page_item page-item-1331\"><em><span style=\"font-size: 18pt\"><a href=\"https:\/\/edublog.educastur.es\/ixuxullingua\/3-terceru\/2020-setiembre\/sesion-08\/\">Sesi\u00f3n 08<\/a><\/span><\/em><\/li>\n<li class=\"page_item page-item-1333\"><em><span style=\"font-size: 18pt\"><a href=\"https:\/\/edublog.educastur.es\/ixuxullingua\/3-terceru\/2020-setiembre\/sesion-09\/\">Sesi\u00f3n 09<\/a><\/span><\/em><\/li>\n<li class=\"page_item page-item-1479\"><a href=\"https:\/\/edublog.educastur.es\/ixuxullingua\/3-terceru\/2020-setiembre\/sesion-10\/\"><em><span style=\"font-size: 18pt\">Sesi\u00f3n 10<\/span><\/em><\/a><\/li>\n<\/ul>\n<\/li>\n<\/ul>\n","protected":false},"excerpt":{"rendered":"<p>02) 2020_21 Primer trimestre Sesi\u00f3n 01 Sesi\u00f3n 02 Sesi\u00f3n 02b Sesi\u00f3n 03 Sesi\u00f3n 04 Sesi\u00f3n 05 Sesi\u00f3n 06 Sesi\u00f3n 07 Sesi\u00f3n 08 Sesi\u00f3n 09 Sesi\u00f3n 10<\/p>\n","protected":false},"author":117,"featured_media":0,"parent":2782,"menu_order":0,"comment_status":"closed","ping_status":"closed","template":"","meta":{"footnotes":""},"class_list":["post-214","page","type-page","status-publish","hentry","post-preview"],"_links":{"self":[{"href":"https:\/\/edublog.educastur.es\/ixuxullingua\/wp-json\/wp\/v2\/pages\/214","targetHints":{"allow":["GET"]}}],"collection":[{"href":"https:\/\/edublog.educastur.es\/ixuxullingua\/wp-json\/wp\/v2\/pages"}],"about":[{"href":"https:\/\/edublog.educastur.es\/ixuxullingua\/wp-json\/wp\/v2\/types\/page"}],"author":[{"embeddable":true,"href":"https:\/\/edublog.educastur.es\/ixuxullingua\/wp-json\/wp\/v2\/users\/117"}],"replies":[{"embeddable":true,"href":"https:\/\/edublog.educastur.es\/ixuxullingua\/wp-json\/wp\/v2\/comments?post=214"}],"version-history":[{"count":6,"href":"https:\/\/edublog.educastur.es\/ixuxullingua\/wp-json\/wp\/v2\/pages\/214\/revisions"}],"predecessor-version":[{"id":2784,"href":"https:\/\/edublog.educastur.es\/ixuxullingua\/wp-json\/wp\/v2\/pages\/214\/revisions\/2784"}],"up":[{"embeddable":true,"href":"https:\/\/edublog.educastur.es\/ixuxullingua\/wp-json\/wp\/v2\/pages\/2782"}],"wp:attachment":[{"href":"https:\/\/edublog.educastur.es\/ixuxullingua\/wp-json\/wp\/v2\/media?parent=214"}],"curies":[{"name":"wp","href":"https:\/\/api.w.org\/{rel}","templated":true}]}}