{"id":2177,"date":"2021-02-13T09:57:30","date_gmt":"2021-02-13T07:57:30","guid":{"rendered":"https:\/\/edublog.educastur.es\/ixuxullingua\/?page_id=2177"},"modified":"2021-02-13T10:55:34","modified_gmt":"2021-02-13T08:55:34","slug":"la-ciencia-del-cuentu","status":"publish","type":"page","link":"https:\/\/edublog.educastur.es\/ixuxullingua\/noticies\/radio\/la-ciencia-del-cuentu\/","title":{"rendered":"La ciencia del cuentu"},"content":{"rendered":"<p><img loading=\"lazy\" decoding=\"async\" class=\"alignnone size-full\" src=\"https:\/\/pbs.twimg.com\/profile_banners\/1351532896184578048\/1611079091\/1080x360\" width=\"1080\" height=\"360\" \/><\/p>\n<ul>\n<li><a href=\"http:\/\/www.lacienciadelcuentu.com\"><span style=\"color: #008080\"><em><span style=\"font-size: 14pt\">www.lacienciadelcuentu.com<\/span><\/em><\/span><\/a><\/li>\n<li><em><strong><a href=\"https:\/\/twitter.com\/cienciacuentu\">en Twitter<\/a><\/strong><\/em><\/li>\n<li><a href=\"https:\/\/open.spotify.com\/show\/6yDjojh9wlWv82OtIjr8m0\"><strong><em><span style=\"font-size: 14pt\">en Spotify<\/span><\/em><\/strong><\/a><\/li>\n<li><span style=\"font-size: 14pt\"><em><strong><a href=\"https:\/\/www.youtube.com\/channel\/UCJjcwVz_5wcC5-pitSrCdhA\">en Youtube<\/a><\/strong><\/em><\/span><\/li>\n<li><a href=\"https:\/\/go.ivoox.com\/sq\/1177440\"><strong><em><span style=\"font-size: 14pt\">en Ivoox<\/span><\/em><\/strong><\/a><\/li>\n<li><a href=\"https:\/\/twitter.com\/cienciacuentu\/status\/1357315322630537220?s=20\">C\u00f3mo se fizo<\/a><\/li>\n<li>\n<div class=\"css-1dbjc4n\">\n<div id=\"tweet-text\" class=\"css-901oao r-18jsvk2 r-1qd0xha r-a023e6 r-16dba41 r-ad9z0x r-bcqeeo r-bnwqim r-qvutc0\" dir=\"auto\" lang=\"es\">\n<p><em><span style=\"font-size: 14pt\"><span class=\"css-901oao css-16my406 r-poiln3 r-bcqeeo r-qvutc0\">Tenemos que dicilo. Bien alto. Arguyu d&#8217;actores y actrices de <\/span><span class=\"r-18u37iz\"><a class=\"css-4rbku5 css-18t94o4 css-901oao css-16my406 r-1n1174f r-1loqt21 r-poiln3 r-bcqeeo r-qvutc0\" role=\"link\" href=\"https:\/\/twitter.com\/hashtag\/LaCienciaDelCuentu?src=hashtag_click\" data-focusable=\"true\">#LaCienciaDelCuentu<\/a><\/span><\/span><span class=\"css-901oao css-16my406 r-poiln3 r-bcqeeo r-qvutc0\"><span style=\"font-size: 14pt\">. <strong>Ant\u00f3n Caama\u00f1o, Sonia Avellaneda, Mayra Fern\u00e1ndez, Ana Blanco, Carlos D\u00e1vila, Yasmina \u00c1lvarez, Mario Vald\u00e9s, Iciar D\u00edaz, Mario Villar y Quique Iglesias.<\/strong> Gracies por regalanos el vuesu talentu.<\/span> <\/span><\/em><\/p>\n<div class=\"css-1dbjc4n r-xoduu5 r-1mlwlqe r-1d2f490 r-1udh08x r-u8s1d r-h9hxbl r-417010\" title=\"Coraz\u00f3n azul\" aria-label=\"Coraz\u00f3n azul\">\n<div class=\"css-1dbjc4n r-1niwhzg r-vvn4in r-u6sd8q r-x3cy2q r-1p0dtai r-xoduu5 r-1pi2tsx r-1d2f490 r-u8s1d r-zchlnj r-ipm5af r-13qz1uu r-1wyyakw\"><em><span style=\"font-size: 14pt\">Sinton\u00eda orixinal del programa La ciencia del cuentu de RPA. Creada por el m\u00fasicu asturianu Pablo Canal\u00eds. Voz corporativa del mayestru del radioteatru, Federico Volpini.<\/span><\/em><\/div>\n<div style=\"text-align: center\">\n<!-- iframe plugin v.6.0 wordpress.org\/plugins\/iframe\/ -->\n<iframe loading=\"lazy\" width=\"647\" height=\"364\" src=\"https:\/\/www.youtube.com\/embed\/rzr3Jl8BBXU\" scrolling=\"yes\" class=\"iframe-class\" frameborder=\"0\"><\/iframe>\n<\/div>\n<\/div>\n<\/div>\n<\/div>\n<\/li>\n<\/ul>\n<hr \/>\n<ul>\n<li>\n<h4 class=\"title style-scope ytd-video-primary-info-renderer\"><a href=\"https:\/\/youtu.be\/BtdWJTPGOqE\">Les voces espertes: Ignaciu Llope, m\u00e9dicu psiquiatra, sobre &#8216;La pastiella&#8217;.<\/a><\/h4>\n<\/li>\n<\/ul>\n<p><em><span class=\"style-scope yt-formatted-string\" dir=\"auto\" style=\"font-size: 14pt\">Ignaciu Llope, m\u00e9dicu psiquitra fala sobre el papel de la farmacolox\u00eda na socied\u00e1. ? Acerca del segundu cap\u00edtulu de &#8216;La ciencia del cuentu&#8217;, &#8216;La pastiella.<\/span><\/em><\/p>\n<p style=\"text-align: center\">\n<!-- iframe plugin v.6.0 wordpress.org\/plugins\/iframe\/ -->\n<iframe loading=\"lazy\" width=\"647\" height=\"364\" src=\"https:\/\/www.youtube.com\/embed\/BtdWJTPGOqE\" scrolling=\"yes\" class=\"iframe-class\" frameborder=\"0\"><\/iframe>\n<\/p>\n<p style=\"text-align: center\">\n<!-- iframe plugin v.6.0 wordpress.org\/plugins\/iframe\/ -->\n<iframe loading=\"lazy\" src=\"https:\/\/open.spotify.com\/embed-podcast\/episode\/3PpxaGmMWmLXhjIwBcb6Yi\" width=\"100%\" height=\"232\" frameborder=\"0\" allowtransparency=\"true\" allow=\"encrypted-media\" 0=\"\/iframe\" scrolling=\"yes\" class=\"iframe-class\"><\/iframe>\n<\/p>\n<ul>\n<li>\n<h4 class=\"title style-scope ytd-video-primary-info-renderer\"><a href=\"https:\/\/youtu.be\/fYYhm7vUwI4\">Les voces espertes: Xes\u00fas Rato, neurofisi\u00f3logu, sobre &#8216;La pastiella&#8217;.<\/a><\/h4>\n<\/li>\n<\/ul>\n<p><span style=\"font-size: 14pt\"><em><span class=\"style-scope yt-formatted-string\" dir=\"auto\">\u00bfC\u00f3mo sedr\u00e1 la medicaci\u00f3n del futuru? ? ? Xes\u00fas Rato, neurofisi\u00f3logu, f\u00e1lamos sobre&#8217;l tema central del segundu cap\u00edtulu de &#8216;La ciencia del cuentu&#8217;, &#8216;La pastiella&#8217;.<\/span><\/em><\/span><\/p>\n<p style=\"text-align: center\">\n<!-- iframe plugin v.6.0 wordpress.org\/plugins\/iframe\/ -->\n<iframe loading=\"lazy\" width=\"647\" height=\"364\" src=\"https:\/\/www.youtube.com\/embed\/fYYhm7vUwI4\" scrolling=\"yes\" class=\"iframe-class\" frameborder=\"0\"><\/iframe>\n<\/p>\n<hr \/>\n<ul>\n<li><a href=\"https:\/\/youtu.be\/IjA-zH2aLSY\">Cap. 1) Chigre: El calder\u00f3n<\/a><\/li>\n<\/ul>\n<p><em><span class=\"style-scope yt-formatted-string\" dir=\"auto\" style=\"font-size: 14pt\">Esto diz Sa\u00fal F. Borel del cap\u00edtulu de g\u00fcei&#8230; &#8216;Chigre El Calder\u00f3n&#8217;.<\/span><\/em><\/p>\n<p style=\"text-align: center\">\n<!-- iframe plugin v.6.0 wordpress.org\/plugins\/iframe\/ -->\n<iframe loading=\"lazy\" width=\"647\" height=\"364\" src=\"https:\/\/www.youtube.com\/embed\/IjA-zH2aLSY\" scrolling=\"yes\" class=\"iframe-class\" frameborder=\"0\"><\/iframe>\n<\/p>\n\n<!-- iframe plugin v.6.0 wordpress.org\/plugins\/iframe\/ -->\n<iframe loading=\"lazy\" src=\"https:\/\/open.spotify.com\/embed-podcast\/episode\/0Z4i33TRTjj1OonNAYLuMj\" width=\"100%\" height=\"232\" frameborder=\"0\" allowtransparency=\"true\" allow=\"encrypted-media\" 0=\"\/iframe\" scrolling=\"yes\" class=\"iframe-class\"><\/iframe>\n\n","protected":false},"excerpt":{"rendered":"<p>www.lacienciadelcuentu.com en Twitter en Spotify en Youtube en Ivoox C\u00f3mo se fizo Tenemos que dicilo. Bien alto. Arguyu d&#8217;actores y actrices de #LaCienciaDelCuentu. Ant\u00f3n Caama\u00f1o, Sonia Avellaneda, Mayra Fern\u00e1ndez, Ana Blanco, Carlos D\u00e1vila, Yasmina \u00c1lvarez, Mario Vald\u00e9s, Iciar D\u00edaz, Mario Villar y Quique Iglesias. Gracies por regalanos el vuesu talentu. Sinton\u00eda orixinal del programa La [&hellip;]<\/p>\n","protected":false},"author":117,"featured_media":0,"parent":648,"menu_order":0,"comment_status":"closed","ping_status":"closed","template":"","meta":{"footnotes":""},"class_list":["post-2177","page","type-page","status-publish","hentry","post-preview"],"_links":{"self":[{"href":"https:\/\/edublog.educastur.es\/ixuxullingua\/wp-json\/wp\/v2\/pages\/2177","targetHints":{"allow":["GET"]}}],"collection":[{"href":"https:\/\/edublog.educastur.es\/ixuxullingua\/wp-json\/wp\/v2\/pages"}],"about":[{"href":"https:\/\/edublog.educastur.es\/ixuxullingua\/wp-json\/wp\/v2\/types\/page"}],"author":[{"embeddable":true,"href":"https:\/\/edublog.educastur.es\/ixuxullingua\/wp-json\/wp\/v2\/users\/117"}],"replies":[{"embeddable":true,"href":"https:\/\/edublog.educastur.es\/ixuxullingua\/wp-json\/wp\/v2\/comments?post=2177"}],"version-history":[{"count":10,"href":"https:\/\/edublog.educastur.es\/ixuxullingua\/wp-json\/wp\/v2\/pages\/2177\/revisions"}],"predecessor-version":[{"id":2185,"href":"https:\/\/edublog.educastur.es\/ixuxullingua\/wp-json\/wp\/v2\/pages\/2177\/revisions\/2185"}],"up":[{"embeddable":true,"href":"https:\/\/edublog.educastur.es\/ixuxullingua\/wp-json\/wp\/v2\/pages\/648"}],"wp:attachment":[{"href":"https:\/\/edublog.educastur.es\/ixuxullingua\/wp-json\/wp\/v2\/media?parent=2177"}],"curies":[{"name":"wp","href":"https:\/\/api.w.org\/{rel}","templated":true}]}}