{"id":2236,"date":"2021-02-20T10:29:13","date_gmt":"2021-02-20T08:29:13","guid":{"rendered":"https:\/\/edublog.educastur.es\/ixuxullingua\/?page_id=2236"},"modified":"2021-02-20T10:31:25","modified_gmt":"2021-02-20T08:31:25","slug":"sesion-5b","status":"publish","type":"page","link":"https:\/\/edublog.educastur.es\/ixuxullingua\/5-quintu\/quintu-20-21\/03-segundu-trimestre\/sesion-5b\/","title":{"rendered":"Sesi\u00f3n 5B"},"content":{"rendered":"<p style=\"text-align: center\"><span style=\"font-size: 18pt;color: #008080\"><em><strong>Antroxu n\u00b4Asturies: Frixuelos y Descenso fluvial de Galiana<\/strong> (Avil\u00e9s)<\/em><\/span><\/p>\n<hr \/>\n<p><span style=\"font-size: 18pt\">Recetes n\u00b4asturianu: <a href=\"https:\/\/imgbox.es\/images\/2021\/02\/07\/Frixuelos4ca04f67408984e2.jpg\"><strong><em>Frixuelos<\/em><\/strong><\/a> \/ <a href=\"https:\/\/imgbox.es\/images\/2021\/02\/07\/Tarta_frixuelosada40c25072f0d3a.jpg\"><strong><em>Tarta de Fixuelos <\/em><\/strong><\/a>\/ <\/span><a href=\"https:\/\/imgbox.es\/images\/2021\/02\/07\/Freixuelos8634669b570cb524.jpg\"><strong><em><span style=\"font-size: 18pt\">Freixuelos vaqueiros<\/span><\/em><\/strong><\/a><\/p>\n<p><a href=\"https:\/\/imgbox.es\/images\/2021\/02\/07\/Frixuelos4ca04f67408984e2.jpg\"><img loading=\"lazy\" decoding=\"async\" class=\"alignleft\" src=\"https:\/\/imgbox.es\/images\/2021\/02\/07\/Frixuelos4ca04f67408984e2.jpg\" alt=\"\" width=\"175\" height=\"245\" \/><\/a> \/\u00a0 <a href=\"https:\/\/imgbox.es\/images\/2021\/02\/07\/Tarta_frixuelosada40c25072f0d3a.jpg\"><img loading=\"lazy\" decoding=\"async\" class=\"alignnone\" src=\"https:\/\/imgbox.es\/images\/2021\/02\/07\/Tarta_frixuelosada40c25072f0d3a.jpg\" alt=\"\" width=\"184\" height=\"254\" \/><\/a>\u00a0 \/\u00a0 <a href=\"https:\/\/imgbox.es\/images\/2021\/02\/07\/Freixuelos8634669b570cb524.jpg\"><img loading=\"lazy\" decoding=\"async\" class=\"alignnone\" src=\"https:\/\/imgbox.es\/images\/2021\/02\/07\/Freixuelos8634669b570cb524.jpg\" alt=\"\" width=\"184\" height=\"252\" \/><\/a><\/p>\n<hr \/>\n<p><a href=\"https:\/\/d36fw6y2wq3bat.cloudfront.net\/assets\/images\/cache\/recipes\/frixuelos\/900\/frixuelos.jpg\"><img loading=\"lazy\" decoding=\"async\" class=\"alignnone\" src=\"https:\/\/d36fw6y2wq3bat.cloudfront.net\/assets\/images\/cache\/recipes\/frixuelos\/900\/frixuelos.jpg\" alt=\"\" width=\"250\" height=\"250\" \/><\/a> \/ <a href=\"https:\/\/assets.tmecosys.com\/image\/upload\/t_web767x639\/img\/recipe\/ras\/Assets\/AB399985-85DD-4E20-A9F3-894805778973\/Derivates\/26133fab-e8a3-4a0c-90e7-a2e934b0ec43.jpg\"><img loading=\"lazy\" decoding=\"async\" class=\"alignnone\" src=\"https:\/\/assets.tmecosys.com\/image\/upload\/t_web767x639\/img\/recipe\/ras\/Assets\/AB399985-85DD-4E20-A9F3-894805778973\/Derivates\/26133fab-e8a3-4a0c-90e7-a2e934b0ec43.jpg\" alt=\"\" width=\"302\" height=\"252\" \/><\/a><\/p>\n<hr \/>\n<ul>\n<li><a href=\"https:\/\/www.youtube.com\/watch?app=desktop&amp;v=3h2NJhlnjBM\">Receta y video<\/a><\/li>\n<\/ul>\n\n<!-- iframe plugin v.6.0 wordpress.org\/plugins\/iframe\/ -->\n<iframe loading=\"lazy\" width=\"100%\" height=\"364\" src=\"https:\/\/www.youtube.com\/embed\/3h2NJhlnjBM\" scrolling=\"yes\" class=\"iframe-class\" frameborder=\"0\"><\/iframe>\n\n<p>&nbsp;<\/p>\n<hr \/>\n<p><span style=\"font-size: 14pt\"><strong><em>Avil\u00e9s: Descenso de la Calle Galiana 2021<br \/>\n<\/em><\/strong><\/span><\/p>\n<ul>\n<li><span style=\"font-size: 14pt\"><a href=\"https:\/\/www.youtube.com\/watch?v=Gv4i4lQMqcU\">Videu<\/a><\/span><\/li>\n<\/ul>\n<p><span style=\"font-size: 14pt\">\n<!-- iframe plugin v.6.0 wordpress.org\/plugins\/iframe\/ -->\n<iframe loading=\"lazy\" width=\"100%\" height=\"315\" src=\"https:\/\/www.youtube.com\/embed\/Gv4i4lQMqcU\" scrolling=\"yes\" class=\"iframe-class\" frameborder=\"0\"><\/iframe>\n<\/span><\/p>\n<div id=\"content\" class=\"style-scope ytd-expander\">\n<div id=\"description\" class=\"style-scope ytd-video-secondary-info-renderer\"><span style=\"font-size: 14pt\"><a class=\"yt-simple-endpoint style-scope yt-formatted-string\" href=\"https:\/\/www.youtube.com\/hashtag\/antroxuavil%C3%A9sonline\">#AntroxuAvil\u00e9sOnLine<\/a><span class=\"style-scope yt-formatted-string\" dir=\"auto\">\u200b<\/span><\/span><\/div>\n<div><span style=\"font-size: 14pt\">A pesar de les mid\u00edes sanitaries qu&#8217;obliguen a la suspensi\u00f3n de tolos actos de cai y con p\u00fablicu, la conceyal\u00eda de Festexos afacese a les circunstancies con un programa d\u00b4Antroxu protagoniz\u00e1u por 4 eventos que van dexar esfrutar y participar de la fiesta m\u00e1s caleyera de la ciud\u00e1 ensin salir de casa.<\/span><\/div>\n<ul>\n<li><span class=\"style-scope yt-formatted-string\" dir=\"auto\" style=\"font-size: 14pt\"><strong>Descenso de Galiana.<\/strong> S\u00e1badu 13 de febreru. 18 hores.<br \/>\nRetresmisi\u00f3n en el canal del Ayuntamiento de Avil\u00e9s en YouTube y en redes sociales. <\/span><\/li>\n<li><span class=\"style-scope yt-formatted-string\" dir=\"auto\" style=\"font-size: 14pt\">\u00a0<strong>Gran Gala de Antroxu.<\/strong> S\u00e1badu 13 de febreru. 22 hores.<br \/>\nRetresmisi\u00f3n en directo nel canal del Ayuntamientu d\u00b4Avil\u00e9s en YouTube, en redes sociales y en TPA.<\/span><\/li>\n<li><span style=\"font-size: 14pt\"><span class=\"style-scope yt-formatted-string\" dir=\"auto\"><strong> Concursu de Mazcaritos.<\/strong> Del 10 al 17 de febreru.<br \/>\nV\u00eddeos en Twitter e Instagram etiquetados como <\/span><a class=\"yt-simple-endpoint style-scope yt-formatted-string\" href=\"https:\/\/www.youtube.com\/hashtag\/antroxuavil%C3%A9sonline\">#AntroxuAvil\u00e9sOnLine<\/a><span class=\"style-scope yt-formatted-string\" dir=\"auto\">\u200b<\/span><span class=\"style-scope yt-formatted-string\" dir=\"auto\">. <\/span><\/span><\/li>\n<li><span class=\"style-scope yt-formatted-string\" dir=\"auto\" style=\"font-size: 14pt\">\u00a0<strong>Parodia d\u00b4Antroxu<\/strong> \u00a1Eh Tamos Unidos! con Favila y To\u00f1o Cama\u00f1o.<br \/>\nMartes 16 de febreru. 19 horas. Retresmisi\u00f3n de parodia protagonizada por dos de los m\u00e1s destacaos animadores del Antroxu d&#8217;Avil\u00e9s. Canal del Conceyu d&#8217;Avil\u00e9s en YouTube y en redes sociales municipales.<\/span><\/li>\n<li><span style=\"font-size: 14pt\"><span class=\"style-scope yt-formatted-string\" dir=\"auto\">M\u00e1s informaci\u00f3n en <\/span><a class=\"yt-simple-endpoint style-scope yt-formatted-string\" href=\"https:\/\/www.youtube.com\/redirect?event=video_description&amp;redir_token=QUFFLUhqbUlJenRWRjVzZGFWUEU3Sm9uTmFleENBMlMzQXxBQ3Jtc0tubEF4ZEVBc3cwcjVLU094eUFtQ2NaeW9UaWExeUE4b2pDZUxPdVF0OTBjV3AxQkpXTGNRd2xJSTJNWDcyRS1FbkQ5bTYwaVIyRDNEeGowSGZDZVVGbnBBNHRBekloQjhJWkhxV3hQU3hCMVlmQVRpQQ&amp;q=https%3A%2F%2Fbit.ly%2F3p8d5Ha\" target=\"_blank\" rel=\"nofollow noopener\">https:\/\/bit.ly\/3p8d5Ha<\/a><span class=\"style-scope yt-formatted-string\" dir=\"auto\">\u200b<\/span><span class=\"style-scope yt-formatted-string\" dir=\"auto\">.<\/span><\/span><\/li>\n<\/ul>\n<hr \/>\n<\/div>\n<p><span style=\"font-size: 14pt\"><em>El <b>Descenso Internacional y Fluvial de la Calle de Galiana<\/b> es un popular fiesta que se celebra durante el <a title=\"Antroxu\" href=\"https:\/\/es.wikipedia.org\/wiki\/Antroxu\">Antroxu<\/a> de <a title=\"Avil\u00e9s\" href=\"https:\/\/es.wikipedia.org\/wiki\/Avil%C3%A9s\">Avil\u00e9s<\/a>, <a class=\"mw-redirect\" title=\"Principado de Asturias\" href=\"https:\/\/es.wikipedia.org\/wiki\/Principado_de_Asturias\">Principado de Asturias<\/a> en la jornada del s\u00e1bado, en el mes de febrero. El acto, de car\u00e1cter <strong>multitudinario<\/strong>, se ha convertido en referencia del carnaval avilesino, muy caracter\u00edstico y diferenciador entre todos los carnavales del norte. El festejo consiste en la <strong>fabricaci\u00f3n de unos singulares artilugios que simbolicen unas embarcaciones que se deslizan por la Calle Galiana y que navegan a trav\u00e9s de un mar de espuma por las calles de la ciudad entre numeroso p\u00fablico que antiguamente &#8216;regaba&#8217; con cubos de agua a los ciudadanos participantes.<\/strong> Actualmente el Ayuntamiento sit\u00faa bombas de espuma y de agua en diferentes puntos de la calle. Los artilugios compiten as\u00ed por conseguir los premios de la fiesta que votar\u00e1 un jurado seg\u00fan la originalidad, esfuerzo y puesta en escena de las embarcaciones. <a href=\"https:\/\/www.rtpa.es\/tpa-programa-todos:Descenso%20de%20Galiana_111487780455.html\">Ver en TPA<\/a> <\/em><\/span><\/p>\n<p><span style=\"font-size: 14pt\"><a href=\"http:\/\/aviles.es\/documents\/12317\/200047\/CARNAVAL+4.jpg\/cb43e8b6-a4f8-4b50-bc8c-cf1c32d1858a?t=1416558498689\"><img loading=\"lazy\" decoding=\"async\" class=\"alignnone\" src=\"http:\/\/aviles.es\/documents\/12317\/200047\/CARNAVAL+4.jpg\/cb43e8b6-a4f8-4b50-bc8c-cf1c32d1858a?t=1416558498689\" alt=\"\" width=\"5616\" height=\"3744\" \/><\/a><\/span><\/p>\n<p><span style=\"font-size: 14pt\"><em>Hoy en d\u00eda, entre sus actividades m\u00e1s singulares destacan el Descenso Internacional y Fluvial de la Calle de Galiana, <strong>celebrado el S\u00e1bado del Antroxu.<\/strong> En este acto, centenares de artilugios, surgidos del ingenio y la imaginaci\u00f3n de las pe\u00f1as participantes, descienden la calle de Galiana, envueltos en un mar de espuma.<\/em><\/span><\/p>\n<p><span style=\"font-size: 14pt\"><em>No podemos olvidarnos tampoco de originales actividades como el <strong>Desfile d&#8217;Escolinos Antrox\u00e1os<\/strong>, en el cual, los alumnos y alumnas de educaci\u00f3n primaria de todo el municipio, llenan de color el centro de la Villa, mostrando originales y divertidos disfraces, o la ginkana automovil\u00edstica antroxera en la que los participantes disfrazan sus coches, para realizar disparatadas pruebas. Y no se puede hablar del Antroxu avilesino, sin mencionar el <strong>Gran Desfile d&#8217;Antroxos, Moxigangues y Carroces<\/strong>, en el que llegan a participar m\u00e1s de tres mil antroxos y que se celebra el Martes de Carnaval, o el Entierro de la Sardina, divertida parodia en la que se hace una cr\u00edtica mordaz de la actualidad local.<\/em><\/span><\/p>\n<p><span style=\"font-size: 14pt\"><a href=\"https:\/\/machbel.com\/fotos\/2013\/02\/Disparos-de-agua-Descenso-de-Galiana-2013-en-Avil%C3%A9s-Asturias-Espa%C3%B1a.jpg\"><img loading=\"lazy\" decoding=\"async\" class=\"aligncenter\" src=\"https:\/\/machbel.com\/fotos\/2013\/02\/Disparos-de-agua-Descenso-de-Galiana-2013-en-Avil%C3%A9s-Asturias-Espa%C3%B1a.jpg\" alt=\"\" width=\"800\" height=\"533\" \/><\/a><\/span><\/p>\n<p><span style=\"font-size: 14pt\"><em>L&#8217; Antroxu en Avil\u00e9s es tambi\u00e9n m\u00fasica, espect\u00e1culo, participaci\u00f3n popular, pudiendo considerarse el m\u00e1s importante de Asturias. No obstante ha sido declarado fiesta de inter\u00e9s tur\u00edstico regional.<\/em><\/span><\/p>\n<p><span style=\"font-size: 14pt\"><a href=\"https:\/\/4.bp.blogspot.com\/-2Vap8-q0gN0\/XHwnesMUovI\/AAAAAAAE-Og\/h1EjP7EU1MIPRO6PiHjn_D4s1vWaHHPWACLcBGAs\/s1600\/premio1.jpg\"><img loading=\"lazy\" decoding=\"async\" class=\"alignnone\" src=\"https:\/\/4.bp.blogspot.com\/-2Vap8-q0gN0\/XHwnesMUovI\/AAAAAAAE-Og\/h1EjP7EU1MIPRO6PiHjn_D4s1vWaHHPWACLcBGAs\/s1600\/premio1.jpg\" alt=\"\" width=\"294\" height=\"456\" \/><\/a><\/span><\/p>\n<p><span style=\"font-size: 14pt\">\n<!-- iframe plugin v.6.0 wordpress.org\/plugins\/iframe\/ -->\n<iframe loading=\"lazy\" width=\"647\" height=\"364\" src=\"https:\/\/www.youtube.com\/embed\/nsDGcceWvVk\" scrolling=\"yes\" class=\"iframe-class\" frameborder=\"0\"><\/iframe>\n<\/span><\/p>\n<ul>\n<li><span style=\"font-size: 14pt\"><a href=\"https:\/\/www.youtube.com\/watch?v=_MqZmvDa3mY\">Video 1<\/a><\/span><\/li>\n<\/ul>\n<p><span style=\"font-size: 14pt\">\n<!-- iframe plugin v.6.0 wordpress.org\/plugins\/iframe\/ -->\n<iframe loading=\"lazy\" width=\"647\" height=\"364\" src=\"https:\/\/www.youtube.com\/embed\/_MqZmvDa3mY\" scrolling=\"yes\" class=\"iframe-class\" frameborder=\"0\"><\/iframe>\n<\/span><\/p>\n<ul>\n<li><span style=\"font-size: 14pt\"><a href=\"https:\/\/www.youtube.com\/watch?v=6sOyM88WkOo\">Video 2<\/a><\/span><\/li>\n<\/ul>\n<p><span style=\"font-size: 14pt\">\n<!-- iframe plugin v.6.0 wordpress.org\/plugins\/iframe\/ -->\n<iframe loading=\"lazy\" width=\"647\" height=\"364\" src=\"https:\/\/www.youtube.com\/embed\/6sOyM88WkOo\" scrolling=\"yes\" class=\"iframe-class\" frameborder=\"0\"><\/iframe>\n<\/span><\/p>\n<p><span style=\"font-size: 14pt\">\n<!-- iframe plugin v.6.0 wordpress.org\/plugins\/iframe\/ -->\n<iframe loading=\"lazy\" width=\"647\" height=\"364\" src=\"https:\/\/www.youtube.com\/embed\/uOcEHdSc0CM\" scrolling=\"yes\" class=\"iframe-class\" frameborder=\"0\"><\/iframe>\n<\/span><\/p>\n<p>&nbsp;<\/p>\n","protected":false},"excerpt":{"rendered":"<p>Antroxu n\u00b4Asturies: Frixuelos y Descenso fluvial de Galiana (Avil\u00e9s) Recetes n\u00b4asturianu: Frixuelos \/ Tarta de Fixuelos \/ Freixuelos vaqueiros \/\u00a0 \u00a0 \/\u00a0 \/ Receta y video &nbsp; Avil\u00e9s: Descenso de la Calle Galiana 2021 Videu #AntroxuAvil\u00e9sOnLine\u200b A pesar de les mid\u00edes sanitaries qu&#8217;obliguen a la suspensi\u00f3n de tolos actos de cai y con p\u00fablicu, la [&hellip;]<\/p>\n","protected":false},"author":117,"featured_media":0,"parent":233,"menu_order":0,"comment_status":"closed","ping_status":"closed","template":"","meta":{"footnotes":""},"class_list":["post-2236","page","type-page","status-publish","hentry","post-preview"],"_links":{"self":[{"href":"https:\/\/edublog.educastur.es\/ixuxullingua\/wp-json\/wp\/v2\/pages\/2236","targetHints":{"allow":["GET"]}}],"collection":[{"href":"https:\/\/edublog.educastur.es\/ixuxullingua\/wp-json\/wp\/v2\/pages"}],"about":[{"href":"https:\/\/edublog.educastur.es\/ixuxullingua\/wp-json\/wp\/v2\/types\/page"}],"author":[{"embeddable":true,"href":"https:\/\/edublog.educastur.es\/ixuxullingua\/wp-json\/wp\/v2\/users\/117"}],"replies":[{"embeddable":true,"href":"https:\/\/edublog.educastur.es\/ixuxullingua\/wp-json\/wp\/v2\/comments?post=2236"}],"version-history":[{"count":4,"href":"https:\/\/edublog.educastur.es\/ixuxullingua\/wp-json\/wp\/v2\/pages\/2236\/revisions"}],"predecessor-version":[{"id":2239,"href":"https:\/\/edublog.educastur.es\/ixuxullingua\/wp-json\/wp\/v2\/pages\/2236\/revisions\/2239"}],"up":[{"embeddable":true,"href":"https:\/\/edublog.educastur.es\/ixuxullingua\/wp-json\/wp\/v2\/pages\/233"}],"wp:attachment":[{"href":"https:\/\/edublog.educastur.es\/ixuxullingua\/wp-json\/wp\/v2\/media?parent=2236"}],"curies":[{"name":"wp","href":"https:\/\/api.w.org\/{rel}","templated":true}]}}