{"id":23,"date":"2020-07-16T10:07:55","date_gmt":"2020-07-16T10:07:55","guid":{"rendered":"https:\/\/edublog.educastur.es\/ixuxullingua\/?page_id=23"},"modified":"2021-09-26T13:30:20","modified_gmt":"2021-09-26T11:30:20","slug":"6-sestu","status":"publish","type":"page","link":"https:\/\/edublog.educastur.es\/ixuxullingua\/6-sestu\/","title":{"rendered":"6. SESTU"},"content":{"rendered":"<p><a href=\"https:\/\/educastur.sharepoint.com\/:f:\/r\/sites\/C.P.CARMENRUIZ-TILVE-ESPECIALISTA_LLINGUAASTURIANA\/Documentos%20compartidos\/ESPECIALISTA_LLINGUA%20ASTURIANA\/Llingua_6%C2%BA%20BCD?csf=1&amp;web=1&amp;e=BVBSxW\"><img loading=\"lazy\" decoding=\"async\" class=\"wp-image-821 aligncenter\" src=\"http:\/\/edublog.educastur.es\/ixuxullingua\/files\/2020\/08\/00_sestu-150x150.png\" alt=\"\" width=\"96\" height=\"96\" \/><\/a><\/p>\n<ul>\n<li><a href=\"https:\/\/educastur.sharepoint.com\/:f:\/r\/sites\/C.P.CARMENRUIZ-TILVE-ESPECIALISTA_LLINGUAASTURIANA\/Documentos%20compartidos\/ESPECIALISTA_LLINGUA%20ASTURIANA\/Llingua_6%C2%BA%20BCD?csf=1&amp;web=1&amp;e=BVBSxW\"><span style=\"color: #008080\"><strong><em><span style=\"font-size: 14pt\">Accesu a TAREA de 6\u00ba de Clas d\u00b4Isa<\/span><\/em><\/strong><\/span><\/a><\/li>\n<\/ul>\n<hr \/>\n<ul>\n<li class=\"page_item page-item-23 page_item_has_children\"><a href=\"https:\/\/edublog.educastur.es\/ixuxullingua\/6-sestu\/\">6. SESTU<\/a>\n<ul class=\"children\">\n<li class=\"page_item page-item-118\"><a href=\"https:\/\/edublog.educastur.es\/ixuxullingua\/6-sestu\/1-2020-primavera\/\">01) 2020 Primavera<\/a><\/li>\n<li class=\"page_item page-item-2806 page_item_has_children\"><a href=\"https:\/\/edublog.educastur.es\/ixuxullingua\/6-sestu\/sestu-20-21\/\">Sestu 20-21<\/a>\n<ul class=\"children\">\n<li class=\"page_item page-item-220 page_item_has_children\"><a href=\"https:\/\/edublog.educastur.es\/ixuxullingua\/6-sestu\/sestu-20-21\/02-primer-trimestre\/\">02) Primer trimestre<\/a>\n<ul class=\"children\">\n<li class=\"page_item page-item-1175\"><a href=\"https:\/\/edublog.educastur.es\/ixuxullingua\/6-sestu\/sestu-20-21\/02-primer-trimestre\/sesion-01\/\">Sesi\u00f3n 01<\/a><\/li>\n<li class=\"page_item page-item-1183\"><a href=\"https:\/\/edublog.educastur.es\/ixuxullingua\/6-sestu\/sestu-20-21\/02-primer-trimestre\/sesion-01b\/\">Sesi\u00f3n 01b<\/a><\/li>\n<li class=\"page_item page-item-1177\"><a href=\"https:\/\/edublog.educastur.es\/ixuxullingua\/6-sestu\/sestu-20-21\/02-primer-trimestre\/sesion-02\/\">Sesi\u00f3n 02<\/a><\/li>\n<li class=\"page_item page-item-1179\"><a href=\"https:\/\/edublog.educastur.es\/ixuxullingua\/6-sestu\/sestu-20-21\/02-primer-trimestre\/sesion-02b\/\">Sesi\u00f3n 02b<\/a><\/li>\n<li class=\"page_item page-item-1181\"><a href=\"https:\/\/edublog.educastur.es\/ixuxullingua\/6-sestu\/sestu-20-21\/02-primer-trimestre\/sesion-03\/\">Sesi\u00f3n 03<\/a><\/li>\n<li class=\"page_item page-item-1185\"><a href=\"https:\/\/edublog.educastur.es\/ixuxullingua\/6-sestu\/sestu-20-21\/02-primer-trimestre\/sesion-04\/\">Sesi\u00f3n 04<\/a><\/li>\n<li class=\"page_item page-item-1187\"><a href=\"https:\/\/edublog.educastur.es\/ixuxullingua\/6-sestu\/sestu-20-21\/02-primer-trimestre\/sesion-05\/\">Sesi\u00f3n 05<\/a><\/li>\n<li class=\"page_item page-item-1189\"><a href=\"https:\/\/edublog.educastur.es\/ixuxullingua\/6-sestu\/sestu-20-21\/02-primer-trimestre\/sesion-06\/\">Sesi\u00f3n 06<\/a><\/li>\n<li class=\"page_item page-item-1191\"><a href=\"https:\/\/edublog.educastur.es\/ixuxullingua\/6-sestu\/sestu-20-21\/02-primer-trimestre\/sesion-07\/\">Sesi\u00f3n 07<\/a><\/li>\n<li class=\"page_item page-item-1340\"><a href=\"https:\/\/edublog.educastur.es\/ixuxullingua\/6-sestu\/sestu-20-21\/02-primer-trimestre\/sesion-08\/\">Sesi\u00f3n 08<\/a><\/li>\n<li class=\"page_item page-item-1342\"><a href=\"https:\/\/edublog.educastur.es\/ixuxullingua\/6-sestu\/sestu-20-21\/02-primer-trimestre\/sesion-08b\/\">Sesi\u00f3n 08b<\/a><\/li>\n<li class=\"page_item page-item-1348\"><a href=\"https:\/\/edublog.educastur.es\/ixuxullingua\/6-sestu\/sestu-20-21\/02-primer-trimestre\/sesion-08c\/\">Sesi\u00f3n 08c<\/a><\/li>\n<li class=\"page_item page-item-1370\"><a href=\"https:\/\/edublog.educastur.es\/ixuxullingua\/6-sestu\/sestu-20-21\/02-primer-trimestre\/sesion-09\/\">Sesi\u00f3n 09<\/a><\/li>\n<\/ul>\n<\/li>\n<li class=\"page_item page-item-237 page_item_has_children\"><a href=\"https:\/\/edublog.educastur.es\/ixuxullingua\/6-sestu\/sestu-20-21\/03-segundu-trimestre\/\">03) Segundu trimestre<\/a>\n<ul class=\"children\">\n<li class=\"page_item page-item-1471\"><a href=\"https:\/\/edublog.educastur.es\/ixuxullingua\/6-sestu\/sestu-20-21\/03-segundu-trimestre\/sesion-01\/\">Sesi\u00f3n 01<\/a><\/li>\n<li class=\"page_item page-item-1469\"><a href=\"https:\/\/edublog.educastur.es\/ixuxullingua\/6-sestu\/sestu-20-21\/03-segundu-trimestre\/sesion-02\/\">Sesi\u00f3n 02<\/a><\/li>\n<li class=\"page_item page-item-1612\"><a href=\"https:\/\/edublog.educastur.es\/ixuxullingua\/6-sestu\/sestu-20-21\/03-segundu-trimestre\/sesion-03\/\">Sesi\u00f3n 03<\/a><\/li>\n<li class=\"page_item page-item-1622\"><a href=\"https:\/\/edublog.educastur.es\/ixuxullingua\/6-sestu\/sestu-20-21\/03-segundu-trimestre\/sesion-04\/\">Sesi\u00f3n 04<\/a><\/li>\n<li class=\"page_item page-item-1632\"><a href=\"https:\/\/edublog.educastur.es\/ixuxullingua\/6-sestu\/sestu-20-21\/03-segundu-trimestre\/sesion-05\/\">Sesi\u00f3n 05<\/a><\/li>\n<li class=\"page_item page-item-1640\"><a href=\"https:\/\/edublog.educastur.es\/ixuxullingua\/6-sestu\/sestu-20-21\/03-segundu-trimestre\/sesion-06\/\">Sesi\u00f3n 06<\/a><\/li>\n<li class=\"page_item page-item-2345\"><a href=\"https:\/\/edublog.educastur.es\/ixuxullingua\/6-sestu\/sestu-20-21\/03-segundu-trimestre\/sesion-07\/\">Sesi\u00f3n 07<\/a><\/li>\n<li class=\"page_item page-item-1648\"><a href=\"https:\/\/edublog.educastur.es\/ixuxullingua\/6-sestu\/sestu-20-21\/03-segundu-trimestre\/sesion-08-2\/\">Sesi\u00f3n 08<\/a><\/li>\n<li class=\"page_item page-item-1672\"><a href=\"https:\/\/edublog.educastur.es\/ixuxullingua\/6-sestu\/sestu-20-21\/03-segundu-trimestre\/sesion-09\/\">Sesi\u00f3n 09<\/a><\/li>\n<\/ul>\n<\/li>\n<li class=\"page_item page-item-251 page_item_has_children\"><a href=\"https:\/\/edublog.educastur.es\/ixuxullingua\/6-sestu\/sestu-20-21\/04-tercer-trimestre\/\">04) Tercer trimestre<\/a>\n<ul class=\"children\">\n<li class=\"page_item page-item-2424\"><a href=\"https:\/\/edublog.educastur.es\/ixuxullingua\/6-sestu\/sestu-20-21\/04-tercer-trimestre\/sesion-01\/\">Sesi\u00f3n 01<\/a><\/li>\n<li class=\"page_item page-item-2426\"><a href=\"https:\/\/edublog.educastur.es\/ixuxullingua\/6-sestu\/sestu-20-21\/04-tercer-trimestre\/sesion-01b\/\">Sesi\u00f3n 01b<\/a><\/li>\n<li class=\"page_item page-item-2477\"><a href=\"https:\/\/edublog.educastur.es\/ixuxullingua\/6-sestu\/sestu-20-21\/04-tercer-trimestre\/sesion-02\/\">Sesi\u00f3n 02<\/a><\/li>\n<li class=\"page_item page-item-2481\"><a href=\"https:\/\/edublog.educastur.es\/ixuxullingua\/6-sestu\/sestu-20-21\/04-tercer-trimestre\/sesion-02b\/\">Sesi\u00f3n 02b<\/a><\/li>\n<li class=\"page_item page-item-2499\"><a href=\"https:\/\/edublog.educastur.es\/ixuxullingua\/6-sestu\/sestu-20-21\/04-tercer-trimestre\/sesion-03\/\">Sesi\u00f3n 03<\/a><\/li>\n<li class=\"page_item page-item-2525\"><a href=\"https:\/\/edublog.educastur.es\/ixuxullingua\/6-sestu\/sestu-20-21\/04-tercer-trimestre\/sesion-04\/\">Sesi\u00f3n 04<\/a><\/li>\n<\/ul>\n<\/li>\n<\/ul>\n<\/li>\n<\/ul>\n<\/li>\n<\/ul>\n<p style=\"text-align: center\"><span style=\"font-size: 14pt;color: #800080\"><strong><em>Feliz branu a toes y a toos!!<br \/>\nBon iniciu de cursu nel Institutu&#8230;<br \/>\nYa sab\u00e9is \u00f3nde pod\u00e9is atopame \ud83d\ude09<\/em><\/strong><\/span><\/p>\n<hr \/>\n<p>&nbsp;<\/p>\n<p>&nbsp;<\/p>\n<p>&nbsp;<\/p>\n<p>&nbsp;<\/p>\n<p>&nbsp;<\/p>\n<p>&nbsp;<\/p>\n<p>&nbsp;<\/p>\n<p>&nbsp;<\/p>\n<p>&nbsp;<\/p>\n<p>&nbsp;<\/p>\n<p>&nbsp;<\/p>\n<p>&nbsp;<\/p>\n<p>&nbsp;<\/p>\n<p>&nbsp;<\/p>\n<p>&nbsp;<\/p>\n<p>&nbsp;<\/p>\n<p>&nbsp;<\/p>\n<p>&nbsp;<\/p>\n<p>&nbsp;<\/p>\n<p>&nbsp;<\/p>\n<p>&nbsp;<\/p>\n<p>&nbsp;<\/p>\n<p>&nbsp;<\/p>\n<p>&nbsp;<\/p>\n<p>&nbsp;<\/p>\n<p>&nbsp;<\/p>\n<p>&nbsp;<\/p>\n<p>&nbsp;<\/p>\n<p>&nbsp;<\/p>\n<p>&nbsp;<\/p>\n<p>&nbsp;<\/p>\n<p>&nbsp;<\/p>\n<p>&nbsp;<\/p>\n<p>&nbsp;<\/p>\n<p>&nbsp;<\/p>\n<p>&nbsp;<\/p>\n<p>&nbsp;<\/p>\n<p>&nbsp;<\/p>\n<p>&nbsp;<\/p>\n<p>&nbsp;<\/p>\n<p>&nbsp;<\/p>\n<p>&nbsp;<\/p>\n<p>&nbsp;<\/p>\n<p>&nbsp;<\/p>\n<p>&nbsp;<\/p>\n<p>&nbsp;<\/p>\n<p>&nbsp;<\/p>\n<p>&nbsp;<\/p>\n<p>&nbsp;<\/p>\n<p>&nbsp;<\/p>\n<p>&nbsp;<\/p>\n<p>&nbsp;<\/p>\n<p>&nbsp;<\/p>\n<p>&nbsp;<\/p>\n<p>&nbsp;<\/p>\n<p>&nbsp;<\/p>\n<p>&nbsp;<\/p>\n<p>&nbsp;<\/p>\n<p>&nbsp;<\/p>\n<p>&nbsp;<\/p>\n<p>&nbsp;<\/p>\n<p>&nbsp;<\/p>\n<p>&nbsp;<\/p>\n<p>&nbsp;<\/p>\n<p>&nbsp;<\/p>\n<p>&nbsp;<\/p>\n<p>&nbsp;<\/p>\n<p>&nbsp;<\/p>\n<p>&nbsp;<\/p>\n<p>&nbsp;<\/p>\n<p>&nbsp;<\/p>\n<p>&nbsp;<\/p>\n<p>&nbsp;<\/p>\n<p>&nbsp;<\/p>\n<p>&nbsp;<\/p>\n<p>&nbsp;<\/p>\n<p>&nbsp;<\/p>\n<p>&nbsp;<\/p>\n<p>&nbsp;<\/p>\n<p>&nbsp;<\/p>\n<p>&nbsp;<\/p>\n<p>&nbsp;<\/p>\n<p>&nbsp;<\/p>\n<p>&nbsp;<\/p>\n<p>&nbsp;<\/p>\n<p>&nbsp;<\/p>\n<p>&nbsp;<\/p>\n<p>&nbsp;<\/p>\n<p>&nbsp;<\/p>\n<p>&nbsp;<\/p>\n<p>&nbsp;<\/p>\n<p>&nbsp;<\/p>\n<p>&nbsp;<\/p>\n<p>&nbsp;<\/p>\n<p>&nbsp;<\/p>\n<p>&nbsp;<\/p>\n<p>&nbsp;<\/p>\n<p>&nbsp;<\/p>\n<p>&nbsp;<\/p>\n<p>&nbsp;<\/p>\n<p>&nbsp;<\/p>\n<p>&nbsp;<\/p>\n<p>&nbsp;<\/p>\n<p>&nbsp;<\/p>\n<p>&nbsp;<\/p>\n<p>&nbsp;<\/p>\n<p>&nbsp;<\/p>\n<p>&nbsp;<\/p>\n<p>&nbsp;<\/p>\n<p>&nbsp;<\/p>\n<p>&nbsp;<\/p>\n<p>&nbsp;<\/p>\n<p>&nbsp;<\/p>\n<p>&nbsp;<\/p>\n<p>&nbsp;<\/p>\n<p>&nbsp;<\/p>\n<p>&nbsp;<\/p>\n<p>&nbsp;<\/p>\n<p>&nbsp;<\/p>\n<p>&nbsp;<\/p>\n<p>&nbsp;<\/p>\n<p>&nbsp;<\/p>\n<p>&nbsp;<\/p>\n<p>&nbsp;<\/p>\n<p>&nbsp;<\/p>\n<p>&nbsp;<\/p>\n<p>&nbsp;<\/p>\n<p>&nbsp;<\/p>\n<p>&nbsp;<\/p>\n<p>&nbsp;<\/p>\n<p>&nbsp;<\/p>\n<p>&nbsp;<\/p>\n<p>&nbsp;<\/p>\n<p>&nbsp;<\/p>\n<p>&nbsp;<\/p>\n<p>&nbsp;<\/p>\n<p>&nbsp;<\/p>\n<p>&nbsp;<\/p>\n<p>&nbsp;<\/p>\n<p>&nbsp;<\/p>\n<p>&nbsp;<\/p>\n<p>&nbsp;<\/p>\n<p>&nbsp;<\/p>\n<p>&nbsp;<\/p>\n<p>&nbsp;<\/p>\n<p>&nbsp;<\/p>\n<p>&nbsp;<\/p>\n<p>&nbsp;<\/p>\n<p>&nbsp;<\/p>\n<p>&nbsp;<\/p>\n<p>&nbsp;<\/p>\n<p>&nbsp;<\/p>\n<p>&nbsp;<\/p>\n<p>&nbsp;<\/p>\n<p>&nbsp;<\/p>\n<p>&nbsp;<\/p>\n<p>&nbsp;<\/p>\n<p>&nbsp;<\/p>\n<p>&nbsp;<\/p>\n<p>&nbsp;<\/p>\n<p>&nbsp;<\/p>\n<p>&nbsp;<\/p>\n<p>&nbsp;<\/p>\n<p>&nbsp;<\/p>\n<p>&nbsp;<\/p>\n<p>&nbsp;<\/p>\n<p>&nbsp;<\/p>\n<p>&nbsp;<\/p>\n<p>&nbsp;<\/p>\n<p>&nbsp;<\/p>\n<p>&nbsp;<\/p>\n<p>&nbsp;<\/p>\n<p>&nbsp;<\/p>\n<p>&nbsp;<\/p>\n<p>&nbsp;<\/p>\n<p>&nbsp;<\/p>\n<p>&nbsp;<\/p>\n<p>&nbsp;<\/p>\n<p>&nbsp;<\/p>\n<p>&nbsp;<\/p>\n<p>&nbsp;<\/p>\n<p>&nbsp;<\/p>\n<p>&nbsp;<\/p>\n<p>&nbsp;<\/p>\n<p>&nbsp;<\/p>\n<p>&nbsp;<\/p>\n<p>&nbsp;<\/p>\n<p>&nbsp;<\/p>\n<p>&nbsp;<\/p>\n<p>&nbsp;<\/p>\n<p>&nbsp;<\/p>\n<p>&nbsp;<\/p>\n<p>&nbsp;<\/p>\n<p>&nbsp;<\/p>\n<p>&nbsp;<\/p>\n<p>&nbsp;<\/p>\n<p>&nbsp;<\/p>\n<p>&nbsp;<\/p>\n<p>&nbsp;<\/p>\n<p>&nbsp;<\/p>\n<p>&nbsp;<\/p>\n<p>&nbsp;<\/p>\n<p>&nbsp;<\/p>\n<p>&nbsp;<\/p>\n<p>&nbsp;<\/p>\n<p>&nbsp;<\/p>\n<p>&nbsp;<\/p>\n<p>&nbsp;<\/p>\n<p>&nbsp;<\/p>\n<p>&nbsp;<\/p>\n<p>&nbsp;<\/p>\n<p>&nbsp;<\/p>\n<hr \/>\n<ul>\n<li><span style=\"color: #ffffff\"><a style=\"color: #ffffff\" href=\"https:\/\/edublog.educastur.es\/ixuxullingua\/6-sestu\/sestu-21-22\/\">Sestu 21-22<\/a><\/span>\n<ul class=\"children\">\n<li class=\"page_item page-item-279\"><span style=\"color: #ffffff\"><a style=\"color: #ffffff\" href=\"https:\/\/edublog.educastur.es\/ixuxullingua\/6-sestu\/sestu-21-22\/05-primer-trimestre\/\">05) Primer trimestre<\/a><\/span><\/li>\n<li class=\"page_item page-item-846\"><span style=\"color: #ffffff\"><a style=\"color: #ffffff\" href=\"https:\/\/edublog.educastur.es\/ixuxullingua\/6-sestu\/sestu-21-22\/06-segundu-trimestre\/\">06) Segundu trimestre<\/a><\/span><\/li>\n<li class=\"page_item page-item-858\"><span style=\"color: #ffffff\"><a style=\"color: #ffffff\" href=\"https:\/\/edublog.educastur.es\/ixuxullingua\/6-sestu\/sestu-21-22\/07-tercer-trimestre\/\">07) Tercer trimestre<\/a><\/span><\/li>\n<\/ul>\n<\/li>\n<\/ul>\n<p style=\"text-align: center\"><span style=\"color: #ffffff\"><a style=\"color: #ffffff\" href=\"https:\/\/educastur-my.sharepoint.com\/:b:\/g\/personal\/isabellh_educastur_org\/ETFby2ZW8LtAqmKPTrZy4wQBLpQSVD9h-AhDdb9VWjQpAg?e=9DdAVj\"><strong>Sestu<\/strong><\/a><\/span><\/p>\n<p style=\"text-align: center\"><span style=\"color: #ffffff\">\n<!-- iframe plugin v.6.0 wordpress.org\/plugins\/iframe\/ -->\n<iframe loading=\"lazy\" src=\"https:\/\/drive.google.com\/file\/d\/14DEDw5yDFU1TCXE6ourywNGAiSsB3JnV\/preview\" width=\"704\" height=\"980\" 0=\"\/iframe\" scrolling=\"yes\" class=\"iframe-class\" frameborder=\"0\"><\/iframe>\n<\/span><\/p>\n","protected":false},"excerpt":{"rendered":"<p>Accesu a TAREA de 6\u00ba de Clas d\u00b4Isa 6. SESTU 01) 2020 Primavera Sestu 20-21 02) Primer trimestre Sesi\u00f3n 01 Sesi\u00f3n 01b Sesi\u00f3n 02 Sesi\u00f3n 02b Sesi\u00f3n 03 Sesi\u00f3n 04 Sesi\u00f3n 05 Sesi\u00f3n 06 Sesi\u00f3n 07 Sesi\u00f3n 08 Sesi\u00f3n 08b Sesi\u00f3n 08c Sesi\u00f3n 09 03) Segundu trimestre Sesi\u00f3n 01 Sesi\u00f3n 02 Sesi\u00f3n 03 Sesi\u00f3n 04 [&hellip;]<\/p>\n","protected":false},"author":117,"featured_media":0,"parent":0,"menu_order":0,"comment_status":"closed","ping_status":"closed","template":"","meta":{"footnotes":""},"class_list":["post-23","page","type-page","status-publish","hentry","post-preview"],"_links":{"self":[{"href":"https:\/\/edublog.educastur.es\/ixuxullingua\/wp-json\/wp\/v2\/pages\/23","targetHints":{"allow":["GET"]}}],"collection":[{"href":"https:\/\/edublog.educastur.es\/ixuxullingua\/wp-json\/wp\/v2\/pages"}],"about":[{"href":"https:\/\/edublog.educastur.es\/ixuxullingua\/wp-json\/wp\/v2\/types\/page"}],"author":[{"embeddable":true,"href":"https:\/\/edublog.educastur.es\/ixuxullingua\/wp-json\/wp\/v2\/users\/117"}],"replies":[{"embeddable":true,"href":"https:\/\/edublog.educastur.es\/ixuxullingua\/wp-json\/wp\/v2\/comments?post=23"}],"version-history":[{"count":21,"href":"https:\/\/edublog.educastur.es\/ixuxullingua\/wp-json\/wp\/v2\/pages\/23\/revisions"}],"predecessor-version":[{"id":2841,"href":"https:\/\/edublog.educastur.es\/ixuxullingua\/wp-json\/wp\/v2\/pages\/23\/revisions\/2841"}],"wp:attachment":[{"href":"https:\/\/edublog.educastur.es\/ixuxullingua\/wp-json\/wp\/v2\/media?parent=23"}],"curies":[{"name":"wp","href":"https:\/\/api.w.org\/{rel}","templated":true}]}}