{"id":231,"date":"2020-07-24T21:09:25","date_gmt":"2020-07-24T21:09:25","guid":{"rendered":"https:\/\/edublog.educastur.es\/ixuxullingua\/?page_id=231"},"modified":"2021-09-26T12:46:03","modified_gmt":"2021-09-26T10:46:03","slug":"03-segundu-trimestre","status":"publish","type":"page","link":"https:\/\/edublog.educastur.es\/ixuxullingua\/4-cuartu\/cuartu-20-21\/03-segundu-trimestre\/","title":{"rendered":"03) Segundu trimestre"},"content":{"rendered":"<p><img loading=\"lazy\" decoding=\"async\" class=\" wp-image-818 alignleft\" src=\"http:\/\/edublog.educastur.es\/ixuxullingua\/files\/2020\/08\/00_cuartu-150x150.png\" alt=\"\" width=\"100\" height=\"100\" \/><\/p>\n<p>&nbsp;<\/p>\n<p>&nbsp;<\/p>\n<p>&nbsp;<\/p>\n<ul>\n<li class=\"page_item page-item-231 page_item_has_children\"><span style=\"font-size: 18pt\"><a href=\"https:\/\/edublog.educastur.es\/ixuxullingua\/4-cuartu\/03-ochobre\/\">03) 2020_21_<strong>Segundu trimestre<\/strong><\/a><\/span>\n<ul class=\"children\">\n<li class=\"page_item page-item-1592\"><span style=\"font-size: 18pt\"><a href=\"https:\/\/edublog.educastur.es\/ixuxullingua\/4-cuartu\/03-ochobre\/sesion-01\/\">Sesi\u00f3n 01: Sidros y Guirrios<\/a><\/span><\/li>\n<li class=\"page_item page-item-1600\"><span style=\"font-size: 18pt\"><a href=\"https:\/\/edublog.educastur.es\/ixuxullingua\/4-cuartu\/03-ochobre\/sesion-02\/\">Sesi\u00f3n 02: Andecha y Sestaferia<\/a><\/span><\/li>\n<li class=\"page_item page-item-1608\"><span style=\"font-size: 18pt\"><a href=\"https:\/\/edublog.educastur.es\/ixuxullingua\/4-cuartu\/03-ochobre\/sesion-03\/\">Sesi\u00f3n 03: S\u00edmbolos d Asturies<\/a><\/span><\/li>\n<li class=\"page_item page-item-1618\"><span style=\"font-size: 18pt\"><a href=\"https:\/\/edublog.educastur.es\/ixuxullingua\/4-cuartu\/03-ochobre\/sesion-04\/\">Sesi\u00f3n 04: Asturies y los sos conceyos<\/a><\/span><\/li>\n<li class=\"page_item page-item-1628\"><span style=\"font-size: 18pt\"><a href=\"https:\/\/edublog.educastur.es\/ixuxullingua\/4-cuartu\/03-ochobre\/sesion-05\/\">Sesi\u00f3n 05: Antroxu<\/a><\/span><\/li>\n<li class=\"page_item page-item-1638\"><span style=\"font-size: 18pt\"><a href=\"https:\/\/edublog.educastur.es\/ixuxullingua\/4-cuartu\/03-ochobre\/sesion-06\/\">Sesi\u00f3n 06: Valles y r\u00edos<\/a><\/span><\/li>\n<li class=\"page_item page-item-1646\"><span style=\"font-size: 18pt\"><a href=\"https:\/\/edublog.educastur.es\/ixuxullingua\/4-cuartu\/03-ochobre\/sesion-07\/\">Sesi\u00f3n 07: Costa y playas<\/a><\/span><\/li>\n<li class=\"page_item page-item-1658\"><span style=\"font-size: 18pt\"><a href=\"https:\/\/edublog.educastur.es\/ixuxullingua\/4-cuartu\/03-ochobre\/sesion-08\/\">Sesi\u00f3n 08: Parques naturales<\/a><\/span><\/li>\n<li class=\"page_item page-item-1668\"><span style=\"font-size: 18pt\"><a href=\"https:\/\/edublog.educastur.es\/ixuxullingua\/4-cuartu\/03-ochobre\/sesion-09\/\">Sesi\u00f3n 09: Conceyos d Asturies<\/a><\/span><\/li>\n<li class=\"page_item page-item-1678\"><span style=\"font-size: 18pt\"><a href=\"https:\/\/edublog.educastur.es\/ixuxullingua\/4-cuartu\/03-ochobre\/sesion-10\/\">Sesi\u00f3n 10: Arte Prerrom\u00e1nico<\/a><\/span><\/li>\n<li class=\"page_item page-item-1688\"><a href=\"https:\/\/edublog.educastur.es\/ixuxullingua\/4-cuartu\/03-ochobre\/sesion-11\/\"><span style=\"font-size: 18pt\">Sesi\u00f3n 11: Arte Rom\u00e1nico y G\u00f3tico<\/span><\/a><\/li>\n<\/ul>\n<\/li>\n<\/ul>\n<hr \/>\n<ul>\n<li class=\"page_item page-item-2493 page_item_has_children\"><em><a href=\"https:\/\/edublog.educastur.es\/corredoria3\/4o-pri\/cultura-asturiana\/segundo-trimestre\/\"><strong>Segundo Trimestre<\/strong><\/a><\/em>\n<ul class=\"children\">\n<li class=\"page_item page-item-2495\"><em><a href=\"https:\/\/edublog.educastur.es\/corredoria3\/4o-pri\/cultura-asturiana\/segundo-trimestre\/sesion-01\/\">Sesi\u00f3n 01: <strong>Sidros o Guirrios <\/strong>(Ana)<\/a><\/em><\/li>\n<li class=\"page_item page-item-2497\"><em><a href=\"https:\/\/edublog.educastur.es\/corredoria3\/4o-pri\/cultura-asturiana\/segundo-trimestre\/sesion-02\/\">Sesi\u00f3n 02: <strong>Andecha y Sestaferia <\/strong>(Roc\u00edo)<\/a><\/em><\/li>\n<li class=\"page_item page-item-2499\"><em><a href=\"https:\/\/edublog.educastur.es\/corredoria3\/4o-pri\/cultura-asturiana\/segundo-trimestre\/sesion-03\/\">Sesi\u00f3n 03: <strong>S\u00edmbolos de Asturias <\/strong>(Cris)<\/a><\/em><\/li>\n<li class=\"page_item page-item-2501\"><em><a href=\"https:\/\/edublog.educastur.es\/corredoria3\/4o-pri\/cultura-asturiana\/segundo-trimestre\/sesion-04\/\">Sesi\u00f3n 04:<strong> Asturias y sus concejos <\/strong><\/a><a href=\"https:\/\/edublog.educastur.es\/corredoria3\/4o-pri\/cultura-asturiana\/segundo-trimestre\/sesion-01\/\">(Ana)<\/a><\/em><\/li>\n<li class=\"page_item page-item-2503\"><em><a href=\"https:\/\/edublog.educastur.es\/corredoria3\/4o-pri\/cultura-asturiana\/segundo-trimestre\/sesion-05\/\">Sesi\u00f3n 05: <strong>Antroxu <\/strong>(Isa)<\/a><\/em><\/li>\n<li class=\"page_item page-item-2505\"><em><a href=\"https:\/\/edublog.educastur.es\/corredoria3\/4o-pri\/cultura-asturiana\/segundo-trimestre\/sesion-06\/\">Sesi\u00f3n 06: <strong>Valles y R\u00edos\/R\u00edas <\/strong><\/a><a href=\"https:\/\/edublog.educastur.es\/corredoria3\/4o-pri\/cultura-asturiana\/segundo-trimestre\/sesion-02\/\">(Roc\u00edo)<\/a><\/em><\/li>\n<li><a href=\"https:\/\/edublog.educastur.es\/corredoria3\/4o-pri\/cultura-asturiana\/segundo-trimestre\/sesion-06b\"><em>Sesi\u00f3n 06B: Lagos<\/em><\/a><\/li>\n<li class=\"page_item page-item-2507\"><em><a href=\"https:\/\/edublog.educastur.es\/corredoria3\/4o-pri\/cultura-asturiana\/segundo-trimestre\/sesion-07\/\">Sesi\u00f3n 07: <strong>Costas y Playas <\/strong><\/a><a href=\"https:\/\/edublog.educastur.es\/corredoria3\/4o-pri\/cultura-asturiana\/segundo-trimestre\/sesion-03\/\">(Cris)<\/a><\/em><\/li>\n<li class=\"page_item page-item-2509\"><em><a href=\"https:\/\/edublog.educastur.es\/corredoria3\/4o-pri\/cultura-asturiana\/segundo-trimestre\/sesion-08\/\">Sesi\u00f3n 08: <strong>Parques Naturales <\/strong><\/a><a href=\"https:\/\/edublog.educastur.es\/corredoria3\/4o-pri\/cultura-asturiana\/segundo-trimestre\/sesion-05\/\">(Isa)<\/a><\/em><\/li>\n<li class=\"page_item page-item-2512\"><em><a href=\"https:\/\/edublog.educastur.es\/corredoria3\/4o-pri\/cultura-asturiana\/segundo-trimestre\/sesion-09\/\">Sesi\u00f3n 09:<strong> Concejos de Asturias <\/strong><\/a><a href=\"https:\/\/edublog.educastur.es\/corredoria3\/4o-pri\/cultura-asturiana\/segundo-trimestre\/sesion-01\/\">(Ana)<\/a><\/em><\/li>\n<li class=\"page_item page-item-2514\"><em><a href=\"https:\/\/edublog.educastur.es\/corredoria3\/4o-pri\/cultura-asturiana\/segundo-trimestre\/sesion-10\/\">Sesi\u00f3n 10: <strong>Arte Prerrom\u00e1nico <\/strong><\/a><a href=\"https:\/\/edublog.educastur.es\/corredoria3\/4o-pri\/cultura-asturiana\/segundo-trimestre\/sesion-02\/\">(Roc\u00edo y Cris)<\/a><\/em><\/li>\n<li class=\"page_item page-item-2516\"><em><a href=\"https:\/\/edublog.educastur.es\/corredoria3\/4o-pri\/cultura-asturiana\/segundo-trimestre\/sesion-11\/\">Sesi\u00f3n 11: <strong>Arte Rom\u00e1nico y G\u00f3tico <\/strong><\/a><a href=\"https:\/\/edublog.educastur.es\/corredoria3\/4o-pri\/cultura-asturiana\/segundo-trimestre\/sesion-02\/\">(Roc\u00edo y Cris)<\/a><\/em><\/li>\n<\/ul>\n<\/li>\n<\/ul>\n","protected":false},"excerpt":{"rendered":"<p>&nbsp; &nbsp; &nbsp; 03) 2020_21_Segundu trimestre Sesi\u00f3n 01: Sidros y Guirrios Sesi\u00f3n 02: Andecha y Sestaferia Sesi\u00f3n 03: S\u00edmbolos d Asturies Sesi\u00f3n 04: Asturies y los sos conceyos Sesi\u00f3n 05: Antroxu Sesi\u00f3n 06: Valles y r\u00edos Sesi\u00f3n 07: Costa y playas Sesi\u00f3n 08: Parques naturales Sesi\u00f3n 09: Conceyos d Asturies Sesi\u00f3n 10: Arte Prerrom\u00e1nico Sesi\u00f3n [&hellip;]<\/p>\n","protected":false},"author":117,"featured_media":0,"parent":2790,"menu_order":0,"comment_status":"closed","ping_status":"closed","template":"","meta":{"footnotes":""},"class_list":["post-231","page","type-page","status-publish","hentry","post-preview"],"_links":{"self":[{"href":"https:\/\/edublog.educastur.es\/ixuxullingua\/wp-json\/wp\/v2\/pages\/231","targetHints":{"allow":["GET"]}}],"collection":[{"href":"https:\/\/edublog.educastur.es\/ixuxullingua\/wp-json\/wp\/v2\/pages"}],"about":[{"href":"https:\/\/edublog.educastur.es\/ixuxullingua\/wp-json\/wp\/v2\/types\/page"}],"author":[{"embeddable":true,"href":"https:\/\/edublog.educastur.es\/ixuxullingua\/wp-json\/wp\/v2\/users\/117"}],"replies":[{"embeddable":true,"href":"https:\/\/edublog.educastur.es\/ixuxullingua\/wp-json\/wp\/v2\/comments?post=231"}],"version-history":[{"count":24,"href":"https:\/\/edublog.educastur.es\/ixuxullingua\/wp-json\/wp\/v2\/pages\/231\/revisions"}],"predecessor-version":[{"id":2793,"href":"https:\/\/edublog.educastur.es\/ixuxullingua\/wp-json\/wp\/v2\/pages\/231\/revisions\/2793"}],"up":[{"embeddable":true,"href":"https:\/\/edublog.educastur.es\/ixuxullingua\/wp-json\/wp\/v2\/pages\/2790"}],"wp:attachment":[{"href":"https:\/\/edublog.educastur.es\/ixuxullingua\/wp-json\/wp\/v2\/media?parent=231"}],"curies":[{"name":"wp","href":"https:\/\/api.w.org\/{rel}","templated":true}]}}