{"id":233,"date":"2020-07-24T21:09:36","date_gmt":"2020-07-24T21:09:36","guid":{"rendered":"https:\/\/edublog.educastur.es\/ixuxullingua\/?page_id=233"},"modified":"2021-09-26T12:49:57","modified_gmt":"2021-09-26T10:49:57","slug":"03-segundu-trimestre","status":"publish","type":"page","link":"https:\/\/edublog.educastur.es\/ixuxullingua\/5-quintu\/quintu-20-21\/03-segundu-trimestre\/","title":{"rendered":"03) Segundu trimestre"},"content":{"rendered":"<p><img loading=\"lazy\" decoding=\"async\" class=\" wp-image-819 alignleft\" src=\"http:\/\/edublog.educastur.es\/ixuxullingua\/files\/2020\/08\/00_quintu-150x150.png\" alt=\"\" width=\"100\" height=\"100\" \/><\/p>\n<p>&nbsp;<\/p>\n<p>&nbsp;<\/p>\n<p><span style=\"font-size: 14pt\"><a href=\"https:\/\/educastur-my.sharepoint.com\/:f:\/g\/personal\/isabellh_educastur_org\/EtunnV2gI7FHkaW4l0esEpwBvtW-OQd1BVEGYFksc0k3Vg?e=BS4hGj\"><em><strong>Acceso a carpeta con recursos compartidos<\/strong> (USO EXCLUSIVO PROFES)<\/em><\/a><\/span><\/p>\n<hr \/>\n<ul>\n<li class=\"page_item page-item-233 page_item_has_children\"><span style=\"font-size: 18pt\"><a href=\"https:\/\/edublog.educastur.es\/ixuxullingua\/5-quintu\/03-ochobre\/\">03) 2020_21<strong> Segundu trimestre<\/strong><\/a><\/span>\n<ul class=\"children\">\n<li class=\"page_item page-item-1594\"><span style=\"font-size: 18pt\"><a href=\"https:\/\/edublog.educastur.es\/ixuxullingua\/5-quintu\/03-ochobre\/sesion-01\/\">Sesi\u00f3n 01: <\/a><em><a href=\"https:\/\/edublog.educastur.es\/corredoria3\/5o-pri\/cultura-asturiana\/segundo-trimestre\/sesion-01\/\"><strong>Mazcar\u00e1es d\u00b4Iviernu y Aguilandos<\/strong><\/a><\/em><\/span><\/li>\n<li class=\"page_item page-item-1602\"><span style=\"font-size: 18pt\"><a href=\"https:\/\/edublog.educastur.es\/ixuxullingua\/5-quintu\/03-ochobre\/sesion-02\/\">Sesi\u00f3n 02: <strong><em>La poblaci\u00f3n d Asturies<\/em><\/strong><\/a><\/span><\/li>\n<li class=\"page_item page-item-1610\"><span style=\"font-size: 18pt\"><a href=\"https:\/\/edublog.educastur.es\/ixuxullingua\/5-quintu\/03-ochobre\/sesion-03\/\">Sesi\u00f3n 03: Verdiciu<\/a><\/span><\/li>\n<li class=\"page_item page-item-1620\"><span style=\"font-size: 18pt\"><a href=\"https:\/\/edublog.educastur.es\/ixuxullingua\/5-quintu\/03-ochobre\/sesion-04\/\">Sesi\u00f3n 04: <strong><em>Marcos del Torniello (Verdiciu)<\/em><\/strong><\/a><\/span><\/li>\n<li class=\"page_item page-item-1630\"><span style=\"font-size: 18pt\"><a href=\"https:\/\/edublog.educastur.es\/ixuxullingua\/5-quintu\/03-ochobre\/sesion-05\/\"><span style=\"font-size: 18pt;color: #008080\">Sesi\u00f3n 05: <strong><em>Emigraci\u00f3n, Indianos, Centros Asturianos<\/em><\/strong><\/span><\/a><\/span><\/li>\n<li class=\"page_item page-item-1650\"><span style=\"font-size: 18pt\"><a href=\"https:\/\/edublog.educastur.es\/ixuxullingua\/5-quintu\/03-ochobre\/sesion-06\/\">Sesi\u00f3n 06: <strong><em>Arte prehist\u00f3ricu\u00a0<\/em><\/strong><\/a><\/span><\/li>\n<li><span style=\"color: #008080\"><em><span style=\"font-size: 18pt\"><a style=\"color: #008080\" href=\"https:\/\/edublog.educastur.es\/ixuxullingua\/5-quintu\/03-ochobre\/sesion-06b\/\">Sesi\u00f3n 06b: <strong>Cueva d\u00b4El Sidr\u00f3n\u00a0<\/strong><\/a><\/span><\/em><\/span><\/li>\n<li><a href=\"https:\/\/edublog.educastur.es\/ixuxullingua\/5-quintu\/03-ochobre\/sesion-06c\"><span style=\"color: #008080\"><em><span style=\"font-size: 18pt\">Sesi\u00f3n 06c:<strong> Castros, llegada de los romanos<\/strong><\/span><\/em><\/span><\/a><\/li>\n<li class=\"page_item page-item-1652\"><span style=\"font-size: 18pt\"><a href=\"https:\/\/edublog.educastur.es\/ixuxullingua\/5-quintu\/03-ochobre\/sesion-07\/\">Sesi\u00f3n 07: <strong><em>Pueblos prerromanos, romanos y la so herencia<\/em><\/strong><\/a><\/span><\/li>\n<li class=\"page_item page-item-1660\"><span style=\"font-size: 18pt\"><a href=\"https:\/\/edublog.educastur.es\/ixuxullingua\/5-quintu\/03-ochobre\/sesion-08\/\">Sesi\u00f3n 08: <strong><em>La caza n\u00b4Asturies, animales monta\u00f1a, xorn\u00e1es gastron\u00f3miques<\/em><\/strong><\/a><\/span><\/li>\n<li><a href=\"https:\/\/edublog.educastur.es\/ixuxullingua\/5-quintu\/03-ochobre\/sesion-11\/\"><span style=\"font-size: 18pt\">Sesi\u00f3n 09:<strong> Poes\u00eda: Xosefa de Xovellanos<\/strong><\/span><\/a>\n<ul class=\"children\">\n<li class=\"page_item page-item-2099\"><strong><span style=\"font-size: 18pt\"><a href=\"https:\/\/edublog.educastur.es\/ixuxullingua\/5-quintu\/03-ochobre\/sesion-2b\/\">Sesi\u00f3n 2B Verdicio<\/a><\/span><\/strong><\/li>\n<li class=\"page_item page-item-2124\"><a href=\"https:\/\/edublog.educastur.es\/ixuxullingua\/5-quintu\/03-ochobre\/sesion-2c-m-torniello\/\"><strong><span style=\"font-size: 18pt\">Sesi\u00f3n 2c M. Torniello<\/span><\/strong><\/a><\/li>\n<\/ul>\n<\/li>\n<\/ul>\n<\/li>\n<\/ul>\n<hr \/>\n<p>&nbsp;<\/p>\n<p>&nbsp;<\/p>\n","protected":false},"excerpt":{"rendered":"<p>&nbsp; &nbsp; Acceso a carpeta con recursos compartidos (USO EXCLUSIVO PROFES) 03) 2020_21 Segundu trimestre Sesi\u00f3n 01: Mazcar\u00e1es d\u00b4Iviernu y Aguilandos Sesi\u00f3n 02: La poblaci\u00f3n d Asturies Sesi\u00f3n 03: Verdiciu Sesi\u00f3n 04: Marcos del Torniello (Verdiciu) Sesi\u00f3n 05: Emigraci\u00f3n, Indianos, Centros Asturianos Sesi\u00f3n 06: Arte prehist\u00f3ricu\u00a0 Sesi\u00f3n 06b: Cueva d\u00b4El Sidr\u00f3n\u00a0 Sesi\u00f3n 06c: Castros, llegada [&hellip;]<\/p>\n","protected":false},"author":117,"featured_media":0,"parent":2798,"menu_order":0,"comment_status":"closed","ping_status":"closed","template":"","meta":{"footnotes":""},"class_list":["post-233","page","type-page","status-publish","hentry","post-preview"],"_links":{"self":[{"href":"https:\/\/edublog.educastur.es\/ixuxullingua\/wp-json\/wp\/v2\/pages\/233","targetHints":{"allow":["GET"]}}],"collection":[{"href":"https:\/\/edublog.educastur.es\/ixuxullingua\/wp-json\/wp\/v2\/pages"}],"about":[{"href":"https:\/\/edublog.educastur.es\/ixuxullingua\/wp-json\/wp\/v2\/types\/page"}],"author":[{"embeddable":true,"href":"https:\/\/edublog.educastur.es\/ixuxullingua\/wp-json\/wp\/v2\/users\/117"}],"replies":[{"embeddable":true,"href":"https:\/\/edublog.educastur.es\/ixuxullingua\/wp-json\/wp\/v2\/comments?post=233"}],"version-history":[{"count":14,"href":"https:\/\/edublog.educastur.es\/ixuxullingua\/wp-json\/wp\/v2\/pages\/233\/revisions"}],"predecessor-version":[{"id":2801,"href":"https:\/\/edublog.educastur.es\/ixuxullingua\/wp-json\/wp\/v2\/pages\/233\/revisions\/2801"}],"up":[{"embeddable":true,"href":"https:\/\/edublog.educastur.es\/ixuxullingua\/wp-json\/wp\/v2\/pages\/2798"}],"wp:attachment":[{"href":"https:\/\/edublog.educastur.es\/ixuxullingua\/wp-json\/wp\/v2\/media?parent=233"}],"curies":[{"name":"wp","href":"https:\/\/api.w.org\/{rel}","templated":true}]}}