{"id":2405,"date":"2021-04-03T17:11:17","date_gmt":"2021-04-03T15:11:17","guid":{"rendered":"https:\/\/edublog.educastur.es\/ixuxullingua\/?page_id=2405"},"modified":"2021-04-03T17:14:23","modified_gmt":"2021-04-03T15:14:23","slug":"sopes-de-lletres","status":"publish","type":"page","link":"https:\/\/edublog.educastur.es\/ixuxullingua\/vocabulariu\/sopes-de-lletres\/","title":{"rendered":"Sopes de Lletres"},"content":{"rendered":"<ul>\n<li><span style=\"font-size: 14pt\">Fonte:<a href=\"https:\/\/llinguanelaula.blogspot.com\"> Blogue LLINGUA NEL AULA<\/a>, <a href=\"https:\/\/llinguanelaula.blogspot.com\/2014\/09\/del-dalla-y-termast-les-sopes-de-lletres.html\">ver<\/a><\/span><\/li>\n<\/ul>\n<div>\n<p><span style=\"font-size: 14pt\">Vamos a facer <i>sopa de lletres<\/i>. S\u00ed, s\u00ed, una sopa de lletres. Estos son los pasos a siguir:<\/span><\/p>\n<ol>\n<li><span style=\"font-size: 14pt\">Vamos a entrar y escoyer una de les propuestes de <a href=\"http:\/\/www.academiadelallingua.com\/termast\/index.php\" target=\"_blank\" rel=\"noopener\">TermAst<\/a> (la que m\u00e1s vos preste). Tami\u00e9n podemos entrar nel apart\u00e1u d&#8217;esti blog de <a href=\"http:\/\/llinguanelaula.blogspot.com.es\/p\/los-deportes.html\" target=\"_blank\" rel=\"noopener\">dicires<\/a> y escoyer una de les d&#8217;eh\u00ed.<\/span><\/li>\n<li><span style=\"font-size: 14pt\">Escoyemos de 10 a 15 palabres variaes, que depu\u00e9s vamos tener que poner na sopa de lletres.<\/span><\/li>\n<li><span style=\"font-size: 14pt\">Depu\u00e9s vamos a entrar equ\u00ed: \u00a0<a href=\"http:\/\/www.educima.com\/wordsearch\/spa\/\" target=\"_blank\" rel=\"noopener\">Xenerador de sopes de lletres<\/a>\u00a0y rellenamos n&#8217;asturianu los que nos pide: t\u00edtulu (en funci\u00f3n de les palabres escoy\u00edes), subt\u00edtulu (ponemos l&#8217;enunci\u00e1u y si hai que dar dalguna indicaci\u00f3n), depu\u00e9s, les palabres (una a una) y pa finar, calcamos en xenerar y va salinos una pantalla cola sopa de lletres y\u00e1 fecha.<\/span><\/li>\n<li><span style=\"font-size: 14pt\">D\u00e1mos al bot\u00f3n de guardar y va xeneranos un documentu que guardamos nel escritoriu del ordenador.<\/span><\/li>\n<li><span style=\"font-size: 14pt\">Pa finar, teneis que mand\u00e1melu al corr\u00e9u: llinguanelaula@gmail.com (alcord\u00e1ivos d&#8217;axuntar la imaxe nel mesmu)<\/span><\/li>\n<\/ol>\n<\/div>\n<div>\n<p><span style=\"font-size: 14pt\">Exemplu:<\/span><\/p>\n<div class=\"separator\"><\/div>\n<div class=\"separator\"><a href=\"https:\/\/2.bp.blogspot.com\/-BUy6ZFq-BwQ\/VCL2zqIVONI\/AAAAAAAADXU\/TzzsbPeback\/s1600\/wordsearch%2B(3).png\"><img loading=\"lazy\" decoding=\"async\" class=\"aligncenter\" src=\"https:\/\/2.bp.blogspot.com\/-BUy6ZFq-BwQ\/VCL2zqIVONI\/AAAAAAAADXU\/TzzsbPeback\/s1600\/wordsearch%2B(3).png\" alt=\"\" width=\"584\" height=\"602\" border=\"0\" \/><\/a><\/p>\n<hr \/>\n<div><span style=\"font-size: 14pt\">Pa la llingua asturiana, am\u00e1s del llibru (que ye bien curiosu) tami\u00e9n atopoamos la propuesta qu&#8217;hai na rede: Diccionariu de l&#8217;Academia de la Llingua Asturiana:\u00a0<a href=\"http:\/\/www.academiadelallingua.com\/diccionariu\/\" target=\"_blank\" rel=\"noopener\">DALLA<\/a><\/span><br \/>\n<a name=\"more\"><\/a><br \/>\n<span style=\"font-size: 14pt\">Otra propuesta bien afayadiza ye la recoyida de palabres al rodiu los campos sem\u00e1nticos: <a href=\"http:\/\/www.academiadelallingua.com\/termast\/index.php\" target=\"_blank\" rel=\"noopener\">TermAst<\/a> (propuestes de terminolox\u00eda asturiana)<\/span><\/div>\n<div>\n<div class=\"separator\"><span style=\"font-size: 14pt\"><a href=\"http:\/\/www.academiadelallingua.com\/termast\/index.php\" target=\"_blank\" rel=\"noopener\"><img loading=\"lazy\" decoding=\"async\" title=\"images\" src=\"https:\/\/2.bp.blogspot.com\/-JlHm3ji-i3k\/VCL5H5a5HkI\/AAAAAAAADXg\/a5jzulmKE_w\/s1600\/images.jpg\" alt=\"images\" width=\"200\" height=\"33\" border=\"0\" \/><\/a><\/span><\/div>\n<\/div>\n<div><span style=\"font-size: 14pt\">Dende&#8217;l 2011, ta disponible p&#8217;ANDROID, una aplicaci\u00f3n llibra pa m\u00f3viles en llingua asturiana. Tres nuna: diccionariu, traductor y conxugador de verbos.<\/span><\/p>\n<div class=\"separator\"><span style=\"font-size: 14pt\"><a href=\"https:\/\/4.bp.blogspot.com\/-bp1musdHZ2g\/Up4-MkmXeYI\/AAAAAAAAAt4\/QMP2s8VBzs0\/s1600\/unnamed.png\"><img loading=\"lazy\" decoding=\"async\" title=\"unnamed\" src=\"https:\/\/4.bp.blogspot.com\/-bp1musdHZ2g\/Up4-MkmXeYI\/AAAAAAAAAt4\/QMP2s8VBzs0\/s1600\/unnamed.png\" alt=\"unnamed\" width=\"200\" height=\"200\" border=\"0\" \/><\/a><\/span><\/div>\n<\/div>\n<div>\n<div><span style=\"font-size: 14pt\">Pal so usu faise necesaria la conex\u00f3n a Internet y ta basada nes definiciones del Diccionariu de l\u2019Academia de la Llingua Asturiana. L\u2019aplicaci\u00f3n ta desendolcada pol aviles\u00edn David Rodr\u00edguez \u00c1lvarez y la collaboraci\u00f3n de <a href=\"http:\/\/noticies.softastur.org\/\" target=\"_blank\" rel=\"noopener\">SOFTASTUR<\/a>. Pa m\u00e1s info nel blog:\u00a0<a href=\"http:\/\/blogs.altuxa.com\/tapaponga\/diccionariu-dasturianu-nel-to-android.html\">TOTAPAPONGA<\/a>\u00a0L&#8217;aplicaci\u00f3n d&#8217;Android en goolge play store<\/span><\/div>\n<div><a href=\"https:\/\/play.google.com\/store\/apps\/details?id=com.tarsoft.diccionariu\">DICCIONARIU<\/a><\/div>\n<div>\n<div class=\"separator\"><a href=\"http:\/\/noticies.softastur.org\/\" target=\"_blank\" rel=\"noopener\"><img loading=\"lazy\" decoding=\"async\" class=\"alignnone\" title=\"descarga\" src=\"https:\/\/1.bp.blogspot.com\/-6afjoKGnSQk\/U6AAqnj0QcI\/AAAAAAAADBI\/GpInrFkpSHQ\/s1600\/descarga.jpg\" alt=\"descarga\" width=\"200\" height=\"68\" border=\"0\" \/><\/a><\/div>\n<\/div>\n<\/div>\n<\/div>\n<\/div>\n","protected":false},"excerpt":{"rendered":"<p>Fonte: Blogue LLINGUA NEL AULA, ver Vamos a facer sopa de lletres. S\u00ed, s\u00ed, una sopa de lletres. Estos son los pasos a siguir: Vamos a entrar y escoyer una de les propuestes de TermAst (la que m\u00e1s vos preste). Tami\u00e9n podemos entrar nel apart\u00e1u d&#8217;esti blog de dicires y escoyer una de les d&#8217;eh\u00ed. [&hellip;]<\/p>\n","protected":false},"author":117,"featured_media":0,"parent":1576,"menu_order":0,"comment_status":"closed","ping_status":"closed","template":"","meta":{"footnotes":""},"class_list":["post-2405","page","type-page","status-publish","hentry","post-preview"],"_links":{"self":[{"href":"https:\/\/edublog.educastur.es\/ixuxullingua\/wp-json\/wp\/v2\/pages\/2405","targetHints":{"allow":["GET"]}}],"collection":[{"href":"https:\/\/edublog.educastur.es\/ixuxullingua\/wp-json\/wp\/v2\/pages"}],"about":[{"href":"https:\/\/edublog.educastur.es\/ixuxullingua\/wp-json\/wp\/v2\/types\/page"}],"author":[{"embeddable":true,"href":"https:\/\/edublog.educastur.es\/ixuxullingua\/wp-json\/wp\/v2\/users\/117"}],"replies":[{"embeddable":true,"href":"https:\/\/edublog.educastur.es\/ixuxullingua\/wp-json\/wp\/v2\/comments?post=2405"}],"version-history":[{"count":4,"href":"https:\/\/edublog.educastur.es\/ixuxullingua\/wp-json\/wp\/v2\/pages\/2405\/revisions"}],"predecessor-version":[{"id":2411,"href":"https:\/\/edublog.educastur.es\/ixuxullingua\/wp-json\/wp\/v2\/pages\/2405\/revisions\/2411"}],"up":[{"embeddable":true,"href":"https:\/\/edublog.educastur.es\/ixuxullingua\/wp-json\/wp\/v2\/pages\/1576"}],"wp:attachment":[{"href":"https:\/\/edublog.educastur.es\/ixuxullingua\/wp-json\/wp\/v2\/media?parent=2405"}],"curies":[{"name":"wp","href":"https:\/\/api.w.org\/{rel}","templated":true}]}}