{"id":2408,"date":"2021-04-03T17:13:01","date_gmt":"2021-04-03T15:13:01","guid":{"rendered":"https:\/\/edublog.educastur.es\/ixuxullingua\/?page_id=2408"},"modified":"2021-04-03T17:13:01","modified_gmt":"2021-04-03T15:13:01","slug":"apps","status":"publish","type":"page","link":"https:\/\/edublog.educastur.es\/ixuxullingua\/vocabulariu\/apps\/","title":{"rendered":"Apps"},"content":{"rendered":"<div style=\"text-align: center\"><span style=\"font-size: 14pt\">Dende&#8217;l 2011, ta disponible p&#8217;ANDROID, una aplicaci\u00f3n llibra pa m\u00f3viles en llingua asturiana. Tres nuna: diccionariu, traductor y conxugador de verbos.<\/span><\/p>\n<div class=\"separator\"><span style=\"font-size: 14pt\"><a href=\"https:\/\/4.bp.blogspot.com\/-bp1musdHZ2g\/Up4-MkmXeYI\/AAAAAAAAAt4\/QMP2s8VBzs0\/s1600\/unnamed.png\"><img loading=\"lazy\" decoding=\"async\" title=\"unnamed\" src=\"https:\/\/4.bp.blogspot.com\/-bp1musdHZ2g\/Up4-MkmXeYI\/AAAAAAAAAt4\/QMP2s8VBzs0\/s1600\/unnamed.png\" alt=\"unnamed\" width=\"200\" height=\"200\" border=\"0\" \/><\/a><\/span><\/div>\n<\/div>\n<div>\n<div style=\"text-align: center\"><span style=\"font-size: 14pt\">Pal so usu faise necesaria la conex\u00f3n a Internet y ta basada nes definiciones del Diccionariu de l\u2019Academia de la Llingua Asturiana. <\/span><\/div>\n<div><\/div>\n<div style=\"text-align: center\"><span style=\"font-size: 14pt\">L\u2019aplicaci\u00f3n ta desendolcada pol aviles\u00edn David Rodr\u00edguez \u00c1lvarez y la collaboraci\u00f3n de <a href=\"http:\/\/noticies.softastur.org\/\" target=\"_blank\" rel=\"noopener\">SOFTASTUR<\/a>. Pa m\u00e1s info nel blog:\u00a0<a href=\"http:\/\/blogs.altuxa.com\/tapaponga\/diccionariu-dasturianu-nel-to-android.html\">TOTAPAPONGA<\/a>\u00a0L&#8217;aplicaci\u00f3n d&#8217;Android en goolge play store<\/span><\/div>\n<div style=\"text-align: center\"><span style=\"font-size: 14pt\"><a href=\"https:\/\/play.google.com\/store\/apps\/details?id=com.tarsoft.diccionariu\">DICCIONARIU<\/a><\/span><\/div>\n<div>\n<div class=\"separator\"><a href=\"http:\/\/noticies.softastur.org\/\"><img loading=\"lazy\" decoding=\"async\" class=\"aligncenter\" title=\"descarga\" src=\"https:\/\/1.bp.blogspot.com\/-6afjoKGnSQk\/U6AAqnj0QcI\/AAAAAAAADBI\/GpInrFkpSHQ\/s1600\/descarga.jpg\" alt=\"descarga\" width=\"200\" height=\"68\" border=\"0\" \/><\/a><\/div>\n<\/div>\n<\/div>\n","protected":false},"excerpt":{"rendered":"<p>Dende&#8217;l 2011, ta disponible p&#8217;ANDROID, una aplicaci\u00f3n llibra pa m\u00f3viles en llingua asturiana. Tres nuna: diccionariu, traductor y conxugador de verbos. Pal so usu faise necesaria la conex\u00f3n a Internet y ta basada nes definiciones del Diccionariu de l\u2019Academia de la Llingua Asturiana. L\u2019aplicaci\u00f3n ta desendolcada pol aviles\u00edn David Rodr\u00edguez \u00c1lvarez y la collaboraci\u00f3n de [&hellip;]<\/p>\n","protected":false},"author":117,"featured_media":0,"parent":1576,"menu_order":0,"comment_status":"closed","ping_status":"closed","template":"","meta":{"footnotes":""},"class_list":["post-2408","page","type-page","status-publish","hentry","post-preview"],"_links":{"self":[{"href":"https:\/\/edublog.educastur.es\/ixuxullingua\/wp-json\/wp\/v2\/pages\/2408","targetHints":{"allow":["GET"]}}],"collection":[{"href":"https:\/\/edublog.educastur.es\/ixuxullingua\/wp-json\/wp\/v2\/pages"}],"about":[{"href":"https:\/\/edublog.educastur.es\/ixuxullingua\/wp-json\/wp\/v2\/types\/page"}],"author":[{"embeddable":true,"href":"https:\/\/edublog.educastur.es\/ixuxullingua\/wp-json\/wp\/v2\/users\/117"}],"replies":[{"embeddable":true,"href":"https:\/\/edublog.educastur.es\/ixuxullingua\/wp-json\/wp\/v2\/comments?post=2408"}],"version-history":[{"count":2,"href":"https:\/\/edublog.educastur.es\/ixuxullingua\/wp-json\/wp\/v2\/pages\/2408\/revisions"}],"predecessor-version":[{"id":2410,"href":"https:\/\/edublog.educastur.es\/ixuxullingua\/wp-json\/wp\/v2\/pages\/2408\/revisions\/2410"}],"up":[{"embeddable":true,"href":"https:\/\/edublog.educastur.es\/ixuxullingua\/wp-json\/wp\/v2\/pages\/1576"}],"wp:attachment":[{"href":"https:\/\/edublog.educastur.es\/ixuxullingua\/wp-json\/wp\/v2\/media?parent=2408"}],"curies":[{"name":"wp","href":"https:\/\/api.w.org\/{rel}","templated":true}]}}