{"id":275,"date":"2020-07-24T21:18:34","date_gmt":"2020-07-24T21:18:34","guid":{"rendered":"https:\/\/edublog.educastur.es\/ixuxullingua\/?page_id=275"},"modified":"2021-11-26T13:20:59","modified_gmt":"2021-11-26T11:20:59","slug":"05-primer-trimestre","status":"publish","type":"page","link":"https:\/\/edublog.educastur.es\/ixuxullingua\/4-cuartu\/cuartu-21-22\/05-primer-trimestre\/","title":{"rendered":"05) Primer trimestre"},"content":{"rendered":"<p style=\"text-align: center\"><a href=\"https:\/\/educastur-my.sharepoint.com\/:f:\/g\/personal\/isabellh_educastur_org\/EkE7FgxC35RHuBnC32aPgEoB0noeI2ip5M7yL2x6T26Bcw?e=zbHnYq\"><img loading=\"lazy\" decoding=\"async\" class=\"aligncenter wp-image-818\" src=\"http:\/\/edublog.educastur.es\/ixuxullingua\/files\/2020\/08\/00_cuartu.png\" alt=\"\" width=\"206\" height=\"168\" srcset=\"https:\/\/edublog.educastur.es\/ixuxullingua\/files\/2020\/08\/00_cuartu.png 424w, https:\/\/edublog.educastur.es\/ixuxullingua\/files\/2020\/08\/00_cuartu-300x246.png 300w\" sizes=\"auto, (max-width: 206px) 100vw, 206px\" \/><\/a><\/p>\n<hr \/>\n<ul>\n<li><a href=\"https:\/\/edublog.educastur.es\/ixuxullingua\/4-cuartu\/05-2020-avientu\/01-dinosaurios\"><strong><em><span style=\"font-size: 14pt\">Sesi\u00f3n 01\u00a0 Dinosaurios<\/span><\/em><\/strong><\/a><\/li>\n<li><strong><em><span style=\"font-size: 14pt\"><a href=\"https:\/\/edublog.educastur.es\/ixuxullingua\/4-cuartu\/cuartu-21-22\/05-primer-trimestre\/02-animales-remueyu\">Sesi\u00f3n 02 Animales a remueyu<\/a><br \/>\n<\/span><\/em><\/strong><\/li>\n<li><em><span style=\"font-size: 14pt\"><a href=\"https:\/\/edublog.educastur.es\/ixuxullingua\/4-cuartu\/cuartu-21-22\/05-primer-trimestre\/02b_cachuchu\">Sesi\u00f3n 02b<strong> El Cachuchu<\/strong><\/a><\/span><\/em><\/li>\n<li><strong><em><span style=\"font-size: 14pt\"><a href=\"https:\/\/edublog.educastur.es\/ixuxullingua\/4-cuartu\/cuartu-21-22\/05-primer-trimestre\/03-vinu-de-cangas\/\">Sesi\u00f3n 03 El vinu de Cangas<\/a><br \/>\n<\/span><\/em><\/strong><\/li>\n<li><strong><em><span style=\"font-size: 14pt\"><a href=\"https:\/\/edublog.educastur.es\/ixuxullingua\/4-cuartu\/cuartu-21-22\/05-primer-trimestre\/04-tallerin-numberos\/\">Sesi\u00f3n 04 MATES: Taller\u00edn d elos n\u00famberos<\/a><br \/>\n<\/span><\/em><\/strong><\/li>\n<li><strong><em><span style=\"font-size: 14pt\">Sesi\u00f3n 05<\/span><\/em><\/strong><\/li>\n<li><strong><em><span style=\"font-size: 14pt\">Sesi\u00f3n 06<\/span><\/em><\/strong><\/li>\n<li><strong><em><span style=\"font-size: 14pt\">Sesi\u00f3n 07<\/span><\/em><\/strong><\/li>\n<li><strong><em><span style=\"font-size: 14pt\">Sesi\u00f3n 08<\/span><\/em><\/strong><\/li>\n<li><strong><em><span style=\"font-size: 14pt\">Sesi\u00f3n 09<\/span><\/em><\/strong><\/li>\n<li><strong><em><span style=\"font-size: 14pt\">Sesi\u00f3n 10<\/span><\/em><\/strong><\/li>\n<\/ul>\n","protected":false},"excerpt":{"rendered":"<p>Sesi\u00f3n 01\u00a0 Dinosaurios Sesi\u00f3n 02 Animales a remueyu Sesi\u00f3n 02b El Cachuchu Sesi\u00f3n 03 El vinu de Cangas Sesi\u00f3n 04 MATES: Taller\u00edn d elos n\u00famberos Sesi\u00f3n 05 Sesi\u00f3n 06 Sesi\u00f3n 07 Sesi\u00f3n 08 Sesi\u00f3n 09 Sesi\u00f3n 10<\/p>\n","protected":false},"author":117,"featured_media":0,"parent":2748,"menu_order":0,"comment_status":"closed","ping_status":"closed","template":"","meta":{"footnotes":""},"class_list":["post-275","page","type-page","status-publish","hentry","post-preview"],"_links":{"self":[{"href":"https:\/\/edublog.educastur.es\/ixuxullingua\/wp-json\/wp\/v2\/pages\/275","targetHints":{"allow":["GET"]}}],"collection":[{"href":"https:\/\/edublog.educastur.es\/ixuxullingua\/wp-json\/wp\/v2\/pages"}],"about":[{"href":"https:\/\/edublog.educastur.es\/ixuxullingua\/wp-json\/wp\/v2\/types\/page"}],"author":[{"embeddable":true,"href":"https:\/\/edublog.educastur.es\/ixuxullingua\/wp-json\/wp\/v2\/users\/117"}],"replies":[{"embeddable":true,"href":"https:\/\/edublog.educastur.es\/ixuxullingua\/wp-json\/wp\/v2\/comments?post=275"}],"version-history":[{"count":11,"href":"https:\/\/edublog.educastur.es\/ixuxullingua\/wp-json\/wp\/v2\/pages\/275\/revisions"}],"predecessor-version":[{"id":3141,"href":"https:\/\/edublog.educastur.es\/ixuxullingua\/wp-json\/wp\/v2\/pages\/275\/revisions\/3141"}],"up":[{"embeddable":true,"href":"https:\/\/edublog.educastur.es\/ixuxullingua\/wp-json\/wp\/v2\/pages\/2748"}],"wp:attachment":[{"href":"https:\/\/edublog.educastur.es\/ixuxullingua\/wp-json\/wp\/v2\/media?parent=275"}],"curies":[{"name":"wp","href":"https:\/\/api.w.org\/{rel}","templated":true}]}}