{"id":2758,"date":"2021-09-26T12:23:38","date_gmt":"2021-09-26T10:23:38","guid":{"rendered":"https:\/\/edublog.educastur.es\/ixuxullingua\/?page_id=2758"},"modified":"2021-09-26T13:12:58","modified_gmt":"2021-09-26T11:12:58","slug":"primeru-20-21","status":"publish","type":"page","link":"https:\/\/edublog.educastur.es\/ixuxullingua\/primeru\/primeru-20-21\/","title":{"rendered":"Primeru 20-21"},"content":{"rendered":"<p style=\"text-align: center\"><img loading=\"lazy\" decoding=\"async\" class=\"alignnone size-full\" src=\"http:\/\/edublog.educastur.es\/ixuxullingua\/files\/2020\/08\/00_primeru-150x150.png\" width=\"150\" height=\"150\" \/><\/p>\n<ul class=\"children\">\n<li class=\"page_item page-item-2758 page_item_has_children\"><a href=\"https:\/\/edublog.educastur.es\/ixuxullingua\/primeru\/primeru-20-21\/\">Primeru 20-21<\/a>\n<ul class=\"children\">\n<li class=\"page_item page-item-210 page_item_has_children\"><a href=\"https:\/\/edublog.educastur.es\/ixuxullingua\/primeru\/primeru-20-21\/02-primer-trimestre\/\">02) Primer trimestre<\/a>\n<ul class=\"children\">\n<li class=\"page_item page-item-1148\"><a href=\"https:\/\/edublog.educastur.es\/ixuxullingua\/primeru\/primeru-20-21\/02-primer-trimestre\/sesion-01\/\">Sesi\u00f3n 01<\/a><\/li>\n<li class=\"page_item page-item-1150\"><a href=\"https:\/\/edublog.educastur.es\/ixuxullingua\/primeru\/primeru-20-21\/02-primer-trimestre\/sesion-02\/\">Sesi\u00f3n 02<\/a><\/li>\n<li class=\"page_item page-item-1193\"><a href=\"https:\/\/edublog.educastur.es\/ixuxullingua\/primeru\/primeru-20-21\/02-primer-trimestre\/sesion-03\/\">Sesi\u00f3n 03<\/a><\/li>\n<li class=\"page_item page-item-1195\"><a href=\"https:\/\/edublog.educastur.es\/ixuxullingua\/primeru\/primeru-20-21\/02-primer-trimestre\/sesion-04\/\">Sesi\u00f3n 04<\/a><\/li>\n<li class=\"page_item page-item-1197\"><a href=\"https:\/\/edublog.educastur.es\/ixuxullingua\/primeru\/primeru-20-21\/02-primer-trimestre\/sesion-05\/\">Sesi\u00f3n 05<\/a><\/li>\n<\/ul>\n<\/li>\n<li class=\"page_item page-item-225\"><a href=\"https:\/\/edublog.educastur.es\/ixuxullingua\/primeru\/primeru-20-21\/03-segundu-trimestre\/\">03) Segundu trimestre<\/a><\/li>\n<li class=\"page_item page-item-261\"><a href=\"https:\/\/edublog.educastur.es\/ixuxullingua\/primeru\/primeru-20-21\/04-tercer-trimestre\/\">04) Tercer trimestre<\/a><\/li>\n<\/ul>\n<\/li>\n<\/ul>\n<hr \/>\n<p style=\"text-align: center\"><a href=\"https:\/\/educastur-my.sharepoint.com\/:b:\/g\/personal\/isabellh_educastur_org\/ESIMgKorHjFNjORTsnS6zxIB1GrYJr0Z-XLHo4eD7KEmwA?e=V78WKh\"><em><strong>Primeru<\/strong><\/em><\/a><br \/>\n\n<!-- iframe plugin v.6.0 wordpress.org\/plugins\/iframe\/ -->\n<iframe loading=\"lazy\" src=\"https:\/\/drive.google.com\/file\/d\/1ARZ_sieEKAh6dxhHEmS5JLAp1YNlB5oU\/preview\" width=\"704\" height=\"980\" 0=\"\/iframe\" scrolling=\"yes\" class=\"iframe-class\" frameborder=\"0\"><\/iframe>\n<\/p>\n<hr \/>\n<p>&nbsp;<\/p>\n<p>&nbsp;<\/p>\n<p>&nbsp;<\/p>\n<p>&nbsp;<\/p>\n<p>&nbsp;<\/p>\n<p>&nbsp;<\/p>\n<p>&nbsp;<\/p>\n<p>&nbsp;<\/p>\n","protected":false},"excerpt":{"rendered":"<p>Primeru 20-21 02) Primer trimestre Sesi\u00f3n 01 Sesi\u00f3n 02 Sesi\u00f3n 03 Sesi\u00f3n 04 Sesi\u00f3n 05 03) Segundu trimestre 04) Tercer trimestre Primeru &nbsp; &nbsp; &nbsp; &nbsp; &nbsp; &nbsp; &nbsp; &nbsp;<\/p>\n","protected":false},"author":117,"featured_media":0,"parent":17,"menu_order":0,"comment_status":"closed","ping_status":"closed","template":"","meta":{"footnotes":""},"class_list":["post-2758","page","type-page","status-publish","hentry","post-preview"],"_links":{"self":[{"href":"https:\/\/edublog.educastur.es\/ixuxullingua\/wp-json\/wp\/v2\/pages\/2758","targetHints":{"allow":["GET"]}}],"collection":[{"href":"https:\/\/edublog.educastur.es\/ixuxullingua\/wp-json\/wp\/v2\/pages"}],"about":[{"href":"https:\/\/edublog.educastur.es\/ixuxullingua\/wp-json\/wp\/v2\/types\/page"}],"author":[{"embeddable":true,"href":"https:\/\/edublog.educastur.es\/ixuxullingua\/wp-json\/wp\/v2\/users\/117"}],"replies":[{"embeddable":true,"href":"https:\/\/edublog.educastur.es\/ixuxullingua\/wp-json\/wp\/v2\/comments?post=2758"}],"version-history":[{"count":2,"href":"https:\/\/edublog.educastur.es\/ixuxullingua\/wp-json\/wp\/v2\/pages\/2758\/revisions"}],"predecessor-version":[{"id":2829,"href":"https:\/\/edublog.educastur.es\/ixuxullingua\/wp-json\/wp\/v2\/pages\/2758\/revisions\/2829"}],"up":[{"embeddable":true,"href":"https:\/\/edublog.educastur.es\/ixuxullingua\/wp-json\/wp\/v2\/pages\/17"}],"wp:attachment":[{"href":"https:\/\/edublog.educastur.es\/ixuxullingua\/wp-json\/wp\/v2\/media?parent=2758"}],"curies":[{"name":"wp","href":"https:\/\/api.w.org\/{rel}","templated":true}]}}