{"id":3011,"date":"2021-10-25T19:43:38","date_gmt":"2021-10-25T17:43:38","guid":{"rendered":"https:\/\/edublog.educastur.es\/ixuxullingua\/?page_id=3011"},"modified":"2021-10-25T20:19:33","modified_gmt":"2021-10-25T18:19:33","slug":"la-sacavera","status":"publish","type":"page","link":"https:\/\/edublog.educastur.es\/ixuxullingua\/3-terceru\/terceru-21-22\/05-primer-trimestre\/la-sacavera\/","title":{"rendered":"La Sacavera"},"content":{"rendered":"<ul>\n<li><a href=\"https:\/\/educastur-my.sharepoint.com\/:u:\/g\/personal\/isabellh_educastur_org\/EZ77uxVCfklJjs2QCwnNZLEB37FWDflj8viNQKp5d-bIzg?e=AwSL2A\">Audio \u00abLA SACAVERA\u00bb Bestiariu<\/a><\/li>\n<li>Felpeyu \/ Bestiariu \/<\/li>\n<\/ul>\n<p style=\"text-align: center\">\n<!-- iframe plugin v.6.0 wordpress.org\/plugins\/iframe\/ -->\n<iframe loading=\"lazy\" width=\"100%\" height=\"365\" src=\"https:\/\/www.youtube.com\/embed\/GP6mEQ3JQnw\" 0=\"\/iframe\" scrolling=\"yes\" class=\"iframe-class\" frameborder=\"0\"><\/iframe>\n<\/p>\n<p>&nbsp;<\/p>\n<p style=\"text-align: center\"><a href=\"https:\/\/tinypix.top\/images\/2021\/10\/25\/vtGuw.jpg\"><img loading=\"lazy\" decoding=\"async\" class=\"alignnone\" src=\"https:\/\/tinypix.top\/images\/2021\/10\/25\/vtGuw.jpg\" alt=\"\" width=\"1253\" height=\"1600\" \/><\/a><\/p>\n<p style=\"text-align: center\"><span style=\"color: #008080\"><em><strong><span style=\"font-size: 14pt\">Vocabulariu:<\/span><\/strong><\/em><\/span><\/p>\n<ul>\n<li><em><span style=\"font-size: 14pt\"><strong><span style=\"color: #008080\">cosadiella:<\/span><\/strong>\u00a0 <strong>adivinanza<\/strong><\/span><\/em><\/li>\n<li><em><span style=\"font-size: 14pt\">color bermeyo = rojizo<\/span><\/em><\/li>\n<li><em><span style=\"font-size: 14pt\"><span style=\"color: #008080\"><strong>testera<\/strong><\/span> = cabeza<\/span><\/em><\/li>\n<li><em><span style=\"font-size: 14pt\"><span style=\"color: #008080\"><strong>raposu<\/strong><\/span> = zorro<br \/>\n<\/span><\/em><\/li>\n<li><em><span style=\"font-size: 14pt\"><span style=\"color: #008080\"><strong>fuina<\/strong><\/span> = <a href=\"https:\/\/static.wikia.nocookie.net\/hoyo\/images\/1\/1b\/Martes_foina_Bohu%C5%A1_%C4%8C%C3%AD%C4%8Del.jpg\/revision\/latest?cb=20181229135224&amp;path-prefix=es\">gardu\u00f1a<\/a> <\/span><\/em><\/li>\n<li><em><span style=\"font-size: 14pt\"><span style=\"color: #008080\"><strong>mustadiella<\/strong><\/span> = como la gardu\u00f1a<\/span><\/em><\/li>\n<li><span style=\"font-size: 14pt\"><em><strong><span style=\"color: #008080\">llamuerga<\/span><\/strong> = barrizal, mezcla de agua y barro<br \/>\n<\/em><\/span><\/li>\n<li><span style=\"font-size: 14pt\"><em><span style=\"color: #008080\"><strong>mofu<\/strong><\/span> = musgo<\/em><\/span><\/li>\n<li><span style=\"font-size: 14pt\"><em><span style=\"color: #008080\"><strong>sucos<\/strong><\/span> = mont\u00edculo peque\u00f1o de tierra<\/em><\/span><\/li>\n<\/ul>\n<p><a href=\"https:\/\/lh3.googleusercontent.com\/proxy\/n48GH1x2TKjlgkdFIzLy-SDQ6p52oOi538qGzgv7cF7oziJhjdR3pP7QSrGb_VJZmSR0p27bDAT1Ozw85Rtb7HZ5jtE27oETWNo\"><img loading=\"lazy\" decoding=\"async\" class=\"alignnone\" src=\"https:\/\/lh3.googleusercontent.com\/proxy\/n48GH1x2TKjlgkdFIzLy-SDQ6p52oOi538qGzgv7cF7oziJhjdR3pP7QSrGb_VJZmSR0p27bDAT1Ozw85Rtb7HZ5jtE27oETWNo\" alt=\"\" width=\"307\" height=\"204\" \/><\/a> \/ <a href=\"https:\/\/upload.wikimedia.org\/wikipedia\/commons\/thumb\/c\/cf\/R%C3%B8yskatt_%28Mustela_erminea_erminea%29%2C_Lista%2C_Norway.jpg\/1200px-R%C3%B8yskatt_%28Mustela_erminea_erminea%29%2C_Lista%2C_Norway.jpg\"><img loading=\"lazy\" decoding=\"async\" class=\"alignnone\" src=\"https:\/\/upload.wikimedia.org\/wikipedia\/commons\/thumb\/c\/cf\/R%C3%B8yskatt_%28Mustela_erminea_erminea%29%2C_Lista%2C_Norway.jpg\/1200px-R%C3%B8yskatt_%28Mustela_erminea_erminea%29%2C_Lista%2C_Norway.jpg\" alt=\"\" width=\"271\" height=\"203\" \/><\/a><\/p>\n<p><a href=\"http:\/\/idata.over-blog.com\/2\/56\/58\/00\/MIS-DOCUMENTOS\/nutria-1.jpg\"><strong>VER: La gardu\u00f1a<\/strong><\/a> (<b>Martes foina<\/b>)<sup id=\"cite_ref-1\" class=\"reference\"><\/sup> es un mam\u00edfero carn\u00edvoro, de tama\u00f1o medio y h\u00e1bitos nocturnos, de la familia <b>Mustelidae<\/b><\/p>\n<hr \/>\n<p style=\"text-align: center\"><strong><em><span style=\"font-size: 14pt\">Segundu traxe del <span style=\"color: #000080\">Real Uvi\u00e9u<\/span><\/span><\/em><\/strong><\/p>\n<p><a href=\"https:\/\/www.dhresource.com\/0x0\/f2\/albu\/g15\/M01\/B1\/77\/rBVa3V_tsEOANiMFAAZW3uDMxPY983.jpg\/2019-2020-real-oviedo-soccer-jerseys-19-20.jpg\"><img loading=\"lazy\" decoding=\"async\" class=\"alignnone\" src=\"https:\/\/www.dhresource.com\/0x0\/f2\/albu\/g15\/M01\/B1\/77\/rBVa3V_tsEOANiMFAAZW3uDMxPY983.jpg\/2019-2020-real-oviedo-soccer-jerseys-19-20.jpg\" alt=\"\" width=\"242\" height=\"242\" \/><\/a>\/<a href=\"https:\/\/piks-eldesmarqueporta.netdna-ssl.com\/thumbs\/o\/1200\/bin\/2020\/08\/18\/borja_sanchez_posa_con_la_segunda_equipacion_foto_real_oviedo.jpg\"><img loading=\"lazy\" decoding=\"async\" class=\"alignnone\" src=\"https:\/\/piks-eldesmarqueporta.netdna-ssl.com\/thumbs\/o\/1200\/bin\/2020\/08\/18\/borja_sanchez_posa_con_la_segunda_equipacion_foto_real_oviedo.jpg\" alt=\"\" width=\"299\" height=\"239\" \/><\/a><\/p>\n<p>&nbsp;<\/p>\n<hr \/>\n<p style=\"text-align: center\">\n<!-- iframe plugin v.6.0 wordpress.org\/plugins\/iframe\/ -->\n<iframe loading=\"lazy\" width=\"100%\" height=\"365\" src=\"https:\/\/www.youtube.com\/embed\/lMz6iI7dAow\" 0=\"\/iframe\" scrolling=\"yes\" class=\"iframe-class\" frameborder=\"0\"><\/iframe>\n<\/p>\n<ul>\n<li><span style=\"font-size: 14pt\"><a href=\"https:\/\/es.wikipedia.org\/wiki\/Salamandra_salamandra\"><strong>Salamandra<\/strong>: wiki<\/a> \/<a href=\"https:\/\/www.google.com\/search?q=salamandra&amp;client=firefox-b-d&amp;sxsrf=AOaemvJibuf4aw6uXuHMgJVUY7I2SUlrFw:1635184021619&amp;source=lnms&amp;tbm=isch&amp;sa=X&amp;ved=2ahUKEwjUvICWj-bzAhUOrRQKHd4iA60Q_AUoAXoECAEQAw&amp;biw=1536&amp;bih=739&amp;dpr=1.25\"> semeyes<\/a> \/<\/span><\/li>\n<li><span style=\"font-size: 14pt\"><strong>Sacavera<\/strong>: wiki \/<a href=\"https:\/\/www.google.com\/search?q=sacavera&amp;client=firefox-b-d&amp;sxsrf=AOaemvKUWYXEp5VEhquvtZIWOjpsemF2lg:1635183635371&amp;source=lnms&amp;tbm=isch&amp;sa=X&amp;ved=2ahUKEwj5yendjebzAhUh5uAKHU19BZMQ_AUoAXoECAEQAw&amp;biw=1536&amp;bih=739&amp;dpr=1.25\"> semeyes<\/a> \/<\/span><\/li>\n<\/ul>\n<p><a href=\"https:\/\/estaticos-cdn.prensaiberica.es\/clip\/7d63d9c2-1a93-4048-ab6f-a4426b98e66d_16-9-aspect-ratio_default_0.jpg\"><img loading=\"lazy\" decoding=\"async\" class=\"alignnone\" src=\"https:\/\/estaticos-cdn.prensaiberica.es\/clip\/7d63d9c2-1a93-4048-ab6f-a4426b98e66d_16-9-aspect-ratio_default_0.jpg\" alt=\"\" width=\"309\" height=\"174\" \/><\/a>\/<a href=\"http:\/\/www.diariodeloriente.es\/wp-content\/uploads\/2021\/02\/610_3199-1-011.jpeg\"><img loading=\"lazy\" decoding=\"async\" class=\"alignnone\" src=\"http:\/\/www.diariodeloriente.es\/wp-content\/uploads\/2021\/02\/610_3199-1-011.jpeg\" alt=\"\" width=\"2122\" height=\"1592\" \/><\/a><\/p>\n<p><a href=\"http:\/\/3.bp.blogspot.com\/-QDFoNCm5zOA\/UuZD2BX00zI\/AAAAAAAAImY\/mGCSo6xHmcs\/s1600\/salamandra1.jpg\"><img loading=\"lazy\" decoding=\"async\" class=\"alignnone\" src=\"http:\/\/3.bp.blogspot.com\/-QDFoNCm5zOA\/UuZD2BX00zI\/AAAAAAAAImY\/mGCSo6xHmcs\/s1600\/salamandra1.jpg\" alt=\"\" width=\"1024\" height=\"683\" \/><\/a><\/p>\n<p style=\"text-align: center\"><span style=\"font-size: 14pt\"><strong><em>Salamandra<\/em><\/strong><\/span><\/p>\n<p style=\"text-align: center\"><a href=\"https:\/\/misanimales.com\/wp-content\/uploads\/2021\/01\/salamandra-musgo.jpg\"><img loading=\"lazy\" decoding=\"async\" class=\"alignnone\" src=\"https:\/\/misanimales.com\/wp-content\/uploads\/2021\/01\/salamandra-musgo.jpg\" alt=\"\" width=\"1200\" height=\"800\" \/><\/a><\/p>\n<p><a href=\"https:\/\/upload.wikimedia.org\/wikipedia\/commons\/thumb\/4\/42\/Feuersalamander-salamandra-salamandra.jpg\/1920px-Feuersalamander-salamandra-salamandra.jpg\"><img loading=\"lazy\" decoding=\"async\" class=\"alignnone\" src=\"https:\/\/upload.wikimedia.org\/wikipedia\/commons\/thumb\/4\/42\/Feuersalamander-salamandra-salamandra.jpg\/1920px-Feuersalamander-salamandra-salamandra.jpg\" alt=\"\" width=\"1920\" height=\"1208\" \/><\/a><\/p>\n<p>Tama\u00f1u<\/p>\n<p><a href=\"https:\/\/imagenes.elpais.com\/resizer\/n8gOjVq_fvXa20s649xKtlCcIMI=\/1200x0\/filters:focal(1075x715:1085x725)\/cloudfront-eu-central-1.images.arcpublishing.com\/prisa\/OHIGF2IOQBCPJPDSHIGYUL43J4.jpeg\"><img loading=\"lazy\" decoding=\"async\" class=\"alignnone\" src=\"https:\/\/imagenes.elpais.com\/resizer\/n8gOjVq_fvXa20s649xKtlCcIMI=\/1200x0\/filters:focal(1075x715:1085x725)\/cloudfront-eu-central-1.images.arcpublishing.com\/prisa\/OHIGF2IOQBCPJPDSHIGYUL43J4.jpeg\" alt=\"\" width=\"1200\" height=\"900\" \/><\/a><\/p>\n<p><a href=\"https:\/\/upload.wikimedia.org\/wikipedia\/commons\/thumb\/2\/2f\/Salamandrasauceda.jpg\/1280px-Salamandrasauceda.jpg\"><img loading=\"lazy\" decoding=\"async\" class=\"aligncenter\" src=\"https:\/\/upload.wikimedia.org\/wikipedia\/commons\/thumb\/2\/2f\/Salamandrasauceda.jpg\/1280px-Salamandrasauceda.jpg\" alt=\"\" width=\"821\" height=\"546\" \/><\/a><\/p>\n","protected":false},"excerpt":{"rendered":"<p>Audio \u00abLA SACAVERA\u00bb Bestiariu Felpeyu \/ Bestiariu \/ &nbsp; Vocabulariu: cosadiella:\u00a0 adivinanza color bermeyo = rojizo testera = cabeza raposu = zorro fuina = gardu\u00f1a mustadiella = como la gardu\u00f1a llamuerga = barrizal, mezcla de agua y barro mofu = musgo sucos = mont\u00edculo peque\u00f1o de tierra \/ VER: La gardu\u00f1a (Martes foina) es un [&hellip;]<\/p>\n","protected":false},"author":117,"featured_media":0,"parent":273,"menu_order":0,"comment_status":"closed","ping_status":"closed","template":"","meta":{"footnotes":""},"class_list":["post-3011","page","type-page","status-publish","hentry","post-preview"],"_links":{"self":[{"href":"https:\/\/edublog.educastur.es\/ixuxullingua\/wp-json\/wp\/v2\/pages\/3011","targetHints":{"allow":["GET"]}}],"collection":[{"href":"https:\/\/edublog.educastur.es\/ixuxullingua\/wp-json\/wp\/v2\/pages"}],"about":[{"href":"https:\/\/edublog.educastur.es\/ixuxullingua\/wp-json\/wp\/v2\/types\/page"}],"author":[{"embeddable":true,"href":"https:\/\/edublog.educastur.es\/ixuxullingua\/wp-json\/wp\/v2\/users\/117"}],"replies":[{"embeddable":true,"href":"https:\/\/edublog.educastur.es\/ixuxullingua\/wp-json\/wp\/v2\/comments?post=3011"}],"version-history":[{"count":7,"href":"https:\/\/edublog.educastur.es\/ixuxullingua\/wp-json\/wp\/v2\/pages\/3011\/revisions"}],"predecessor-version":[{"id":3029,"href":"https:\/\/edublog.educastur.es\/ixuxullingua\/wp-json\/wp\/v2\/pages\/3011\/revisions\/3029"}],"up":[{"embeddable":true,"href":"https:\/\/edublog.educastur.es\/ixuxullingua\/wp-json\/wp\/v2\/pages\/273"}],"wp:attachment":[{"href":"https:\/\/edublog.educastur.es\/ixuxullingua\/wp-json\/wp\/v2\/media?parent=3011"}],"curies":[{"name":"wp","href":"https:\/\/api.w.org\/{rel}","templated":true}]}}