{"id":3017,"date":"2021-10-25T19:50:28","date_gmt":"2021-10-25T17:50:28","guid":{"rendered":"https:\/\/edublog.educastur.es\/ixuxullingua\/?page_id=3017"},"modified":"2021-10-25T20:03:47","modified_gmt":"2021-10-25T18:03:47","slug":"pinocho","status":"publish","type":"page","link":"https:\/\/edublog.educastur.es\/ixuxullingua\/3-terceru\/terceru-21-22\/05-primer-trimestre\/pinocho\/","title":{"rendered":"Pinocho"},"content":{"rendered":"<ul>\n<li><em><strong><span style=\"font-size: 14pt\"><a href=\"https:\/\/educastur-my.sharepoint.com\/:u:\/g\/personal\/isabellh_educastur_org\/EStjIHyvRWVGgaZZ1JAbla0BhaOWf3ZkkMtJCuhlCc2xew?e=Z99hyQ\">Audio Pinocho Anaya<\/a><\/span><\/strong><\/em><\/li>\n<li>Pinocho: Cuento \/ Wiki \/<a href=\"https:\/\/www.google.com\/search?q=pinocho&amp;client=firefox-b-d&amp;sxsrf=AOaemvIt12OAUr0YpS7aVrv6jGIDTp7eLw:1635184648017&amp;source=lnms&amp;tbm=isch&amp;sa=X&amp;ved=2ahUKEwj_9djAkebzAhXtz4UKHWc_AQcQ_AUoAXoECAEQAw&amp;biw=1536&amp;bih=739&amp;dpr=1.25\"> semeyes<\/a> \/ <a href=\"https:\/\/www.youtube.com\/watch?v=lPw1LKQWeAE\">Canci\u00f3n Pobre Pinocho<\/a> \/<\/li>\n<li><a href=\"https:\/\/www.youtube.com\/watch?v=mW92gIr6FaI\">Audiocuento 11 min<\/a> \/<a href=\"https:\/\/www.youtube.com\/watch?v=pZMuNWiNa0o\"> Video largo 15 min<\/a> \/<\/li>\n<li><a href=\"https:\/\/www.guiainfantil.com\/servicios\/musica\/Canciones\/pinocho.htm\">Canci\u00f3n VER!!!<\/a><\/li>\n<\/ul>\n<p style=\"text-align: center\">\n<!-- iframe plugin v.6.0 wordpress.org\/plugins\/iframe\/ -->\n<iframe loading=\"lazy\" width=\"100%\" height=\"380\" src=\"https:\/\/www.youtube.com\/embed\/8vY1hxw5oH8\" 0=\"\/iframe\" scrolling=\"yes\" class=\"iframe-class\" frameborder=\"0\"><\/iframe>\n<\/p>\n<p>&nbsp;<\/p>\n<p style=\"text-align: center\">\n<!-- iframe plugin v.6.0 wordpress.org\/plugins\/iframe\/ -->\n<iframe loading=\"lazy\" width=\"100%\" height=\"365\" src=\"https:\/\/www.youtube.com\/embed\/lROG-31-hzg\" 0=\"\/iframe\" scrolling=\"yes\" class=\"iframe-class\" frameborder=\"0\"><\/iframe>\n<\/p>\n<hr \/>\n<p style=\"text-align: left\"><a href=\"https:\/\/pbs.twimg.com\/media\/EV2h4TwXsAAH4gS.jpg\"><img loading=\"lazy\" decoding=\"async\" class=\"alignnone\" src=\"https:\/\/pbs.twimg.com\/media\/EV2h4TwXsAAH4gS.jpg\" alt=\"\" width=\"261\" height=\"259\" \/><\/a>\/<a href=\"https:\/\/images-na.ssl-images-amazon.com\/images\/I\/81wzIi++P2L.jpg\"><img loading=\"lazy\" decoding=\"async\" class=\"alignnone\" src=\"https:\/\/images-na.ssl-images-amazon.com\/images\/I\/81wzIi++P2L.jpg\" alt=\"\" width=\"259\" height=\"263\" \/><\/a><\/p>\n<p>&nbsp;<\/p>\n<p><img loading=\"lazy\" decoding=\"async\" class=\"size-medium aligncenter\" src=\"https:\/\/familyandmedia.eu\/wp-content\/uploads\/2017\/05\/pinocchio-970x545-900x444.jpg\" width=\"900\" height=\"444\" \/><\/p>\n<hr \/>\n<div class=\"row story-title-row\">\n<div class=\"col-12\">\n<h1 id=\"story-title\" style=\"text-align: center\"><a href=\"https:\/\/arbolabc.nyc3.cdn.digitaloceanspaces.com\/Cuentos_Infantiles\/cuentos_clasicos\/audios\/F_Pinocho.mp3\"><em>Cuento de Pinocho<\/em><\/a><\/h1>\n<\/div>\n<\/div>\n<div class=\"row story-author-row\">\n<div class=\"col-12\">\n<div>\n<p class=\"author paragraph-text\" style=\"text-align: center\"><em>Adaptaci\u00f3n del libro titulado \u201cLas aventuras de Pinocho\u201d por Carlo Collodi<\/em><\/p>\n<\/div>\n<\/div>\n<\/div>\n<div class=\"row audio-col\">\n<div class=\"col-12 audio-col\">\n<ul>\n<li class=\"audio-text\"><a href=\"https:\/\/arbolabc.nyc3.cdn.digitaloceanspaces.com\/Cuentos_Infantiles\/cuentos_clasicos\/audios\/F_Pinocho.mp3\"><strong>Audio de texto a voz para una lectura asistida. mp3<\/strong><\/a><\/li>\n<\/ul>\n<\/div>\n<\/div>\n<div class=\"row\">\n<div class=\"col-12\">\n<div class=\"story-img-top-wrapper\"><img loading=\"lazy\" decoding=\"async\" id=\"story-title-img\" class=\"story-img-top aligncenter\" title=\"Cuento de Pinocho\" src=\"https:\/\/arbolabc.nyc3.cdn.digitaloceanspaces.com\/Cuentos_Infantiles\/cuentos_clasicos\/images\/Pinocchio.png\" alt=\"Cuento de Pinocho\" width=\"650\" height=\"305\" \/><\/div>\n<\/div>\n<\/div>\n<div class=\"row justify-content-center\">\n<div class=\"col-xl-9 col-lg-9 col-sm-10 col-11\">\n<div>\n<p class=\"story-text\">\u00c9rase una vez un anciano carpintero llamado Gepeto que era muy feliz haciendo juguetes de madera para los ni\u00f1os de su pueblo.<\/p>\n<p class=\"story-text\">Un d\u00eda, hizo una marioneta de una madera de pino muy especial y decidi\u00f3 llamarla Pinocho. En la noche, un hada azul lleg\u00f3 al taller del anciano carpintero:<\/p>\n<p class=\"story-text\">\u2014Buen Gepeto \u2014dijo mientras el anciano dorm\u00eda\u2014, has hecho a los dem\u00e1s tan felices, que mereces que tu deseo de ser padre se haga realidad. Sonriendo, el hada azul toc\u00f3 la marioneta con su varita m\u00e1gica:<\/p>\n<p class=\"story-text\">\u2014\u00a1Despierta, peque\u00f1a marioneta hecha de pino\u2026 despierta! \u00a1El regalo de la vida es tuyo!<\/p>\n<p class=\"story-text\">Y en un abrir y cerrar de ojos, el hada azul dio vida a Pinocho.<\/p>\n<p class=\"story-text\">\u2014Pinocho, si eres valiente, sincero y desinteresado, alg\u00fan d\u00eda ser\u00e1s un ni\u00f1o de verdad \u2014dijo el hada azul\u2014. Luego se volvi\u00f3 hacia un grillo llamado Pepe Grillo, que viv\u00eda en la alacena de Gepeto.<\/p>\n<p class=\"story-text\">\u2014Pepe Grillo \u2014 dijo el hada azul\u2014, debes ayudar a Pinocho. Ser\u00e1s su conciencia y guardi\u00e1n del conocimiento del bien y del mal.<\/p>\n<p class=\"story-text\">Al d\u00eda siguiente, Gepeto envi\u00f3 con orgullo a su peque\u00f1o ni\u00f1o de madera a la escuela, pero como era tan pobre, tuvo que vender su abrigo para comprar los libros escolares:<\/p>\n<p class=\"story-text\">\u2014Pinocho, Pepe Grillo te mostrar\u00e1 el camino \u2014dijo Gepeto\u2014. Por favor, no te distraigas y llega a la escuela a tiempo.<\/p>\n<p class=\"story-text\">Pinocho sali\u00f3 de casa, pero nunca lleg\u00f3 a la escuela. En cambio, decidi\u00f3 ignorar los consejos de Pepe Grillo y vender los libros para comprar un tiquete para el teatro de marionetas. Cuando Pinocho comenz\u00f3 a bailar con las marionetas, el titiritero sorprendido con las habilidades del ni\u00f1o de madera, le pregunt\u00f3 si quer\u00eda unirse a su espect\u00e1culo de marionetas. Pinocho acept\u00f3 alegremente.<\/p>\n<p class=\"story-text\">Sin embargo, las intenciones del malvado titiritero eran muy diferentes; su plan era hacerse rico con la \u00fanica marioneta con vida en el mundo. De inmediato, encerr\u00f3 a Pinocho y a Pepe Grillo en una jaula. Fue entonces que Pinocho reconoci\u00f3 su error y comenz\u00f3 a llorar. El hada azul apareci\u00f3 de la nada.<\/p>\n<p class=\"story-text\">Aunque el hada azul conoc\u00eda las razones por las cuales Pinocho se encontraba atrapado, aun as\u00ed, le pregunt\u00f3:<\/p>\n<p class=\"story-text\">\u2014Pinocho, \u00bfpor qu\u00e9 est\u00e1s en esta jaula?<\/p>\n<p class=\"story-text\">Pero Pinocho no quiso contarle la verdad, entonces algo extra\u00f1o sucedi\u00f3. Su nariz comenz\u00f3 a crecer m\u00e1s y m\u00e1s. Cuanto m\u00e1s hablaba, m\u00e1s crec\u00eda.<\/p>\n<p class=\"story-text\">\u2014Cada vez que digas una mentira, tu nariz crecer\u00e1 \u2014 dijo el hada azul.<\/p>\n<p class=\"story-text\">\u2014Por favor, haz que se detenga\u2014dijo Pinocho\u2014, prometo no mentir de nuevo.<\/p>\n<\/div>\n<\/div>\n<\/div>\n<div class=\"row justify-content-center\">\n<div class=\"col-xl-9 col-lg-9 col-sm-10 col-11\">\n<div>\n<p class=\"story-text\">Al d\u00eda siguiente, camino a la escuela, Pinocho conoci\u00f3 a un ni\u00f1o:<\/p>\n<p class=\"story-text\">\u2014Ven conmigo al Pa\u00eds de los Juguetes. \u00a1En este lugar todos los d\u00edas son vacaciones! \u2014dijo el ni\u00f1o con emoci\u00f3n\u2014. Hay juguetes y golosinas y lo mejor de todo, \u00a1no tienes que ir a la escuela!<\/p>\n<p class=\"story-text\">Olvidando nuevamente los consejos del hada azul y Pepe Grillo, Pinocho sali\u00f3 corriendo con el ni\u00f1o al Pa\u00eds de los Juguetes. Al llegar, se divirti\u00f3 much\u00edsimo jugando y comiendo golosinas.<\/p>\n<p class=\"story-text\">De pronto, las orejas de Pinocho y los otros ni\u00f1os del Pa\u00eds de los Juguetes comenzaron a hacerse muy largas. Por no querer ir a la escuela, \u00a1se estaban convirtiendo en burros!<\/p>\n<p class=\"story-text\">Convertidos en burros, Pinocho y los ni\u00f1os llegaron a un circo. El maestro de ceremonias hizo que Pinocho trabajara para el circo sin descanso. All\u00ed, Pinocho se lastim\u00f3 la pierna mientras hac\u00eda trucos. Enojado, el maestro de ceremonias lo tir\u00f3 al mar junto con Pepe Grillo.<\/p>\n<p class=\"story-text\">En el agua, el hechizo se rompi\u00f3 y Pinocho volvi\u00f3 a su forma de marioneta, pero una ballena que nadaba cerca abri\u00f3 su enorme boca y se lo trag\u00f3 entero. En la oscuridad del est\u00f3mago de la ballena, Pinocho llor\u00f3 mientras que Pepe Grillo intentaba consolarlo. Fue en ese momento que vio a Gepeto en su bote:<\/p>\n<p class=\"story-text\">\u2014Hijo m\u00edo, te estaba buscando por tierra y mar cuando la ballena me trag\u00f3. \u00a1Estoy tan contento de haberte encontrado! \u2014dijo Gepeto.<\/p>\n<p class=\"story-text\">Los dos se abrazaron encantados.<\/p>\n<p class=\"story-text\">\u2014De ahora en adelante ser\u00e9 bueno y responsable\u2014, prometi\u00f3 Pinocho entre l\u00e1grimas.<\/p>\n<p class=\"story-text\">Aprovechando que la ballena dorm\u00eda, Gepeto, Pinocho y Pepe Grillo prendieron una fogata dentro de ella y saltaron de su enorme boca cuando el fuego la hizo estornudar. Luego, navegaron hasta llegar a casa. Pero Gepeto cay\u00f3 enfermo, Pinocho lo aliment\u00f3 y cuid\u00f3 con mucho esmero y dedicaci\u00f3n.<\/p>\n<p class=\"story-text\">\u2014Pap\u00e1, ir\u00e9 a la escuela y trabajar\u00e9 mucho para llenarte de orgullo\u2014 dijo Pinocho.<\/p>\n<p class=\"story-text\">Cumpliendo su promesa, Pinocho estudi\u00f3 mucho en la escuela. Entonces un d\u00eda sucedi\u00f3 algo maravilloso. El hada azul apareci\u00f3 y le dijo:<\/p>\n<p class=\"story-text\">\u2014Pinocho, eres valiente, sincero y tienes un coraz\u00f3n bondadoso y desinteresado, mereces convertirte en un ni\u00f1o de verdad.<\/p>\n<p class=\"story-text\">Y fue as\u00ed como el ni\u00f1o de madera se convirti\u00f3 en un ni\u00f1o de verdad. Gepeto y Pinocho vivieron felices para siempre.<\/p>\n<\/div>\n<\/div>\n<\/div>\n<hr \/>\n<p>La peli<\/p>\n<p><a href=\"https:\/\/cdn.hobbyconsolas.com\/sites\/navi.axelspringer.es\/public\/styles\/1200\/public\/media\/image\/2020\/09\/pinocho-2065199.jpg?itok=qy2-vIgh\"><img loading=\"lazy\" decoding=\"async\" class=\"alignnone\" src=\"https:\/\/cdn.hobbyconsolas.com\/sites\/navi.axelspringer.es\/public\/styles\/1200\/public\/media\/image\/2020\/09\/pinocho-2065199.jpg?itok=qy2-vIgh\" alt=\"\" width=\"236\" height=\"350\" \/><\/a>\/<a href=\"https:\/\/pics.filmaffinity.com\/Pinocho-111309024-large.jpg\"><img loading=\"lazy\" decoding=\"async\" class=\"alignnone\" src=\"https:\/\/pics.filmaffinity.com\/Pinocho-111309024-large.jpg\" alt=\"\" width=\"241\" height=\"344\" \/><\/a><\/p>\n<p style=\"text-align: center\">\n<!-- iframe plugin v.6.0 wordpress.org\/plugins\/iframe\/ -->\n<iframe loading=\"lazy\" width=\"100%\" height=\"365\" src=\"https:\/\/www.youtube.com\/embed\/oGqZAacYGsA\" 0=\"\/iframe\" scrolling=\"yes\" class=\"iframe-class\" frameborder=\"0\"><\/iframe>\n<\/p>\n<hr \/>\n<p><a title=\"Cuento de Pinocho\" href=\"https:\/\/www.guiainfantil.com\/servicios\/Cuentos\/pinocho.htm\">Pinocho<\/a> era un ni\u00f1o de madera que vive muchas aventuras acompa\u00f1ado de su amigo Pepito Grillo. Cada vez que cuenta una mentira a Pinocho le crece la nariz.<\/p>\n<h2 id=\"header0\" style=\"text-align: center\"><em>Letra de la canci\u00f3n infantil &#8211; Pinocho<\/em><\/h2>\n<p class=\"picture\"><img loading=\"lazy\" decoding=\"async\" class=\" lazy\" title=\"Canci\u00f3n Pinocho\" src=\"https:\/\/static.guiainfantil.com\/uploads\/cancion-pinocho.jpg\" alt=\"Canci\u00f3n Pinocho\" width=\"600\" height=\"250\" border=\"0\" \/><\/p>\n<div>Hasta el viejo hospital de los mu\u00f1ecos<\/div>\n<div>lleg\u00f3 el pobre Pinocho malherido,<\/div>\n<div>un cruel espantap\u00e1jaros bandido<\/div>\n<div>lo sorprendi\u00f3 durmiendo y lo atac\u00f3<\/div>\n<div><\/div>\n<div>Lleg\u00f3 con su nariz hecha pedazos<br \/>\nuna pierna en tres partes astillada<br \/>\nuna lesi\u00f3n interna y delicada<br \/>\nque el medico de guardia lo atendi\u00f3<\/div>\n<p>A un viejo cirujano llamaron con urgencia<br \/>\ny con su vieja ciencia pronto lo remend\u00f3,<br \/>\npero dijo a los otros mu\u00f1ecos internados<br \/>\ntodo esto ser\u00e1 en vano le falta el coraz\u00f3n<\/p>\n<p>El caso es que Pinocho estaba grave<br \/>\nen si de su desmayo no volv\u00eda<br \/>\ny el viejo cirujano no sabia<br \/>\na qui\u00e9n pedir prestado un coraz\u00f3n<\/p>\n<p>Entonces lleg\u00f3 el <a title=\"Cuentos de hadas para ni\u00f1os\" href=\"https:\/\/www.guiainfantil.com\/articulos\/ocio\/cuentos-infantiles\/cuentos-de-hadas-para-ninos\/\">hada<\/a> protectora<br \/>\ny viendo que Pinocho se mor\u00eda<br \/>\nle puso un coraz\u00f3n de fantas\u00eda<br \/>\ny Pinocho sonriendo despert\u00f3<\/p>\n<p>Pinocho, Pinocho, hay pobre Pinocho<\/p>\n<p>Entonces lleg\u00f3 el <a title=\"Los cuentos de hadas para ni\u00f1os\" href=\"https:\/\/www.guiainfantil.com\/articulos\/ocio\/cuentos-infantiles\/cuentos-de-hadas-para-ninos\/\">hada<\/a> protectora<br \/>\ny viendo que Pinocho se mor\u00eda<br \/>\nle puso un coraz\u00f3n de fantas\u00eda<br \/>\ny Pinocho sonriendo despert\u00f3<br \/>\ny Pinocho sonriendo despert\u00f3.<\/p>\n<p>&nbsp;<\/p>\n","protected":false},"excerpt":{"rendered":"<p>Audio Pinocho Anaya Pinocho: Cuento \/ Wiki \/ semeyes \/ Canci\u00f3n Pobre Pinocho \/ Audiocuento 11 min \/ Video largo 15 min \/ Canci\u00f3n VER!!! &nbsp; \/ &nbsp; Cuento de Pinocho Adaptaci\u00f3n del libro titulado \u201cLas aventuras de Pinocho\u201d por Carlo Collodi Audio de texto a voz para una lectura asistida. mp3 \u00c9rase una vez [&hellip;]<\/p>\n","protected":false},"author":117,"featured_media":0,"parent":273,"menu_order":0,"comment_status":"closed","ping_status":"closed","template":"","meta":{"footnotes":""},"class_list":["post-3017","page","type-page","status-publish","hentry","post-preview"],"_links":{"self":[{"href":"https:\/\/edublog.educastur.es\/ixuxullingua\/wp-json\/wp\/v2\/pages\/3017","targetHints":{"allow":["GET"]}}],"collection":[{"href":"https:\/\/edublog.educastur.es\/ixuxullingua\/wp-json\/wp\/v2\/pages"}],"about":[{"href":"https:\/\/edublog.educastur.es\/ixuxullingua\/wp-json\/wp\/v2\/types\/page"}],"author":[{"embeddable":true,"href":"https:\/\/edublog.educastur.es\/ixuxullingua\/wp-json\/wp\/v2\/users\/117"}],"replies":[{"embeddable":true,"href":"https:\/\/edublog.educastur.es\/ixuxullingua\/wp-json\/wp\/v2\/comments?post=3017"}],"version-history":[{"count":8,"href":"https:\/\/edublog.educastur.es\/ixuxullingua\/wp-json\/wp\/v2\/pages\/3017\/revisions"}],"predecessor-version":[{"id":3019,"href":"https:\/\/edublog.educastur.es\/ixuxullingua\/wp-json\/wp\/v2\/pages\/3017\/revisions\/3019"}],"up":[{"embeddable":true,"href":"https:\/\/edublog.educastur.es\/ixuxullingua\/wp-json\/wp\/v2\/pages\/273"}],"wp:attachment":[{"href":"https:\/\/edublog.educastur.es\/ixuxullingua\/wp-json\/wp\/v2\/media?parent=3017"}],"curies":[{"name":"wp","href":"https:\/\/api.w.org\/{rel}","templated":true}]}}