{"id":3033,"date":"2021-11-04T11:38:15","date_gmt":"2021-11-04T09:38:15","guid":{"rendered":"https:\/\/edublog.educastur.es\/ixuxullingua\/?page_id=3033"},"modified":"2023-01-18T15:49:14","modified_gmt":"2023-01-18T13:49:14","slug":"romanos","status":"publish","type":"page","link":"https:\/\/edublog.educastur.es\/ixuxullingua\/5-quintu\/quintu-21-22\/05-primer-trimestre\/romanos\/","title":{"rendered":"Romanos"},"content":{"rendered":"<ul>\n<li>Testu: <a href=\"https:\/\/educastur-my.sharepoint.com\/:u:\/g\/personal\/isabellh_educastur_org\/EaYLy-WHoANDrvnPMfvwITQBJVZZ0EnS0Xhr778CbpVR4g?e=NyQ8eQ\">Y nestes llegaron los romanos<\/a><\/li>\n<li><a href=\"https:\/\/educastur-my.sharepoint.com\/:u:\/g\/personal\/isabellh_educastur_org\/EaYLy-WHoANDrvnPMfvwITQBJVZZ0EnS0Xhr778CbpVR4g?e=NyQ8eQ\"><strong>Escaneo<\/strong><\/a><\/li>\n<\/ul>\n<blockquote>\n<p style=\"text-align: center\"><span style=\"font-size: 18pt;color: #008080\"><strong>Castros romanos n&#8217;Asturies<\/strong><\/span><\/p>\n<\/blockquote>\n<p><img decoding=\"async\" src=\"https:\/\/blogger.googleusercontent.com\/img\/b\/R29vZ2xl\/AVvXsEiIqNvXtX1WJfp1NYEyeabQFkQRsCjKIT3oo8m0lzxrRk4ojOEC58VQOWyF4QQPwN0RANDLggBGxB0mYkiI_VqIbNfSGZ55zGKTcVuxSBe2Ado2rvtRg4SdLMr6-rWqwYQ0dCfjIGF9EM_qFmEYBjCQvCbYNL8m5OvwHM-qIOOZbl_C6GCrjnXS6BCk9Q\/s1616\/Castros_de_asturias.jpg\" \/><\/p>\n<ul>\n<li><a href=\"https:\/\/radiocangas.blogspot.com\/2023\/01\/charla-con-angel-villa-avances.html?spref=fb&amp;fbclid=IwAR1nr4HnMsdHEuX4alYtmVA0qibdMgx1N-j5jPE4J5Qq_tq4-xNizAwQeq0\">Fonte: radio Cangas<\/a><\/li>\n<\/ul>\n<p><a href=\"https:\/\/radiocangas.blogspot.com\/2023\/01\/charla-con-angel-villa-avances.html?spref=fb&amp;fbclid=IwAR1nr4HnMsdHEuX4alYtmVA0qibdMgx1N-j5jPE4J5Qq_tq4-xNizAwQeq0\">RADIO CANGAS RECONQUISTA : Charla con Angel Villa. Avances Investigaci\u00f3n Castros Asturias<\/a><\/p>\n<p>A lo llargo de la hestoria del ser humanu, el so encl\u00edn a la socializarse llev\u00f3lu de pasar d&#8217;aquelles tribus n\u00f3mades qu&#8217;escuerren el so alimentu d&#8217;estaci\u00f3n n&#8217;estaci\u00f3n, de norte a sur o viceversa, asitiase en peque\u00f1os y vetustos poblaos onde l&#8217;empiezu de l&#8217;agricultura y la ganader\u00eda, termin\u00f3 con ese humanu errante y naci\u00f3 lo qu&#8217;a lo postrero se convertir\u00eda nes ciudaes y pueblos que conocemos angua\u00f1o. Anque nestos tiempos estos postreros, los pueblos, son murnia noticia<\/p>\n<p>Estes construcciones evolucionaron de tal manera que fueron adquiriendo una serie d&#8217;atribuciones que les estremen unes d&#8217;otres. Una d&#8217;elles yeren los castros. Ven\u00edu del llat\u00edn castrum, yeren fortificaciones, qu&#8217;a partir del sieglu VI antes de cristu empezaron a espandise llegando al so apox\u00e9u ente los sieglos IV Ya II.<\/p>\n<p>Les sos caracter\u00edstiques construcciones y la naturaleza de los sos pobladores f\u00e1en-yos resurdir como un elementu \u00fanicu y con una aureola de misteriu que-yos fixeron, inclusive, ser politizaos. Como toa hestoria inacabada, revisiones posteriores alterien el so pas\u00e1u celta y ponen sobre la mesa nueves conclusiones. Les reci\u00e9n investigaciones llevaron a los arque\u00f3logos a refugar idees *estandarizadas tocantes a la so estructura, sobremanera a partir del sieglu IV a. La so estructura interna inda g\u00fcei ta abierta a alderique y unu de los aspeutos m\u00e1s revesosos anicia&#8217;l la pir\u00e1mide social que rex\u00eda estes instalaciones.<\/p>\n<p>Pa falanos d&#8217;ellos, tenemos a unu de los espertos m\u00e1s cualificaos que lleva munchos a\u00f1os estudiandolos. <a href=\"https:\/\/go.ivoox.com\/rf\/101638217\">PODCAST<\/a><\/p>\n<p>&nbsp;<\/p>\n","protected":false},"excerpt":{"rendered":"<p>Testu: Y nestes llegaron los romanos Escaneo Castros romanos n&#8217;Asturies Fonte: radio Cangas RADIO CANGAS RECONQUISTA : Charla con Angel Villa. Avances Investigaci\u00f3n Castros Asturias A lo llargo de la hestoria del ser humanu, el so encl\u00edn a la socializarse llev\u00f3lu de pasar d&#8217;aquelles tribus n\u00f3mades qu&#8217;escuerren el so alimentu d&#8217;estaci\u00f3n n&#8217;estaci\u00f3n, de norte a [&hellip;]<\/p>\n","protected":false},"author":117,"featured_media":0,"parent":277,"menu_order":0,"comment_status":"closed","ping_status":"closed","template":"","meta":{"footnotes":""},"class_list":["post-3033","page","type-page","status-publish","hentry","post-preview"],"_links":{"self":[{"href":"https:\/\/edublog.educastur.es\/ixuxullingua\/wp-json\/wp\/v2\/pages\/3033","targetHints":{"allow":["GET"]}}],"collection":[{"href":"https:\/\/edublog.educastur.es\/ixuxullingua\/wp-json\/wp\/v2\/pages"}],"about":[{"href":"https:\/\/edublog.educastur.es\/ixuxullingua\/wp-json\/wp\/v2\/types\/page"}],"author":[{"embeddable":true,"href":"https:\/\/edublog.educastur.es\/ixuxullingua\/wp-json\/wp\/v2\/users\/117"}],"replies":[{"embeddable":true,"href":"https:\/\/edublog.educastur.es\/ixuxullingua\/wp-json\/wp\/v2\/comments?post=3033"}],"version-history":[{"count":4,"href":"https:\/\/edublog.educastur.es\/ixuxullingua\/wp-json\/wp\/v2\/pages\/3033\/revisions"}],"predecessor-version":[{"id":3376,"href":"https:\/\/edublog.educastur.es\/ixuxullingua\/wp-json\/wp\/v2\/pages\/3033\/revisions\/3376"}],"up":[{"embeddable":true,"href":"https:\/\/edublog.educastur.es\/ixuxullingua\/wp-json\/wp\/v2\/pages\/277"}],"wp:attachment":[{"href":"https:\/\/edublog.educastur.es\/ixuxullingua\/wp-json\/wp\/v2\/media?parent=3033"}],"curies":[{"name":"wp","href":"https:\/\/api.w.org\/{rel}","templated":true}]}}