{"id":3088,"date":"2021-11-18T12:54:10","date_gmt":"2021-11-18T10:54:10","guid":{"rendered":"https:\/\/edublog.educastur.es\/ixuxullingua\/?page_id=3088"},"modified":"2023-01-17T12:13:28","modified_gmt":"2023-01-17T10:13:28","slug":"romanizacion","status":"publish","type":"page","link":"https:\/\/edublog.educastur.es\/ixuxullingua\/5-quintu\/quintu-21-22\/05-primer-trimestre\/romanizacion\/","title":{"rendered":"Romanizaci\u00f3n"},"content":{"rendered":"<p style=\"text-align: center\"><a href=\"https:\/\/i2.wp.com\/www.recursosacademicos.net\/wp-content\/uploads\/2010\/11\/ejercito-romano.jpg\"><img loading=\"lazy\" decoding=\"async\" class=\"alignnone\" src=\"https:\/\/i2.wp.com\/www.recursosacademicos.net\/wp-content\/uploads\/2010\/11\/ejercito-romano.jpg\" alt=\"\" width=\"640\" height=\"465\" \/><\/a><\/p>\n<ul>\n<li><a href=\"https:\/\/www.recursosacademicos.net\/la-romanizacion-de-la-peninsula-iberica\/\">Testu<\/a> \/<\/li>\n<\/ul>\n<p style=\"text-align: center\"><span style=\"color: #008080\"><em><strong><span style=\"font-size: 24pt\">Romanizaci\u00f3n<\/span><\/strong><\/em><\/span><\/p>\n<p><img decoding=\"async\" class=\"aligncenter\" src=\"https:\/\/upload.wikimedia.org\/wikipedia\/commons\/b\/ba\/Roman_Republic_Empire_map_fast.gif\" \/><\/p>\n<p><span style=\"font-size: 14pt\"><em>Se denomina romanizaci\u00f3n al proceso de asimilaci\u00f3n cultural que tuvo lugar en la mayor parte de Europa occidental y los Balcanes en la antig\u00fcedad, por el cual numerosas regiones bajo el poder pol\u00edtico de Roma adoptaron sus instituciones, costumbres, organizaci\u00f3n social y su lengua.<\/em><\/span><\/p>\n<p style=\"text-align: center\">\n<!-- iframe plugin v.6.0 wordpress.org\/plugins\/iframe\/ -->\n<iframe loading=\"lazy\" width=\"100%\" height=\"375\" src=\"https:\/\/www.youtube.com\/embed\/1blR2eS26O8\" 0=\"\/iframe\" scrolling=\"yes\" class=\"iframe-class\" frameborder=\"0\"><\/iframe>\n<\/p>\n<p style=\"text-align: center\">\n<!-- iframe plugin v.6.0 wordpress.org\/plugins\/iframe\/ -->\n<iframe loading=\"lazy\" width=\"100%\" height=\"375\" src=\"https:\/\/www.youtube.com\/embed\/nuZrFBCDqwc\" 0=\"\/iframe\" scrolling=\"yes\" class=\"iframe-class\" frameborder=\"0\"><\/iframe>\n<\/p>\n<p>Se entiende por <b>romanizaci\u00f3n de Hispania<\/b> el proceso por el cual la <a title=\"Cultura de la Antigua Roma\" href=\"https:\/\/es.wikipedia.org\/wiki\/Cultura_de_la_Antigua_Roma\">cultura romana<\/a> se implant\u00f3 en la <a title=\"Pen\u00ednsula ib\u00e9rica\" href=\"https:\/\/es.wikipedia.org\/wiki\/Pen%C3%ADnsula_ib%C3%A9rica\">pen\u00ednsula ib\u00e9rica<\/a> durante el periodo de dominio romano sobre esta. <a href=\"https:\/\/es.wikipedia.org\/wiki\/Romanizaci%C3%B3n_de_Hispania\">WIKI<\/a><\/p>\n<p style=\"text-align: center\"><a href=\"https:\/\/i.pinimg.com\/736x\/a3\/84\/ed\/a384edbefe06fdd824e9cdf21a6b4d41.jpg\"><img loading=\"lazy\" decoding=\"async\" class=\"alignnone\" src=\"https:\/\/i.pinimg.com\/736x\/a3\/84\/ed\/a384edbefe06fdd824e9cdf21a6b4d41.jpg\" alt=\"\" width=\"640\" height=\"459\" \/><\/a><\/p>\n<p style=\"text-align: center\"><a href=\"https:\/\/upload.wikimedia.org\/wikipedia\/commons\/thumb\/1\/15\/Invasionromanahispania.svg\/800px-Invasionromanahispania.svg.png\"><img loading=\"lazy\" decoding=\"async\" class=\"alignnone\" src=\"https:\/\/upload.wikimedia.org\/wikipedia\/commons\/thumb\/1\/15\/Invasionromanahispania.svg\/800px-Invasionromanahispania.svg.png\" alt=\"\" width=\"800\" height=\"566\" \/><\/a><\/p>\n<ul>\n<li><a href=\"https:\/\/educastur-my.sharepoint.com\/:b:\/g\/personal\/isabellh_educastur_org\/EeSfr8rZv5hIvXQJOXzEghcBkE0FwbRTHWmM5v93AxqOsw?e=h1GmsW\">PDF: La romanizaci\u00f3n n&#8217; Asturies<\/a> \/<\/li>\n<li><a href=\"https:\/\/mihistoriauniversal.com\/edad-antigua\/imperio-romano\">L&#8217;imperiu romano<\/a> \/<\/li>\n<\/ul>\n<p><a href=\"https:\/\/i.pinimg.com\/originals\/2f\/e9\/e3\/2fe9e3b02251e575376d1289b634203d.png\"><img loading=\"lazy\" decoding=\"async\" class=\"alignnone\" src=\"https:\/\/i.pinimg.com\/originals\/2f\/e9\/e3\/2fe9e3b02251e575376d1289b634203d.png\" alt=\"\" width=\"1600\" height=\"1208\" \/><\/a><\/p>\n<p style=\"text-align: center\"><a href=\"https:\/\/upload.wikimedia.org\/wikipedia\/commons\/thumb\/d\/d2\/Mapa_Imperio_Romano_395_%28administrativo%29.svg\/2565px-Mapa_Imperio_Romano_395_%28administrativo%29.svg.png\"><img loading=\"lazy\" decoding=\"async\" class=\"alignnone\" src=\"https:\/\/upload.wikimedia.org\/wikipedia\/commons\/thumb\/d\/d2\/Mapa_Imperio_Romano_395_%28administrativo%29.svg\/2565px-Mapa_Imperio_Romano_395_%28administrativo%29.svg.png\" alt=\"\" width=\"2565\" height=\"1906\" \/><\/a><\/p>\n<p>&nbsp;<\/p>\n<p style=\"text-align: center\"><a href=\"https:\/\/aprendeconcarmen.es\/wp-content\/uploads\/2018\/04\/las-lenguas-de-espana.jpg\"><img loading=\"lazy\" decoding=\"async\" class=\"alignnone\" src=\"https:\/\/aprendeconcarmen.es\/wp-content\/uploads\/2018\/04\/las-lenguas-de-espana.jpg\" alt=\"\" width=\"842\" height=\"597\" \/><\/a><\/p>\n<p>&nbsp;<\/p>\n<p>Llinguas d&#8217;Hispania, f\u00edes del llat\u00edn<\/p>\n<p style=\"text-align: center\">\n<!-- iframe plugin v.6.0 wordpress.org\/plugins\/iframe\/ -->\n<iframe loading=\"lazy\" width=\"100%\" height=\"375\" src=\"https:\/\/www.youtube.com\/embed\/H9UWwdHtlis\" 0=\"\/iframe\" scrolling=\"yes\" class=\"iframe-class\" frameborder=\"0\"><\/iframe>\n<\/p>\n<p style=\"text-align: center\"><a href=\"https:\/\/traductoresoficiales.es\/wp-content\/uploads\/2016\/10\/idiomas-espana.png\"><img loading=\"lazy\" decoding=\"async\" class=\"alignnone\" src=\"https:\/\/traductoresoficiales.es\/wp-content\/uploads\/2016\/10\/idiomas-espana.png\" alt=\"\" width=\"580\" height=\"223\" \/><\/a><\/p>\n<p style=\"text-align: center\">\n<!-- iframe plugin v.6.0 wordpress.org\/plugins\/iframe\/ -->\n<iframe loading=\"lazy\" width=\"640\" height=\"375\" src=\"https:\/\/www.youtube.com\/embed\/2sO4ezjrjDE\" 0=\"\/iframe\" scrolling=\"yes\" class=\"iframe-class\" frameborder=\"0\"><\/iframe>\n<\/p>\n<p>&nbsp;<\/p>\n<hr \/>\n<p>&nbsp;<\/p>\n<p>&nbsp;<\/p>\n<p>&nbsp;<\/p>\n<p>Seguro que si nos hacen esta pregunta, todos pensamos en las <strong>lenguas oficiales<\/strong> y m\u00e1s conocidas: el castellano, el catal\u00e1n\/valenciano, el gallego y el euskera. Sin embargo, en nuestro pa\u00eds, que cuenta con una riqueza cultural y ling\u00fc\u00edstica enorme, existen m\u00e1s lenguas. Alguna de ellas tambi\u00e9n es oficial, como el aran\u00e9s, y otras no son oficiales, pero tambi\u00e9n cuentan con un n\u00famero importante de hablantes.<\/p>\n<p>Desde <a href=\"http:\/\/www.traductorjurado-madrid.es\/\">CBLingua Madrid<\/a> vamos a ofrecer un breve resumen sobre cada una de estas lenguas menos conocidas.<\/p>\n<p><strong>Aran\u00e9s<\/strong><\/p>\n<p>El aran\u00e9s, variedad del occitano-gasc\u00f3n hablada en el Valle de Ar\u00e1n, es oficial en este valle y desde 2006 en toda Catalu\u00f1a. Esta lengua es la lengua materna de 2800 personas. Seg\u00fan el censo de 2001, en el Valle de Ar\u00e1n es la lengua materna del 34,2% de la poblaci\u00f3n, superada por el castellano con un 38,8% y seguida del catal\u00e1n con un 19,4%.<\/p>\n<p><strong>Aragon\u00e9s<\/strong><\/p>\n<p>El aragon\u00e9s, tambi\u00e9n llamado <em>fabla<\/em>, es una lengua no oficial que se hablaba en la Edad Media en los Reinos de Navarra, de Arag\u00f3n y de Valencia. Actualmente se habla desde los valles del Pirineo aragon\u00e9s hasta un poco m\u00e1s al sur de la ciudad de Huesca.<\/p>\n<p>Desde finales del siglo XX, se han creado asociaciones promotoras del <strong>idioma<\/strong>, se ha llevado a cabo una unificaci\u00f3n de normas ortogr\u00e1ficas y se intent\u00f3 oficializarla en varios municipios de Arag\u00f3n.<\/p>\n<p>Entre las asociaciones que regulan el idioma, destacan la <em>Academia de l\u2019Aragon\u00e9s <\/em>y el <em>Consello d\u2019a Fabla Aragonesa<\/em>.<\/p>\n<p><strong>Asturleon\u00e9s<\/strong><\/p>\n<p>El asturleon\u00e9s, tambi\u00e9n conocido como bable, leon\u00e9s o mirand\u00e9s dependiendo de la zona en la que nos encontremos, es una <strong>lengua<\/strong> que se habla en Asturias, en parte de las provincias de Le\u00f3n y Zamora y en la comarca portuguesa de Miranda do Douro.<\/p>\n<p>Seg\u00fan un estudio de 2003, el asturleon\u00e9s es la lengua materna de un 17,7% de la poblaci\u00f3n de Asturias.<\/p>\n<p><strong>Otros<\/strong><\/p>\n<p>Adem\u00e1s de estos idiomas, en Espa\u00f1a tambi\u00e9n existe una gran cantidad de variedades dialectales del castellano, lo que hace que, dependiendo de la zona donde estemos, este se hable de una manera o de otra.<\/p>\n<p>Entre dichas variedades, podemos encontrar:<\/p>\n<ul>\n<li>El dialecto castellano septentrional, que est\u00e1 formado por el conjunto de modalidades dialectales del castellano utilizadas en la mitad norte de Espa\u00f1a.<\/li>\n<li>Las hablas andaluzas, habladas principalmente en Andaluc\u00eda, que cuentan con una gran variedad de rasgos caracter\u00edsticos. Dentro del andaluz se suelen distinguir dos grandes zonas: la occidental, formada por las provincias de Huelva, Sevilla, C\u00e1diz y la parte occidental de C\u00f3rdoba y M\u00e1laga, y la oriental, que se extiende por las provincias de Ja\u00e9n, Granada, Almer\u00eda y la parte oriental de C\u00f3rdoba y M\u00e1laga.<\/li>\n<li>Las hablas canarias, con influencias del andaluz y del portugu\u00e9s.<\/li>\n<li>El dialecto murciano, hablado en la regi\u00f3n de Murcia, en zonas del sur de Alicante y en zonas del Este de Albacete.<\/li>\n<li>El cast\u00fao, hablas castellanas con rasgos del leon\u00e9s.<\/li>\n<\/ul>\n<div id=\"jp-relatedposts\" class=\"jp-relatedposts\"><\/div>\n<p><img loading=\"lazy\" decoding=\"async\" class=\" aligncenter\" src=\"https:\/\/imagenes.heraldo.es\/files\/image_990_v1\/uploads\/imagenes\/2019\/10\/28\/foto.png\" width=\"692\" height=\"519\" \/><\/p>\n","protected":false},"excerpt":{"rendered":"<p>Testu \/ Romanizaci\u00f3n Se denomina romanizaci\u00f3n al proceso de asimilaci\u00f3n cultural que tuvo lugar en la mayor parte de Europa occidental y los Balcanes en la antig\u00fcedad, por el cual numerosas regiones bajo el poder pol\u00edtico de Roma adoptaron sus instituciones, costumbres, organizaci\u00f3n social y su lengua. Se entiende por romanizaci\u00f3n de Hispania el proceso [&hellip;]<\/p>\n","protected":false},"author":117,"featured_media":0,"parent":277,"menu_order":0,"comment_status":"closed","ping_status":"closed","template":"","meta":{"footnotes":""},"class_list":["post-3088","page","type-page","status-publish","hentry","post-preview"],"_links":{"self":[{"href":"https:\/\/edublog.educastur.es\/ixuxullingua\/wp-json\/wp\/v2\/pages\/3088","targetHints":{"allow":["GET"]}}],"collection":[{"href":"https:\/\/edublog.educastur.es\/ixuxullingua\/wp-json\/wp\/v2\/pages"}],"about":[{"href":"https:\/\/edublog.educastur.es\/ixuxullingua\/wp-json\/wp\/v2\/types\/page"}],"author":[{"embeddable":true,"href":"https:\/\/edublog.educastur.es\/ixuxullingua\/wp-json\/wp\/v2\/users\/117"}],"replies":[{"embeddable":true,"href":"https:\/\/edublog.educastur.es\/ixuxullingua\/wp-json\/wp\/v2\/comments?post=3088"}],"version-history":[{"count":15,"href":"https:\/\/edublog.educastur.es\/ixuxullingua\/wp-json\/wp\/v2\/pages\/3088\/revisions"}],"predecessor-version":[{"id":3371,"href":"https:\/\/edublog.educastur.es\/ixuxullingua\/wp-json\/wp\/v2\/pages\/3088\/revisions\/3371"}],"up":[{"embeddable":true,"href":"https:\/\/edublog.educastur.es\/ixuxullingua\/wp-json\/wp\/v2\/pages\/277"}],"wp:attachment":[{"href":"https:\/\/edublog.educastur.es\/ixuxullingua\/wp-json\/wp\/v2\/media?parent=3088"}],"curies":[{"name":"wp","href":"https:\/\/api.w.org\/{rel}","templated":true}]}}