{"id":313,"date":"2020-08-05T07:51:43","date_gmt":"2020-08-05T07:51:43","guid":{"rendered":"https:\/\/edublog.educastur.es\/ixuxullingua\/?page_id=313"},"modified":"2021-07-02T10:04:41","modified_gmt":"2021-07-02T08:04:41","slug":"apuntate-2","status":"publish","type":"page","link":"https:\/\/edublog.educastur.es\/ixuxullingua\/apuntate-2\/","title":{"rendered":"Ap\u00fantate"},"content":{"rendered":"<ul>\n<li><a href=\"https:\/\/www.educastur.es\/-\/campana-de-matriculacion-n-asturianu-y-gallego-asturianu-2020-2021\"><span style=\"font-size: 24pt\"><em>Campa\u00f1a 2020<\/em><\/span><\/a><\/li>\n<\/ul>\n<h3>Dende <a href=\"https:\/\/www.facebook.com\/selmana.lletresasturianes?eid=ARBXtWWeRTu6W5mJW3EsS3PtUS0UPDgo36QWdsT4EWkqBDjZd9jH5AEs75U2_5LwxLtcKvPTozCVi0T8&amp;hc_ref=ARQGS1daaw2ZzAmT11ZcNp_4Kw0D3QV8bdwcg1harNXMA2dpXXV-GetN509gNRwnK3U&amp;fref=nf\" target=\"_blank\" rel=\"noopener noreferrer\"><b><u><i>Pol\u00edtica Lling\u00fc\u00edstica Princip\u00e1u d&#8217;Asturies<\/i><\/u><\/b><\/a> entama la campa\u00f1a del Gobiernu d&#8217;Asturies <a href=\"https:\/\/www.facebook.com\/hashtag\/ap%C3%BAntate?__eep__=6&amp;__cft__[0]=AZX4Tl2SbA_qY09AymP7BdeYBN9rH3xBz6Xc7Om3mjUKJa9x5csFFWsvuUxUMHwMrbjLISCIxnhfHp17IFbxJiiIU_e-NoPXvt6MqyPx_RtfowDfGgdtNoHS6SM9GPKEGlg&amp;__tn__=*NK-R\">#Ap\u00fantate<\/a> en favor de la matriculaci\u00f3n de les asignatures de Llingua Asturiana y de Gallego-Asturianu pal cursu 2020-21. Estos son los carteles nes dos lling\u00fces. Pero ye una campa\u00f1a que va trayer m\u00e1s sorpreses.<\/h3>\n<p><a href=\"https:\/\/politicallinguistica.asturias.es\/documents\/71052\/87022\/Tarjeton_Web_Matriculacion_Asturianu_2021-22_.jpg\/4ef9c72f-88e8-1620-3e39-354910c5af5c?t=1623222673311\"><img loading=\"lazy\" decoding=\"async\" class=\"aligncenter\" src=\"https:\/\/politicallinguistica.asturias.es\/documents\/71052\/87022\/Tarjeton_Web_Matriculacion_Asturianu_2021-22_.jpg\/4ef9c72f-88e8-1620-3e39-354910c5af5c?t=1623222673311\" alt=\"\" width=\"709\" height=\"1001\" \/><\/a><\/p>\n<p>&nbsp;<\/p>\n<ul>\n<li>\n<h3><a href=\"https:\/\/www.educastur.es\/documents\/10531\/5214006\/2020-06+CARTEL+FINAL+asturiano+WEB.pdf\/a4e28240-a570-47fa-b502-89a8a95ed848\" target=\"_blank\" rel=\"noopener noreferrer\">Cartel llingua asturiana<\/a> (pdf)<\/h3>\n<\/li>\n<li>\n<h3><a href=\"https:\/\/www.educastur.es\/documents\/10531\/5214006\/2020-06+CARTEL+FINAL+gallego-asturiano+WEB.pdf\/81c12761-5925-4857-870d-2aa4334c496f\" target=\"_blank\" rel=\"noopener noreferrer\">Cartel Gallego-Asturiano<\/a> (pdf)<\/h3>\n<\/li>\n<li>\n<h3><i><b>Ap\u00fantate! Del 23 al 31 de xunu<\/b><\/i><\/h3>\n<\/li>\n<li>\n<h3><a href=\"https:\/\/www.facebook.com\/gobiernodeasturias\/videos\/196524894954738\" target=\"_blank\" rel=\"noopener noreferrer\"><i>Ver VIDEU en Facebook<\/i><\/a><\/h3>\n<\/li>\n<li>\n<h3><i><a href=\"https:\/\/educastur-my.sharepoint.com\/:v:\/g\/personal\/isabellh_educastur_org\/EWmNbpFTdvZOgOnK_gkvtXgBhc8o3UlCfMoYpfUeQUaEeg?e=qfQxaV\" target=\"_blank\" rel=\"noopener noreferrer\">Ver videu equ\u00ed<\/a><br \/>\n<\/i><\/h3>\n<\/li>\n<li><strong><span style=\"font-size: 14pt\"><em><a href=\"https:\/\/politicallinguistica.asturias.es\/documents\/35940\/86903\/SPOT_LLINGUA_DEF.mp4\/ca7a9515-69e4-72f2-30e3-3fadb3d32b5f?t=1623220915042\">Videu n\u00b4asturianu<\/a><\/em><\/span><\/strong><\/li>\n<\/ul>\n<p>&nbsp;<\/p>\n<p><a href=\"https:\/\/politicallinguistica.asturias.es\/documents\/35940\/86903\/SPOT_LLINGUA_DEF.mp4\/ca7a9515-69e4-72f2-30e3-3fadb3d32b5f?t=1623220915042\">https:\/\/politicallinguistica.asturias.es\/documents\/35940\/86903\/SPOT_LLINGUA_DEF.mp4\/ca7a9515-69e4-72f2-30e3-3fadb3d32b5f?t=1623220915042<\/a><\/p>\n<ul>\n<li>\n<h3><\/h3>\n<\/li>\n<li>\n<h3><a href=\"https:\/\/educastur-my.sharepoint.com\/personal\/corredoria3_educastur_org\/_layouts\/15\/onedrive.aspx?id=%2Fpersonal%2Fcorredoria3%5Feducastur%5Forg%2FDocuments%2FALOJAWEB%5FCOLE%5FNo%20borrar%2FDocumentos%20Web%2FINFORMACIO%CC%81N%20GENERAL%20MATRICULACIO%CC%81N%2Epdf&amp;parent=%2Fpersonal%2Fcorredoria3%5Feducastur%5Forg%2FDocuments%2FALOJAWEB%5FCOLE%5FNo%20borrar%2FDocumentos%20Web&amp;originalPath=aHR0cHM6Ly9lZHVjYXN0dXItbXkuc2hhcmVwb2ludC5jb20vOmI6L2cvcGVyc29uYWwvY29ycmVkb3JpYTNfZWR1Y2FzdHVyX29yZy9FWEplV2RBbFRPNUZ2VGJnbTkxQU5qY0JzTHA3RGF3ZzkwX0c1NkVJVHZQbkxnP3J0aW1lPXlNSUhXcGNTMkVn\" target=\"_blank\" rel=\"noopener noreferrer\">Ver noticia <b><i>\u00abMatriculaci\u00f3n\u00bb<\/i><\/b> en la web del Cole<\/a><\/h3>\n<\/li>\n<li>\n<h3><a href=\"https:\/\/t.co\/IDeZIjW9yY\" target=\"_blank\" rel=\"noopener noreferrer\">Ver noticia n\u00b4Educastur<\/a><\/h3>\n<\/li>\n<li>\n<h3><a href=\"https:\/\/es-es.facebook.com\/ofillin\/\">Ver informaci\u00f3n Oficina Normalizaci\u00f3n Ll. de Xix\u00f3n<\/a><\/h3>\n<\/li>\n<\/ul>\n<p>&nbsp;<\/p>\n<p><a href=\"https:\/\/westeurope1-mediap.svc.ms\/transform\/thumbnail?provider=spo&amp;inputFormat=jpg&amp;cs=fFNQTw&amp;docid=https%3A%2F%2Feducastur-my.sharepoint.com%3A443%2F_api%2Fv2.0%2Fdrives%2Fb!SwRxMhYTBEKES8OtK7mVLyi4wwOPp49HimwbtlnLo8LNJsjJvqxHSYde_C6rBW6-%2Fitems%2F01WE36N5GOKYVLEVR2PVGKZVS2ZLUKYS5R%3Fversion%3DPublished&amp;access_token=eyJ0eXAiOiJKV1QiLCJhbGciOiJub25lIn0.eyJhdWQiOiIwMDAwMDAwMy0wMDAwLTBmZjEtY2UwMC0wMDAwMDAwMDAwMDAvZWR1Y2FzdHVyLW15LnNoYXJlcG9pbnQuY29tQDg4YTM2ZTNiLWQ3OWYtNGEyYi04ZGI2LTRjMDZkMDk3MzgyMSIsImlzcyI6IjAwMDAwMDAzLTAwMDAtMGZmMS1jZTAwLTAwMDAwMDAwMDAwMCIsIm5iZiI6IjE2MjUyMDU2MDAiLCJleHAiOiIxNjI1MjI3MjAwIiwiZW5kcG9pbnR1cmwiOiJKY1hSQjJibWRiKzI0dlg0KzZHSW9nWHpycnJMeEVvNlZZRVIyLzMwS1lRPSIsImVuZHBvaW50dXJsTGVuZ3RoIjoiMTE5IiwiaXNsb29wYmFjayI6IlRydWUiLCJ2ZXIiOiJoYXNoZWRwcm9vZnRva2VuIiwic2l0ZWlkIjoiTXpJM01UQTBOR0l0TVRNeE5pMDBNakEwTFRnME5HSXRZek5oWkRKaVlqazVOVEptIiwic2lnbmluX3N0YXRlIjoiW1wia21zaVwiXSIsIm5hbWVpZCI6IjAjLmZ8bWVtYmVyc2hpcHxpc2FiZWxsaEBlZHVjYXN0dXIub3JnIiwibmlpIjoibWljcm9zb2Z0LnNoYXJlcG9pbnQiLCJpc3VzZXIiOiJ0cnVlIiwiY2FjaGVrZXkiOiIwaC5mfG1lbWJlcnNoaXB8MTAwMzAwMDA5N2JjMzY3MEBsaXZlLmNvbSIsInR0IjoiMCIsInVzZVBlcnNpc3RlbnRDb29raWUiOiIzIn0.bkczMzlyTXJyaFoyeUNwNjJZVnhGK3gzK2kzbnVkelFqcnJxRHJtY3RVQT0&amp;encodeFailures=1&amp;width=1042&amp;height=781&amp;srcWidth=1441&amp;srcHeight=1080\"><img loading=\"lazy\" decoding=\"async\" class=\"aligncenter\" src=\"https:\/\/westeurope1-mediap.svc.ms\/transform\/thumbnail?provider=spo&amp;inputFormat=jpg&amp;cs=fFNQTw&amp;docid=https%3A%2F%2Feducastur-my.sharepoint.com%3A443%2F_api%2Fv2.0%2Fdrives%2Fb!SwRxMhYTBEKES8OtK7mVLyi4wwOPp49HimwbtlnLo8LNJsjJvqxHSYde_C6rBW6-%2Fitems%2F01WE36N5GOKYVLEVR2PVGKZVS2ZLUKYS5R%3Fversion%3DPublished&amp;access_token=eyJ0eXAiOiJKV1QiLCJhbGciOiJub25lIn0.eyJhdWQiOiIwMDAwMDAwMy0wMDAwLTBmZjEtY2UwMC0wMDAwMDAwMDAwMDAvZWR1Y2FzdHVyLW15LnNoYXJlcG9pbnQuY29tQDg4YTM2ZTNiLWQ3OWYtNGEyYi04ZGI2LTRjMDZkMDk3MzgyMSIsImlzcyI6IjAwMDAwMDAzLTAwMDAtMGZmMS1jZTAwLTAwMDAwMDAwMDAwMCIsIm5iZiI6IjE2MjUyMDU2MDAiLCJleHAiOiIxNjI1MjI3MjAwIiwiZW5kcG9pbnR1cmwiOiJKY1hSQjJibWRiKzI0dlg0KzZHSW9nWHpycnJMeEVvNlZZRVIyLzMwS1lRPSIsImVuZHBvaW50dXJsTGVuZ3RoIjoiMTE5IiwiaXNsb29wYmFjayI6IlRydWUiLCJ2ZXIiOiJoYXNoZWRwcm9vZnRva2VuIiwic2l0ZWlkIjoiTXpJM01UQTBOR0l0TVRNeE5pMDBNakEwTFRnME5HSXRZek5oWkRKaVlqazVOVEptIiwic2lnbmluX3N0YXRlIjoiW1wia21zaVwiXSIsIm5hbWVpZCI6IjAjLmZ8bWVtYmVyc2hpcHxpc2FiZWxsaEBlZHVjYXN0dXIub3JnIiwibmlpIjoibWljcm9zb2Z0LnNoYXJlcG9pbnQiLCJpc3VzZXIiOiJ0cnVlIiwiY2FjaGVrZXkiOiIwaC5mfG1lbWJlcnNoaXB8MTAwMzAwMDA5N2JjMzY3MEBsaXZlLmNvbSIsInR0IjoiMCIsInVzZVBlcnNpc3RlbnRDb29raWUiOiIzIn0.bkczMzlyTXJyaFoyeUNwNjJZVnhGK3gzK2kzbnVkelFqcnJxRHJtY3RVQT0&amp;encodeFailures=1&amp;width=1042&amp;height=781&amp;srcWidth=1441&amp;srcHeight=1080\" alt=\"\" width=\"1042\" height=\"781\" \/><\/a><\/p>\n<p style=\"text-align: center\"><a href=\"https:\/\/westeurope1-mediap.svc.ms\/transform\/thumbnail?provider=spo&amp;inputFormat=jpg&amp;cs=fFNQTw&amp;docid=https%3A%2F%2Feducastur-my.sharepoint.com%3A443%2F_api%2Fv2.0%2Fdrives%2Fb!SwRxMhYTBEKES8OtK7mVLyi4wwOPp49HimwbtlnLo8LNJsjJvqxHSYde_C6rBW6-%2Fitems%2F01WE36N5FK3SKT7QRKYZC2FYUFGHNBMARD%3Fversion%3DPublished&amp;access_token=eyJ0eXAiOiJKV1QiLCJhbGciOiJub25lIn0.eyJhdWQiOiIwMDAwMDAwMy0wMDAwLTBmZjEtY2UwMC0wMDAwMDAwMDAwMDAvZWR1Y2FzdHVyLW15LnNoYXJlcG9pbnQuY29tQDg4YTM2ZTNiLWQ3OWYtNGEyYi04ZGI2LTRjMDZkMDk3MzgyMSIsImlzcyI6IjAwMDAwMDAzLTAwMDAtMGZmMS1jZTAwLTAwMDAwMDAwMDAwMCIsIm5iZiI6IjE2MjUyMDU2MDAiLCJleHAiOiIxNjI1MjI3MjAwIiwiZW5kcG9pbnR1cmwiOiJKY1hSQjJibWRiKzI0dlg0KzZHSW9nWHpycnJMeEVvNlZZRVIyLzMwS1lRPSIsImVuZHBvaW50dXJsTGVuZ3RoIjoiMTE5IiwiaXNsb29wYmFjayI6IlRydWUiLCJ2ZXIiOiJoYXNoZWRwcm9vZnRva2VuIiwic2l0ZWlkIjoiTXpJM01UQTBOR0l0TVRNeE5pMDBNakEwTFRnME5HSXRZek5oWkRKaVlqazVOVEptIiwic2lnbmluX3N0YXRlIjoiW1wia21zaVwiXSIsIm5hbWVpZCI6IjAjLmZ8bWVtYmVyc2hpcHxpc2FiZWxsaEBlZHVjYXN0dXIub3JnIiwibmlpIjoibWljcm9zb2Z0LnNoYXJlcG9pbnQiLCJpc3VzZXIiOiJ0cnVlIiwiY2FjaGVrZXkiOiIwaC5mfG1lbWJlcnNoaXB8MTAwMzAwMDA5N2JjMzY3MEBsaXZlLmNvbSIsInR0IjoiMCIsInVzZVBlcnNpc3RlbnRDb29raWUiOiIzIn0.bkczMzlyTXJyaFoyeUNwNjJZVnhGK3gzK2kzbnVkelFqcnJxRHJtY3RVQT0&amp;encodeFailures=1&amp;width=1041&amp;height=781&amp;srcWidth=1440&amp;srcHeight=1080\"><img loading=\"lazy\" decoding=\"async\" class=\"alignnone\" src=\"https:\/\/westeurope1-mediap.svc.ms\/transform\/thumbnail?provider=spo&amp;inputFormat=jpg&amp;cs=fFNQTw&amp;docid=https%3A%2F%2Feducastur-my.sharepoint.com%3A443%2F_api%2Fv2.0%2Fdrives%2Fb!SwRxMhYTBEKES8OtK7mVLyi4wwOPp49HimwbtlnLo8LNJsjJvqxHSYde_C6rBW6-%2Fitems%2F01WE36N5FK3SKT7QRKYZC2FYUFGHNBMARD%3Fversion%3DPublished&amp;access_token=eyJ0eXAiOiJKV1QiLCJhbGciOiJub25lIn0.eyJhdWQiOiIwMDAwMDAwMy0wMDAwLTBmZjEtY2UwMC0wMDAwMDAwMDAwMDAvZWR1Y2FzdHVyLW15LnNoYXJlcG9pbnQuY29tQDg4YTM2ZTNiLWQ3OWYtNGEyYi04ZGI2LTRjMDZkMDk3MzgyMSIsImlzcyI6IjAwMDAwMDAzLTAwMDAtMGZmMS1jZTAwLTAwMDAwMDAwMDAwMCIsIm5iZiI6IjE2MjUyMDU2MDAiLCJleHAiOiIxNjI1MjI3MjAwIiwiZW5kcG9pbnR1cmwiOiJKY1hSQjJibWRiKzI0dlg0KzZHSW9nWHpycnJMeEVvNlZZRVIyLzMwS1lRPSIsImVuZHBvaW50dXJsTGVuZ3RoIjoiMTE5IiwiaXNsb29wYmFjayI6IlRydWUiLCJ2ZXIiOiJoYXNoZWRwcm9vZnRva2VuIiwic2l0ZWlkIjoiTXpJM01UQTBOR0l0TVRNeE5pMDBNakEwTFRnME5HSXRZek5oWkRKaVlqazVOVEptIiwic2lnbmluX3N0YXRlIjoiW1wia21zaVwiXSIsIm5hbWVpZCI6IjAjLmZ8bWVtYmVyc2hpcHxpc2FiZWxsaEBlZHVjYXN0dXIub3JnIiwibmlpIjoibWljcm9zb2Z0LnNoYXJlcG9pbnQiLCJpc3VzZXIiOiJ0cnVlIiwiY2FjaGVrZXkiOiIwaC5mfG1lbWJlcnNoaXB8MTAwMzAwMDA5N2JjMzY3MEBsaXZlLmNvbSIsInR0IjoiMCIsInVzZVBlcnNpc3RlbnRDb29raWUiOiIzIn0.bkczMzlyTXJyaFoyeUNwNjJZVnhGK3gzK2kzbnVkelFqcnJxRHJtY3RVQT0&amp;encodeFailures=1&amp;width=1041&amp;height=781&amp;srcWidth=1440&amp;srcHeight=1080\" alt=\"\" width=\"1041\" height=\"781\" \/><\/a><\/p>\n<p>&nbsp;<\/p>\n<p>&nbsp;<\/p>\n<ul>\n<li><a href=\"https:\/\/iniciativapolasturianu.org\/iniciativa-pol-asturianu-entama-una-campana-pa-promover-la-matriculacion-en-llingua-asturiana-y-gallego-asturianu\/\"><span style=\"color: #000080\"><em><span style=\"font-size: 18pt\">Ver campa\u00f1a d\u00b4INICIATIVA POL ASTURIANU<\/span><\/em><\/span><\/a><\/li>\n<\/ul>\n<p><a href=\"https:\/\/iniciativapolasturianu.org\/wp-content\/uploads\/2020\/06\/IMG-8396.png\"><img loading=\"lazy\" decoding=\"async\" class=\"alignnone \" src=\"https:\/\/iniciativapolasturianu.org\/wp-content\/uploads\/2020\/06\/IMG-8396.png\" width=\"500\" height=\"500\" \/><\/a><\/p>\n<p><a href=\"https:\/\/iniciativapolasturianu.org\/wp-content\/uploads\/2020\/06\/IMG-8398.png\"><img loading=\"lazy\" decoding=\"async\" class=\"alignnone \" src=\"https:\/\/iniciativapolasturianu.org\/wp-content\/uploads\/2020\/06\/IMG-8398.png\" width=\"500\" height=\"500\" \/><\/a><\/p>\n<p><a href=\"https:\/\/iniciativapolasturianu.org\/wp-content\/uploads\/2020\/06\/IMG-8400.png\"><img loading=\"lazy\" decoding=\"async\" class=\"alignnone \" src=\"https:\/\/iniciativapolasturianu.org\/wp-content\/uploads\/2020\/06\/IMG-8400.png\" width=\"500\" height=\"500\" \/><\/a><\/p>\n<p>&nbsp;<\/p>\n","protected":false},"excerpt":{"rendered":"<p>Campa\u00f1a 2020 Dende Pol\u00edtica Lling\u00fc\u00edstica Princip\u00e1u d&#8217;Asturies entama la campa\u00f1a del Gobiernu d&#8217;Asturies #Ap\u00fantate en favor de la matriculaci\u00f3n de les asignatures de Llingua Asturiana y de Gallego-Asturianu pal cursu 2020-21. Estos son los carteles nes dos lling\u00fces. Pero ye una campa\u00f1a que va trayer m\u00e1s sorpreses. &nbsp; Cartel llingua asturiana (pdf) Cartel Gallego-Asturiano (pdf) [&hellip;]<\/p>\n","protected":false},"author":117,"featured_media":0,"parent":0,"menu_order":19,"comment_status":"closed","ping_status":"closed","template":"","meta":{"footnotes":""},"class_list":["post-313","page","type-page","status-publish","hentry","post-preview"],"_links":{"self":[{"href":"https:\/\/edublog.educastur.es\/ixuxullingua\/wp-json\/wp\/v2\/pages\/313","targetHints":{"allow":["GET"]}}],"collection":[{"href":"https:\/\/edublog.educastur.es\/ixuxullingua\/wp-json\/wp\/v2\/pages"}],"about":[{"href":"https:\/\/edublog.educastur.es\/ixuxullingua\/wp-json\/wp\/v2\/types\/page"}],"author":[{"embeddable":true,"href":"https:\/\/edublog.educastur.es\/ixuxullingua\/wp-json\/wp\/v2\/users\/117"}],"replies":[{"embeddable":true,"href":"https:\/\/edublog.educastur.es\/ixuxullingua\/wp-json\/wp\/v2\/comments?post=313"}],"version-history":[{"count":7,"href":"https:\/\/edublog.educastur.es\/ixuxullingua\/wp-json\/wp\/v2\/pages\/313\/revisions"}],"predecessor-version":[{"id":315,"href":"https:\/\/edublog.educastur.es\/ixuxullingua\/wp-json\/wp\/v2\/pages\/313\/revisions\/315"}],"wp:attachment":[{"href":"https:\/\/edublog.educastur.es\/ixuxullingua\/wp-json\/wp\/v2\/media?parent=313"}],"curies":[{"name":"wp","href":"https:\/\/api.w.org\/{rel}","templated":true}]}}