{"id":3188,"date":"2022-01-14T12:46:33","date_gmt":"2022-01-14T10:46:33","guid":{"rendered":"https:\/\/edublog.educastur.es\/ixuxullingua\/?page_id=3188"},"modified":"2022-01-25T10:50:47","modified_gmt":"2022-01-25T08:50:47","slug":"cascoxu","status":"publish","type":"page","link":"https:\/\/edublog.educastur.es\/ixuxullingua\/primeru\/primeru-21-22\/06-segundu-trimestre\/cascoxu\/","title":{"rendered":"CASCOXU"},"content":{"rendered":"<p style=\"text-align: center\"><a href=\"https:\/\/tinypix.top\/images\/2022\/01\/19\/ezi6p.jpg\"><img loading=\"lazy\" decoding=\"async\" class=\"alignnone\" src=\"https:\/\/tinypix.top\/images\/2022\/01\/19\/ezi6p.jpg\" alt=\"\" width=\"1090\" height=\"613\" \/><\/a><\/p>\n<p style=\"text-align: center\"><a href=\"https:\/\/i1.wp.com\/meikki.mx\/wp-content\/uploads\/2020\/04\/Baba-de-caracol-magia-para-tu-piel.png?fit=480%2C480&amp;ssl=1\"><img loading=\"lazy\" decoding=\"async\" class=\"alignnone\" src=\"https:\/\/i1.wp.com\/meikki.mx\/wp-content\/uploads\/2020\/04\/Baba-de-caracol-magia-para-tu-piel.png?fit=480%2C480&amp;ssl=1\" alt=\"\" width=\"480\" height=\"480\" \/><\/a><\/p>\n<p style=\"text-align: center\"><a href=\"https:\/\/www.huelvainformacion.es\/2018\/02\/04\/vivir_en_huelva\/Caracoles-tierra_1215489081_105282304_1200x675.jpg\"><img loading=\"lazy\" decoding=\"async\" class=\"alignnone\" src=\"https:\/\/www.huelvainformacion.es\/2018\/02\/04\/vivir_en_huelva\/Caracoles-tierra_1215489081_105282304_1200x675.jpg\" alt=\"\" width=\"1200\" height=\"675\" \/><\/a><\/p>\n<p>&nbsp;<\/p>\n<p style=\"text-align: center\"><a href=\"https:\/\/media.gq.com.mx\/photos\/61001a2a3eb13ba2e521900f\/16:9\/w_2560%2Cc_limit\/caracol-crema.jpg\"><img loading=\"lazy\" decoding=\"async\" class=\"alignnone\" src=\"https:\/\/media.gq.com.mx\/photos\/61001a2a3eb13ba2e521900f\/16:9\/w_2560%2Cc_limit\/caracol-crema.jpg\" alt=\"\" width=\"2560\" height=\"1440\" \/><\/a><\/p>\n<p>&nbsp;<\/p>\n<p style=\"text-align: center\"><a href=\"https:\/\/uh.gsstatic.es\/sfAttachPlugin\/getCachedContent\/id\/800861\/width\/730\/height\/369\"><img loading=\"lazy\" decoding=\"async\" class=\"aligncenter\" src=\"https:\/\/uh.gsstatic.es\/sfAttachPlugin\/getCachedContent\/id\/800861\/width\/730\/height\/369\" alt=\"\" width=\"730\" height=\"369\" \/><\/a><\/p>\n<p style=\"text-align: center\"><a href=\"https:\/\/www.azureazure.com\/files\/Images\/Bulletins\/BodySoul\/snail_facial\/Snail-FacialINT01.jpg\"><img loading=\"lazy\" decoding=\"async\" class=\"alignnone\" src=\"https:\/\/www.azureazure.com\/files\/Images\/Bulletins\/BodySoul\/snail_facial\/Snail-FacialINT01.jpg\" alt=\"\" width=\"440\" height=\"290\" \/><\/a><\/p>\n<ul>\n<li><a href=\"https:\/\/educastur-my.sharepoint.com\/:f:\/g\/personal\/isabellh_educastur_org\/EgwS55k0gqdDn_PTVAIdI_YBwFXZ5goHI_ZFgaI__yf3yA?e=acUhd8\">Archivu OneDrive<\/a><\/li>\n<li><a href=\"https:\/\/educastur-my.sharepoint.com\/:b:\/g\/personal\/isabellh_educastur_org\/Ea2eBKe2DBlCor1DA9p-u9QBqXYAM1chfZQddqsgOp8Eqg?e=6mTqu9\">Cuentu \u00abCascoxu\u00bb de Pintar-Pintar<\/a><\/li>\n<li><a href=\"https:\/\/educastur-my.sharepoint.com\/:u:\/g\/personal\/isabellh_educastur_org\/Ec1YRuJpqgJLsAz-7UBvAEMBUNp6-OAizHnA6IbHE2HtIA?e=cyrgCZ\">Canciu: Despac\u00edn al pas\u00edn<\/a><\/li>\n<li><a href=\"http:\/\/elblogdellingua1.blogspot.com\/2016\/02\/el-cascoxu.html\">Blog de llingua: Despac\u00edn al pas\u00edn<\/a><\/li>\n<\/ul>\n<p style=\"text-align: center\">\n<!-- iframe plugin v.6.0 wordpress.org\/plugins\/iframe\/ -->\n<iframe id=\"audio_10530569\" frameborder=\"0\" allowfullscreen scrolling=\"no\" height=\"200\" style=\"border:1px solid #EEE; box-sizing:border-box; width:100%;\" src=\"https:\/\/www.ivoox.com\/player_ej_10530569_4_1.html?c1=ff6600\" loading=\"lazy\" 0=\"\/iframe\" width=\"100%\" class=\"iframe-class\"><\/iframe>\n<\/p>\n<p><a href=\"https:\/\/img2.rtve.es\/i\/?w=1600&amp;i=1360916708135.jpg\"><img loading=\"lazy\" decoding=\"async\" class=\"aligncenter\" src=\"https:\/\/img2.rtve.es\/i\/?w=1600&amp;i=1360916708135.jpg\" alt=\"\" width=\"1600\" height=\"945\" \/><\/a><\/p>\n<p><a href=\"https:\/\/tinypix.top\/images\/2022\/01\/19\/ezP39.jpg\"><img loading=\"lazy\" decoding=\"async\" class=\"aligncenter\" src=\"https:\/\/tinypix.top\/images\/2022\/01\/19\/ezP39.jpg\" alt=\"\" width=\"450\" height=\"232\" \/><\/a><\/p>\n<ul>\n<li><a href=\"https:\/\/es.wikipedia.org\/wiki\/Caracol\">Caracol (wiki)<\/a> \/ <a href=\"https:\/\/es.images.search.yahoo.com\/search\/images;_ylt=AwrIdFiVh.Zhjz4A9gZU04lQ;_ylu=Y29sbwNpcjIEcG9zAzEEdnRpZAMEc2VjA3BpdnM-?p=caracol&amp;fr2=piv-web&amp;type=E210ES714G0&amp;fr=mcafee\">semeyes<\/a><\/li>\n<li>El t\u00e9rmino\u00a0<b>caracol<\/b>\u00a0es el nombre com\u00fan de los\u00a0<a class=\"mw-redirect\" title=\"Moluscos\" href=\"https:\/\/es.wikipedia.org\/wiki\/Moluscos\">moluscos<\/a>\u00a0<a class=\"mw-redirect\" title=\"Gaster\u00f3podos\" href=\"https:\/\/es.wikipedia.org\/wiki\/Gaster%C3%B3podos\">gaster\u00f3podos<\/a>\u00a0provistos de una\u00a0<a title=\"Concha\" href=\"https:\/\/es.wikipedia.org\/wiki\/Concha\">concha<\/a>\u00a0<a title=\"Espiral\" href=\"https:\/\/es.wikipedia.org\/wiki\/Espiral\">espiral<\/a>. <strong><a href=\"https:\/\/tinypix.top\/images\/2022\/01\/19\/ezfiT.jpg\">VER m\u00e1 con beb\u00e9<\/a><\/strong><\/li>\n<\/ul>\n<p style=\"text-align: center\"><a href=\"https:\/\/tinypix.top\/images\/2022\/01\/19\/ezNk5.jpg\"><img loading=\"lazy\" decoding=\"async\" class=\"alignnone\" src=\"https:\/\/tinypix.top\/images\/2022\/01\/19\/ezNk5.jpg\" alt=\"\" width=\"1024\" height=\"683\" \/><\/a><\/p>\n<ul>\n<li>Hay caracoles marinos (a veces denominados\u00a0<a title=\"Caracola\" href=\"https:\/\/es.wikipedia.org\/wiki\/Caracola\">caracolas<\/a>),\u00a0<a title=\"Caracol de agua dulce\" href=\"https:\/\/es.wikipedia.org\/wiki\/Caracol_de_agua_dulce\">dulceacu\u00edcolas<\/a>\u00a0y terrestres.<\/li>\n<\/ul>\n<p style=\"text-align: center\"><a href=\"https:\/\/tinypix.top\/images\/2022\/01\/19\/ezBXU.jpg\"><img loading=\"lazy\" decoding=\"async\" class=\"alignnone\" src=\"https:\/\/tinypix.top\/images\/2022\/01\/19\/ezBXU.jpg\" alt=\"\" width=\"1280\" height=\"640\" \/><\/a><\/p>\n<ul>\n<li>Los caracoles se mueven por medio de una serie de contracciones musculares ondulatorias que recorren la cara inferior del pie.<\/li>\n<li>\u00a0<span class=\"cita-requerida\">Estos poseen en la boca una estructura llamada\u00a0<a title=\"R\u00e1dula\" href=\"https:\/\/es.wikipedia.org\/wiki\/R%C3%A1dula\">r\u00e1dula<\/a>, con miles de dent\u00edculos que les sirven para raspar el\u00a0<a title=\"Moho\" href=\"https:\/\/es.wikipedia.org\/wiki\/Moho\">moho<\/a>\u00a0de las rocas.<\/span><sup>[<i><a title=\"Wikipedia:Verificabilidad\" href=\"https:\/\/es.wikipedia.org\/wiki\/Wikipedia:Verificabilidad\">cita\u00a0requerida<\/a><\/i>]<\/sup><\/li>\n<\/ul>\n<p style=\"text-align: center\"><a href=\"https:\/\/upload.wikimedia.org\/wikipedia\/commons\/thumb\/d\/db\/Scheme_snail_anatomy-numbers.svg\/1040px-Scheme_snail_anatomy-numbers.svg.png\"><img loading=\"lazy\" decoding=\"async\" class=\"alignnone\" src=\"https:\/\/upload.wikimedia.org\/wikipedia\/commons\/thumb\/d\/db\/Scheme_snail_anatomy-numbers.svg\/1040px-Scheme_snail_anatomy-numbers.svg.png\" alt=\"\" width=\"1040\" height=\"594\" \/><\/a><\/p>\n<p style=\"text-align: center\"><a href=\"https:\/\/tinypix.top\/images\/2022\/01\/19\/ezqtI.jpg\"><img loading=\"lazy\" decoding=\"async\" class=\"alignnone\" src=\"https:\/\/tinypix.top\/images\/2022\/01\/19\/ezqtI.jpg\" alt=\"\" width=\"629\" height=\"360\" \/><\/a><\/p>\n<hr \/>\n<p><iframe loading=\"lazy\" title=\"C\u00f3mo dibujar un Caracol Paso a Paso | Dibujo de Caracol\" width=\"676\" height=\"380\" src=\"https:\/\/www.youtube.com\/embed\/bor3iYxrwP8?feature=oembed\" frameborder=\"0\" allow=\"accelerometer; autoplay; clipboard-write; encrypted-media; gyroscope; picture-in-picture\" allowfullscreen><\/iframe><\/p>\n<p>Son familia de les baboses o llimiagos<\/p>\n<p style=\"text-align: center\"><a href=\"https:\/\/tse2.mm.bing.net\/th?id=OIP.Vrcyis41ZD3F4FdeonBvuQHaEK&amp;pid=Api&amp;P=0&amp;w=327&amp;h=184\"><img loading=\"lazy\" decoding=\"async\" class=\"alignnone\" src=\"https:\/\/tse2.mm.bing.net\/th?id=OIP.Vrcyis41ZD3F4FdeonBvuQHaEK&amp;pid=Api&amp;P=0&amp;w=327&amp;h=184\" alt=\"\" width=\"327\" height=\"184\" \/><\/a><\/p>\n","protected":false},"excerpt":{"rendered":"<p>&nbsp; &nbsp; Archivu OneDrive Cuentu \u00abCascoxu\u00bb de Pintar-Pintar Canciu: Despac\u00edn al pas\u00edn Blog de llingua: Despac\u00edn al pas\u00edn Caracol (wiki) \/ semeyes El t\u00e9rmino\u00a0caracol\u00a0es el nombre com\u00fan de los\u00a0moluscos\u00a0gaster\u00f3podos\u00a0provistos de una\u00a0concha\u00a0espiral. VER m\u00e1 con beb\u00e9 Hay caracoles marinos (a veces denominados\u00a0caracolas),\u00a0dulceacu\u00edcolas\u00a0y terrestres. Los caracoles se mueven por medio de una serie de contracciones musculares ondulatorias [&hellip;]<\/p>\n","protected":false},"author":117,"featured_media":0,"parent":836,"menu_order":0,"comment_status":"closed","ping_status":"closed","template":"","meta":{"footnotes":""},"class_list":["post-3188","page","type-page","status-publish","hentry","post-preview"],"_links":{"self":[{"href":"https:\/\/edublog.educastur.es\/ixuxullingua\/wp-json\/wp\/v2\/pages\/3188","targetHints":{"allow":["GET"]}}],"collection":[{"href":"https:\/\/edublog.educastur.es\/ixuxullingua\/wp-json\/wp\/v2\/pages"}],"about":[{"href":"https:\/\/edublog.educastur.es\/ixuxullingua\/wp-json\/wp\/v2\/types\/page"}],"author":[{"embeddable":true,"href":"https:\/\/edublog.educastur.es\/ixuxullingua\/wp-json\/wp\/v2\/users\/117"}],"replies":[{"embeddable":true,"href":"https:\/\/edublog.educastur.es\/ixuxullingua\/wp-json\/wp\/v2\/comments?post=3188"}],"version-history":[{"count":12,"href":"https:\/\/edublog.educastur.es\/ixuxullingua\/wp-json\/wp\/v2\/pages\/3188\/revisions"}],"predecessor-version":[{"id":3190,"href":"https:\/\/edublog.educastur.es\/ixuxullingua\/wp-json\/wp\/v2\/pages\/3188\/revisions\/3190"}],"up":[{"embeddable":true,"href":"https:\/\/edublog.educastur.es\/ixuxullingua\/wp-json\/wp\/v2\/pages\/836"}],"wp:attachment":[{"href":"https:\/\/edublog.educastur.es\/ixuxullingua\/wp-json\/wp\/v2\/media?parent=3188"}],"curies":[{"name":"wp","href":"https:\/\/api.w.org\/{rel}","templated":true}]}}