{"id":3200,"date":"2022-01-24T11:24:18","date_gmt":"2022-01-24T09:24:18","guid":{"rendered":"https:\/\/edublog.educastur.es\/ixuxullingua\/?page_id=3200"},"modified":"2022-01-25T12:29:43","modified_gmt":"2022-01-25T10:29:43","slug":"guertu","status":"publish","type":"page","link":"https:\/\/edublog.educastur.es\/ixuxullingua\/2-segundu\/segundu-21-22\/05-primer-trimestre\/guertu\/","title":{"rendered":"Guertu"},"content":{"rendered":"<div class=\"dati1w0a hv4rvrfc osnr6wyh\">\n<div class=\"btwxx1t3 j83agx80 cwj9ozl2\">\n<div class=\"j83agx80 cbu4d94t ew0dbk1b irj2b8pg\">\n<div class=\"qzhwtbm6 knvmm38d\">\n<p style=\"text-align: center\"><a href=\"http:\/\/www.tinypix.top\/images\/2022\/01\/22\/e8eYo.jpg\"><img loading=\"lazy\" decoding=\"async\" class=\"alignnone\" src=\"https:\/\/politicallinguistica.asturias.es\/documents\/71052\/123180\/Portada+AST+%282%29.jpg\/0dd6df60-7f1e-6daa-2a09-b4b140d7aa27?t=1642678780221\" alt=\"\" width=\"340\" height=\"146\" \/><\/a><\/p>\n<p style=\"text-align: center\"><span class=\"pq6dq46d tbxw36s4 knj5qynh kvgmc6g5 ditlmg2l oygrvhab nvdbi5me sf5mxxl7 gl3lb2sf hhz5lgdu\"><img loading=\"lazy\" decoding=\"async\" src=\"https:\/\/static.xx.fbcdn.net\/images\/emoji.php\/v9\/tfe\/1\/16\/1f96c.png\" alt=\"?\" width=\"16\" height=\"16\" \/><\/span><span class=\"pq6dq46d tbxw36s4 knj5qynh kvgmc6g5 ditlmg2l oygrvhab nvdbi5me sf5mxxl7 gl3lb2sf hhz5lgdu\"><img loading=\"lazy\" decoding=\"async\" src=\"https:\/\/static.xx.fbcdn.net\/images\/emoji.php\/v9\/tae\/1\/16\/1f952.png\" alt=\"?\" width=\"16\" height=\"16\" \/><\/span><span class=\"pq6dq46d tbxw36s4 knj5qynh kvgmc6g5 ditlmg2l oygrvhab nvdbi5me sf5mxxl7 gl3lb2sf hhz5lgdu\"><img loading=\"lazy\" decoding=\"async\" src=\"https:\/\/static.xx.fbcdn.net\/images\/emoji.php\/v9\/t42\/1\/16\/1f9c4.png\" alt=\"?\" width=\"16\" height=\"16\" \/><\/span><span class=\"pq6dq46d tbxw36s4 knj5qynh kvgmc6g5 ditlmg2l oygrvhab nvdbi5me sf5mxxl7 gl3lb2sf hhz5lgdu\"><img loading=\"lazy\" decoding=\"async\" src=\"https:\/\/static.xx.fbcdn.net\/images\/emoji.php\/v9\/tc3\/1\/16\/1f9c5.png\" alt=\"?\" width=\"16\" height=\"16\" \/><\/span> El director xeneral de Pol\u00edtica Lling\u00fc\u00edstica, Ant\u00f3n Garc\u00eda, present\u00f3 hoi nel colexu Jes\u00fas Neira de La Pola (\u1e36\u1e37ena) la publicaci\u00f3n qu&#8217;edita la Conseyer\u00eda de Cultura, Pol\u00edtica Lling\u00fc\u00edstica y Turismu <span style=\"color: #008080\">??????? ??? ?\u00fc???? ?????\u0301???? ?&#8217;????????<\/span> , <span style=\"color: #008080\">un manual orientativu y informativu sobre les plantes de g\u00fcerta, el calendariu de sema, qu\u00e9 nos aporten, problemes y remedios y hasta refranes. <a href=\"https:\/\/drive.google.com\/file\/d\/1ZPSxesxCqHuFHKrlknzzuRAHpgKplkwk\/\">VER PDF<\/a><\/span><\/p>\n<\/div>\n<\/div>\n<\/div>\n<\/div>\n<div class=\"\" dir=\"auto\">\n<div class=\"\" dir=\"auto\">\n<div class=\"ecm0bbzt hv4rvrfc ihqw7lf3 dati1w0a\" data-ad-comet-preview=\"message\" data-ad-preview=\"message\">\n<div class=\"j83agx80 cbu4d94t ew0dbk1b irj2b8pg\">\n<div class=\"qzhwtbm6 knvmm38d\">\n<div class=\"kvgmc6g5 cxmmr5t8 oygrvhab hcukyx3x c1et5uql ii04i59q\">\n<ul>\n<li><a href=\"https:\/\/politicallinguistica.asturias.es\/-\/pol-c3-adtica-lling-c3-bc-c3-adstica-la-rede-de-normalizaci-c3-b3n-y-el-copae-presenten-un-manual-de-cultivu-ecol-c3-b3xicu-n-asturianu-y-eonaviegu?redirect=%2F&amp;fbclid=IwAR08kBgESLMQUobYXVTeSrWzZ65bEGLKU0iRvpjHvsnq4MKRueiO5BXlr28\">Fonte: Pol\u00edtica Lling\u00fc\u00edstica<\/a><\/li>\n<li><a href=\"https:\/\/politicallinguistica.asturias.es\/documents\/35940\/36696\/Cultivu+del+g%C3%BCertu+ecol%C3%B3xicu+n%27Asturies.pdf\/e0c54a74-c37b-2e19-b248-778590a1cd34?t=1642676874573\">Gu\u00eda n&#8217;asturiano<\/a> \/<a href=\"https:\/\/politicallinguistica.asturias.es\/documents\/35940\/36696\/Cultivo+del+horto+ecol%C3%B3xico+en+Asturias.pdf\/8a5dfd02-8b9b-926a-c3c2-836bf584e122?t=1642676890353\"> Gu\u00eda eonaviego.<\/a><\/li>\n<\/ul>\n<p style=\"text-align: center\">\n<!-- iframe plugin v.6.0 wordpress.org\/plugins\/iframe\/ -->\n<iframe loading=\"lazy\" src=\"https:\/\/drive.google.com\/file\/d\/1ZPSxesxCqHuFHKrlknzzuRAHpgKplkwk\/preview\" width=\"640\" height=\"800\" allow=\"autoplay\" 0=\"\/iframe\" scrolling=\"yes\" class=\"iframe-class\" frameborder=\"0\"><\/iframe>\n<\/p>\n<\/div>\n<\/div>\n<\/div>\n<\/div>\n<\/div>\n<\/div>\n","protected":false},"excerpt":{"rendered":"<p>El director xeneral de Pol\u00edtica Lling\u00fc\u00edstica, Ant\u00f3n Garc\u00eda, present\u00f3 hoi nel colexu Jes\u00fas Neira de La Pola (\u1e36\u1e37ena) la publicaci\u00f3n qu&#8217;edita la Conseyer\u00eda de Cultura, Pol\u00edtica Lling\u00fc\u00edstica y Turismu ??????? ??? ?\u00fc???? ?????\u0301???? ?&#8217;???????? , un manual orientativu y informativu sobre les plantes de g\u00fcerta, el calendariu de sema, qu\u00e9 nos aporten, problemes y remedios [&hellip;]<\/p>\n","protected":false},"author":117,"featured_media":0,"parent":271,"menu_order":0,"comment_status":"closed","ping_status":"closed","template":"","meta":{"footnotes":""},"class_list":["post-3200","page","type-page","status-publish","hentry","post-preview"],"_links":{"self":[{"href":"https:\/\/edublog.educastur.es\/ixuxullingua\/wp-json\/wp\/v2\/pages\/3200","targetHints":{"allow":["GET"]}}],"collection":[{"href":"https:\/\/edublog.educastur.es\/ixuxullingua\/wp-json\/wp\/v2\/pages"}],"about":[{"href":"https:\/\/edublog.educastur.es\/ixuxullingua\/wp-json\/wp\/v2\/types\/page"}],"author":[{"embeddable":true,"href":"https:\/\/edublog.educastur.es\/ixuxullingua\/wp-json\/wp\/v2\/users\/117"}],"replies":[{"embeddable":true,"href":"https:\/\/edublog.educastur.es\/ixuxullingua\/wp-json\/wp\/v2\/comments?post=3200"}],"version-history":[{"count":3,"href":"https:\/\/edublog.educastur.es\/ixuxullingua\/wp-json\/wp\/v2\/pages\/3200\/revisions"}],"predecessor-version":[{"id":3203,"href":"https:\/\/edublog.educastur.es\/ixuxullingua\/wp-json\/wp\/v2\/pages\/3200\/revisions\/3203"}],"up":[{"embeddable":true,"href":"https:\/\/edublog.educastur.es\/ixuxullingua\/wp-json\/wp\/v2\/pages\/271"}],"wp:attachment":[{"href":"https:\/\/edublog.educastur.es\/ixuxullingua\/wp-json\/wp\/v2\/media?parent=3200"}],"curies":[{"name":"wp","href":"https:\/\/api.w.org\/{rel}","templated":true}]}}