{"id":3263,"date":"2022-03-03T23:15:37","date_gmt":"2022-03-03T21:15:37","guid":{"rendered":"https:\/\/edublog.educastur.es\/ixuxullingua\/?page_id=3263"},"modified":"2022-03-03T23:38:24","modified_gmt":"2022-03-03T21:38:24","slug":"profesiones","status":"publish","type":"page","link":"https:\/\/edublog.educastur.es\/ixuxullingua\/2-segundu\/segundu-21-22\/06-segundu-trimestre\/profesiones\/","title":{"rendered":"Profesiones"},"content":{"rendered":"<p style=\"text-align: center\"><strong><span style=\"color: #008080;font-size: 18pt\">Les profesiones<\/span><\/strong><\/p>\n<p style=\"text-align: center\"><a href=\"https:\/\/sites.google.com\/site\/webquestsobrelasprofesiones\/_\/rsrc\/1472877858359\/home\/portada.png\"><img loading=\"lazy\" decoding=\"async\" class=\"alignnone\" src=\"https:\/\/sites.google.com\/site\/webquestsobrelasprofesiones\/_\/rsrc\/1472877858359\/home\/portada.png\" alt=\"\" width=\"498\" height=\"292\" \/><\/a><\/p>\n<ul>\n<li><a href=\"https:\/\/educastur-my.sharepoint.com\/:f:\/g\/personal\/isabellh_educastur_org\/ElTJspSHGQtLqPy9Vy2Og7UB-GznkBc38mVonXFte0yLyw?e=5MlDx8\"><span style=\"font-size: 14pt\"><strong>Carpeta ONEDRIVE<\/strong> <\/span><\/a><\/li>\n<li><span style=\"font-size: 14pt\"><a href=\"https:\/\/educastur-my.sharepoint.com\/:b:\/g\/personal\/isabellh_educastur_org\/Ecx3kHZ8jwRDnD4EMG-cG5QB-a-Iu1NM7QFmDlyqPGgCsQ?e=Mf0hZE\">P\u00e1x. 56-57 Anaya Gu\u00eda<\/a>\/ <a href=\"https:\/\/educastur-my.sharepoint.com\/:u:\/g\/personal\/isabellh_educastur_org\/EZWoaFnPlRdNvgmC32u_heIBLkdvPm5184kKC5HR-wP4fA?e=hTTgtp\">Audio: Voi ser&#8230;<\/a><br \/>\n<\/span><\/li>\n<li><a href=\"https:\/\/educastur-my.sharepoint.com\/:b:\/g\/personal\/isabellh_educastur_org\/Ed1puf4W_xlGmFf5YrXd5hkB05zsVqOQc2jygxO-Besodw?e=bZ7m6n\">Gu\u00eda profe EL MEYOR G\u00dcERTU: <strong>24-25<\/strong><\/a><\/li>\n<li><a href=\"https:\/\/educastur-my.sharepoint.com\/:u:\/g\/personal\/isabellh_educastur_org\/EceXTgdu3TxOpaoVIsgjRAcBK2wONXSjzU0k-joeCElvag?e=kBfH79\">Audio: El meyor g\u00fcertu<\/a><\/li>\n<li><a href=\"https:\/\/educastur-my.sharepoint.com\/:b:\/g\/personal\/isabellh_educastur_org\/EQY57OKiTWNNlTmJ6tgI9koB2RNGwk01IU8NWSCT8P9CCw?e=IccMgI\">La tienda d&#8217;alimentaci\u00f3n: <strong>P\u00e1xina 36-37<\/strong><\/a><\/li>\n<li><a href=\"https:\/\/educastur-my.sharepoint.com\/:u:\/g\/personal\/isabellh_educastur_org\/EexDiSsP6n5AkMhMRrdl87sBjkFjQhGx_HFkcxpkT7c3yA?e=kYUWi6\">Audio: El merc\u00e1u<\/a><\/li>\n<li><span style=\"font-size: 18pt\"><span style=\"font-size: 14pt\"><a href=\"https:\/\/educastur-my.sharepoint.com\/:w:\/g\/personal\/isabellh_educastur_org\/EfDdaj97GVRKiWMWEqK9EAwBqHsTSLaiN5SHRJ1JUaIIng?e=ivB8RO\">Ficha word<\/a> \/ <\/span><a href=\"https:\/\/educastur-my.sharepoint.com\/:b:\/g\/personal\/isabellh_educastur_org\/Ed7utjHa0D5Hm-QxZfHno-oBeYrzEFLzqhDxtYOx0nJZJA?e=XI1piM\"><span style=\"font-size: 14pt\">pdf<\/span><\/a> <\/span><\/li>\n<li><a href=\"https:\/\/view.genial.ly\/6066d050ccc9790cde59ed7d\"><span style=\"font-size: 14pt\"><strong>Genial.ly<\/strong><\/span><\/a><\/li>\n<\/ul>\n<p style=\"text-align: center\">\n<!-- iframe plugin v.6.0 wordpress.org\/plugins\/iframe\/ -->\n<iframe loading=\"lazy\" width=\"600px\" height=\"452px\" src=\"https:\/\/view.genial.ly\/6066d050ccc9790cde59ed7d\" type=\"text\/html\" allowscriptaccess=\"always\" allowfullscreen=\"true\" scrolling=\"yes\" allownetworking=\"all\" 0=\"\/iframe\" class=\"iframe-class\" frameborder=\"0\"><\/iframe>\n<\/p>\n<ul>\n<li>XUEGOS:<\/li>\n<li><a href=\"https:\/\/view.genial.ly\/6066d050ccc9790cde59ed7d\/interactive-content-3-en-raya-profesiones\">Tres en raya<\/a> \/ <a href=\"https:\/\/www.youtube.com\/embed\/ZXLwAG70MSU\">Dado virtual&#8230;<\/a><\/li>\n<\/ul>\n\n<!-- iframe plugin v.6.0 wordpress.org\/plugins\/iframe\/ -->\n<iframe loading=\"lazy\" width=\"100%\" height=\"422\" src=\"https:\/\/www.youtube.com\/embed\/ZXLwAG70MSU\" title=\"YouTube video player\" frameborder=\"0\" allow=\"accelerometer; autoplay; clipboard-write; encrypted-media; gyroscope; picture-in-picture\" 0=\"allowfullscreen\" 1=\"\/iframe\" scrolling=\"yes\" class=\"iframe-class\"><\/iframe>\n\n","protected":false},"excerpt":{"rendered":"<p>Les profesiones Carpeta ONEDRIVE P\u00e1x. 56-57 Anaya Gu\u00eda\/ Audio: Voi ser&#8230; Gu\u00eda profe EL MEYOR G\u00dcERTU: 24-25 Audio: El meyor g\u00fcertu La tienda d&#8217;alimentaci\u00f3n: P\u00e1xina 36-37 Audio: El merc\u00e1u Ficha word \/ pdf Genial.ly XUEGOS: Tres en raya \/ Dado virtual&#8230;<\/p>\n","protected":false},"author":117,"featured_media":0,"parent":838,"menu_order":0,"comment_status":"closed","ping_status":"closed","template":"","meta":{"footnotes":""},"class_list":["post-3263","page","type-page","status-publish","hentry","post-preview"],"_links":{"self":[{"href":"https:\/\/edublog.educastur.es\/ixuxullingua\/wp-json\/wp\/v2\/pages\/3263","targetHints":{"allow":["GET"]}}],"collection":[{"href":"https:\/\/edublog.educastur.es\/ixuxullingua\/wp-json\/wp\/v2\/pages"}],"about":[{"href":"https:\/\/edublog.educastur.es\/ixuxullingua\/wp-json\/wp\/v2\/types\/page"}],"author":[{"embeddable":true,"href":"https:\/\/edublog.educastur.es\/ixuxullingua\/wp-json\/wp\/v2\/users\/117"}],"replies":[{"embeddable":true,"href":"https:\/\/edublog.educastur.es\/ixuxullingua\/wp-json\/wp\/v2\/comments?post=3263"}],"version-history":[{"count":7,"href":"https:\/\/edublog.educastur.es\/ixuxullingua\/wp-json\/wp\/v2\/pages\/3263\/revisions"}],"predecessor-version":[{"id":3267,"href":"https:\/\/edublog.educastur.es\/ixuxullingua\/wp-json\/wp\/v2\/pages\/3263\/revisions\/3267"}],"up":[{"embeddable":true,"href":"https:\/\/edublog.educastur.es\/ixuxullingua\/wp-json\/wp\/v2\/pages\/838"}],"wp:attachment":[{"href":"https:\/\/edublog.educastur.es\/ixuxullingua\/wp-json\/wp\/v2\/media?parent=3263"}],"curies":[{"name":"wp","href":"https:\/\/api.w.org\/{rel}","templated":true}]}}