{"id":3283,"date":"2022-04-28T13:32:25","date_gmt":"2022-04-28T11:32:25","guid":{"rendered":"https:\/\/edublog.educastur.es\/ixuxullingua\/?page_id=3283"},"modified":"2022-04-28T14:26:07","modified_gmt":"2022-04-28T12:26:07","slug":"adosinda-y-silo","status":"publish","type":"page","link":"https:\/\/edublog.educastur.es\/ixuxullingua\/5-quintu\/quintu-21-22\/07-tercer-trimestre\/adosinda-y-silo\/","title":{"rendered":"Adosinda y Silo"},"content":{"rendered":"<p style=\"text-align: center\"><span style=\"color: #008080\"><strong><em><span style=\"font-size: 24pt\">Los nomes del reinu<\/span><\/em><\/strong><\/span><\/p>\n<ul>\n<li>Piedra laber\u00edntica:<a href=\"https:\/\/www.signoslapidarios.com\/articulos\/gliptografia\/inscripciones-y-otros-grabados\/60-la-piedra-laberintica-del-rey-silo-mesura-y-proporcion\"> signos lapidarios<\/a> \/<\/li>\n<li><a href=\"https:\/\/www.condadodecastilla.es\/personajes\/silo\/\">Silo<\/a> \/<\/li>\n<\/ul>\n<p>La l\u00e1pida fundacional del Rey Silo se encuentra en la iglesia de Santianes de Pravia, en Asturias. La losa original era una piedra caliza con unas dimensiones de 52,96 cm de largo por 42,15 cm de ancho y un espesor de 12 cm formada por 19 columnas y 15 filas con 285 letras grabadas en capital romana con la frase \u00abSILO PRINCEPS FECIT\u00bb (lo hizo el pr\u00edncipe Silo). Partiendo de la \u00abS\u00bb central la combinaci\u00f3n de las letras de columnas y filas dan un resultado total de 45.760 repeticiones de la frase.<\/p>\n<p><strong>La piedra actual est\u00e1 situada sobre el dintel de la puerta de entrada de Santianes en el mismo lugar que la original<\/strong>; destruida por Fernando Salas en 1662 a ra\u00edz de un pleito con los feligreses de la parroquia por el derecho de enterramiento en el templo. De la losa original se conserva s\u00f3lo un fragmento de 18,5 cm x 16,5 cm y 12 cm de grosor. Si tomamos las filas entre las columnas tenemos 19\/15 = 1,2667, que es una proporci\u00f3n muy pr\u00f3xima, empleando n\u00fameros enteros, a 14\/11 = 1,272, esto es, la aproximaci\u00f3n m\u00e1s exacta a la ra\u00edz cuadrada del N\u00famero de Oro. Pero a\u00fan hay m\u00e1s. Tomemos ahora las medidas totales que se desprenden de su reconstrucci\u00f3n. As\u00ed tenemos, en cent\u00edmetros, 52,96\/42,15 = 1,256. Se trata de un rect\u00e1ngulo cuya raz\u00f3n es \u00a1la ra\u00edz cuadrada del N\u00famero de Oro! Tanto los ordinales como las dimensiones de la losa del rey Silo nos remiten al mismo cociente. \u00bfUna casualidad?<\/p>\n<p style=\"text-align: center\"><img loading=\"lazy\" decoding=\"async\" class=\"alignnone size-full\" src=\"https:\/\/1.bp.blogspot.com\/_Qe4UfbF3Upc\/Sx09M-HqJYI\/AAAAAAAAA7M\/VV0YLR-5vsA\/s400\/Santianes_de_Pravia.jpg\" width=\"400\" height=\"268\" \/><\/p>\n<p style=\"text-align: center\"><strong><span style=\"font-size: 14pt\">Ilesia de Santianes de Pravia: <\/span><\/strong><span style=\"font-size: 14pt\">wiki \/ im\u00e1xenes<\/span><\/p>\n<p style=\"text-align: center\"><a href=\"https:\/\/1.bp.blogspot.com\/_Qe4UfbF3Upc\/Sx09TF3JlJI\/AAAAAAAAA7c\/IiLNbLbafyM\/s320\/acrosticoII.jpg\"><img loading=\"lazy\" decoding=\"async\" class=\"aligncenter\" src=\"https:\/\/1.bp.blogspot.com\/_Qe4UfbF3Upc\/Sx09TF3JlJI\/AAAAAAAAA7c\/IiLNbLbafyM\/s320\/acrosticoII.jpg\" alt=\"\" width=\"316\" height=\"320\" \/><\/a><a href=\"https:\/\/www.signoslapidarios.com\/images\/articulos\/estudios\/otros\/lapida-princep-silo.jpg\"><img loading=\"lazy\" decoding=\"async\" class=\"alignnone\" src=\"https:\/\/www.signoslapidarios.com\/images\/articulos\/estudios\/otros\/lapida-princep-silo.jpg\" alt=\"\" width=\"960\" height=\"637\" \/><\/a><\/p>\n<p style=\"text-align: center\"><a href=\"https:\/\/www.condadodecastilla.es\/wp-content\/webpc-passthru.php?src=https:\/\/www.condadodecastilla.es\/wp-content\/uploads\/2012\/07\/acrostico-rey-silo.jpg&amp;nocache=1\"><img loading=\"lazy\" decoding=\"async\" class=\"alignnone\" src=\"https:\/\/www.condadodecastilla.es\/wp-content\/webpc-passthru.php?src=https:\/\/www.condadodecastilla.es\/wp-content\/uploads\/2012\/07\/acrostico-rey-silo.jpg&amp;nocache=1\" alt=\"\" width=\"600\" height=\"498\" \/><\/a><\/p>\n<p style=\"text-align: center\"><a href=\"https:\/\/stories.isu.pub\/90288389\/images\/22_original_file_I1.jpg\"><img loading=\"lazy\" decoding=\"async\" class=\"alignnone\" src=\"https:\/\/stories.isu.pub\/90288389\/images\/22_original_file_I1.jpg\" alt=\"\" width=\"429\" height=\"391\" \/><\/a><\/p>\n<p>Tumba rei Silo<\/p>\n<p style=\"text-align: center\"><a href=\"https:\/\/upload.wikimedia.org\/wikipedia\/commons\/thumb\/a\/a0\/Tumba_Adosinda_y_Rey_Silo_-_1.jpg\/800px-Tumba_Adosinda_y_Rey_Silo_-_1.jpg\"><img loading=\"lazy\" decoding=\"async\" class=\"alignnone\" src=\"https:\/\/upload.wikimedia.org\/wikipedia\/commons\/thumb\/a\/a0\/Tumba_Adosinda_y_Rey_Silo_-_1.jpg\/800px-Tumba_Adosinda_y_Rey_Silo_-_1.jpg\" alt=\"\" width=\"800\" height=\"1203\" \/><\/a><\/p>\n<p style=\"text-align: center\"><img loading=\"lazy\" decoding=\"async\" class=\"alignnone size-full\" src=\"https:\/\/upload.wikimedia.org\/wikipedia\/commons\/a\/aa\/Silo.jpg\" width=\"640\" height=\"480\" \/><\/p>\n","protected":false},"excerpt":{"rendered":"<p>Los nomes del reinu Piedra laber\u00edntica: signos lapidarios \/ Silo \/ La l\u00e1pida fundacional del Rey Silo se encuentra en la iglesia de Santianes de Pravia, en Asturias. La losa original era una piedra caliza con unas dimensiones de 52,96 cm de largo por 42,15 cm de ancho y un espesor de 12 cm formada [&hellip;]<\/p>\n","protected":false},"author":117,"featured_media":0,"parent":856,"menu_order":0,"comment_status":"closed","ping_status":"closed","template":"","meta":{"footnotes":""},"class_list":["post-3283","page","type-page","status-publish","hentry","post-preview"],"_links":{"self":[{"href":"https:\/\/edublog.educastur.es\/ixuxullingua\/wp-json\/wp\/v2\/pages\/3283","targetHints":{"allow":["GET"]}}],"collection":[{"href":"https:\/\/edublog.educastur.es\/ixuxullingua\/wp-json\/wp\/v2\/pages"}],"about":[{"href":"https:\/\/edublog.educastur.es\/ixuxullingua\/wp-json\/wp\/v2\/types\/page"}],"author":[{"embeddable":true,"href":"https:\/\/edublog.educastur.es\/ixuxullingua\/wp-json\/wp\/v2\/users\/117"}],"replies":[{"embeddable":true,"href":"https:\/\/edublog.educastur.es\/ixuxullingua\/wp-json\/wp\/v2\/comments?post=3283"}],"version-history":[{"count":4,"href":"https:\/\/edublog.educastur.es\/ixuxullingua\/wp-json\/wp\/v2\/pages\/3283\/revisions"}],"predecessor-version":[{"id":3287,"href":"https:\/\/edublog.educastur.es\/ixuxullingua\/wp-json\/wp\/v2\/pages\/3283\/revisions\/3287"}],"up":[{"embeddable":true,"href":"https:\/\/edublog.educastur.es\/ixuxullingua\/wp-json\/wp\/v2\/pages\/856"}],"wp:attachment":[{"href":"https:\/\/edublog.educastur.es\/ixuxullingua\/wp-json\/wp\/v2\/media?parent=3283"}],"curies":[{"name":"wp","href":"https:\/\/api.w.org\/{rel}","templated":true}]}}