{"id":3307,"date":"2022-10-02T18:42:31","date_gmt":"2022-10-02T16:42:31","guid":{"rendered":"https:\/\/edublog.educastur.es\/ixuxullingua\/?page_id=3307"},"modified":"2022-10-02T18:47:16","modified_gmt":"2022-10-02T16:47:16","slug":"festival-de-lablana","status":"publish","type":"page","link":"https:\/\/edublog.educastur.es\/ixuxullingua\/4-cuartu\/cuartu-22-23\/festival-de-lablana\/","title":{"rendered":"Festival de l&#8217;ablana"},"content":{"rendered":"<p><span class=\"gvxzyvdx aeinzg81 t7p7dqev gh25dzvf exr7barw b6ax4al1 gem102v4 ncib64c9 mrvwc6qr sx8pxkcf f597kf1v cpcgwwas m2nijcs8 hxfwr5lz c61n2bf6 oog5qr5w tes86rjd pbevjfx6 ztn2w49o\" dir=\"auto\"><strong>IXUXU<\/strong>: <a href=\"https:\/\/edublog.educastur.es\/ixuxu\/2021\/10\/50o-festival-de-lablana-ninfiestu\/\"><strong>2021<\/strong><\/a> \/ <a href=\"https:\/\/edublog.educastur.es\/ixuxu\/2022\/10\/51-festival-de-la-avellana-de-linfiestu\/\">2022.<\/a><\/span><\/p>\n<p><span class=\"gvxzyvdx aeinzg81 t7p7dqev gh25dzvf exr7barw b6ax4al1 gem102v4 ncib64c9 mrvwc6qr sx8pxkcf f597kf1v cpcgwwas m2nijcs8 hxfwr5lz c61n2bf6 oog5qr5w tes86rjd pbevjfx6 ztn2w49o\" dir=\"auto\"> Llega el<span style=\"color: #008080\"> <strong>51 Festival de la Avellana de L\u00b4Infiestu<\/strong><\/span> que se celebrar\u00e1 este fin de semana. Os compartimos el programa completo de actividades que incluye tambi\u00e9n el programa de Ferias y Fiestas de Santa Teresa. <a href=\"https:\/\/www.facebook.com\/photo.php?fbid=473352271473176&amp;set=a.455840096557727&amp;type=3\">Programa.<\/a><br \/>\n<\/span><\/p>\n\n<!-- iframe plugin v.6.0 wordpress.org\/plugins\/iframe\/ -->\n<iframe loading=\"lazy\" src=\"https:\/\/www.facebook.com\/plugins\/post.php?href=https%3A%2F%2Fwww.facebook.com%2Fphoto.php%3Ffbid%3D473352271473176%26set%3Da.455840096557727%26type%3D3&#038;show_text=false&#038;width=500\" width=\"500\" height=\"354\" style=\"border:none;overflow:hidden\" scrolling=\"no\" frameborder=\"0\" allowfullscreen=\"true\" allow=\"autoplay; clipboard-write; encrypted-media; picture-in-picture; web-share\" 0=\"\/iframe\" class=\"iframe-class\"><\/iframe>\n\n<p>Cartel de Quique Carballeira<\/p>\n<ul>\n<li><a href=\"https:\/\/educastur-my.sharepoint.com\/:f:\/g\/personal\/isabellh_educastur_org\/Enrom1Pp0nBJnFDUbJzmqt8BcTJP1T_F_hUGUxqSms6SNQ?e=1Q9qVz\"><strong>Activid\u00e1 d&#8217;aula 2022<\/strong><\/a><\/li>\n<\/ul>\n<p><strong>Actividad de Comprensi\u00f3n d\u2019un cartelo publicitario<\/strong><\/p>\n<ul>\n<li>\u00bfQu\u00e9 anuncia esti cartelo?<\/li>\n<li>Esplica por qu\u00e9 acompa\u00f1a un n\u00famberu al nome.<\/li>\n<li>\u00bf\u00d3nde se cellebra, en qu\u00e9 localid\u00e1 asturiana? \u00bfPor qu\u00e9?<\/li>\n<li>\u00bfCu\u00e1ndo ye?<\/li>\n<li>\u00bfQui\u00e9n lo espubliza n\u2019internet? \u00bf\u00d3nde podemos atopar m\u00e1s informaci\u00f3n na rede?<\/li>\n<li>\u00bfQui\u00e9n lo patrocina y paga les actividaes?<\/li>\n<li>\u00bfCu\u00e1ntos d\u00edes hai programaes actividaes? N\u00f3malos\u2026<\/li>\n<li>\u00bfPa qu\u00e9 edaes tan program\u00e1es actividaes? Ne\u00f1os, mayores\u2026<\/li>\n<li>\u00bfPor qu\u00e9 crees qu\u2019hai una fiesta dedicada a esti frutu?<\/li>\n<li>\u00bfQu\u00e9 frutu ye, secu o carnosu? El nome del \u00e1rbol\u2026<\/li>\n<li>El premiu \u201cAvellana d\u2019oro\u201d saldr\u00e1 pa\u2026<\/li>\n<li>Mira\u2019l mapa d\u2019Asturies y di de qu\u00e9 conceyu trata.<\/li>\n<li>Collorea l\u2019ablanera y el cartelu con ll\u00e1pices de collores, acordies con l\u2019estaci\u00f3n del a\u00f1u.<\/li>\n<\/ul>\n<p>&nbsp;<\/p>\n","protected":false},"excerpt":{"rendered":"<p>IXUXU: 2021 \/ 2022. Llega el 51 Festival de la Avellana de L\u00b4Infiestu que se celebrar\u00e1 este fin de semana. Os compartimos el programa completo de actividades que incluye tambi\u00e9n el programa de Ferias y Fiestas de Santa Teresa. Programa. Cartel de Quique Carballeira Activid\u00e1 d&#8217;aula 2022 Actividad de Comprensi\u00f3n d\u2019un cartelo publicitario \u00bfQu\u00e9 anuncia [&hellip;]<\/p>\n","protected":false},"author":117,"featured_media":0,"parent":3305,"menu_order":0,"comment_status":"closed","ping_status":"closed","template":"","meta":{"footnotes":""},"class_list":["post-3307","page","type-page","status-publish","hentry","post-preview"],"_links":{"self":[{"href":"https:\/\/edublog.educastur.es\/ixuxullingua\/wp-json\/wp\/v2\/pages\/3307","targetHints":{"allow":["GET"]}}],"collection":[{"href":"https:\/\/edublog.educastur.es\/ixuxullingua\/wp-json\/wp\/v2\/pages"}],"about":[{"href":"https:\/\/edublog.educastur.es\/ixuxullingua\/wp-json\/wp\/v2\/types\/page"}],"author":[{"embeddable":true,"href":"https:\/\/edublog.educastur.es\/ixuxullingua\/wp-json\/wp\/v2\/users\/117"}],"replies":[{"embeddable":true,"href":"https:\/\/edublog.educastur.es\/ixuxullingua\/wp-json\/wp\/v2\/comments?post=3307"}],"version-history":[{"count":3,"href":"https:\/\/edublog.educastur.es\/ixuxullingua\/wp-json\/wp\/v2\/pages\/3307\/revisions"}],"predecessor-version":[{"id":3310,"href":"https:\/\/edublog.educastur.es\/ixuxullingua\/wp-json\/wp\/v2\/pages\/3307\/revisions\/3310"}],"up":[{"embeddable":true,"href":"https:\/\/edublog.educastur.es\/ixuxullingua\/wp-json\/wp\/v2\/pages\/3305"}],"wp:attachment":[{"href":"https:\/\/edublog.educastur.es\/ixuxullingua\/wp-json\/wp\/v2\/media?parent=3307"}],"curies":[{"name":"wp","href":"https:\/\/api.w.org\/{rel}","templated":true}]}}