{"id":493,"date":"2020-08-10T12:10:00","date_gmt":"2020-08-10T12:10:00","guid":{"rendered":"https:\/\/edublog.educastur.es\/ixuxullingua\/?page_id=493"},"modified":"2021-04-20T19:39:30","modified_gmt":"2021-04-20T17:39:30","slug":"cancios","status":"publish","type":"page","link":"https:\/\/edublog.educastur.es\/ixuxullingua\/musica\/cancios\/","title":{"rendered":"CANCIOS"},"content":{"rendered":"<p><span style=\"font-size: 24pt\"><b><i>Cancios prestosos p\u00b4esfrutar!<\/i><\/b><\/span><\/p>\n<p><em><span style=\"font-size: 14pt\"><img loading=\"lazy\" decoding=\"async\" class=\"\" src=\"https:\/\/encrypted-tbn0.gstatic.com\/images?q=tbn%3AANd9GcTMwMhP2MBYXsygYD_KwYh8uSAOCqsesjOdnNymtTgXwHxe9l7u\" width=\"363\" height=\"199\" \/><\/span><\/em><\/p>\n<p>&nbsp;<\/p>\n<p><em><span style=\"font-size: 14pt\">\n<!-- iframe plugin v.6.0 wordpress.org\/plugins\/iframe\/ -->\n<iframe loading=\"lazy\" width=\"644\" height=\"362\" src=\"https:\/\/www.youtube.com\/embed\/_q6_NtRyZ58\" scrolling=\"yes\" class=\"iframe-class\" frameborder=\"0\"><\/iframe>\n<\/span><\/em><\/p>\n<p>&nbsp;<\/p>\n<p><em><span style=\"font-size: 14pt\">El cantar del VII D\u00eda de la Reciella, asoley\u00e1u una selmana enantes de la xornada, convirti\u00f3se nun \u00e9situ nos d\u00edes previes a la celebraci\u00f3n y la so difusi\u00f3n nun apara de medrar.<\/span><\/em><br \/>\n<em><span style=\"font-size: 14pt\">\u2018\u00a1Pr\u00e9stame pola vida!\u2019, interpret\u00e1u pol d\u00fau Muga y el Cor\u00edn de Reciella. <a href=\"http:\/\/asturies.com\/noticies\/prestame-pola-vida-ya-ye-viral\" target=\"_blank\" rel=\"noopener noreferrer\">Lleer m\u00e1s.\u00a0<\/a><b>Gracies! A n\u00f3s s\u00ed que nos presta cantala! <\/b><\/span><\/em><\/p>\n<p><em><span style=\"font-size: 14pt\"><img loading=\"lazy\" decoding=\"async\" src=\"https:\/\/imgbox.es\/images\/2020\/03\/23\/separadora4a37c028d732afc.jpg\" width=\"484\" height=\"37\" \/><\/span><\/em><\/p>\n<p><em><span style=\"font-size: 14pt\">Canciu: <a href=\"https:\/\/www.youtube.com\/watch?v=dVHoojbQQ2E\" target=\"_blank\" rel=\"noopener noreferrer\"><b>\u00abEl cantar del sult\u00e1n\u00bb<\/b>\u00a0 Xentiquina<\/a><\/span><\/em><\/p>\n<p align=\"left\"><em><span style=\"font-size: 14pt\">\n<!-- iframe plugin v.6.0 wordpress.org\/plugins\/iframe\/ -->\n<iframe loading=\"lazy\" width=\"644\" height=\"362\" src=\"https:\/\/www.youtube.com\/embed\/dVHoojbQQ2E\" scrolling=\"yes\" class=\"iframe-class\" frameborder=\"0\"><\/iframe>\n<\/span><\/em><\/p>\n<p align=\"left\"><em><span style=\"font-size: 14pt\"><img loading=\"lazy\" decoding=\"async\" src=\"https:\/\/imgbox.es\/images\/2020\/03\/23\/separadora4a37c028d732afc.jpg\" width=\"484\" height=\"37\" \/><\/span><\/em><\/p>\n<p><em><span style=\"font-size: 14pt\">Canciu:<a href=\"https:\/\/www.youtube.com\/watch?v=VDfx8NCwHmw\" target=\"_blank\" rel=\"noopener noreferrer\"> <b>\u00a1Espoxiga\u00bb<\/b> de Pablo Quiroga<\/a>\u00a1Espoxiga! ye&#8217;l tema promocional del VI D\u00eda de la Reciella, que se celebra&#8217;l domingu 7 d&#8217;ochobre de 2018 nel Mus\u00e9u del Pueblu d&#8217;Asturies de Xix\u00f3n.<\/span><\/em><\/p>\n<p><em><span style=\"font-size: 14pt\">\n<!-- iframe plugin v.6.0 wordpress.org\/plugins\/iframe\/ -->\n<iframe loading=\"lazy\" width=\"644\" height=\"362\" src=\"https:\/\/www.youtube.com\/embed\/VDfx8NCwHmw\" scrolling=\"yes\" class=\"iframe-class\" frameborder=\"0\"><\/iframe>\n<\/span><\/em><\/p>\n<p>&nbsp;<\/p>\n<p><em><span style=\"font-size: 14pt\"><img loading=\"lazy\" decoding=\"async\" class=\"\" src=\"https:\/\/imgbox.es\/images\/2020\/03\/23\/separadora4a37c028d732afc.jpg\" width=\"397\" height=\"32\" \/><\/span><\/em><br \/>\n<em><span style=\"font-size: 14pt\"><a href=\"https:\/\/www.youtube.com\/watch?v=9hotzDv7ejA\" target=\"_blank\" rel=\"noopener noreferrer\"><b>\u00abCantar del vasu\u00bb<\/b><\/a><\/span><\/em><\/p>\n<p><em><span style=\"font-size: 14pt\"><a href=\"https:\/\/www.youtube.com\/watch?v=9hotzDv7ejA\" target=\"_blank\" rel=\"noopener noreferrer\"><img loading=\"lazy\" decoding=\"async\" class=\"\" src=\"https:\/\/tenerpueblollanes.files.wordpress.com\/2015\/01\/portada01.png\" width=\"546\" height=\"244\" \/><\/a><\/span><\/em><\/p>\n<p>&nbsp;<\/p>\n<p><em><span style=\"font-size: 14pt\">\n<!-- iframe plugin v.6.0 wordpress.org\/plugins\/iframe\/ -->\n<iframe loading=\"lazy\" width=\"644\" height=\"362\" src=\"https:\/\/www.youtube.com\/embed\/9hotzDv7ejA\" scrolling=\"yes\" class=\"iframe-class\" frameborder=\"0\"><\/iframe>\n<\/span><\/em><\/p>\n<p>&nbsp;<\/p>\n<p><em><span style=\"font-size: 14pt\"><img loading=\"lazy\" decoding=\"async\" class=\"\" src=\"https:\/\/imgbox.es\/images\/2020\/03\/23\/separadora4a37c028d732afc.jpg\" width=\"410\" height=\"33\" \/><\/span><\/em><\/p>\n<ul>\n<li><a href=\"https:\/\/www.xuliocs.com\/nachfonsec.htm\"><em><span style=\"color: #008080\"><span style=\"font-size: 14pt\"><strong>de Xetiquina y Nacho Fonseca:<\/strong><\/span> https:\/\/www.xuliocs.com\/nachfonsec.htm<\/span><\/em><\/a><\/li>\n<\/ul>\n","protected":false},"excerpt":{"rendered":"<p>Cancios prestosos p\u00b4esfrutar! &nbsp; &nbsp; El cantar del VII D\u00eda de la Reciella, asoley\u00e1u una selmana enantes de la xornada, convirti\u00f3se nun \u00e9situ nos d\u00edes previes a la celebraci\u00f3n y la so difusi\u00f3n nun apara de medrar. \u2018\u00a1Pr\u00e9stame pola vida!\u2019, interpret\u00e1u pol d\u00fau Muga y el Cor\u00edn de Reciella. Lleer m\u00e1s.\u00a0Gracies! A n\u00f3s s\u00ed que [&hellip;]<\/p>\n","protected":false},"author":117,"featured_media":0,"parent":673,"menu_order":0,"comment_status":"closed","ping_status":"closed","template":"","meta":{"footnotes":""},"class_list":["post-493","page","type-page","status-publish","hentry","post-preview"],"_links":{"self":[{"href":"https:\/\/edublog.educastur.es\/ixuxullingua\/wp-json\/wp\/v2\/pages\/493","targetHints":{"allow":["GET"]}}],"collection":[{"href":"https:\/\/edublog.educastur.es\/ixuxullingua\/wp-json\/wp\/v2\/pages"}],"about":[{"href":"https:\/\/edublog.educastur.es\/ixuxullingua\/wp-json\/wp\/v2\/types\/page"}],"author":[{"embeddable":true,"href":"https:\/\/edublog.educastur.es\/ixuxullingua\/wp-json\/wp\/v2\/users\/117"}],"replies":[{"embeddable":true,"href":"https:\/\/edublog.educastur.es\/ixuxullingua\/wp-json\/wp\/v2\/comments?post=493"}],"version-history":[{"count":3,"href":"https:\/\/edublog.educastur.es\/ixuxullingua\/wp-json\/wp\/v2\/pages\/493\/revisions"}],"predecessor-version":[{"id":2506,"href":"https:\/\/edublog.educastur.es\/ixuxullingua\/wp-json\/wp\/v2\/pages\/493\/revisions\/2506"}],"up":[{"embeddable":true,"href":"https:\/\/edublog.educastur.es\/ixuxullingua\/wp-json\/wp\/v2\/pages\/673"}],"wp:attachment":[{"href":"https:\/\/edublog.educastur.es\/ixuxullingua\/wp-json\/wp\/v2\/media?parent=493"}],"curies":[{"name":"wp","href":"https:\/\/api.w.org\/{rel}","templated":true}]}}