{"id":536,"date":"2020-08-10T14:59:52","date_gmt":"2020-08-10T14:59:52","guid":{"rendered":"https:\/\/edublog.educastur.es\/ixuxullingua\/?page_id=536"},"modified":"2020-08-10T14:59:52","modified_gmt":"2020-08-10T14:59:52","slug":"clas-10","status":"publish","type":"page","link":"https:\/\/edublog.educastur.es\/ixuxullingua\/tv\/lasturianu-neducastur-tv\/clas-10\/","title":{"rendered":"Clas 10"},"content":{"rendered":"<ul>\n<li><a href=\"https:\/\/youtu.be\/RE4yk9GMnqQ\" target=\"_blank\" rel=\"noopener noreferrer\"><b><i>Clas 10<\/i><\/b><\/a><\/li>\n<\/ul>\n<p>[youtube]RE4yk9GMnqQ[\/youtube]<\/p>\n<ul>\n<li><a href=\"https:\/\/asturianutv.wordpress.com\/2020\/04\/27\/xeres-de-la-clas-10-27-04-2020-y-videu\/\" target=\"_blank\" rel=\"noopener noreferrer\">XERES <\/a><\/li>\n<\/ul>\n<p><b>Falemos de la norma, les variedaes<br \/>\nde les lling\u00fces y de c\u00f3mo se constr\u00fai<br \/>\nla normativa. <\/b>Puedes comentar les diferencies<br \/>\ny asemeyos qu\u2019atopes ente la norma y la forma<br \/>\nde falar na to zona.*Estudiamos <b>los par\u00f3nimos<\/b>, vocabulariu<br \/>\ncon asemeyos pero significaos estremaos.<br \/>\nDex\u00e9vos un llist\u00e1u final pa buscar el signific\u00e1u<br \/>\nnel Diccionariu de la Llingua Asturiana, <a href=\"http:\/\/www.academiadelallingua.com\/diccionariu\/index.php\" target=\"_blank\" rel=\"noreferrer noopener\">equ\u00ed<\/a>.<\/p>\n<p><a href=\"https:\/\/asturianutv.files.wordpress.com\/2020\/04\/captura-de-pantalla-2020-04-27-a-las-23.37.23.png\" target=\"_blank\" rel=\"noopener noreferrer\"><img loading=\"lazy\" decoding=\"async\" src=\"https:\/\/asturianutv.files.wordpress.com\/2020\/04\/captura-de-pantalla-2020-04-27-a-las-23.37.23.png\" width=\"387\" height=\"259\" \/><\/a><\/p>\n<p>*Ense\u00f1\u00e9vos dellos recursos pa nun aburrise estos d\u00edes:<br \/>\nlos documentales n\u2019asturianu <b>Mirasturies: el pas\u00e1u<br \/>\nreci\u00e9n<\/b>. Recomend\u00e9vos ver <a href=\"https:\/\/www.rtpa.es\/video:Mirasturies:%20el%20pasau%20recien_551319755274.html\" target=\"_blank\" rel=\"noreferrer noopener\">el documental sobre Muniel.los<\/a>.<\/p>\n<p><img loading=\"lazy\" decoding=\"async\" src=\"https:\/\/yt3.ggpht.com\/KB-g7-2nejCg7ZqO7wLNmzGh43502s7PDfVFXUWjU8L0zh40GRNY5VPgWp5ZJ9SI4OagQP81GPU=w1707-fcrop64=1,00005a57ffffa5a8-k-c0xffffffff-no-nd-rj\" width=\"426\" height=\"71\" \/><\/p>\n<p>*Y fal\u00e9vos del <b>grupu Taranus<\/b>, a los que pod\u00e9is ver equ\u00ed:<br \/>\nCanal de<a href=\"https:\/\/www.youtube.com\/channel\/UCRfJbzTOyLqOoq4_35tEL_w\" target=\"_blank\" rel=\"noopener noreferrer\"> Youtube<\/a><br \/>\n<a href=\"https:\/\/youtu.be\/4gRkX-o_Bxw\" target=\"_blank\" rel=\"noopener noreferrer\"><i><b>\u00abEnsin ti\u00bb<\/b><\/i><\/a><\/p>\n<p>[youtube]4gRkX-o_Bxw[\/youtube]<\/p>\n","protected":false},"excerpt":{"rendered":"<p>Clas 10 [youtube]RE4yk9GMnqQ[\/youtube] XERES Falemos de la norma, les variedaes de les lling\u00fces y de c\u00f3mo se constr\u00fai la normativa. Puedes comentar les diferencies y asemeyos qu\u2019atopes ente la norma y la forma de falar na to zona.*Estudiamos los par\u00f3nimos, vocabulariu con asemeyos pero significaos estremaos. Dex\u00e9vos un llist\u00e1u final pa buscar el signific\u00e1u nel [&hellip;]<\/p>\n","protected":false},"author":117,"featured_media":0,"parent":501,"menu_order":0,"comment_status":"closed","ping_status":"closed","template":"","meta":{"footnotes":""},"class_list":["post-536","page","type-page","status-publish","hentry","post-preview"],"_links":{"self":[{"href":"https:\/\/edublog.educastur.es\/ixuxullingua\/wp-json\/wp\/v2\/pages\/536","targetHints":{"allow":["GET"]}}],"collection":[{"href":"https:\/\/edublog.educastur.es\/ixuxullingua\/wp-json\/wp\/v2\/pages"}],"about":[{"href":"https:\/\/edublog.educastur.es\/ixuxullingua\/wp-json\/wp\/v2\/types\/page"}],"author":[{"embeddable":true,"href":"https:\/\/edublog.educastur.es\/ixuxullingua\/wp-json\/wp\/v2\/users\/117"}],"replies":[{"embeddable":true,"href":"https:\/\/edublog.educastur.es\/ixuxullingua\/wp-json\/wp\/v2\/comments?post=536"}],"version-history":[{"count":1,"href":"https:\/\/edublog.educastur.es\/ixuxullingua\/wp-json\/wp\/v2\/pages\/536\/revisions"}],"predecessor-version":[{"id":537,"href":"https:\/\/edublog.educastur.es\/ixuxullingua\/wp-json\/wp\/v2\/pages\/536\/revisions\/537"}],"up":[{"embeddable":true,"href":"https:\/\/edublog.educastur.es\/ixuxullingua\/wp-json\/wp\/v2\/pages\/501"}],"wp:attachment":[{"href":"https:\/\/edublog.educastur.es\/ixuxullingua\/wp-json\/wp\/v2\/media?parent=536"}],"curies":[{"name":"wp","href":"https:\/\/api.w.org\/{rel}","templated":true}]}}