{"id":548,"date":"2020-08-10T15:04:42","date_gmt":"2020-08-10T15:04:42","guid":{"rendered":"https:\/\/edublog.educastur.es\/ixuxullingua\/?page_id=548"},"modified":"2020-10-08T23:47:54","modified_gmt":"2020-10-08T21:47:54","slug":"clas-16","status":"publish","type":"page","link":"https:\/\/edublog.educastur.es\/ixuxullingua\/tv\/lasturianu-neducastur-tv\/clas-16\/","title":{"rendered":"Clas 16"},"content":{"rendered":"<p>&nbsp;<\/p>\n\n<!-- iframe plugin v.6.0 wordpress.org\/plugins\/iframe\/ -->\n<iframe loading=\"lazy\" width=\"588\" height=\"331\" src=\"https:\/\/www.youtube.com\/embed\/SsuGRiQB8wY\" scrolling=\"yes\" class=\"iframe-class\" frameborder=\"0\"><\/iframe>\n\n<p>-Apostrofaciones<br \/>\n<i><b>EN LA DE EL PA QUE ME TE SE<\/b><\/i><br \/>\n<b><i>\u00a0 EnDeQueMeTeSe<\/i><\/b> + vocal (-h muda)<\/p>\n<p>-M\u00fasica n\u2019asturianu: <span style=\"color: #003300\"><b><i>Maxi Are\u00f1es. <\/i><\/b><\/span><br \/>\nPuedes sentir m\u00e1s temes de so <a href=\"https:\/\/www.youtube.com\/channel\/UCCuyRTG3YSCU5aRc1_LUAJg\" target=\"_blank\" rel=\"noreferrer noopener\">equ\u00ed<\/a>.<\/p>\n<ul>\n<li><a href=\"https:\/\/www.youtube.com\/channel\/UCCuyRTG3YSCU5aRc1_LUAJg\">Canal Youtube de Maxi Are\u00f1es<br \/>\n<\/a><\/li>\n<\/ul>\n\n<!-- iframe plugin v.6.0 wordpress.org\/plugins\/iframe\/ -->\n<iframe loading=\"lazy\" width=\"588\" height=\"331\" src=\"https:\/\/www.youtube.com\/embed\/Tt3ss44IwbM\" scrolling=\"yes\" class=\"iframe-class\" frameborder=\"0\"><\/iframe>\n\n<p>Y esti ye&#8217;l resultau final del v\u00eddiu del tema \u00abPrimavera n&#8217;Are\u00f1es, del mio discu \u00abSones del tiempu que nun foi\u00bb. Un v\u00eddiu realizau (guionizau y dirix\u00edu) por Nura Sierra Velasco<\/p>\n\n<!-- iframe plugin v.6.0 wordpress.org\/plugins\/iframe\/ -->\n<iframe loading=\"lazy\" width=\"588\" height=\"331\" src=\"https:\/\/www.youtube.com\/embed\/N0wnFuzmJ2g\" scrolling=\"yes\" class=\"iframe-class\" frameborder=\"0\"><\/iframe>\n\n<p>Tema perteneciente al mio trabayu en solitariu \u00abSones del tiempu que nun foi\u00bb<\/p>\n\n<!-- iframe plugin v.6.0 wordpress.org\/plugins\/iframe\/ -->\n<iframe loading=\"lazy\" width=\"588\" height=\"331\" src=\"https:\/\/www.youtube.com\/embed\/q3b-MC72ejk\" scrolling=\"yes\" class=\"iframe-class\" frameborder=\"0\"><\/iframe>\n\n<p>Maxi Are\u00f1es &#8211; Canciu a mio pa (Con miembros de Kendra \/ Cuartetu de cuerda y harpa)<\/p>\n","protected":false},"excerpt":{"rendered":"<p>&nbsp; -Apostrofaciones EN LA DE EL PA QUE ME TE SE \u00a0 EnDeQueMeTeSe + vocal (-h muda) -M\u00fasica n\u2019asturianu: Maxi Are\u00f1es. Puedes sentir m\u00e1s temes de so equ\u00ed. Canal Youtube de Maxi Are\u00f1es Y esti ye&#8217;l resultau final del v\u00eddiu del tema \u00abPrimavera n&#8217;Are\u00f1es, del mio discu \u00abSones del tiempu que nun foi\u00bb. Un v\u00eddiu [&hellip;]<\/p>\n","protected":false},"author":117,"featured_media":0,"parent":501,"menu_order":0,"comment_status":"closed","ping_status":"closed","template":"","meta":{"footnotes":""},"class_list":["post-548","page","type-page","status-publish","hentry","post-preview"],"_links":{"self":[{"href":"https:\/\/edublog.educastur.es\/ixuxullingua\/wp-json\/wp\/v2\/pages\/548","targetHints":{"allow":["GET"]}}],"collection":[{"href":"https:\/\/edublog.educastur.es\/ixuxullingua\/wp-json\/wp\/v2\/pages"}],"about":[{"href":"https:\/\/edublog.educastur.es\/ixuxullingua\/wp-json\/wp\/v2\/types\/page"}],"author":[{"embeddable":true,"href":"https:\/\/edublog.educastur.es\/ixuxullingua\/wp-json\/wp\/v2\/users\/117"}],"replies":[{"embeddable":true,"href":"https:\/\/edublog.educastur.es\/ixuxullingua\/wp-json\/wp\/v2\/comments?post=548"}],"version-history":[{"count":3,"href":"https:\/\/edublog.educastur.es\/ixuxullingua\/wp-json\/wp\/v2\/pages\/548\/revisions"}],"predecessor-version":[{"id":1022,"href":"https:\/\/edublog.educastur.es\/ixuxullingua\/wp-json\/wp\/v2\/pages\/548\/revisions\/1022"}],"up":[{"embeddable":true,"href":"https:\/\/edublog.educastur.es\/ixuxullingua\/wp-json\/wp\/v2\/pages\/501"}],"wp:attachment":[{"href":"https:\/\/edublog.educastur.es\/ixuxullingua\/wp-json\/wp\/v2\/media?parent=548"}],"curies":[{"name":"wp","href":"https:\/\/api.w.org\/{rel}","templated":true}]}}