{"id":550,"date":"2020-08-10T15:05:07","date_gmt":"2020-08-10T15:05:07","guid":{"rendered":"https:\/\/edublog.educastur.es\/ixuxullingua\/?page_id=550"},"modified":"2020-10-08T23:46:29","modified_gmt":"2020-10-08T21:46:29","slug":"clas-17","status":"publish","type":"page","link":"https:\/\/edublog.educastur.es\/ixuxullingua\/tv\/lasturianu-neducastur-tv\/clas-17\/","title":{"rendered":"Clas 17"},"content":{"rendered":"<p><a href=\"https:\/\/youtu.be\/9vkA0tqrElg\" target=\"_blank\" rel=\"noopener noreferrer\"><b><i>Clas 17 <\/i><\/b><\/a><\/p>\n<p><u>Conten\u00edos: <\/u><\/p>\n<p>-10 coses que nun sab\u00edes sobre l\u2019asturianu.<\/p>\n<p>-Matriculaci\u00f3n na asignatura de Llingua Asturiana y Lliteratura.<\/p>\n<p>-Curtiumetraxe escolar: Ven\u00edi a xugar conmigo.<\/p>\n\n<!-- iframe plugin v.6.0 wordpress.org\/plugins\/iframe\/ -->\n<iframe loading=\"lazy\" width=\"588\" height=\"331\" src=\"https:\/\/www.youtube.com\/embed\/9vkA0tqrElg\" scrolling=\"yes\" class=\"iframe-class\" frameborder=\"0\"><\/iframe>\n\n<p><img loading=\"lazy\" decoding=\"async\" src=\"https:\/\/asturianutv.files.wordpress.com\/2020\/06\/captura-de-pantalla-2020-06-04-a-las-15.36.51.png\" width=\"475\" height=\"290\" \/><\/p>\n<p><b><i>Ver minutu\u00a0 8:11 pa saber qu\u00e9 ye IXUX\u00da,<br \/>\n<span style=\"color: #333399\">1901 Primer peri\u00f3dicu dafechu n\u00b4asturianu<\/span><\/i><\/b><br \/>\n<i>1996 \u00abLes Noticies\u00bb, segundu peri\u00f3dicu n\u00b4asturianu <\/i><\/p>\n<p>&#8212;&#8212;&#8212;&#8212;&#8212;&#8212;&#8212;&#8212;&#8212;&#8212;&#8212;&#8212;&#8212;&#8212;&#8212;&#8212;&#8212;&#8212;&#8212;&#8212;&#8212;&#8212;<\/p>\n<ul>\n<li><a href=\"https:\/\/youtu.be\/c015eg9oTq4\" target=\"_blank\" rel=\"noopener noreferrer\">Hevia: \u00abTierra de nadie\u00bb<\/a><\/li>\n<\/ul>\n\n<!-- iframe plugin v.6.0 wordpress.org\/plugins\/iframe\/ -->\n<iframe loading=\"lazy\" width=\"588\" height=\"331\" src=\"https:\/\/www.youtube.com\/embed\/c015eg9oTq4\" scrolling=\"yes\" class=\"iframe-class\" frameborder=\"0\"><\/iframe>\n\n","protected":false},"excerpt":{"rendered":"<p>Clas 17 Conten\u00edos: -10 coses que nun sab\u00edes sobre l\u2019asturianu. -Matriculaci\u00f3n na asignatura de Llingua Asturiana y Lliteratura. -Curtiumetraxe escolar: Ven\u00edi a xugar conmigo. Ver minutu\u00a0 8:11 pa saber qu\u00e9 ye IXUX\u00da, 1901 Primer peri\u00f3dicu dafechu n\u00b4asturianu 1996 \u00abLes Noticies\u00bb, segundu peri\u00f3dicu n\u00b4asturianu &#8212;&#8212;&#8212;&#8212;&#8212;&#8212;&#8212;&#8212;&#8212;&#8212;&#8212;&#8212;&#8212;&#8212;&#8212;&#8212;&#8212;&#8212;&#8212;&#8212;&#8212;&#8212; Hevia: \u00abTierra de nadie\u00bb<\/p>\n","protected":false},"author":117,"featured_media":0,"parent":501,"menu_order":0,"comment_status":"closed","ping_status":"closed","template":"","meta":{"footnotes":""},"class_list":["post-550","page","type-page","status-publish","hentry","post-preview"],"_links":{"self":[{"href":"https:\/\/edublog.educastur.es\/ixuxullingua\/wp-json\/wp\/v2\/pages\/550","targetHints":{"allow":["GET"]}}],"collection":[{"href":"https:\/\/edublog.educastur.es\/ixuxullingua\/wp-json\/wp\/v2\/pages"}],"about":[{"href":"https:\/\/edublog.educastur.es\/ixuxullingua\/wp-json\/wp\/v2\/types\/page"}],"author":[{"embeddable":true,"href":"https:\/\/edublog.educastur.es\/ixuxullingua\/wp-json\/wp\/v2\/users\/117"}],"replies":[{"embeddable":true,"href":"https:\/\/edublog.educastur.es\/ixuxullingua\/wp-json\/wp\/v2\/comments?post=550"}],"version-history":[{"count":3,"href":"https:\/\/edublog.educastur.es\/ixuxullingua\/wp-json\/wp\/v2\/pages\/550\/revisions"}],"predecessor-version":[{"id":1021,"href":"https:\/\/edublog.educastur.es\/ixuxullingua\/wp-json\/wp\/v2\/pages\/550\/revisions\/1021"}],"up":[{"embeddable":true,"href":"https:\/\/edublog.educastur.es\/ixuxullingua\/wp-json\/wp\/v2\/pages\/501"}],"wp:attachment":[{"href":"https:\/\/edublog.educastur.es\/ixuxullingua\/wp-json\/wp\/v2\/media?parent=550"}],"curies":[{"name":"wp","href":"https:\/\/api.w.org\/{rel}","templated":true}]}}