{"id":655,"date":"2020-08-16T12:59:41","date_gmt":"2020-08-16T12:59:41","guid":{"rendered":"https:\/\/edublog.educastur.es\/ixuxullingua\/?page_id=655"},"modified":"2020-08-16T12:59:41","modified_gmt":"2020-08-16T12:59:41","slug":"guies","status":"publish","type":"page","link":"https:\/\/edublog.educastur.es\/ixuxullingua\/guies\/","title":{"rendered":"Gu\u00edes"},"content":{"rendered":"<div class=\"entry\">\n<p><strong>Oficina de Normalizaci\u00f3n Lling\u00fc\u00edstica de Xix\u00f3n:<\/strong><\/p>\n<p><a href=\"https:\/\/llingua.gijon.es\/\" target=\"_blank\" rel=\"noopener noreferrer\">\u00a0<\/a><a href=\"https:\/\/llingua.gijon.es\/\">https:\/\/llingua.gijon.es<\/a><\/p>\n<p>* <em><strong>Nomes n\u00b4asturianu<\/strong><\/em>: de\u00a0<a href=\"https:\/\/llingua.gijon.es\/multimedia_objects\/download?object_id=35758&amp;object_type=document\" target=\"_blank\" rel=\"noopener noreferrer\">muyer<\/a>, de\u00a0<a href=\"https:\/\/llingua.gijon.es\/multimedia_objects\/download?object_id=35757&amp;object_type=document\" target=\"_blank\" rel=\"noopener noreferrer\">home<\/a>\u2026<br \/>\n* C\u00f3mo<\/p>\n<p><a href=\"https:\/\/llingua.gijon.es\/multimedia_objects\/download?object_type=document&amp;object_id=252364\" target=\"_blank\" rel=\"noopener noreferrer\">\u00a0* Xix\u00f3n, una ciud\u00e1 abierta al mar\u201d<\/a><\/p>\n<\/div>\n","protected":false},"excerpt":{"rendered":"<p>Oficina de Normalizaci\u00f3n Lling\u00fc\u00edstica de Xix\u00f3n: \u00a0https:\/\/llingua.gijon.es * Nomes n\u00b4asturianu: de\u00a0muyer, de\u00a0home\u2026 * C\u00f3mo \u00a0* Xix\u00f3n, una ciud\u00e1 abierta al mar\u201d<\/p>\n","protected":false},"author":117,"featured_media":0,"parent":0,"menu_order":0,"comment_status":"closed","ping_status":"closed","template":"","meta":{"footnotes":""},"class_list":["post-655","page","type-page","status-publish","hentry","post-preview"],"_links":{"self":[{"href":"https:\/\/edublog.educastur.es\/ixuxullingua\/wp-json\/wp\/v2\/pages\/655","targetHints":{"allow":["GET"]}}],"collection":[{"href":"https:\/\/edublog.educastur.es\/ixuxullingua\/wp-json\/wp\/v2\/pages"}],"about":[{"href":"https:\/\/edublog.educastur.es\/ixuxullingua\/wp-json\/wp\/v2\/types\/page"}],"author":[{"embeddable":true,"href":"https:\/\/edublog.educastur.es\/ixuxullingua\/wp-json\/wp\/v2\/users\/117"}],"replies":[{"embeddable":true,"href":"https:\/\/edublog.educastur.es\/ixuxullingua\/wp-json\/wp\/v2\/comments?post=655"}],"version-history":[{"count":1,"href":"https:\/\/edublog.educastur.es\/ixuxullingua\/wp-json\/wp\/v2\/pages\/655\/revisions"}],"predecessor-version":[{"id":656,"href":"https:\/\/edublog.educastur.es\/ixuxullingua\/wp-json\/wp\/v2\/pages\/655\/revisions\/656"}],"wp:attachment":[{"href":"https:\/\/edublog.educastur.es\/ixuxullingua\/wp-json\/wp\/v2\/media?parent=655"}],"curies":[{"name":"wp","href":"https:\/\/api.w.org\/{rel}","templated":true}]}}