{"id":657,"date":"2020-08-16T13:00:26","date_gmt":"2020-08-16T13:00:26","guid":{"rendered":"https:\/\/edublog.educastur.es\/ixuxullingua\/?page_id=657"},"modified":"2020-08-16T13:58:08","modified_gmt":"2020-08-16T13:58:08","slug":"llibros","status":"publish","type":"page","link":"https:\/\/edublog.educastur.es\/ixuxullingua\/llibros\/","title":{"rendered":"Llibros"},"content":{"rendered":"<p><em><span style=\"font-size: 14pt\">Nesta p\u00e1xina hai llibros d\u00b4inter\u00e9s pa mercar. Anim\u00e1ivos! Lleer presta muncho!<\/span><\/em><\/p>\n<ul>\n<li>T\u00edtulu: <strong><em>\u201cXuegos tradicionales asturianos\u201d<\/em><\/strong><\/li>\n<li>Testu: Xuan Xos\u00e9 S\u00e1nchez Vicente y m\u00e1s\u2026<\/li>\n<li>Ilustraciones de: Ruma Barbero de Diego<\/li>\n<li>ISBN: 978-84-8053-988-3<\/li>\n<li>104 p\u00e1x. \/ 17 x 24 cm \/ 15 \u20ac<\/li>\n<li><a href=\"https:\/\/tienda.trabe.org\/as\/novedaes\/2443-xuegostradicionales-asturianos.html\" target=\"_blank\" rel=\"noopener noreferrer\">Ficha editorial \/ mercar<\/a><\/li>\n<li>A\u00f1u: 2020<\/li>\n<\/ul>\n<p>Ediciones Trabe public\u00f3 &#8216;<strong><em>Xuegos Tradicionales Asturianos<\/em><\/strong>&#8216;, un manual ellabor\u00e1u por Elena Fern\u00e1ndez Poch y los hermanos Rub\u00e9n y Xuan Xos\u00e9 S\u00e1nchez Vicente con ilustraciones a color de Ruma Barberu.<\/p>\n","protected":false},"excerpt":{"rendered":"<p>Nesta p\u00e1xina hai llibros d\u00b4inter\u00e9s pa mercar. Anim\u00e1ivos! Lleer presta muncho! T\u00edtulu: \u201cXuegos tradicionales asturianos\u201d Testu: Xuan Xos\u00e9 S\u00e1nchez Vicente y m\u00e1s\u2026 Ilustraciones de: Ruma Barbero de Diego ISBN: 978-84-8053-988-3 104 p\u00e1x. \/ 17 x 24 cm \/ 15 \u20ac Ficha editorial \/ mercar A\u00f1u: 2020 Ediciones Trabe public\u00f3 &#8216;Xuegos Tradicionales Asturianos&#8216;, un manual ellabor\u00e1u [&hellip;]<\/p>\n","protected":false},"author":117,"featured_media":0,"parent":0,"menu_order":0,"comment_status":"closed","ping_status":"closed","template":"","meta":{"footnotes":""},"class_list":["post-657","page","type-page","status-publish","hentry","post-preview"],"_links":{"self":[{"href":"https:\/\/edublog.educastur.es\/ixuxullingua\/wp-json\/wp\/v2\/pages\/657","targetHints":{"allow":["GET"]}}],"collection":[{"href":"https:\/\/edublog.educastur.es\/ixuxullingua\/wp-json\/wp\/v2\/pages"}],"about":[{"href":"https:\/\/edublog.educastur.es\/ixuxullingua\/wp-json\/wp\/v2\/types\/page"}],"author":[{"embeddable":true,"href":"https:\/\/edublog.educastur.es\/ixuxullingua\/wp-json\/wp\/v2\/users\/117"}],"replies":[{"embeddable":true,"href":"https:\/\/edublog.educastur.es\/ixuxullingua\/wp-json\/wp\/v2\/comments?post=657"}],"version-history":[{"count":3,"href":"https:\/\/edublog.educastur.es\/ixuxullingua\/wp-json\/wp\/v2\/pages\/657\/revisions"}],"predecessor-version":[{"id":693,"href":"https:\/\/edublog.educastur.es\/ixuxullingua\/wp-json\/wp\/v2\/pages\/657\/revisions\/693"}],"wp:attachment":[{"href":"https:\/\/edublog.educastur.es\/ixuxullingua\/wp-json\/wp\/v2\/media?parent=657"}],"curies":[{"name":"wp","href":"https:\/\/api.w.org\/{rel}","templated":true}]}}