{"id":665,"date":"2020-08-16T13:08:40","date_gmt":"2020-08-16T13:08:40","guid":{"rendered":"https:\/\/edublog.educastur.es\/ixuxullingua\/?page_id=665"},"modified":"2021-02-13T14:36:26","modified_gmt":"2021-02-13T12:36:26","slug":"recetes","status":"publish","type":"page","link":"https:\/\/edublog.educastur.es\/ixuxullingua\/recetes\/","title":{"rendered":"Recetes"},"content":{"rendered":"<div class=\"entry\">\n<p><img loading=\"lazy\" decoding=\"async\" src=\"https:\/\/imgbox.es\/images\/2020\/04\/27\/superllingua36f2a635fbb93749.jpg\" width=\"284\" height=\"148\" \/> <a href=\"https:\/\/www.youtube.com\/channel\/UCw5xfxive65COOHvD0BFjeg\" target=\"_blank\" rel=\"noopener noreferrer\">Canal <strong><em>SuperLlingua <\/em><\/strong><\/a><\/p>\n<p><span style=\"font-size: 14pt\"><strong>De Asociaci\u00f3n <a href=\"https:\/\/reciella.wordpress.com\/\" target=\"_blank\" rel=\"noopener noreferrer\"><em>Reciella<\/em>. Families pol Asturianu <\/a><\/strong><\/span><\/p>\n<hr \/>\n<ul>\n<li><span style=\"font-size: 14pt\"><a href=\"https:\/\/youtu.be\/wtlqp6Yf_Go\" target=\"_blank\" rel=\"noopener noreferrer\"><strong><em>Bu\u00f1uelos de vientu<\/em><\/strong><\/a><\/span><\/li>\n<\/ul>\n<p style=\"text-align: center\"><span style=\"font-size: 14pt\">\n<!-- iframe plugin v.6.0 wordpress.org\/plugins\/iframe\/ -->\n<iframe loading=\"lazy\" width=\"100%\" height=\"331\" src=\"https:\/\/www.youtube.com\/embed\/wtlqp6Yf_Go\" scrolling=\"yes\" class=\"iframe-class\" frameborder=\"0\"><\/iframe>\n<\/span><\/p>\n<ul>\n<li><span style=\"font-size: 14pt\"><a href=\"https:\/\/www.youtube.com\/watch?v=zylfk_e6nOE\" target=\"_blank\" rel=\"noopener noreferrer\"><strong><em>Frixuelos<br \/>\n<\/em><\/strong><\/a><\/span><\/li>\n<\/ul>\n<p style=\"text-align: center\"><span style=\"font-size: 14pt\">\n<!-- iframe plugin v.6.0 wordpress.org\/plugins\/iframe\/ -->\n<iframe loading=\"lazy\" width=\"100%\" height=\"331\" src=\"https:\/\/www.youtube.com\/embed\/zylfk_e6nOE\" scrolling=\"yes\" class=\"iframe-class\" frameborder=\"0\"><\/iframe>\n<\/span><\/p>\n<ul>\n<li><span style=\"font-size: 14pt\"><a href=\"https:\/\/www.youtube.com\/watch?v=13J2rnzsdR4\" target=\"_blank\" rel=\"noopener noreferrer\"><strong><em>Tarta la G\u00fcela<br \/>\n<\/em><\/strong><\/a><\/span><\/li>\n<\/ul>\n<p style=\"text-align: center\"><span style=\"font-size: 14pt\">\n<!-- iframe plugin v.6.0 wordpress.org\/plugins\/iframe\/ -->\n<iframe loading=\"lazy\" width=\"100%\" height=\"331\" src=\"https:\/\/www.youtube.com\/embed\/13J2rnzsdR4\" scrolling=\"yes\" class=\"iframe-class\" frameborder=\"0\"><\/iframe>\n<\/span><\/p>\n<ul>\n<li><a href=\"https:\/\/youtu.be\/Ss0jHbfL-vk\" target=\"_blank\" rel=\"noopener noreferrer\"><strong><em><span style=\"font-size: 14pt\">Tortos de maiz<\/span><br \/>\n<\/em><\/strong><\/a><\/li>\n<\/ul>\n<p style=\"text-align: center\">\n<!-- iframe plugin v.6.0 wordpress.org\/plugins\/iframe\/ -->\n<iframe loading=\"lazy\" width=\"100%\" height=\"331\" src=\"https:\/\/www.youtube.com\/embed\/Ss0jHbfL-vk\" scrolling=\"yes\" class=\"iframe-class\" frameborder=\"0\"><\/iframe>\n<\/p>\n<p><img loading=\"lazy\" decoding=\"async\" class=\"aligncenter\" src=\"https:\/\/imgbox.es\/images\/2020\/03\/23\/separadora4a37c028d732afc.jpg\" width=\"484\" height=\"37\" \/><\/p>\n<ul>\n<li><a href=\"https:\/\/desidras.com\/receta\/carbayones\/?fbclid=IwAR3Tor8vR5q64Qdz7JzgyLyDoQAYVAZQmvB3NjYg5dw3gVQNSfuFTi78vAc\"><strong>Carbayones<\/strong><\/a><\/li>\n<\/ul>\n<p><span style=\"font-size: 14pt\"><img loading=\"lazy\" decoding=\"async\" class=\"aligncenter\" src=\"https:\/\/imgbox.es\/images\/2020\/03\/23\/separadora4a37c028d732afc.jpg\" width=\"484\" height=\"37\" \/><\/span><\/p>\n<p><span style=\"font-size: 14pt\"><a href=\"https:\/\/www.youtube.com\/channel\/UCmLkfxI-E7eIZDBiN31COJQ\" target=\"_blank\" rel=\"noopener noreferrer\"><strong><em>\u00a0CANAL de RAQUEL CAMI\u00d1A EN YOUTUBE<\/em><\/strong><\/a><\/span><\/p>\n<ul>\n<li><span style=\"font-size: 14pt\"><a href=\"https:\/\/www.youtube.com\/watch?v=JJ8k_NdpkbU&amp;feature=youtu.be\" target=\"_blank\" rel=\"noopener noreferrer\"><strong><em>Bollos pre\u00f1aos<br \/>\n<\/em><\/strong><\/a><\/span><\/li>\n<\/ul>\n<p style=\"text-align: center\"><span style=\"font-size: 14pt\">\n<!-- iframe plugin v.6.0 wordpress.org\/plugins\/iframe\/ -->\n<iframe loading=\"lazy\" width=\"100%\" height=\"331\" src=\"https:\/\/www.youtube.com\/embed\/JJ8k_NdpkbU\" scrolling=\"yes\" class=\"iframe-class\" frameborder=\"0\"><\/iframe>\n<\/span><\/p>\n<ul>\n<li><span style=\"font-size: 14pt\"><a href=\"https:\/\/www.youtube.com\/watch?v=ix79DnrhlGw\" target=\"_blank\" rel=\"noopener noreferrer\"><strong><em>Frixuelos<\/em><\/strong><\/a><\/span><\/li>\n<\/ul>\n<p style=\"text-align: center\"><span style=\"font-size: 14pt\">\n<!-- iframe plugin v.6.0 wordpress.org\/plugins\/iframe\/ -->\n<iframe loading=\"lazy\" width=\"100%\" height=\"331\" src=\"https:\/\/www.youtube.com\/embed\/ix79DnrhlGw\" scrolling=\"yes\" class=\"iframe-class\" frameborder=\"0\"><\/iframe>\n<\/span><\/p>\n<ul>\n<li><a href=\"https:\/\/www.youtube.com\/watch?v=NgTaDU6e31s\"><span style=\"font-size: 14pt\"><strong>Picastostes<\/strong><\/span><\/a><\/li>\n<\/ul>\n<\/div>\n<p style=\"text-align: center\">\n<!-- iframe plugin v.6.0 wordpress.org\/plugins\/iframe\/ -->\n<iframe loading=\"lazy\" width=\"100%\" height=\"331\" src=\"https:\/\/www.youtube.com\/embed\/NgTaDU6e31s\" scrolling=\"yes\" class=\"iframe-class\" frameborder=\"0\"><\/iframe>\n<\/p>\n<p>&nbsp;<\/p>\n","protected":false},"excerpt":{"rendered":"<p>Canal SuperLlingua De Asociaci\u00f3n Reciella. Families pol Asturianu Bu\u00f1uelos de vientu Frixuelos Tarta la G\u00fcela Tortos de maiz Carbayones \u00a0CANAL de RAQUEL CAMI\u00d1A EN YOUTUBE Bollos pre\u00f1aos Frixuelos Picastostes &nbsp;<\/p>\n","protected":false},"author":117,"featured_media":0,"parent":0,"menu_order":0,"comment_status":"closed","ping_status":"closed","template":"","meta":{"footnotes":""},"class_list":["post-665","page","type-page","status-publish","hentry","post-preview"],"_links":{"self":[{"href":"https:\/\/edublog.educastur.es\/ixuxullingua\/wp-json\/wp\/v2\/pages\/665","targetHints":{"allow":["GET"]}}],"collection":[{"href":"https:\/\/edublog.educastur.es\/ixuxullingua\/wp-json\/wp\/v2\/pages"}],"about":[{"href":"https:\/\/edublog.educastur.es\/ixuxullingua\/wp-json\/wp\/v2\/types\/page"}],"author":[{"embeddable":true,"href":"https:\/\/edublog.educastur.es\/ixuxullingua\/wp-json\/wp\/v2\/users\/117"}],"replies":[{"embeddable":true,"href":"https:\/\/edublog.educastur.es\/ixuxullingua\/wp-json\/wp\/v2\/comments?post=665"}],"version-history":[{"count":6,"href":"https:\/\/edublog.educastur.es\/ixuxullingua\/wp-json\/wp\/v2\/pages\/665\/revisions"}],"predecessor-version":[{"id":2194,"href":"https:\/\/edublog.educastur.es\/ixuxullingua\/wp-json\/wp\/v2\/pages\/665\/revisions\/2194"}],"wp:attachment":[{"href":"https:\/\/edublog.educastur.es\/ixuxullingua\/wp-json\/wp\/v2\/media?parent=665"}],"curies":[{"name":"wp","href":"https:\/\/api.w.org\/{rel}","templated":true}]}}