{"id":73,"date":"2020-07-18T00:03:34","date_gmt":"2020-07-18T00:03:34","guid":{"rendered":"https:\/\/edublog.educastur.es\/ixuxullingua\/?page_id=73"},"modified":"2020-11-04T22:46:49","modified_gmt":"2020-11-04T20:46:49","slug":"educastur","status":"publish","type":"page","link":"https:\/\/edublog.educastur.es\/ixuxullingua\/webs-interes\/educastur\/","title":{"rendered":"Educastur"},"content":{"rendered":"<h4><img loading=\"lazy\" decoding=\"async\" src=\"https:\/\/www.educastur.es\/image\/company_logo?img_id=10802&amp;t=1584507725120\" width=\"313\" height=\"60\" \/><\/h4>\n<p><u><span style=\"color: #000080\"><b>NOTICIES IMPORTANTES DE EDUCASTUR<\/b><\/span><\/u><\/p>\n<p>2020_04_23: <a href=\"http:\/\/blog.educastur.es\/ixuxullingua\/2020\/04\/23\/educastur-dia-mundial-del-libro\/\" target=\"_blank\" rel=\"noopener noreferrer\">D\u00eda Mundial del libro <\/a><\/p>\n<p><img loading=\"lazy\" decoding=\"async\" src=\"https:\/\/www.educastur.es\/image\/journal\/article?img_id=6810362&amp;t=1587641318096\" width=\"299\" height=\"90\" \/><\/p>\n<h4><a href=\"https:\/\/www.educastur.es\/-\/informacion-y-ayuda-equipos-portatil-y-mifi?redirect=https%3A%2F%2Fwww.educastur.es%2Finicio%3Fp_p_id%3D101_INSTANCE_sI4HTlJn1Vwf%26p_p_lifecycle%3D0%26p_p_state%3Dnormal%26p_p_mode%3Dview%26p_p_col_id%3Dcolumn-1%26p_p_col_pos%3D4%26p_p_col_count%3D7\" target=\"_blank\" rel=\"noopener noreferrer\">INFORMACI\u00d3N Y AYUDA. Equipos port\u00e1til y MiFI<\/a><\/h4>\n<p><img loading=\"lazy\" decoding=\"async\" src=\"https:\/\/www.educastur.es\/image\/journal\/article?img_id=6810112&amp;t=1587640822157\" width=\"300\" height=\"90\" \/><\/p>\n<ul>\n<li><a href=\"https:\/\/alojaweb.educastur.es\/web\/abierto24x7\/ayuda\/equipos-portatil\" target=\"_blank\" rel=\"noopener noreferrer\">Port\u00e1til<\/a><\/li>\n<li><a href=\"https:\/\/alojaweb.educastur.es\/web\/abierto24x7\/ayuda\/equipos-mifi\" target=\"_blank\" rel=\"noopener noreferrer\">Emisor Wifi<br \/>\n<\/a><\/li>\n<\/ul>\n<h3><a href=\"https:\/\/www.rtpa.es\/tpa-programa-todos:Aprende%20con%20TPA_111585858890.html\" target=\"_blank\" rel=\"noopener noreferrer\">Aprende con TPA<\/a><\/h3>\n<p><img loading=\"lazy\" decoding=\"async\" src=\"https:\/\/imgbox.es\/images\/2020\/04\/11\/aprendeTPA1e2dcbaaada8109b.jpg\" width=\"318\" height=\"136\" \/><\/p>\n<h3><a href=\"https:\/\/www.educastur.es\/-\/efemerides-02-04-dia-internacional-del-libro-infantil-2020?redirect=https%3A%2F%2Fwww.educastur.es%2Fnoticias%3Fp_p_id%3D101_INSTANCE_nGnAu7wmTrkI%26p_p_lifecycle%3D0%26p_p_state%3Dnormal%26p_p_mode%3Dview%26p_p_col_id%3Dcolumn-1%26p_p_col_pos%3D1%26p_p_col_count%3D2%26_101_INSTANCE_nGnAu7wmTrkI_advancedSearch%3Dfalse%26_101_INSTANCE_nGnAu7wmTrkI_keywords%3D%26_101_INSTANCE_nGnAu7wmTrkI_delta%3D30%26_101_INSTANCE_nGnAu7wmTrkI_cur%3D2%26_101_INSTANCE_nGnAu7wmTrkI_andOperator%3Dtrue\"> EFEM\u00c9RIDES. 02-04. <\/a><\/h3>\n<h3><a href=\"https:\/\/www.educastur.es\/-\/efemerides-02-04-dia-internacional-del-libro-infantil-2020?redirect=https%3A%2F%2Fwww.educastur.es%2Fnoticias%3Fp_p_id%3D101_INSTANCE_nGnAu7wmTrkI%26p_p_lifecycle%3D0%26p_p_state%3Dnormal%26p_p_mode%3Dview%26p_p_col_id%3Dcolumn-1%26p_p_col_pos%3D1%26p_p_col_count%3D2%26_101_INSTANCE_nGnAu7wmTrkI_advancedSearch%3Dfalse%26_101_INSTANCE_nGnAu7wmTrkI_keywords%3D%26_101_INSTANCE_nGnAu7wmTrkI_delta%3D30%26_101_INSTANCE_nGnAu7wmTrkI_cur%3D2%26_101_INSTANCE_nGnAu7wmTrkI_andOperator%3Dtrue\">D\u00eda Internacional del Libro infantil 2020 <\/a><\/h3>\n<p>&nbsp;<\/p>\n<p><a href=\"https:\/\/www.educastur.es\/-\/efemerides-02-04-dia-internacional-del-libro-infantil-2020?redirect=https%3A%2F%2Fwww.educastur.es%2Fnoticias%3Fp_p_id%3D101_INSTANCE_nGnAu7wmTrkI%26p_p_lifecycle%3D0%26p_p_state%3Dnormal%26p_p_mode%3Dview%26p_p_col_id%3Dcolumn-1%26p_p_col_pos%3D1%26p_p_col_count%3D2%26_101_INSTANCE_nGnAu7wmTrkI_advancedSearch%3Dfalse%26_101_INSTANCE_nGnAu7wmTrkI_keywords%3D%26_101_INSTANCE_nGnAu7wmTrkI_delta%3D30%26_101_INSTANCE_nGnAu7wmTrkI_cur%3D2%26_101_INSTANCE_nGnAu7wmTrkI_andOperator%3Dtrue\"> <img decoding=\"async\" src=\"https:\/\/www.educastur.es\/image\/journal\/article?img_id=6466040&amp;t=1585912976836\" alt=\"Imagen de la noticia\" \/><\/a><\/p>\n<p>&nbsp;<\/p>\n<h3><a href=\"https:\/\/www.educastur.es\/-\/credenciales-educastur-alumnado-y-profesorado?redirect=https%3A%2F%2Fwww.educastur.es%2Fnoticias%3Fp_p_id%3D101_INSTANCE_nGnAu7wmTrkI%26p_p_lifecycle%3D0%26p_p_state%3Dnormal%26p_p_mode%3Dview%26p_p_col_id%3Dcolumn-1%26p_p_col_pos%3D1%26p_p_col_count%3D2%26_101_INSTANCE_nGnAu7wmTrkI_advancedSearch%3Dfalse%26_101_INSTANCE_nGnAu7wmTrkI_keywords%3D%26_101_INSTANCE_nGnAu7wmTrkI_delta%3D30%26_101_INSTANCE_nGnAu7wmTrkI_cur%3D2%26_101_INSTANCE_nGnAu7wmTrkI_andOperator%3Dtrue\"> <b>Credenciales Educastur y Office 365<\/b> <\/a><\/h3>\n<p><a href=\"https:\/\/www.educastur.es\/-\/credenciales-educastur-alumnado-y-profesorado?redirect=https%3A%2F%2Fwww.educastur.es%2Fnoticias%3Fp_p_id%3D101_INSTANCE_nGnAu7wmTrkI%26p_p_lifecycle%3D0%26p_p_state%3Dnormal%26p_p_mode%3Dview%26p_p_col_id%3Dcolumn-1%26p_p_col_pos%3D1%26p_p_col_count%3D2%26_101_INSTANCE_nGnAu7wmTrkI_advancedSearch%3Dfalse%26_101_INSTANCE_nGnAu7wmTrkI_keywords%3D%26_101_INSTANCE_nGnAu7wmTrkI_delta%3D30%26_101_INSTANCE_nGnAu7wmTrkI_cur%3D2%26_101_INSTANCE_nGnAu7wmTrkI_andOperator%3Dtrue\"> <img decoding=\"async\" src=\"https:\/\/www.educastur.es\/image\/journal\/article?img_id=6255474&amp;t=1585474550854\" alt=\"Imagen de la noticia\" \/><\/a><\/p>\n<p><a href=\"https:\/\/www.educastur.es\/-\/servicios-y-recursos-educativos?redirect=https%3A%2F%2Fwww.educastur.es%2Fnoticias%3Fp_p_id%3D101_INSTANCE_nGnAu7wmTrkI%26p_p_lifecycle%3D0%26p_p_state%3Dnormal%26p_p_mode%3Dview%26p_p_col_id%3Dcolumn-1%26p_p_col_pos%3D1%26p_p_col_count%3D2%26_101_INSTANCE_nGnAu7wmTrkI_advancedSearch%3Dfalse%26_101_INSTANCE_nGnAu7wmTrkI_keywords%3D%26_101_INSTANCE_nGnAu7wmTrkI_delta%3D30%26_101_INSTANCE_nGnAu7wmTrkI_cur%3D2%26_101_INSTANCE_nGnAu7wmTrkI_andOperator%3Dtrue\"> Espacio web de SERVICIOS y RECURSOS EDUCATIVOS<\/a><\/p>\n<p><a href=\"https:\/\/www.educastur.es\/-\/servicios-y-recursos-educativos?redirect=https%3A%2F%2Fwww.educastur.es%2Fnoticias%3Fp_p_id%3D101_INSTANCE_nGnAu7wmTrkI%26p_p_lifecycle%3D0%26p_p_state%3Dnormal%26p_p_mode%3Dview%26p_p_col_id%3Dcolumn-1%26p_p_col_pos%3D1%26p_p_col_count%3D2%26_101_INSTANCE_nGnAu7wmTrkI_advancedSearch%3Dfalse%26_101_INSTANCE_nGnAu7wmTrkI_keywords%3D%26_101_INSTANCE_nGnAu7wmTrkI_delta%3D30%26_101_INSTANCE_nGnAu7wmTrkI_cur%3D2%26_101_INSTANCE_nGnAu7wmTrkI_andOperator%3Dtrue\"><img decoding=\"async\" src=\"https:\/\/www.educastur.es\/image\/journal\/article?img_id=6236827&amp;t=1585333981756\" alt=\"Imagen de la noticia\" \/><\/a><\/p>\n<p><a href=\"https:\/\/www.educastur.es\/-\/-aprendoencasa-materiales-y-recursos-educativos-online-mefp?redirect=https%3A%2F%2Fwww.educastur.es%2Fnoticias%3Fp_p_id%3D101_INSTANCE_nGnAu7wmTrkI%26p_p_lifecycle%3D0%26p_p_state%3Dnormal%26p_p_mode%3Dview%26p_p_col_id%3Dcolumn-1%26p_p_col_pos%3D1%26p_p_col_count%3D2%26_101_INSTANCE_nGnAu7wmTrkI_advancedSearch%3Dfalse%26_101_INSTANCE_nGnAu7wmTrkI_keywords%3D%26_101_INSTANCE_nGnAu7wmTrkI_delta%3D30%26_101_INSTANCE_nGnAu7wmTrkI_cur%3D3%26_101_INSTANCE_nGnAu7wmTrkI_andOperator%3Dtrue\"> #AprendoEnCasa.<br \/>\nMateriales y recursos educativos online. MEFP<\/a><\/p>\n<p><a href=\"https:\/\/www.educastur.es\/-\/-aprendoencasa-materiales-y-recursos-educativos-online-mefp?redirect=https%3A%2F%2Fwww.educastur.es%2Fnoticias%3Fp_p_id%3D101_INSTANCE_nGnAu7wmTrkI%26p_p_lifecycle%3D0%26p_p_state%3Dnormal%26p_p_mode%3Dview%26p_p_col_id%3Dcolumn-1%26p_p_col_pos%3D1%26p_p_col_count%3D2%26_101_INSTANCE_nGnAu7wmTrkI_advancedSearch%3Dfalse%26_101_INSTANCE_nGnAu7wmTrkI_keywords%3D%26_101_INSTANCE_nGnAu7wmTrkI_delta%3D30%26_101_INSTANCE_nGnAu7wmTrkI_cur%3D3%26_101_INSTANCE_nGnAu7wmTrkI_andOperator%3Dtrue\"><img decoding=\"async\" src=\"https:\/\/www.educastur.es\/image\/journal\/article?img_id=6084514&amp;t=1584960234037\" alt=\"Imagen de la noticia\" \/><\/a><\/p>\n<p><a href=\"https:\/\/www.educastur.es\/-\/microsoft-teams-plataforma-de-formacion-a-distancia?redirect=https%3A%2F%2Fwww.educastur.es%2Fnoticias%3Fp_p_id%3D101_INSTANCE_nGnAu7wmTrkI%26p_p_lifecycle%3D0%26p_p_state%3Dnormal%26p_p_mode%3Dview%26p_p_col_id%3Dcolumn-1%26p_p_col_pos%3D1%26p_p_col_count%3D2%26_101_INSTANCE_nGnAu7wmTrkI_advancedSearch%3Dfalse%26_101_INSTANCE_nGnAu7wmTrkI_keywords%3D%26_101_INSTANCE_nGnAu7wmTrkI_delta%3D30%26_101_INSTANCE_nGnAu7wmTrkI_cur%3D3%26_101_INSTANCE_nGnAu7wmTrkI_andOperator%3Dtrue\"> Microsoft Teams.<br \/>\nPlataforma de formaci\u00f3n a distancia<\/a><\/p>\n<p><a href=\"https:\/\/www.educastur.es\/-\/microsoft-teams-plataforma-de-formacion-a-distancia?redirect=https%3A%2F%2Fwww.educastur.es%2Fnoticias%3Fp_p_id%3D101_INSTANCE_nGnAu7wmTrkI%26p_p_lifecycle%3D0%26p_p_state%3Dnormal%26p_p_mode%3Dview%26p_p_col_id%3Dcolumn-1%26p_p_col_pos%3D1%26p_p_col_count%3D2%26_101_INSTANCE_nGnAu7wmTrkI_advancedSearch%3Dfalse%26_101_INSTANCE_nGnAu7wmTrkI_keywords%3D%26_101_INSTANCE_nGnAu7wmTrkI_delta%3D30%26_101_INSTANCE_nGnAu7wmTrkI_cur%3D3%26_101_INSTANCE_nGnAu7wmTrkI_andOperator%3Dtrue\"> <img decoding=\"async\" src=\"https:\/\/www.educastur.es\/image\/journal\/article?img_id=5986863&amp;t=1584518749243\" alt=\"Imagen de la noticia\" \/><\/a><\/p>\n<p><a href=\"https:\/\/www.educastur.es\/-\/recursos-educativos-educlan?redirect=https%3A%2F%2Fwww.educastur.es%2Fnoticias%3Fp_p_id%3D101_INSTANCE_nGnAu7wmTrkI%26p_p_lifecycle%3D0%26p_p_state%3Dnormal%26p_p_mode%3Dview%26p_p_col_id%3Dcolumn-1%26p_p_col_pos%3D1%26p_p_col_count%3D2%26_101_INSTANCE_nGnAu7wmTrkI_advancedSearch%3Dfalse%26_101_INSTANCE_nGnAu7wmTrkI_keywords%3D%26_101_INSTANCE_nGnAu7wmTrkI_delta%3D30%26_101_INSTANCE_nGnAu7wmTrkI_cur%3D3%26_101_INSTANCE_nGnAu7wmTrkI_andOperator%3Dtrue\"> Recursos educativos. Educlan<\/a><\/p>\n<p><a href=\"https:\/\/www.educastur.es\/-\/recursos-educativos-educlan?redirect=https%3A%2F%2Fwww.educastur.es%2Fnoticias%3Fp_p_id%3D101_INSTANCE_nGnAu7wmTrkI%26p_p_lifecycle%3D0%26p_p_state%3Dnormal%26p_p_mode%3Dview%26p_p_col_id%3Dcolumn-1%26p_p_col_pos%3D1%26p_p_col_count%3D2%26_101_INSTANCE_nGnAu7wmTrkI_advancedSearch%3Dfalse%26_101_INSTANCE_nGnAu7wmTrkI_keywords%3D%26_101_INSTANCE_nGnAu7wmTrkI_delta%3D30%26_101_INSTANCE_nGnAu7wmTrkI_cur%3D3%26_101_INSTANCE_nGnAu7wmTrkI_andOperator%3Dtrue\"> <img decoding=\"async\" src=\"https:\/\/www.educastur.es\/image\/journal\/article?img_id=5976003&amp;t=1584469486204\" alt=\"Imagen de la noticia\" \/><\/a><\/p>\n<p><a href=\"https:\/\/www.educastur.es\/-\/museo-de-bbaa-de-asturias-exeriencia-didactica-taller-de-comic?redirect=https%3A%2F%2Fwww.educastur.es%2Fnoticias%3Fp_p_id%3D101_INSTANCE_nGnAu7wmTrkI%26p_p_lifecycle%3D0%26p_p_state%3Dnormal%26p_p_mode%3Dview%26p_p_col_id%3Dcolumn-1%26p_p_col_pos%3D1%26p_p_col_count%3D2%26_101_INSTANCE_nGnAu7wmTrkI_advancedSearch%3Dfalse%26_101_INSTANCE_nGnAu7wmTrkI_keywords%3D%26_101_INSTANCE_nGnAu7wmTrkI_delta%3D30%26_101_INSTANCE_nGnAu7wmTrkI_cur%3D4%26_101_INSTANCE_nGnAu7wmTrkI_andOperator%3Dtrue\"> Museo de BBAA de Asturias.<br \/>\nExperiencia did\u00e1ctica: Taller de c\u00f3mic<\/a><\/p>\n<p><a href=\"https:\/\/www.educastur.es\/-\/museo-de-bbaa-de-asturias-exeriencia-didactica-taller-de-comic?redirect=https%3A%2F%2Fwww.educastur.es%2Fnoticias%3Fp_p_id%3D101_INSTANCE_nGnAu7wmTrkI%26p_p_lifecycle%3D0%26p_p_state%3Dnormal%26p_p_mode%3Dview%26p_p_col_id%3Dcolumn-1%26p_p_col_pos%3D1%26p_p_col_count%3D2%26_101_INSTANCE_nGnAu7wmTrkI_advancedSearch%3Dfalse%26_101_INSTANCE_nGnAu7wmTrkI_keywords%3D%26_101_INSTANCE_nGnAu7wmTrkI_delta%3D30%26_101_INSTANCE_nGnAu7wmTrkI_cur%3D4%26_101_INSTANCE_nGnAu7wmTrkI_andOperator%3Dtrue\"> <img decoding=\"async\" src=\"https:\/\/www.educastur.es\/image\/journal\/article?img_id=5797732&amp;t=1583763007337\" alt=\"Imagen de la noticia\" \/><\/a><\/p>\n<p><a href=\"https:\/\/www.educastur.es\/-\/efemerides-11-02-dia-int-mujer-y-nina-en-la-ciencia-chatea-con-una-astronoma-sea-?redirect=https%3A%2F%2Fwww.educastur.es%2Fnoticias%3Fp_p_id%3D101_INSTANCE_nGnAu7wmTrkI%26p_p_lifecycle%3D0%26p_p_state%3Dnormal%26p_p_mode%3Dview%26p_p_col_id%3Dcolumn-1%26p_p_col_pos%3D1%26p_p_col_count%3D2%26_101_INSTANCE_nGnAu7wmTrkI_advancedSearch%3Dfalse%26_101_INSTANCE_nGnAu7wmTrkI_keywords%3D%26_101_INSTANCE_nGnAu7wmTrkI_delta%3D30%26_101_INSTANCE_nGnAu7wmTrkI_cur%3D6%26_101_INSTANCE_nGnAu7wmTrkI_andOperator%3Dtrue\"> EFEM\u00c9RIDES. 11-02. D\u00eda Int. Mujer y Ni\u00f1a<br \/>\nen la Ciencia. Chatea con una Astr\u00f3noma (SEA)<\/a><\/p>\n<p><a href=\"https:\/\/www.educastur.es\/-\/efemerides-11-02-dia-int-mujer-y-nina-en-la-ciencia-chatea-con-una-astronoma-sea-?redirect=https%3A%2F%2Fwww.educastur.es%2Fnoticias%3Fp_p_id%3D101_INSTANCE_nGnAu7wmTrkI%26p_p_lifecycle%3D0%26p_p_state%3Dnormal%26p_p_mode%3Dview%26p_p_col_id%3Dcolumn-1%26p_p_col_pos%3D1%26p_p_col_count%3D2%26_101_INSTANCE_nGnAu7wmTrkI_advancedSearch%3Dfalse%26_101_INSTANCE_nGnAu7wmTrkI_keywords%3D%26_101_INSTANCE_nGnAu7wmTrkI_delta%3D30%26_101_INSTANCE_nGnAu7wmTrkI_cur%3D6%26_101_INSTANCE_nGnAu7wmTrkI_andOperator%3Dtrue\"><img decoding=\"async\" src=\"https:\/\/www.educastur.es\/image\/journal\/article?img_id=5677269&amp;t=1581342121347\" alt=\"Imagen de la noticia\" \/><\/a><\/p>\n<p>&nbsp;<\/p>\n","protected":false},"excerpt":{"rendered":"<p>NOTICIES IMPORTANTES DE EDUCASTUR 2020_04_23: D\u00eda Mundial del libro INFORMACI\u00d3N Y AYUDA. Equipos port\u00e1til y MiFI Port\u00e1til Emisor Wifi Aprende con TPA EFEM\u00c9RIDES. 02-04. D\u00eda Internacional del Libro infantil 2020 &nbsp; &nbsp; Credenciales Educastur y Office 365 Espacio web de SERVICIOS y RECURSOS EDUCATIVOS #AprendoEnCasa. Materiales y recursos educativos online. MEFP Microsoft Teams. Plataforma de [&hellip;]<\/p>\n","protected":false},"author":117,"featured_media":0,"parent":282,"menu_order":15,"comment_status":"closed","ping_status":"closed","template":"","meta":{"footnotes":""},"class_list":["post-73","page","type-page","status-publish","hentry","post-preview"],"_links":{"self":[{"href":"https:\/\/edublog.educastur.es\/ixuxullingua\/wp-json\/wp\/v2\/pages\/73","targetHints":{"allow":["GET"]}}],"collection":[{"href":"https:\/\/edublog.educastur.es\/ixuxullingua\/wp-json\/wp\/v2\/pages"}],"about":[{"href":"https:\/\/edublog.educastur.es\/ixuxullingua\/wp-json\/wp\/v2\/types\/page"}],"author":[{"embeddable":true,"href":"https:\/\/edublog.educastur.es\/ixuxullingua\/wp-json\/wp\/v2\/users\/117"}],"replies":[{"embeddable":true,"href":"https:\/\/edublog.educastur.es\/ixuxullingua\/wp-json\/wp\/v2\/comments?post=73"}],"version-history":[{"count":2,"href":"https:\/\/edublog.educastur.es\/ixuxullingua\/wp-json\/wp\/v2\/pages\/73\/revisions"}],"predecessor-version":[{"id":1050,"href":"https:\/\/edublog.educastur.es\/ixuxullingua\/wp-json\/wp\/v2\/pages\/73\/revisions\/1050"}],"up":[{"embeddable":true,"href":"https:\/\/edublog.educastur.es\/ixuxullingua\/wp-json\/wp\/v2\/pages\/282"}],"wp:attachment":[{"href":"https:\/\/edublog.educastur.es\/ixuxullingua\/wp-json\/wp\/v2\/media?parent=73"}],"curies":[{"name":"wp","href":"https:\/\/api.w.org\/{rel}","templated":true}]}}