{"id":850,"date":"2020-08-23T16:28:59","date_gmt":"2020-08-23T15:28:59","guid":{"rendered":"https:\/\/edublog.educastur.es\/ixuxullingua\/?page_id=850"},"modified":"2022-05-25T11:51:04","modified_gmt":"2022-05-25T09:51:04","slug":"07-tercer-trimestre","status":"publish","type":"page","link":"https:\/\/edublog.educastur.es\/ixuxullingua\/2-segundu\/segundu-21-22\/07-tercer-trimestre\/","title":{"rendered":"07) Tercer trimestre"},"content":{"rendered":"<p>&nbsp;<\/p>\n<div class=\"elementToProof\"><\/div>\n<div class=\"elementToProof\">\n<ul>\n<li>Canci\u00f3n <a title=\"https:\/\/edublog.educastur.es\/ixuxu\/2022\/05\/el-barquin-dalicia-alvarez\/\" href=\"https:\/\/edublog.educastur.es\/ixuxu\/2022\/05\/el-barquin-dalicia-alvarez\/\"><b>\u00abEl barqu\u00edn\u00bb: blog <\/b><\/a>y <a title=\"https:\/\/www.youtube.com\/watch?v=XkDcRyDXbhU&amp;feature=emb_logo\" href=\"https:\/\/www.youtube.com\/watch?v=XkDcRyDXbhU&amp;feature=emb_logo\"><b>Youtube<\/b><\/a><\/li>\n<li><a href=\"https:\/\/educastur-my.sharepoint.com\/:f:\/g\/personal\/isabellh_educastur_org\/EjGjIzhazudFg_JiSwdKHYIBa8h3whoJKYotpR9omXFYKw?e=ShMQ0e\">Carpeta: NUN HAI PART\u00cdU<\/a><\/li>\n<li><b><a title=\"https:\/\/edublog.educastur.es\/ixuxullingua\/2-segundu\/segundu-21-22\/07-tercer-trimestre\/nun-hai-partiu\/\" href=\"https:\/\/edublog.educastur.es\/ixuxullingua\/2-segundu\/segundu-21-22\/07-tercer-trimestre\/nun-hai-partiu\/\">Lectura: Nun hai part\u00edu y canci\u00f3n: Llueve<\/a><\/b><\/li>\n<li><a href=\"https:\/\/educastur-my.sharepoint.com\/:f:\/g\/personal\/isabellh_educastur_org\/EjCS9Dn9tulCk1t0Jffxz6kB_ZHmHGyqO8oGqw65t6qGzg?e=OGvcue\">Carpeta: LA CARTA DE TISTA<\/a><\/li>\n<li><a href=\"https:\/\/educastur-my.sharepoint.com\/:b:\/g\/personal\/isabellh_educastur_org\/EdPiryj1xalLkK8nWUngH-QBgObYFBHVBKaJUHw_QpeQFQ?e=4AREPb\"><strong>Asturies, valles y montes \/ Archivo<\/strong><\/a><\/li>\n<li><a href=\"https:\/\/educastur-my.sharepoint.com\/:f:\/g\/personal\/isabellh_educastur_org\/EspDahYhQv5Mso_G12UrKHoBzRuLW68SBAvzvFRs_e9dsw?e=0vO3H1\">Carpeta: Asturies, valles y montes<\/a><\/li>\n<\/ul>\n<\/div>\n","protected":false},"excerpt":{"rendered":"<p>&nbsp; Canci\u00f3n \u00abEl barqu\u00edn\u00bb: blog y Youtube Carpeta: NUN HAI PART\u00cdU Lectura: Nun hai part\u00edu y canci\u00f3n: Llueve Carpeta: LA CARTA DE TISTA Asturies, valles y montes \/ Archivo Carpeta: Asturies, valles y montes<\/p>\n","protected":false},"author":117,"featured_media":0,"parent":2744,"menu_order":0,"comment_status":"closed","ping_status":"closed","template":"","meta":{"footnotes":""},"class_list":["post-850","page","type-page","status-publish","hentry","post-preview"],"_links":{"self":[{"href":"https:\/\/edublog.educastur.es\/ixuxullingua\/wp-json\/wp\/v2\/pages\/850","targetHints":{"allow":["GET"]}}],"collection":[{"href":"https:\/\/edublog.educastur.es\/ixuxullingua\/wp-json\/wp\/v2\/pages"}],"about":[{"href":"https:\/\/edublog.educastur.es\/ixuxullingua\/wp-json\/wp\/v2\/types\/page"}],"author":[{"embeddable":true,"href":"https:\/\/edublog.educastur.es\/ixuxullingua\/wp-json\/wp\/v2\/users\/117"}],"replies":[{"embeddable":true,"href":"https:\/\/edublog.educastur.es\/ixuxullingua\/wp-json\/wp\/v2\/comments?post=850"}],"version-history":[{"count":6,"href":"https:\/\/edublog.educastur.es\/ixuxullingua\/wp-json\/wp\/v2\/pages\/850\/revisions"}],"predecessor-version":[{"id":3296,"href":"https:\/\/edublog.educastur.es\/ixuxullingua\/wp-json\/wp\/v2\/pages\/850\/revisions\/3296"}],"up":[{"embeddable":true,"href":"https:\/\/edublog.educastur.es\/ixuxullingua\/wp-json\/wp\/v2\/pages\/2744"}],"wp:attachment":[{"href":"https:\/\/edublog.educastur.es\/ixuxullingua\/wp-json\/wp\/v2\/media?parent=850"}],"curies":[{"name":"wp","href":"https:\/\/api.w.org\/{rel}","templated":true}]}}