{"id":98,"date":"2020-07-18T09:15:21","date_gmt":"2020-07-18T09:15:21","guid":{"rendered":"https:\/\/edublog.educastur.es\/ixuxullingua\/?page_id=98"},"modified":"2020-07-18T09:17:38","modified_gmt":"2020-07-18T09:17:38","slug":"tv","status":"publish","type":"page","link":"https:\/\/edublog.educastur.es\/ixuxullingua\/tv\/","title":{"rendered":"TV"},"content":{"rendered":"<p><a href=\"https:\/\/www.rtpa.es\/video:Aprende%20con%20TPA_551585957797.html\" target=\"_blank\" rel=\"noopener noreferrer\"><img loading=\"lazy\" decoding=\"async\" src=\"https:\/\/imgbox.es\/images\/2020\/04\/11\/aprendeTPA1e2dcbaaada8109b.jpg\" width=\"398\" height=\"170\" \/><i><u>P\u00e1xina<\/u><\/i><\/a><\/p>\n<h4><i>TPA pone en marcha el espacio <b>Aprende con TPA<\/b>, en el que se incluye el programa\u00a0 Educastur TV, impulsado por la Consejer\u00eda de Educaci\u00f3n, en colaboraci\u00f3n con RTPA, as\u00ed como los<br \/>\nprogramas de Presta Asgaya,\u00a0 Dicires y F\u00e1lame.<\/i><\/h4>\n<p><em><img loading=\"lazy\" decoding=\"async\" class=\"alignnone wp-image-173\" src=\"http:\/\/edublog.educastur.es\/llingua\/files\/2020\/07\/asturianu_tv-300x300.jpg\" alt=\"\" width=\"313\" height=\"313\" \/><\/em><\/p>\n<p><a href=\"https:\/\/asturianutv.wordpress.com\/\">Entamu<\/a><\/p>\n<div id=\"post-266\" class=\"post\">\n<div class=\"entry\">\n<p><em><span style=\"font-size: 14pt\"><strong>CLASES: <\/strong><\/span><a title=\"L\u00b4asturianu n\u00b4Educastur TV\" href=\"http:\/\/blog.educastur.es\/ixuxullingua\/tarea\/l\u00b4asturianu-n\u00b4educastur-tv\/\"><span style=\"font-size: 14pt\">L\u00b4asturianu n\u00b4Educastur TV<\/span><\/a><\/em><\/p>\n<\/div>\n<\/div>\n","protected":false},"excerpt":{"rendered":"<p>P\u00e1xina TPA pone en marcha el espacio Aprende con TPA, en el que se incluye el programa\u00a0 Educastur TV, impulsado por la Consejer\u00eda de Educaci\u00f3n, en colaboraci\u00f3n con RTPA, as\u00ed como los programas de Presta Asgaya,\u00a0 Dicires y F\u00e1lame. Entamu CLASES: L\u00b4asturianu n\u00b4Educastur TV<\/p>\n","protected":false},"author":117,"featured_media":0,"parent":0,"menu_order":0,"comment_status":"closed","ping_status":"closed","template":"","meta":{"footnotes":""},"class_list":["post-98","page","type-page","status-publish","hentry","post-preview"],"_links":{"self":[{"href":"https:\/\/edublog.educastur.es\/ixuxullingua\/wp-json\/wp\/v2\/pages\/98","targetHints":{"allow":["GET"]}}],"collection":[{"href":"https:\/\/edublog.educastur.es\/ixuxullingua\/wp-json\/wp\/v2\/pages"}],"about":[{"href":"https:\/\/edublog.educastur.es\/ixuxullingua\/wp-json\/wp\/v2\/types\/page"}],"author":[{"embeddable":true,"href":"https:\/\/edublog.educastur.es\/ixuxullingua\/wp-json\/wp\/v2\/users\/117"}],"replies":[{"embeddable":true,"href":"https:\/\/edublog.educastur.es\/ixuxullingua\/wp-json\/wp\/v2\/comments?post=98"}],"version-history":[{"count":4,"href":"https:\/\/edublog.educastur.es\/ixuxullingua\/wp-json\/wp\/v2\/pages\/98\/revisions"}],"predecessor-version":[{"id":103,"href":"https:\/\/edublog.educastur.es\/ixuxullingua\/wp-json\/wp\/v2\/pages\/98\/revisions\/103"}],"wp:attachment":[{"href":"https:\/\/edublog.educastur.es\/ixuxullingua\/wp-json\/wp\/v2\/media?parent=98"}],"curies":[{"name":"wp","href":"https:\/\/api.w.org\/{rel}","templated":true}]}}