{"id":26,"date":"2021-05-15T17:58:29","date_gmt":"2021-05-15T17:58:29","guid":{"rendered":"https:\/\/edublog.educastur.es\/juegosele\/?page_id=26"},"modified":"2021-05-15T17:58:29","modified_gmt":"2021-05-15T17:58:29","slug":"presente-continuo-estar-gerundio","status":"publish","type":"page","link":"https:\/\/edublog.educastur.es\/juegosele\/presente-continuo-estar-gerundio\/","title":{"rendered":"Presente continuo (estar + gerundio)"},"content":{"rendered":"<p>Repasa el presente continuo con los siguientes juegos:<br \/>\n<strong>1.- Juego de preguntas y respuestas<\/strong>:<\/p>\n<p><iframe class=\"wp-embedded-content\" sandbox=\"allow-scripts\" security=\"restricted\" title=\"presente continuo ELE\" frameborder='0' width='1200' height='675' src='https:\/\/view.genially.com\/608ecd6a33b1640d2f9a58e2#?secret=AmItjZU27H' data-secret='AmItjZU27H' scrolling='yes'><\/iframe><\/p>\n<p><strong>2.- Tira el dado y responde qu\u00e9 est\u00e1n haciendo seg\u00fan se representa en las im\u00e1genes<\/strong>:<\/p>\n<p><iframe class=\"wp-embedded-content\" sandbox=\"allow-scripts\" security=\"restricted\" title=\"JUEGO presente continuo ELE A1\" frameborder='0' width='1200' height='675' src='https:\/\/view.genially.com\/608ed2f5dbec970d18f757cd#?secret=3sBYuVs4Dd' data-secret='3sBYuVs4Dd' scrolling='yes'><\/iframe><\/p>\n<p><strong>3.- Juego de preguntas y respuestas<\/strong>:<\/p>\n<p><iframe class=\"wp-embedded-content\" sandbox=\"allow-scripts\" security=\"restricted\" title=\"presente continuo ELE\" frameborder='0' width='1200' height='675' src='https:\/\/view.genially.com\/6090056c04d1720d91a03c2d#?secret=SlKdkxD9bI' data-secret='SlKdkxD9bI' scrolling='yes'><\/iframe><\/p>\n","protected":false},"excerpt":{"rendered":"<p>Repasa el presente continuo con los siguientes juegos: 1.- Juego de preguntas y respuestas: 2.- Tira el dado y responde qu\u00e9 est\u00e1n haciendo seg\u00fan se representa en las im\u00e1genes: 3.- Juego de preguntas y respuestas:<\/p>\n","protected":false},"author":36,"featured_media":0,"parent":0,"menu_order":0,"comment_status":"closed","ping_status":"closed","template":"","meta":{"footnotes":""},"class_list":["post-26","page","type-page","status-publish","hentry"],"_links":{"self":[{"href":"https:\/\/edublog.educastur.es\/juegosele\/wp-json\/wp\/v2\/pages\/26","targetHints":{"allow":["GET"]}}],"collection":[{"href":"https:\/\/edublog.educastur.es\/juegosele\/wp-json\/wp\/v2\/pages"}],"about":[{"href":"https:\/\/edublog.educastur.es\/juegosele\/wp-json\/wp\/v2\/types\/page"}],"author":[{"embeddable":true,"href":"https:\/\/edublog.educastur.es\/juegosele\/wp-json\/wp\/v2\/users\/36"}],"replies":[{"embeddable":true,"href":"https:\/\/edublog.educastur.es\/juegosele\/wp-json\/wp\/v2\/comments?post=26"}],"version-history":[{"count":3,"href":"https:\/\/edublog.educastur.es\/juegosele\/wp-json\/wp\/v2\/pages\/26\/revisions"}],"predecessor-version":[{"id":29,"href":"https:\/\/edublog.educastur.es\/juegosele\/wp-json\/wp\/v2\/pages\/26\/revisions\/29"}],"wp:attachment":[{"href":"https:\/\/edublog.educastur.es\/juegosele\/wp-json\/wp\/v2\/media?parent=26"}],"curies":[{"name":"wp","href":"https:\/\/api.w.org\/{rel}","templated":true}]}}