{"id":268,"date":"2022-02-13T11:36:46","date_gmt":"2022-02-13T11:36:46","guid":{"rendered":"https:\/\/edublog.educastur.es\/juegosele\/?page_id=268"},"modified":"2022-05-07T08:16:36","modified_gmt":"2022-05-07T08:16:36","slug":"dias-de-la-semana-y-meses-del-ano","status":"publish","type":"page","link":"https:\/\/edublog.educastur.es\/juegosele\/dias-de-la-semana-y-meses-del-ano\/","title":{"rendered":"D\u00edas de la semana y meses del a\u00f1o."},"content":{"rendered":"<p><strong>Ordena los d\u00edas de la semana<\/strong>.<\/p>\n\n<!-- iframe plugin v.6.0 wordpress.org\/plugins\/iframe\/ -->\n<iframe loading=\"lazy\" width=\"100%\" height=\"400\" src=\"https:\/\/learningapps.org\/watch?app=25348479\" scrolling=\"yes\" class=\"iframe-class\" frameborder=\"0\"><\/iframe>\n\n<p><strong>Ordena los meses del a\u00f1o<\/strong>.<\/p>\n\n<!-- iframe plugin v.6.0 wordpress.org\/plugins\/iframe\/ -->\n<iframe loading=\"lazy\" width=\"100%\" height=\"400\" src=\"https:\/\/learningapps.org\/watch?app=25348305\" scrolling=\"yes\" class=\"iframe-class\" frameborder=\"0\"><\/iframe>\n\n<p><strong>Lee y pronuncia<\/strong><\/p>\n\n<!-- iframe plugin v.6.0 wordpress.org\/plugins\/iframe\/ -->\n<iframe loading=\"lazy\" width=\"100%\" height=\"400\" src=\"https:\/\/learningapps.org\/watch?v=pttbzjeq522\" scrolling=\"yes\" class=\"iframe-class\" frameborder=\"0\"><\/iframe>\n\n<p><strong>Ordena los d\u00edas de la semana<\/strong>.<\/p>\n\n<!-- iframe plugin v.6.0 wordpress.org\/plugins\/iframe\/ -->\n<iframe loading=\"lazy\" width=\"100%\" height=\"400\" src=\"https:\/\/learningapps.org\/watch?v=pt4gt4b8322\" scrolling=\"yes\" class=\"iframe-class\" frameborder=\"0\"><\/iframe>\n\n<p><strong>Ordena los meses del a\u00f1o<\/strong>.<\/p>\n\n<!-- iframe plugin v.6.0 wordpress.org\/plugins\/iframe\/ -->\n<iframe loading=\"lazy\" width=\"100%\" height=\"400\" src=\"https:\/\/learningapps.org\/watch?app=25326414\" scrolling=\"yes\" class=\"iframe-class\" frameborder=\"0\"><\/iframe>\n\n<p><strong>Empareja los meses del a\u00f1o, para ello ten en cuenta la imagen<\/strong>.<\/p>\n\n<!-- iframe plugin v.6.0 wordpress.org\/plugins\/iframe\/ -->\n<iframe loading=\"lazy\" width=\"100%\" height=\"400\" src=\"https:\/\/learningapps.org\/watch?v=phjbcshkj22\" scrolling=\"yes\" class=\"iframe-class\" frameborder=\"0\"><\/iframe>\n\n<p><strong>Empareja los meses del a\u00f1o<\/strong>.<\/p>\n\n<!-- iframe plugin v.6.0 wordpress.org\/plugins\/iframe\/ -->\n<iframe loading=\"lazy\" width=\"100%\" height=\"400\" src=\"https:\/\/learningapps.org\/watch?v=pkxoqt82n22\" scrolling=\"yes\" class=\"iframe-class\" frameborder=\"0\"><\/iframe>\n\n","protected":false},"excerpt":{"rendered":"<p>Ordena los d\u00edas de la semana. Ordena los meses del a\u00f1o. Lee y pronuncia Ordena los d\u00edas de la semana. Ordena los meses del a\u00f1o. Empareja los meses del a\u00f1o, para ello ten en cuenta la imagen. Empareja los meses del a\u00f1o.<\/p>\n","protected":false},"author":36,"featured_media":0,"parent":0,"menu_order":0,"comment_status":"closed","ping_status":"closed","template":"","meta":{"footnotes":""},"class_list":["post-268","page","type-page","status-publish","hentry"],"_links":{"self":[{"href":"https:\/\/edublog.educastur.es\/juegosele\/wp-json\/wp\/v2\/pages\/268","targetHints":{"allow":["GET"]}}],"collection":[{"href":"https:\/\/edublog.educastur.es\/juegosele\/wp-json\/wp\/v2\/pages"}],"about":[{"href":"https:\/\/edublog.educastur.es\/juegosele\/wp-json\/wp\/v2\/types\/page"}],"author":[{"embeddable":true,"href":"https:\/\/edublog.educastur.es\/juegosele\/wp-json\/wp\/v2\/users\/36"}],"replies":[{"embeddable":true,"href":"https:\/\/edublog.educastur.es\/juegosele\/wp-json\/wp\/v2\/comments?post=268"}],"version-history":[{"count":6,"href":"https:\/\/edublog.educastur.es\/juegosele\/wp-json\/wp\/v2\/pages\/268\/revisions"}],"predecessor-version":[{"id":287,"href":"https:\/\/edublog.educastur.es\/juegosele\/wp-json\/wp\/v2\/pages\/268\/revisions\/287"}],"wp:attachment":[{"href":"https:\/\/edublog.educastur.es\/juegosele\/wp-json\/wp\/v2\/media?parent=268"}],"curies":[{"name":"wp","href":"https:\/\/api.w.org\/{rel}","templated":true}]}}