{"id":317,"date":"2025-04-28T19:03:25","date_gmt":"2025-04-28T19:03:25","guid":{"rendered":"https:\/\/edublog.educastur.es\/juegosele\/?page_id=317"},"modified":"2025-05-06T17:25:47","modified_gmt":"2025-05-06T17:25:47","slug":"pasaporte-ele","status":"publish","type":"page","link":"https:\/\/edublog.educastur.es\/juegosele\/pasaporte-ele\/","title":{"rendered":"PASAPORTE ELE"},"content":{"rendered":"<p>Haz tu pasaporte siguiendo estos pasos:<\/p>\n<ol>\n<li>Escribe tus datos personales.<\/li>\n<li>En la infograf\u00eda te indicamos cu\u00e1les son los puntos a tratar.<\/li>\n<li>Adem\u00e1s te dejamos claras algunas instrucciones. Sigue leyendo.<\/li>\n<\/ol>\n<p><iframe class=\"wp-embedded-content\" sandbox=\"allow-scripts\" security=\"restricted\" title=\"Pasaporte ELE\" frameborder='0' width='1200' height='675' src='https:\/\/view.genially.com\/680fc8a662289e40fc6684fa#?secret=vM3UEhHtjn' data-secret='vM3UEhHtjn' scrolling='yes'><\/iframe><\/p>\n<p>Para realizar la actividad de manera adecuada sigue estos pasos:<\/p>\n<ol>\n<li><strong>Indicar con claridad el t\u00edtulo<\/strong>: <strong>Pasaporte<\/strong>. Ten en cuenta que los vas a exponer en clase, as\u00ed que ten en cuenta que el contenido tiene que ser claro y sencillo, para que todos lo puedan entender.<\/li>\n<li><strong>Haz un borrador<\/strong> para ce\u00f1irte a lo que quieres contar y c\u00f3mo lo quieres hacer, teniendo siempre en cuenta los <strong>objetivos y los descriptores<\/strong> de la actividad.<\/li>\n<li>Si vas a utilizar alguna <strong>fotograf\u00eda o dibujo<\/strong> aseg\u00farate de la calidad de la imagen y de extraerlo de p\u00e1ginas adecuadas mencionado su fuente de origen.<\/li>\n<li>Para realizar el Pasaporte puedes utilizar las herramientas que te ofrece el equipo <strong>TEAMS, como son Word o Power Point<\/strong>. Tambi\u00e9n puedes utilizar <strong>Canva,<\/strong> pero recuerda que luego tienes que descargar el trabajo en PDF.<\/li>\n<li>El trabajo es <strong>individual<\/strong>, as\u00ed que d<strong>esarrolla tu imaginaci\u00f3n y tu creatividad<\/strong>. \u00a1Cada Pasaporte es \u00fanico!<\/li>\n<li>Si tienes alguna duda <strong>repasa lo aprendido<\/strong> en clase.<\/li>\n<li>Recuerda que el t\u00edtulo puede tener el <strong>tama\u00f1o de letra<\/strong> que quieras y el <strong>color<\/strong> que desees. Para destacarlo puedes utilizar la negrita o la cursiva.<\/li>\n<li>Si tienes alguna duda no dudes en preguntarme. <strong>\u00a1Es un placer ayudarte!<\/strong><\/li>\n<\/ol>\n<p><img loading=\"lazy\" decoding=\"async\" class=\"alignnone size-full wp-image-323\" src=\"http:\/\/edublog.educastur.es\/juegosele\/files\/2025\/05\/3684404.jpg\" alt=\"\" width=\"2000\" height=\"2000\" srcset=\"https:\/\/edublog.educastur.es\/juegosele\/files\/2025\/05\/3684404.jpg 2000w, https:\/\/edublog.educastur.es\/juegosele\/files\/2025\/05\/3684404-300x300.jpg 300w, https:\/\/edublog.educastur.es\/juegosele\/files\/2025\/05\/3684404-1024x1024.jpg 1024w, https:\/\/edublog.educastur.es\/juegosele\/files\/2025\/05\/3684404-150x150.jpg 150w, https:\/\/edublog.educastur.es\/juegosele\/files\/2025\/05\/3684404-768x768.jpg 768w, https:\/\/edublog.educastur.es\/juegosele\/files\/2025\/05\/3684404-1536x1536.jpg 1536w, https:\/\/edublog.educastur.es\/juegosele\/files\/2025\/05\/3684404-88x88.jpg 88w, https:\/\/edublog.educastur.es\/juegosele\/files\/2025\/05\/3684404-900x900.jpg 900w, https:\/\/edublog.educastur.es\/juegosele\/files\/2025\/05\/3684404-1280x1280.jpg 1280w\" sizes=\"auto, (max-width: 2000px) 100vw, 2000px\" \/><\/p>\n","protected":false},"excerpt":{"rendered":"<p>Haz tu pasaporte siguiendo estos pasos: Escribe tus datos personales. En la infograf\u00eda te indicamos cu\u00e1les son los puntos a tratar. Adem\u00e1s te dejamos claras algunas instrucciones. Sigue leyendo. Para realizar la actividad de manera adecuada sigue estos pasos: Indicar con claridad el t\u00edtulo: Pasaporte. Ten en cuenta que los vas a exponer en clase, [&hellip;]<\/p>\n","protected":false},"author":36,"featured_media":0,"parent":0,"menu_order":0,"comment_status":"closed","ping_status":"closed","template":"","meta":{"footnotes":""},"class_list":["post-317","page","type-page","status-publish","hentry"],"_links":{"self":[{"href":"https:\/\/edublog.educastur.es\/juegosele\/wp-json\/wp\/v2\/pages\/317","targetHints":{"allow":["GET"]}}],"collection":[{"href":"https:\/\/edublog.educastur.es\/juegosele\/wp-json\/wp\/v2\/pages"}],"about":[{"href":"https:\/\/edublog.educastur.es\/juegosele\/wp-json\/wp\/v2\/types\/page"}],"author":[{"embeddable":true,"href":"https:\/\/edublog.educastur.es\/juegosele\/wp-json\/wp\/v2\/users\/36"}],"replies":[{"embeddable":true,"href":"https:\/\/edublog.educastur.es\/juegosele\/wp-json\/wp\/v2\/comments?post=317"}],"version-history":[{"count":4,"href":"https:\/\/edublog.educastur.es\/juegosele\/wp-json\/wp\/v2\/pages\/317\/revisions"}],"predecessor-version":[{"id":325,"href":"https:\/\/edublog.educastur.es\/juegosele\/wp-json\/wp\/v2\/pages\/317\/revisions\/325"}],"wp:attachment":[{"href":"https:\/\/edublog.educastur.es\/juegosele\/wp-json\/wp\/v2\/media?parent=317"}],"curies":[{"name":"wp","href":"https:\/\/api.w.org\/{rel}","templated":true}]}}