{"id":348,"date":"2025-05-19T15:13:21","date_gmt":"2025-05-19T15:13:21","guid":{"rendered":"https:\/\/edublog.educastur.es\/juegosele\/?page_id=348"},"modified":"2025-05-19T17:38:44","modified_gmt":"2025-05-19T17:38:44","slug":"podcast-ele","status":"publish","type":"page","link":"https:\/\/edublog.educastur.es\/juegosele\/podcast-ele\/","title":{"rendered":"PODCAST ELE"},"content":{"rendered":"<p><img loading=\"lazy\" decoding=\"async\" class=\"alignnone size-full wp-image-349\" src=\"http:\/\/edublog.educastur.es\/juegosele\/files\/2025\/05\/personas-que-usan-microfonos-durante-una-sesion-de-podcast-scaled.jpg\" alt=\"\" width=\"2560\" height=\"1707\" srcset=\"https:\/\/edublog.educastur.es\/juegosele\/files\/2025\/05\/personas-que-usan-microfonos-durante-una-sesion-de-podcast-scaled.jpg 2560w, https:\/\/edublog.educastur.es\/juegosele\/files\/2025\/05\/personas-que-usan-microfonos-durante-una-sesion-de-podcast-300x200.jpg 300w, https:\/\/edublog.educastur.es\/juegosele\/files\/2025\/05\/personas-que-usan-microfonos-durante-una-sesion-de-podcast-1024x683.jpg 1024w, https:\/\/edublog.educastur.es\/juegosele\/files\/2025\/05\/personas-que-usan-microfonos-durante-una-sesion-de-podcast-768x512.jpg 768w, https:\/\/edublog.educastur.es\/juegosele\/files\/2025\/05\/personas-que-usan-microfonos-durante-una-sesion-de-podcast-1536x1024.jpg 1536w, https:\/\/edublog.educastur.es\/juegosele\/files\/2025\/05\/personas-que-usan-microfonos-durante-una-sesion-de-podcast-2048x1365.jpg 2048w, https:\/\/edublog.educastur.es\/juegosele\/files\/2025\/05\/personas-que-usan-microfonos-durante-una-sesion-de-podcast-900x600.jpg 900w, https:\/\/edublog.educastur.es\/juegosele\/files\/2025\/05\/personas-que-usan-microfonos-durante-una-sesion-de-podcast-1280x853.jpg 1280w\" sizes=\"auto, (max-width: 2560px) 100vw, 2560px\" \/><\/p>\n<p>Vamos a crear un <strong>PODCAST<\/strong> sencillo con nuestras presentaciones y entrevistas, para ello tenemos que tener en cuenta estos breves pasos:<\/p>\n<ul>\n<li>Es una breve presentaci\u00f3n en formato de mon\u00f3logo o de entrevista dirigida a nuestros compa\u00f1eros y compa\u00f1eras del AIL. Diremos qu\u00e9 haremos desde que nos levantamos hasta que nos acostamos.<\/li>\n<li>Queremos contar brevemente qui\u00e9nes somos y qu\u00e9 hemos aprendido estos primeros meses en el AIL del IES Calder\u00f3n con Rosa Ana Mu\u00f1oz.<\/li>\n<li>Pod\u00e9is hacer un borrador del guion para saber qu\u00e9 pasos ten\u00e9is que seguir. Al final de estos consejos ten\u00e9is un breve ejemplo de varias preguntas.<\/li>\n<li>En todo momento ten\u00e9is que respetar los derechos de autor si utiliz\u00e1is m\u00fasica, im\u00e1genes o v\u00eddeos. Hay plataformas libres.<\/li>\n<li>Se puede utilizar el Audacity del aula para grabar y editar, siempre grabaremos en un entorno seguro.<\/li>\n<li>En la presentaci\u00f3n personal, cada expone lo que considere, pero siempre datos generales. En el caso de las entrevistas, uno ser\u00e1 el presentador y otro el entrevistado, y estos roles se cambiar\u00e1n en cada pregunta y respuesta para alternar el turno y que todos y todas trabajen la expresi\u00f3n y comprensi\u00f3n oral.<\/li>\n<li>La escaleta es muy sencilla:\n<ul>\n<li>Presentaci\u00f3n de la clase.<\/li>\n<li>Entrevista.<\/li>\n<li>Mon\u00f3logo<\/li>\n<li>Despedida.<\/li>\n<\/ul>\n<\/li>\n<li>En todo momento la profesora est\u00e1 a vuestra disposici\u00f3n para realizar la actividad.<\/li>\n<\/ul>\n<ul>\n<li style=\"list-style-type: none\"><\/li>\n<\/ul>\n<div>\n<p><img loading=\"lazy\" decoding=\"async\" class=\"alignnone size-full wp-image-124\" src=\"http:\/\/edublog.educastur.es\/juegosele\/files\/2021\/05\/comunicacio\u0301n.jpeg\" alt=\"\" width=\"626\" height=\"396\" srcset=\"https:\/\/edublog.educastur.es\/juegosele\/files\/2021\/05\/comunicacio\u0301n.jpeg 626w, https:\/\/edublog.educastur.es\/juegosele\/files\/2021\/05\/comunicacio\u0301n-300x190.jpeg 300w\" sizes=\"auto, (max-width: 626px) 100vw, 626px\" \/><\/p>\n<p>A continuaci\u00f3n, ten\u00e9is <strong>un ejemplo de guion<\/strong> para hacer la entrevista a vuestro compa\u00f1ero o compa\u00f1era. Las preguntas podr\u00edan ser las siguientes:<\/p>\n<p>1. \u00bfC\u00f3mo te llamas? \u2013 Me llamo Anna.<br \/>\n2. \u00bfDe d\u00f3nde eres? \u2013 Soy rusa.<br \/>\n3. \u00bfCu\u00e1ntos a\u00f1os tienes? \u2013 Tengo 16 a\u00f1os.<br \/>\n4. \u00bfD\u00f3nde vives? \u2013 Vivo en Gij\u00f3n.<br \/>\n5. \u00bfQu\u00e9 idiomas hablas? \u2013 Hablo ruso, ingl\u00e9s y un poco de espa\u00f1ol.<\/p>\n<p>6. \u00bfCu\u00e1l es tu color favorito? &#8211; Mi color favorito es el negro.<\/p>\n<p><a href=\"https:\/\/68110b3b9d97893c51be7b01--thriving-bunny-0ce4b8.netlify.app\/guin_para_la_entrevista_del_podcast\">https:\/\/68110b3b9d97893c51be7b01&#8211;thriving-bunny-0ce4b8.netlify.app\/guin_para_la_entrevista_del_podcast<\/a><\/p>\n<p>PRIMER PODCAST MAYO<\/p>\n<p><a href=\"https:\/\/go.ivoox.com\/rf\/147365442\">https:\/\/go.ivoox.com\/rf\/147365442<\/a><\/p>\n<\/div>\n","protected":false},"excerpt":{"rendered":"<p>Vamos a crear un PODCAST sencillo con nuestras presentaciones y entrevistas, para ello tenemos que tener en cuenta estos breves pasos: Es una breve presentaci\u00f3n en formato de mon\u00f3logo o de entrevista dirigida a nuestros compa\u00f1eros y compa\u00f1eras del AIL. Diremos qu\u00e9 haremos desde que nos levantamos hasta que nos acostamos. Queremos contar brevemente qui\u00e9nes [&hellip;]<\/p>\n","protected":false},"author":36,"featured_media":0,"parent":0,"menu_order":0,"comment_status":"closed","ping_status":"closed","template":"","meta":{"footnotes":""},"class_list":["post-348","page","type-page","status-publish","hentry"],"_links":{"self":[{"href":"https:\/\/edublog.educastur.es\/juegosele\/wp-json\/wp\/v2\/pages\/348","targetHints":{"allow":["GET"]}}],"collection":[{"href":"https:\/\/edublog.educastur.es\/juegosele\/wp-json\/wp\/v2\/pages"}],"about":[{"href":"https:\/\/edublog.educastur.es\/juegosele\/wp-json\/wp\/v2\/types\/page"}],"author":[{"embeddable":true,"href":"https:\/\/edublog.educastur.es\/juegosele\/wp-json\/wp\/v2\/users\/36"}],"replies":[{"embeddable":true,"href":"https:\/\/edublog.educastur.es\/juegosele\/wp-json\/wp\/v2\/comments?post=348"}],"version-history":[{"count":3,"href":"https:\/\/edublog.educastur.es\/juegosele\/wp-json\/wp\/v2\/pages\/348\/revisions"}],"predecessor-version":[{"id":352,"href":"https:\/\/edublog.educastur.es\/juegosele\/wp-json\/wp\/v2\/pages\/348\/revisions\/352"}],"wp:attachment":[{"href":"https:\/\/edublog.educastur.es\/juegosele\/wp-json\/wp\/v2\/media?parent=348"}],"curies":[{"name":"wp","href":"https:\/\/api.w.org\/{rel}","templated":true}]}}