{"id":101,"date":"2022-04-25T17:28:01","date_gmt":"2022-04-25T17:28:01","guid":{"rendered":"https:\/\/edublog.educastur.es\/laluna\/?page_id=101"},"modified":"2022-05-03T14:13:21","modified_gmt":"2022-05-03T14:13:21","slug":"desarrollo-sostenible","status":"publish","type":"page","link":"https:\/\/edublog.educastur.es\/laluna\/desarrollo-sostenible\/","title":{"rendered":"Desarrollo Sostenible\/Medio Ambiente y Diversidad"},"content":{"rendered":"<p style=\"text-align: center\"><span style=\"font-size: 14pt\"><strong>\u00abEl Centro Educativo <\/strong><\/span><span style=\"font-size: 14pt\"><strong>Primer Escenario <\/strong><\/span><\/p>\n<p style=\"text-align: center\"><span style=\"font-size: 14pt\"><strong>para la Experimentaci\u00f3n y Concienciaci\u00f3n\u00bb<\/strong><\/span><\/p>\n<p style=\"text-align: center\"><span style=\"font-size: 12pt\"><em>Nuestro Centro Educativo est\u00e1 integrado en una Comunidad Educativa, en una ciudad, Oviedo. \u00a0Debemos entender el centro como un entorno productivo, generador de oportunidades de desarrollo econ\u00f3mico y de riqueza.<\/em><\/span><\/p>\n<p style=\"text-align: center\"><strong>Las diferentes formas de aportar riqueza y generar oportunidades se obtendr\u00e1n como resultado de las acciones de la ciudan\u00eda global.<\/strong><\/p>\n<p style=\"text-align: center\">\u00a0 \u00a0 \u00a0 \u00a0 \u00a0 \u00a0 \u00a0 \u00a0<a href=\"https:\/\/edublog.educastur.es\/laluna\/experiencias\/\"><img loading=\"lazy\" decoding=\"async\" class=\"alignnone wp-image-117\" src=\"http:\/\/edublog.educastur.es\/laluna\/files\/2022\/04\/logo-Terapeuta-Natural-Simple-Hoja-Verde-300x300.jpg\" alt=\"\" width=\"132\" height=\"132\" srcset=\"https:\/\/edublog.educastur.es\/laluna\/files\/2022\/04\/logo-Terapeuta-Natural-Simple-Hoja-Verde-300x300.jpg 300w, https:\/\/edublog.educastur.es\/laluna\/files\/2022\/04\/logo-Terapeuta-Natural-Simple-Hoja-Verde-150x150.jpg 150w, https:\/\/edublog.educastur.es\/laluna\/files\/2022\/04\/logo-Terapeuta-Natural-Simple-Hoja-Verde-88x88.jpg 88w, https:\/\/edublog.educastur.es\/laluna\/files\/2022\/04\/logo-Terapeuta-Natural-Simple-Hoja-Verde.jpg 500w\" sizes=\"auto, (max-width: 132px) 100vw, 132px\" \/><\/a>\u00a0 \u00a0 <a href=\"https:\/\/edublog.educastur.es\/laluna\/participacion\/\"><img loading=\"lazy\" decoding=\"async\" class=\"alignnone wp-image-116\" src=\"http:\/\/edublog.educastur.es\/laluna\/files\/2022\/04\/logo-Terapeuta-Natural-Simple-Hoja-Verde-1-300x300.jpg\" alt=\"\" width=\"130\" height=\"130\" srcset=\"https:\/\/edublog.educastur.es\/laluna\/files\/2022\/04\/logo-Terapeuta-Natural-Simple-Hoja-Verde-1-300x300.jpg 300w, https:\/\/edublog.educastur.es\/laluna\/files\/2022\/04\/logo-Terapeuta-Natural-Simple-Hoja-Verde-1-150x150.jpg 150w, https:\/\/edublog.educastur.es\/laluna\/files\/2022\/04\/logo-Terapeuta-Natural-Simple-Hoja-Verde-1-88x88.jpg 88w, https:\/\/edublog.educastur.es\/laluna\/files\/2022\/04\/logo-Terapeuta-Natural-Simple-Hoja-Verde-1.jpg 500w\" sizes=\"auto, (max-width: 130px) 100vw, 130px\" \/><\/a>\u00a0 \u00a0 <a href=\"https:\/\/edublog.educastur.es\/laluna\/reducir\/\"><img loading=\"lazy\" decoding=\"async\" class=\"alignnone wp-image-118\" src=\"http:\/\/edublog.educastur.es\/laluna\/files\/2022\/04\/logo-Terapeuta-Natural-Simple-Hoja-Verde-2-300x300.jpg\" alt=\"\" width=\"128\" height=\"128\" srcset=\"https:\/\/edublog.educastur.es\/laluna\/files\/2022\/04\/logo-Terapeuta-Natural-Simple-Hoja-Verde-2-300x300.jpg 300w, https:\/\/edublog.educastur.es\/laluna\/files\/2022\/04\/logo-Terapeuta-Natural-Simple-Hoja-Verde-2-150x150.jpg 150w, https:\/\/edublog.educastur.es\/laluna\/files\/2022\/04\/logo-Terapeuta-Natural-Simple-Hoja-Verde-2-88x88.jpg 88w, https:\/\/edublog.educastur.es\/laluna\/files\/2022\/04\/logo-Terapeuta-Natural-Simple-Hoja-Verde-2.jpg 500w\" sizes=\"auto, (max-width: 128px) 100vw, 128px\" \/><\/a><\/p>\n<p style=\"text-align: center\">\u00a0 \u00a0 \u00a0 \u00a0 \u00a0 \u00a0 \u00a0 \u00a0 <a href=\"https:\/\/edublog.educastur.es\/laluna\/reutilizar\/\"><img loading=\"lazy\" decoding=\"async\" class=\"alignnone wp-image-115\" src=\"http:\/\/edublog.educastur.es\/laluna\/files\/2022\/04\/logo-Terapeuta-Natural-Simple-Hoja-Verde-3-300x300.jpg\" alt=\"\" width=\"132\" height=\"132\" srcset=\"https:\/\/edublog.educastur.es\/laluna\/files\/2022\/04\/logo-Terapeuta-Natural-Simple-Hoja-Verde-3-300x300.jpg 300w, https:\/\/edublog.educastur.es\/laluna\/files\/2022\/04\/logo-Terapeuta-Natural-Simple-Hoja-Verde-3-150x150.jpg 150w, https:\/\/edublog.educastur.es\/laluna\/files\/2022\/04\/logo-Terapeuta-Natural-Simple-Hoja-Verde-3-88x88.jpg 88w, https:\/\/edublog.educastur.es\/laluna\/files\/2022\/04\/logo-Terapeuta-Natural-Simple-Hoja-Verde-3.jpg 500w\" sizes=\"auto, (max-width: 132px) 100vw, 132px\" \/><\/a>\u00a0 \u00a0 <a href=\"https:\/\/edublog.educastur.es\/laluna\/reciclar\/\"><img loading=\"lazy\" decoding=\"async\" class=\"alignnone wp-image-114\" src=\"http:\/\/edublog.educastur.es\/laluna\/files\/2022\/04\/logo-Terapeuta-Natural-Simple-Hoja-Verde-4-300x300.jpg\" alt=\"\" width=\"129\" height=\"129\" srcset=\"https:\/\/edublog.educastur.es\/laluna\/files\/2022\/04\/logo-Terapeuta-Natural-Simple-Hoja-Verde-4-300x300.jpg 300w, https:\/\/edublog.educastur.es\/laluna\/files\/2022\/04\/logo-Terapeuta-Natural-Simple-Hoja-Verde-4-150x150.jpg 150w, https:\/\/edublog.educastur.es\/laluna\/files\/2022\/04\/logo-Terapeuta-Natural-Simple-Hoja-Verde-4-88x88.jpg 88w, https:\/\/edublog.educastur.es\/laluna\/files\/2022\/04\/logo-Terapeuta-Natural-Simple-Hoja-Verde-4.jpg 500w\" sizes=\"auto, (max-width: 129px) 100vw, 129px\" \/><\/a>\u00a0 \u00a0<a href=\"https:\/\/edublog.educastur.es\/laluna\/rrr\/\"><img loading=\"lazy\" decoding=\"async\" class=\"alignnone wp-image-113\" src=\"http:\/\/edublog.educastur.es\/laluna\/files\/2022\/04\/logo-Terapeuta-Natural-Simple-Hoja-Verde-5-300x300.jpg\" alt=\"\" width=\"130\" height=\"130\" srcset=\"https:\/\/edublog.educastur.es\/laluna\/files\/2022\/04\/logo-Terapeuta-Natural-Simple-Hoja-Verde-5-300x300.jpg 300w, https:\/\/edublog.educastur.es\/laluna\/files\/2022\/04\/logo-Terapeuta-Natural-Simple-Hoja-Verde-5-150x150.jpg 150w, https:\/\/edublog.educastur.es\/laluna\/files\/2022\/04\/logo-Terapeuta-Natural-Simple-Hoja-Verde-5-88x88.jpg 88w, https:\/\/edublog.educastur.es\/laluna\/files\/2022\/04\/logo-Terapeuta-Natural-Simple-Hoja-Verde-5.jpg 500w\" sizes=\"auto, (max-width: 130px) 100vw, 130px\" \/><\/a><\/p>\n<p style=\"text-align: center\"><strong>\u2026El cocinero Jose\u00e9 Andr\u00e9s nos anima&#8230;<\/strong><\/p>\n<p style=\"text-align: center\"><img loading=\"lazy\" decoding=\"async\" class=\"alignnone size-medium wp-image-276\" src=\"http:\/\/edublog.educastur.es\/laluna\/files\/2022\/05\/jose-andres-300x170.jpg\" alt=\"\" width=\"300\" height=\"170\" srcset=\"https:\/\/edublog.educastur.es\/laluna\/files\/2022\/05\/jose-andres-300x170.jpg 300w, https:\/\/edublog.educastur.es\/laluna\/files\/2022\/05\/jose-andres.jpg 558w\" sizes=\"auto, (max-width: 300px) 100vw, 300px\" \/><\/p>\n\n<!-- iframe plugin v.6.0 wordpress.org\/plugins\/iframe\/ -->\n<iframe loading=\"lazy\" width=\"760px\" height=\"500px\" src=\"https:\/\/sway.office.com\/s\/4Vu4hErlV2xu5FL6\/embed\" scrolling=\"yes\" class=\"iframe-class\" frameborder=\"0\"><\/iframe>\n\n<p style=\"text-align: center\"><span style=\"font-size: 10pt\">Las familias le han informado de nuestro Proyecto de Econom\u00eda Circular, y en especial de todas las actividades que realizamos en el \u201cHuerto Escolar\u201d en la que la agricultura ecol\u00f3gica y las tradiciones son una referencia para aprender\u2026<\/span><\/p>\n<p>&nbsp;<\/p>\n<p style=\"text-align: center\"><strong>Retos<\/strong><\/p>\n<ol>\n<li>CONTROL DE LOS RESIDUOS<\/li>\n<\/ol>\n<ul>\n<li>Residuos de las aulas<\/li>\n<li>Residuos en el almuerzo.<\/li>\n<li>Residuos por ciclos de edad.<\/li>\n<li>Residuos del centro.<\/li>\n<\/ul>\n<p>&nbsp;<\/p>\n<ol start=\"2\">\n<li>OBJETIVO CERO<\/li>\n<\/ol>\n<ul>\n<li>Bolsa negra, trazabilidad de los residuos.<\/li>\n<li>Campa\u00f1a publicitaria interna- Menos es m\u00e1s- Antes de tirar VALORA. \u00a1Piensa!<\/li>\n<\/ul>\n<p>&nbsp;<\/p>\n<ol start=\"3\">\n<li>ECOAUDITOR\u00cdAS<\/li>\n<\/ol>\n<ul>\n<li>Cantidad de residuos generados en un periodo de tiempo, seg\u00fan poblaci\u00f3n escolar y ubicaci\u00f3n de contenedores.<\/li>\n<li>Cantidad de residuos generados en el centro en un periodo de tiempo.<\/li>\n<li>Tipo de residuos y propuestas de intervenci\u00f3n para la reducci\u00f3n de determinados productos.<\/li>\n<li>Resultados de la intervenci\u00f3n.<\/li>\n<\/ul>\n<p>&nbsp;<\/p>\n<ol start=\"4\">\n<li>LA MATERIA PRIMA<\/li>\n<\/ol>\n<ul>\n<li>El valor de los residuos urbanos en un centro escolar.<\/li>\n<li>Las comunidades escolares como generadoras de materia prima, riqueza.<\/li>\n<li>Reducci\u00f3n del consumo de materiales.<\/li>\n<li>Gesti\u00f3n del consumo energ\u00e9tico y de agua.<\/li>\n<li>Cooperativas Escolares.<\/li>\n<\/ul>\n<p>&nbsp;<\/p>\n<ol start=\"5\">\n<li>EL MEDIO AMBIENTE EN UN ENTORNO URBANO<\/li>\n<\/ol>\n<ul>\n<li>Jard\u00edn vertical.<\/li>\n<li>Plantas ornamentales.<\/li>\n<li>Invernadero\/Semillero.<\/li>\n<li>Huerto Escolar.<\/li>\n<\/ul>\n<p>&nbsp;<\/p>\n<ol start=\"6\">\n<li>EL CICLO DE LA VIDA DE UN PRODUCTO<\/li>\n<\/ol>\n<ul>\n<li>Otros usos de los productos de desecho.<\/li>\n<li>Propuestas para una econom\u00eda circular.<\/li>\n<li>Acciones ciudadanas.<\/li>\n<li>Beneficio Social.<\/li>\n<\/ul>\n<p>&nbsp;<\/p>\n<ol start=\"7\">\n<li>LAS TRADICIONES Y LA CULTURA<\/li>\n<\/ol>\n<ul>\n<li>Propuesta de acci\u00f3n ciudadana adaptada al \u00e1mbito educativo.<\/li>\n<li>Econom\u00eda Circular. \u201cVendemos Plantas- Conseguimos Sonrisas\u201d-<\/li>\n<li>Festejos- Celebraciones.<\/li>\n<li>Juegos tradicionales y\/o populares.<\/li>\n<\/ul>\n","protected":false},"excerpt":{"rendered":"<p>\u00abEl Centro Educativo Primer Escenario para la Experimentaci\u00f3n y Concienciaci\u00f3n\u00bb Nuestro Centro Educativo est\u00e1 integrado en una Comunidad Educativa, en una ciudad, Oviedo. \u00a0Debemos entender el centro como un entorno productivo, generador de oportunidades de desarrollo econ\u00f3mico y de riqueza. Las diferentes formas de aportar riqueza y generar oportunidades se obtendr\u00e1n como resultado de las [&hellip;]<\/p>\n","protected":false},"author":1437,"featured_media":0,"parent":0,"menu_order":0,"comment_status":"closed","ping_status":"closed","template":"","meta":{"footnotes":""},"class_list":["post-101","page","type-page","status-publish","hentry"],"_links":{"self":[{"href":"https:\/\/edublog.educastur.es\/laluna\/wp-json\/wp\/v2\/pages\/101","targetHints":{"allow":["GET"]}}],"collection":[{"href":"https:\/\/edublog.educastur.es\/laluna\/wp-json\/wp\/v2\/pages"}],"about":[{"href":"https:\/\/edublog.educastur.es\/laluna\/wp-json\/wp\/v2\/types\/page"}],"author":[{"embeddable":true,"href":"https:\/\/edublog.educastur.es\/laluna\/wp-json\/wp\/v2\/users\/1437"}],"replies":[{"embeddable":true,"href":"https:\/\/edublog.educastur.es\/laluna\/wp-json\/wp\/v2\/comments?post=101"}],"version-history":[{"count":28,"href":"https:\/\/edublog.educastur.es\/laluna\/wp-json\/wp\/v2\/pages\/101\/revisions"}],"predecessor-version":[{"id":277,"href":"https:\/\/edublog.educastur.es\/laluna\/wp-json\/wp\/v2\/pages\/101\/revisions\/277"}],"wp:attachment":[{"href":"https:\/\/edublog.educastur.es\/laluna\/wp-json\/wp\/v2\/media?parent=101"}],"curies":[{"name":"wp","href":"https:\/\/api.w.org\/{rel}","templated":true}]}}