{"id":162,"date":"2022-04-26T17:04:42","date_gmt":"2022-04-26T17:04:42","guid":{"rendered":"https:\/\/edublog.educastur.es\/laluna\/?page_id=162"},"modified":"2022-06-23T05:39:27","modified_gmt":"2022-06-23T05:39:27","slug":"experiencias","status":"publish","type":"page","link":"https:\/\/edublog.educastur.es\/laluna\/experiencias\/","title":{"rendered":"Experiencias"},"content":{"rendered":"<p style=\"text-align: center\">El CEIP Dolores Medio tenemos la seguridad de que aprendemos haciendo, a trav\u00e9s de la experiencia, y de que\u00a0<strong>cambiar el mundo es cosa de ni\u00f1os, de ni\u00f1as.<\/strong><\/p>\n<p>Pensamos que\u00a0<strong>nuestro planeta necesita un cambio<\/strong>\u00a0en los h\u00e1bitos de consumo y, por todo ello, hemos puesto en marcha este proyecto.<\/p>\n<p>Durante varios meses observamos el comportamiento de las plantas, su alimentaci\u00f3n y reproducci\u00f3n. En el invernadero obtuvimos varias cosechas que el alumnado llev\u00f3 a su casa para su cuidado.<\/p>\n<p>Investigamos sobre los sectores de producci\u00f3n y decidimos poner en pr\u00e1ctica una experiencia basada en la <strong><u>\u201cEconom\u00eda Circular\u201d.<\/u><\/strong><\/p>\n<p style=\"text-align: center\"><span style=\"font-family: impact, sans-serif;font-size: 18pt\"><strong>CURSO 2021-2022<\/strong><\/span><\/p>\n<p style=\"text-align: center\"><img loading=\"lazy\" decoding=\"async\" class=\"alignnone size-medium wp-image-286\" src=\"http:\/\/edublog.educastur.es\/laluna\/files\/2022\/06\/IMG-20220602-WA0011-184x300.jpg\" alt=\"\" width=\"184\" height=\"300\" srcset=\"https:\/\/edublog.educastur.es\/laluna\/files\/2022\/06\/IMG-20220602-WA0011-184x300.jpg 184w, https:\/\/edublog.educastur.es\/laluna\/files\/2022\/06\/IMG-20220602-WA0011-628x1024.jpg 628w, https:\/\/edublog.educastur.es\/laluna\/files\/2022\/06\/IMG-20220602-WA0011-768x1253.jpg 768w, https:\/\/edublog.educastur.es\/laluna\/files\/2022\/06\/IMG-20220602-WA0011-942x1536.jpg 942w, https:\/\/edublog.educastur.es\/laluna\/files\/2022\/06\/IMG-20220602-WA0011-900x1468.jpg 900w, https:\/\/edublog.educastur.es\/laluna\/files\/2022\/06\/IMG-20220602-WA0011.jpg 981w\" sizes=\"auto, (max-width: 184px) 100vw, 184px\" \/><\/p>\n<p style=\"text-align: center\"><strong>CAMPA\u00d1A PUBLICITARIA<\/strong><\/p>\n<p style=\"text-align: center\"><strong><a href=\"https:\/\/educastur-my.sharepoint.com\/:v:\/g\/personal\/doloresm_educastur_org\/ERRkr2mfPiVEvUoaW7qJ4VIB8KTR00t_F4LqI6-pANyT9A?e=ls9mbv\">\u00abVendemos plantas, conseguimos sonrisas 2022\u00bb<\/a><\/strong><\/p>\n<p style=\"text-align: center\"><a href=\"https:\/\/educastur-my.sharepoint.com\/:u:\/g\/personal\/doloresm_educastur_org\/ESYuZ3cu50NAmp4S0urqkb8BcRvSp5zhk99sm-hHwYpTnw?e=8kwSIy\"><strong>Podcast-audio 2022<\/strong><\/a><\/p>\n<p style=\"text-align: center\"><strong><a href=\"https:\/\/educastur-my.sharepoint.com\/:v:\/g\/personal\/doloresm_educastur_org\/EWPMiJCQzaBEn7dGhldePxkBIvBp6-nXvA0Y1MnjiMT4qA?e=EaWgft\">\u00abPublicidad est\u00e1tica &#8211; Educaci\u00f3n Infantil y EP12\u00bb<\/a><\/strong><\/p>\n<p>&nbsp;<\/p>\n<p style=\"text-align: center\"><strong>AS\u00cd LO HICIMOS<\/strong><\/p>\n<p style=\"text-align: center\"><a href=\"https:\/\/educastur-my.sharepoint.com\/:v:\/g\/personal\/doloresm_educastur_org\/EfA8MJ7x8qRIm0xwQsVru-0BHLlZ4EMbnxlRiMWnND1hig?e=rwcKZJ\"><strong>1. \u00abCon los cinco sentidos\u00bb &#8211; EI<\/strong><\/a><\/p>\n<p style=\"text-align: center\"><strong><a href=\"https:\/\/educastur-my.sharepoint.com\/:v:\/g\/personal\/doloresm_educastur_org\/Ef3yt24CWflMiDyAjfz5TUUBnX8vyqMzeUJxPcyU4yzsYQ?e=oceKnl\">2.\u00bbUn mundo de experiencias\u00bb &#8211; EP1<\/a><\/strong><\/p>\n<p style=\"text-align: center\"><strong><a href=\"https:\/\/educastur-my.sharepoint.com\/:v:\/g\/personal\/doloresm_educastur_org\/EbtlwFlU-Q9NsFWrhS2jPZcBuLLN1d_Ytx1ICxRv2og0_A?e=BMe6Ey\">3.\u00bbMantenimiento de tres tipos de cultivo\u00bb &#8211; EP2<\/a><\/strong><\/p>\n<p style=\"text-align: center\"><strong><a href=\"https:\/\/educastur-my.sharepoint.com\/:v:\/g\/personal\/doloresm_educastur_org\/EddYzXQ6ee1FseieflJi0XMBT3Hz6h36_5fea28nG71hbA?e=hrezUq\">4.\u00bbEspacio verde\u00bb 1- y <\/a><a href=\"https:\/\/sway.office.com\/lJI1DT3yr9LjAGt8?ref=Link\">\u00abEspacio verde\u00bb2- EP3<\/a><\/strong><\/p>\n<p style=\"text-align: center\"><strong><a href=\"https:\/\/educastur-my.sharepoint.com\/:v:\/g\/personal\/doloresm_educastur_org\/EfJ9LZkvpNxNj_YxDkoddG0Bp9tl5AfMmAMaDd9yrGMhZg?e=R2otZH\">5.\u00bbEl huerto\u00bb-EP4 y EP5<\/a><\/strong><\/p>\n<p style=\"text-align: center\"><a href=\"https:\/\/educastur-my.sharepoint.com\/:v:\/g\/personal\/doloresm_educastur_org\/EU2I718RRt9Ol9EXnjtW_MwBjkuj0iaUJPvhItERuy-ZyQ?e=Qdmmfe\"><strong>6.\u00bbEl jard\u00edn\u00bb-EP6<\/strong><\/a><\/p>\n<p style=\"text-align: center\"><a href=\"https:\/\/educastur-my.sharepoint.com\/:v:\/g\/personal\/doloresm_educastur_org\/EdBnbCC3qOpBrIEU12PwBPEBu29kbMuMvPpjEKwYjFwfIQ?e=ZgVLpk\"><strong>7.\u00bbEl paso del tiempo\u00bb<\/strong><\/a><\/p>\n<p style=\"text-align: center\"><a href=\"https:\/\/educastur-my.sharepoint.com\/:v:\/g\/personal\/doloresm_educastur_org\/EaGz3l8BByJItyVH4SOVC38BdHqVo072qaqgv0oqD1rGgA?e=n6BICm\"><strong>8.\u00bbAgricultura ecol\u00f3gica-Aprendemos con \u00c1ngel\u00bb<\/strong><\/a><\/p>\n<p style=\"text-align: center\"><a href=\"https:\/\/educastur-my.sharepoint.com\/:v:\/g\/personal\/doloresm_educastur_org\/EVLWBQxCX7lPkrZnPKLNH5kBAtsK-7jjB7-oulSIb_f1tg?e=8iuIRm\"><strong>9.\u00bbLa cosecha\u00bb<\/strong><\/a><\/p>\n<p style=\"text-align: center\"><a href=\"https:\/\/educastur-my.sharepoint.com\/:v:\/g\/personal\/doloresm_educastur_org\/EbjYrXUtB2dImPtuOODHyqYBboXNvLUfBpK92BmOXEi37w?e=Ko0PaI\"><strong>10.\u00bbCiudadan\u00eda global\u00bb<\/strong><\/a><\/p>\n<p style=\"text-align: center\"><a href=\"https:\/\/educastur-my.sharepoint.com\/:b:\/g\/personal\/doloresm_educastur_org\/EfVn0dvrIVhKi1lA8JjBbb0B-IvCBdeAWYR3URvZ_VOU3Q?e=ImEjjs\">\u00abLA LUNA VERDE\u00bb &#8211; Proyecto de innovaci\u00f3n educativa<\/a><\/p>\n<p style=\"text-align: center\"><a href=\"https:\/\/educastur-my.sharepoint.com\/:b:\/g\/personal\/doloresm_educastur_org\/ETbQYRTiH6hDilr3boMfrBoBbEkMw6CtREpH6zjt-3LeBg?e=6uZnYN\">PROYECTO DE CENTRO DESARROLLO SOSTENIBLE-ECONOMIA CIRCULAR-HUERTO ECOL\u00d3GICO<\/a><\/p>\n<p style=\"text-align: center\"><span style=\"font-family: impact, sans-serif;font-size: 18pt\">CURSO 2020-21<\/span><\/p>\n<p style=\"text-align: center\"><img loading=\"lazy\" decoding=\"async\" class=\"alignnone size-medium wp-image-183\" src=\"http:\/\/edublog.educastur.es\/laluna\/files\/2022\/04\/imagen-300x235.jpg\" alt=\"\" width=\"300\" height=\"235\" srcset=\"https:\/\/edublog.educastur.es\/laluna\/files\/2022\/04\/imagen-300x235.jpg 300w, https:\/\/edublog.educastur.es\/laluna\/files\/2022\/04\/imagen.jpg 404w\" sizes=\"auto, (max-width: 300px) 100vw, 300px\" \/><\/p>\n<p style=\"text-align: center\"><a href=\"https:\/\/sway.office.com\/Rgn9ZqH7nkf28eUS?ref=Link\"><strong>\u201cVendemos Plantas Compramos Sonrisas\u201d 2021<\/strong><\/a><\/p>\n<p style=\"text-align: center\"><a href=\"https:\/\/educastur-my.sharepoint.com\/:u:\/g\/personal\/doloresm_educastur_org\/Eb-lTybfVX9In-60cmz0Hu8BlwuwiHi-8Lab26EMh79kdQ?e=uvwxxi\"><strong>El proyecto en un p\u00f3dcast- Audio 2021<\/strong><\/a><\/p>\n<p style=\"text-align: center\"><strong>Marcap\u00e1ginas<\/strong><\/p>\n<p style=\"text-align: center\"><img loading=\"lazy\" decoding=\"async\" class=\"alignnone size-medium wp-image-242\" src=\"http:\/\/edublog.educastur.es\/laluna\/files\/2022\/04\/marcapaginas-3-300x57.jpg\" alt=\"\" width=\"300\" height=\"57\" srcset=\"https:\/\/edublog.educastur.es\/laluna\/files\/2022\/04\/marcapaginas-3-300x57.jpg 300w, https:\/\/edublog.educastur.es\/laluna\/files\/2022\/04\/marcapaginas-3.jpg 523w\" sizes=\"auto, (max-width: 300px) 100vw, 300px\" \/><\/p>\n<p>Fueron precisas una serie de actividades secuenciadas y programadas para cada nivel educativo:<\/p>\n<p><strong>\u00a0<\/strong>Se vendieron las plantas cultivadas de forma SOSTENIBLE, respetando el medioambiente.<\/p>\n<ul>\n<li>Los envases y embalajes se obtuvieron del reciclado y de la elaboraci\u00f3n de pasta de papel.<\/li>\n<li>Para el cultivo y cosecha de las plantas se invirti\u00f3 el tiempo de recreo.<\/li>\n<li>Se dise\u00f1o una campa\u00f1a publicitaria y realiz\u00f3 estudio de mercado.<\/li>\n<li>Se cre\u00f3 una peque\u00f1a cooperativa, se investig\u00f3 y seleccion\u00f3 la ONG para la realizaci\u00f3n de donativo.<\/li>\n<li>Se determin\u00f3 que el \u201cD\u00eda Mundial del Medio Ambiente\u201d 5 de junio, ser\u00eda el momento adecuado para finalizar nuestra propuesta de \u201cEconom\u00eda Circular\u201d.<\/li>\n<li>Se realiz\u00f3 valoraci\u00f3n de los resultaos.<\/li>\n<li>Se propuso como Proyecto de Centro para cursos futuros\u2026<\/li>\n<\/ul>\n<p>&nbsp;<\/p>\n<p style=\"text-align: center\"><strong><a href=\"https:\/\/educastur-my.sharepoint.com\/:b:\/g\/personal\/doloresm_educastur_org\/ES1NinxZHGpHqUtkqhybOgMBYMvi1KTvkPEjwTRapbYmvg?e=FZzreY\">Proyecto \u201cEconom\u00eda Circular\u201d- Vendemos Plantas Conseguimos Sonrisas\u201d<\/a>\u00a0<\/strong><\/p>\n<p style=\"text-align: center\"><img loading=\"lazy\" decoding=\"async\" class=\"alignnone wp-image-243\" src=\"http:\/\/edublog.educastur.es\/laluna\/files\/2022\/04\/imagen-1-300x235.jpg\" alt=\"\" width=\"143\" height=\"112\" srcset=\"https:\/\/edublog.educastur.es\/laluna\/files\/2022\/04\/imagen-1-300x235.jpg 300w, https:\/\/edublog.educastur.es\/laluna\/files\/2022\/04\/imagen-1.jpg 404w\" sizes=\"auto, (max-width: 143px) 100vw, 143px\" \/><\/p>\n<p style=\"text-align: center\">Proyecto de intervenci\u00f3n \u201cEconom\u00eda Circular, secuenciado a lo largo de un curso escolar y con la participaci\u00f3n de toda la Comunidad Educativa.<\/p>\n<p>&nbsp;<\/p>\n<p style=\"text-align: center\"><strong><a href=\"https:\/\/educastur-my.sharepoint.com\/:b:\/g\/personal\/doloresm_educastur_org\/ESG_g4LDXyNGn0-kQR-ZJnMBGFF5v0xtA1JnBJFvcw7Bug?e=Zn4hBT\">Proyecto COGERSA \u201cDolores Medio\u201d<\/a>\u00a0<\/strong><\/p>\n<p style=\"text-align: center\"><img loading=\"lazy\" decoding=\"async\" class=\"alignnone wp-image-184\" src=\"http:\/\/edublog.educastur.es\/laluna\/files\/2022\/04\/rer-287x300.jpg\" alt=\"\" width=\"125\" height=\"131\" srcset=\"https:\/\/edublog.educastur.es\/laluna\/files\/2022\/04\/rer-287x300.jpg 287w, https:\/\/edublog.educastur.es\/laluna\/files\/2022\/04\/rer.jpg 515w\" sizes=\"auto, (max-width: 125px) 100vw, 125px\" \/><\/p>\n<p style=\"text-align: center\">Datos de participaci\u00f3n. Objetivos acciones.<\/p>\n<p>&nbsp;<\/p>\n<p style=\"text-align: center\"><strong><a href=\"https:\/\/educastur-my.sharepoint.com\/:b:\/g\/personal\/doloresm_educastur_org\/ERm_WAW186xFhd5kERuUE-4BtF2dcB60ZIJ4CKQF5ZbQSA?e=Tqv1Et\">Semana Europea de Prevenci\u00f3n de Residuos<\/a>\u00a0<\/strong><\/p>\n<p style=\"text-align: center\"><img loading=\"lazy\" decoding=\"async\" class=\"alignnone size-medium wp-image-185\" src=\"http:\/\/edublog.educastur.es\/laluna\/files\/2022\/04\/SEPR-300x58.jpg\" alt=\"\" width=\"300\" height=\"58\" srcset=\"https:\/\/edublog.educastur.es\/laluna\/files\/2022\/04\/SEPR-300x58.jpg 300w, https:\/\/edublog.educastur.es\/laluna\/files\/2022\/04\/SEPR.jpg 529w\" sizes=\"auto, (max-width: 300px) 100vw, 300px\" \/><\/p>\n<p style=\"text-align: center\">Programa con la participaci\u00f3n activa de toda la Comunidad Educativa, desarrollado a lo largo de una semana durante el mes de noviembre.<\/p>\n<p>&nbsp;<\/p>\n<p style=\"text-align: center\"><a href=\"https:\/\/educastur-my.sharepoint.com\/:b:\/g\/personal\/doloresm_educastur_org\/ESV8e697viFAh53YJmjLOmUBLothx0033tl194_9LM_30w?e=0PirMm\">Ficha resumen SEPR 2021<\/a><\/p>\n<p style=\"text-align: center\"><a href=\"https:\/\/edublog.educastur.es\/laluna\/desarrollo-sostenible\/\"><img loading=\"lazy\" decoding=\"async\" class=\"alignnone wp-image-208\" src=\"http:\/\/edublog.educastur.es\/laluna\/files\/2022\/04\/BOTON-VOLVER-300x300.jpg\" alt=\"\" width=\"91\" height=\"91\" srcset=\"https:\/\/edublog.educastur.es\/laluna\/files\/2022\/04\/BOTON-VOLVER-300x300.jpg 300w, https:\/\/edublog.educastur.es\/laluna\/files\/2022\/04\/BOTON-VOLVER-150x150.jpg 150w, https:\/\/edublog.educastur.es\/laluna\/files\/2022\/04\/BOTON-VOLVER-768x768.jpg 768w, https:\/\/edublog.educastur.es\/laluna\/files\/2022\/04\/BOTON-VOLVER-88x88.jpg 88w, https:\/\/edublog.educastur.es\/laluna\/files\/2022\/04\/BOTON-VOLVER.jpg 800w\" sizes=\"auto, (max-width: 91px) 100vw, 91px\" \/><\/a><\/p>\n","protected":false},"excerpt":{"rendered":"<p>El CEIP Dolores Medio tenemos la seguridad de que aprendemos haciendo, a trav\u00e9s de la experiencia, y de que\u00a0cambiar el mundo es cosa de ni\u00f1os, de ni\u00f1as. Pensamos que\u00a0nuestro planeta necesita un cambio\u00a0en los h\u00e1bitos de consumo y, por todo ello, hemos puesto en marcha este proyecto. Durante varios meses observamos el comportamiento de las [&hellip;]<\/p>\n","protected":false},"author":1437,"featured_media":0,"parent":0,"menu_order":0,"comment_status":"closed","ping_status":"closed","template":"","meta":{"footnotes":""},"class_list":["post-162","page","type-page","status-publish","hentry"],"_links":{"self":[{"href":"https:\/\/edublog.educastur.es\/laluna\/wp-json\/wp\/v2\/pages\/162","targetHints":{"allow":["GET"]}}],"collection":[{"href":"https:\/\/edublog.educastur.es\/laluna\/wp-json\/wp\/v2\/pages"}],"about":[{"href":"https:\/\/edublog.educastur.es\/laluna\/wp-json\/wp\/v2\/types\/page"}],"author":[{"embeddable":true,"href":"https:\/\/edublog.educastur.es\/laluna\/wp-json\/wp\/v2\/users\/1437"}],"replies":[{"embeddable":true,"href":"https:\/\/edublog.educastur.es\/laluna\/wp-json\/wp\/v2\/comments?post=162"}],"version-history":[{"count":36,"href":"https:\/\/edublog.educastur.es\/laluna\/wp-json\/wp\/v2\/pages\/162\/revisions"}],"predecessor-version":[{"id":307,"href":"https:\/\/edublog.educastur.es\/laluna\/wp-json\/wp\/v2\/pages\/162\/revisions\/307"}],"wp:attachment":[{"href":"https:\/\/edublog.educastur.es\/laluna\/wp-json\/wp\/v2\/media?parent=162"}],"curies":[{"name":"wp","href":"https:\/\/api.w.org\/{rel}","templated":true}]}}