{"id":163,"date":"2022-04-26T17:04:42","date_gmt":"2022-04-26T17:04:42","guid":{"rendered":"https:\/\/edublog.educastur.es\/laluna\/?page_id=163"},"modified":"2022-04-29T11:12:23","modified_gmt":"2022-04-29T11:12:23","slug":"reutilizar","status":"publish","type":"page","link":"https:\/\/edublog.educastur.es\/laluna\/reutilizar\/","title":{"rendered":"Reutilizar"},"content":{"rendered":"<p style=\"text-align: center\"><strong>\u201cVolver a utilizar un objeto o material<\/strong>, ya sea para el mismo fin que ten\u00eda originalmente o para uno nuevo\u201d.<\/p>\n<p style=\"text-align: center\">Nos proponemos obtener el m\u00e1ximo rendimiento de la materia prima, d\u00e1ndole su valor real.<\/p>\n<p style=\"text-align: center\">En cada acci\u00f3n, en cada actividad, tarea, programa o proyecto buscamos utilizar aquella materia con la que ya contamos.<\/p>\n<p style=\"text-align: center\">Materia prima que hemos seleccionado, recuperando del contenedor.<\/p>\n<p style=\"text-align: center\">MODIFIC\u00c1NDOLA con nuestras manos le daremos una NUEVA VIDA.<\/p>\n<p style=\"text-align: center\"><strong>La reutilizaci\u00f3n es transversal desarroll\u00e1ndose a trav\u00e9s del proceso de ense\u00f1anza- \u00a0\u00a0aprendizaje en cada una de las acciones de construcci\u00f3n de nuevos recursos did\u00e1cticos.<\/strong><\/p>\n<p>&nbsp;<\/p>\n<p style=\"text-align: center\"><a href=\"https:\/\/educastur-my.sharepoint.com\/:v:\/g\/personal\/doloresm_educastur_org\/EYvyGOdiN55NmR-VmA3Atp4B93J6C4Oa9ZqxmJi3ruDNew?e=cZHr3m\"><strong>\u00abEF sosteniendo la salud y el planeta\u00bb<\/strong><\/a><\/p>\n<p style=\"text-align: center\"><img loading=\"lazy\" decoding=\"async\" class=\"alignnone size-medium wp-image-269\" src=\"http:\/\/edublog.educastur.es\/laluna\/files\/2022\/04\/EF-sosteniendo-la-salud-y-el-planeta-300x149.jpg\" alt=\"\" width=\"300\" height=\"149\" srcset=\"https:\/\/edublog.educastur.es\/laluna\/files\/2022\/04\/EF-sosteniendo-la-salud-y-el-planeta-300x149.jpg 300w, https:\/\/edublog.educastur.es\/laluna\/files\/2022\/04\/EF-sosteniendo-la-salud-y-el-planeta.jpg 655w\" sizes=\"auto, (max-width: 300px) 100vw, 300px\" \/><\/p>\n<p style=\"text-align: center\">Hacemos deporte con material reutilizado en unas jornadas de convivencia.<\/p>\n<p>&nbsp;<\/p>\n<p style=\"text-align: center\"><strong><a href=\"https:\/\/educastur-my.sharepoint.com\/:v:\/g\/personal\/doloresm_educastur_org\/EQDt7O-ycA5Apx1TcaBOR6gB2ewsyadfPNObphil6u1KGQ?e=nX8gzF\">\u201cHistoria de un \u00c1rbol I\u00bb<\/a>\u00a0 e <a href=\"https:\/\/educastur-my.sharepoint.com\/:v:\/g\/personal\/doloresm_educastur_org\/EdSfZeeSr-1EppNTsl0a-vUBsga9ayDRV72_SK65k5m0Sg?e=Vendit\">\u00abHistoria de un \u00e1rbol II\u201d<\/a><\/strong><\/p>\n<p style=\"text-align: center\">Los peri\u00f3dicos se han de convertir en un \u00e1rbol por el que accederemos al aula, un \u00e1rbol para exponer todas las cosas que vamos creando\u2026<\/p>\n<p>&nbsp;<\/p>\n<p style=\"text-align: center\"><a href=\"https:\/\/educastur-my.sharepoint.com\/:v:\/g\/personal\/doloresm_educastur_org\/Ea7ptMNmvc1JmD4CvTUEKJwBfIAaWXoMVfaYkCHqRu8dpQ?e=OfSJBB\"><strong>\u201cJuegos\u201d<\/strong><\/a><\/p>\n<p style=\"text-align: center\">Transformar peri\u00f3dico, hojas, botellas\u2026 en juegos\u2026 e incorporarlo a la representaci\u00f3n de nuestras traiciones\u2026<\/p>\n<p>&nbsp;<\/p>\n<p style=\"text-align: center\"><a href=\"https:\/\/educastur-my.sharepoint.com\/:v:\/g\/personal\/doloresm_educastur_org\/Eam57UCJuZ5Il8IEUqNWnUoBm7okKQXPzjGXRcgBoYatew?e=v7HfVi\"><strong>\u201cUn Regalo Obtenido de la Naturaleza\u201d<\/strong><\/a><\/p>\n<p style=\"text-align: center\">Con residuos recogidos en las playas y hueveras de cart\u00f3n\u2026<\/p>\n<p>&nbsp;<\/p>\n<p style=\"text-align: center\"><strong><a href=\"https:\/\/educastur-my.sharepoint.com\/:v:\/g\/personal\/doloresm_educastur_org\/ESI29q3d9AZPtAQLWKJGlAYB7VWysyn45xl9_SOzpGcjVg?e=uoOdT2\">\u00abMadre Tierra I\u00bb<\/a> <\/strong>y\u00a0<a href=\"https:\/\/educastur-my.sharepoint.com\/:v:\/g\/personal\/doloresm_educastur_org\/ERjr4STqwFhJlhxcmdDvJeYByTNEoBaWeHLHqkKg7DfwpA?e=nAo5nE\"><strong>\u201cMadre Tierra\u201d<\/strong><\/a><\/p>\n<p style=\"text-align: center\">Unas tablas que recuperadas nos sirven para plasmas nuestro poema\u2026<\/p>\n<p style=\"text-align: center\">Botellas y trozos de pl\u00e1stico nos sirven para plasmar nuestros sentimientos&#8230;<\/p>\n<p>&nbsp;<\/p>\n<p style=\"text-align: center\"><strong><a href=\"https:\/\/educastur-my.sharepoint.com\/:v:\/g\/personal\/doloresm_educastur_org\/Eduz6tpi2BhKu8Nd3buj24MBLbUgqoE_dXc7YuoRSYQhAA?e=s7Zzl7\">\u00abTribu de los Peluchi\u00bb<\/a>y <a href=\"https:\/\/educastur-my.sharepoint.com\/:v:\/g\/personal\/doloresm_educastur_org\/EYRaULHcKRtCuFtKc4T291cBIki4nnsV9qsCZ7d9_m5yyA?e=Qtskoy\">\u00abJirafas\u00bb<\/a><\/strong><\/p>\n<p style=\"text-align: center\">Restos de lana o plastilina, recortes de papel, tubos de cart\u00f3n y mucha imaginaci\u00f3n para convertirnos en\u2026<\/p>\n<p>&nbsp;<\/p>\n<p style=\"text-align: center\"><a href=\"https:\/\/educastur-my.sharepoint.com\/:v:\/g\/personal\/doloresm_educastur_org\/ETa6_Wb43DhKsgv1irt-14oBZUopHozC0__lYgPT52P_ig?e=spsZYW\"><strong>\u201cLa Casa de Insectos\u201d<\/strong><\/a><\/p>\n<p style=\"text-align: center\">Con todo los que tenemos en nuestras casas\u2026durante el confinamiento\u2026 creamos casas para insectos.<\/p>\n<p>&nbsp;<\/p>\n<p style=\"text-align: center\"><a href=\"https:\/\/educastur-my.sharepoint.com\/:v:\/g\/personal\/doloresm_educastur_org\/Ed3Mkn6qFk1Lt-ph24Qs7d4BIkWVUPMG2wmj8RwkfGeyyg?e=aVj9lJ\"><strong>\u201cInventos\u201d<\/strong><\/a><\/p>\n<p style=\"text-align: center\">M\u00e1quinas creadas para experimentar\u2026<\/p>\n<p>&nbsp;<\/p>\n<p style=\"text-align: center\"><a href=\"https:\/\/educastur-my.sharepoint.com\/:v:\/g\/personal\/doloresm_educastur_org\/EYMxTlgF5yBFudrUR5-j4QYB8QGl5dfGx4fnCnf_x2CZbg?e=5Wb1t1\"><strong>\u201cLa Luna\u201d<\/strong><\/a><\/p>\n<p style=\"text-align: center\">Restos de pl\u00e1stico utilizados para cubrir cables nos servir\u00e1n para construir un planetario\u2026<\/p>\n<p>&nbsp;<\/p>\n<p style=\"text-align: center\"><a href=\"https:\/\/educastur-my.sharepoint.com\/:v:\/g\/personal\/doloresm_educastur_org\/EdiyPRWCsl5OgSkhEKZq74MBVjxX9eroONGPM6ZzXFT1WQ?e=SPajPu\"><strong>\u201cTejiendo un Traje\u201d<\/strong><\/a><\/p>\n<p style=\"text-align: center\">Con una caja de cart\u00f3n, papel de peri\u00f3dico, recortes de papel\u2026<\/p>\n<p>&nbsp;<\/p>\n<p style=\"text-align: center\"><strong>\u201cCreaciones Did\u00e1cticas\u201d<\/strong><\/p>\n<p style=\"text-align: center\">\u201cEl Ciclo del Agua\u201d representado en 3D.<\/p>\n<p style=\"text-align: center\">Maquetas con envases.<\/p>\n","protected":false},"excerpt":{"rendered":"<p>\u201cVolver a utilizar un objeto o material, ya sea para el mismo fin que ten\u00eda originalmente o para uno nuevo\u201d. Nos proponemos obtener el m\u00e1ximo rendimiento de la materia prima, d\u00e1ndole su valor real. En cada acci\u00f3n, en cada actividad, tarea, programa o proyecto buscamos utilizar aquella materia con la que ya contamos. Materia prima [&hellip;]<\/p>\n","protected":false},"author":1437,"featured_media":0,"parent":0,"menu_order":0,"comment_status":"closed","ping_status":"closed","template":"","meta":{"footnotes":""},"class_list":["post-163","page","type-page","status-publish","hentry"],"_links":{"self":[{"href":"https:\/\/edublog.educastur.es\/laluna\/wp-json\/wp\/v2\/pages\/163","targetHints":{"allow":["GET"]}}],"collection":[{"href":"https:\/\/edublog.educastur.es\/laluna\/wp-json\/wp\/v2\/pages"}],"about":[{"href":"https:\/\/edublog.educastur.es\/laluna\/wp-json\/wp\/v2\/types\/page"}],"author":[{"embeddable":true,"href":"https:\/\/edublog.educastur.es\/laluna\/wp-json\/wp\/v2\/users\/1437"}],"replies":[{"embeddable":true,"href":"https:\/\/edublog.educastur.es\/laluna\/wp-json\/wp\/v2\/comments?post=163"}],"version-history":[{"count":12,"href":"https:\/\/edublog.educastur.es\/laluna\/wp-json\/wp\/v2\/pages\/163\/revisions"}],"predecessor-version":[{"id":270,"href":"https:\/\/edublog.educastur.es\/laluna\/wp-json\/wp\/v2\/pages\/163\/revisions\/270"}],"wp:attachment":[{"href":"https:\/\/edublog.educastur.es\/laluna\/wp-json\/wp\/v2\/media?parent=163"}],"curies":[{"name":"wp","href":"https:\/\/api.w.org\/{rel}","templated":true}]}}