{"id":164,"date":"2022-04-26T17:04:42","date_gmt":"2022-04-26T17:04:42","guid":{"rendered":"https:\/\/edublog.educastur.es\/laluna\/?page_id=164"},"modified":"2022-04-28T07:38:12","modified_gmt":"2022-04-28T07:38:12","slug":"reciclar","status":"publish","type":"page","link":"https:\/\/edublog.educastur.es\/laluna\/reciclar\/","title":{"rendered":"Reciclar"},"content":{"rendered":"<p style=\"text-align: center\">\u201cEl material inicial pasa por un\u00a0<strong>proceso\u00a0<\/strong>o\u00a0<strong>tratamiento\u00a0<\/strong>que lo convierte en una nueva materia prima.\u201d.<\/p>\n<p style=\"text-align: center\"><strong>\u00a0<\/strong>La pasta de papel\u00a0es un material compuesto por varios ingredientes, entre los cuales el m\u00e1s esencial es\u00a0la pulpa de papel. Esta \u00faltima se obtiene directamente de la madera\u2026<\/p>\n<p style=\"text-align: center\"><strong>Para evitar talar \u00e1rboles descubrimos otras formas de conseguir pulpa de papel\u2026<\/strong><\/p>\n<p style=\"text-align: center\">Con papel de peri\u00f3dico y hueveras de cart\u00f3n\u2026<\/p>\n<p style=\"text-align: center\">Obtenemos una pasta gris o coloreada, seg\u00fan el color de las hojas de peri\u00f3dico o hueveras.<\/p>\n<p style=\"text-align: center\"><strong>Pasos para conseguir pasta de papel\u2026<\/strong><\/p>\n<p style=\"text-align: center\">Trocear.<\/p>\n<p style=\"text-align: center\">Remojar.<\/p>\n<p style=\"text-align: center\">Triturar.<\/p>\n<p style=\"text-align: center\">Mezclar.<\/p>\n<p style=\"text-align: center\">Quitar el exceso de agua.<\/p>\n<p style=\"text-align: center\">Para que las fibras est\u00e9n bien ligadas a\u00f1adimos cola, de este modo se facilita el modelado y dar\u00e1 resistencia a los objetos una vez acabados.<\/p>\n<p style=\"text-align: center\"><strong>\u00a0<\/strong><\/p>\n<p style=\"text-align: center\"><a href=\"https:\/\/educastur-my.sharepoint.com\/:v:\/g\/personal\/doloresm_educastur_org\/ESROmPwJYrNNtcma7zgOLYABgOTmsa68nSx2eXBXiODe0A?e=WMlCDJ\"><strong>\u201cPensando en Ti\u201d<\/strong><\/a><\/p>\n<p style=\"text-align: center\">\n<p style=\"text-align: center\">Un simple papel de peri\u00f3dico nos permite jugar, pensar, crear, colaborar\u2026<\/p>\n<p style=\"text-align: center\">Decidimos transformarlo, modificarlo y darle un nuevo uso\u2026<\/p>\n<p style=\"text-align: center\">\u2026una nueva vida\u2026<\/p>\n<p style=\"text-align: center\"><a href=\"https:\/\/edublog.educastur.es\/laluna\/desarrollo-sostenible\/\"><img loading=\"lazy\" decoding=\"async\" class=\"alignnone wp-image-208\" src=\"http:\/\/edublog.educastur.es\/laluna\/files\/2022\/04\/BOTON-VOLVER-300x300.jpg\" alt=\"\" width=\"80\" height=\"80\" srcset=\"https:\/\/edublog.educastur.es\/laluna\/files\/2022\/04\/BOTON-VOLVER-300x300.jpg 300w, https:\/\/edublog.educastur.es\/laluna\/files\/2022\/04\/BOTON-VOLVER-150x150.jpg 150w, https:\/\/edublog.educastur.es\/laluna\/files\/2022\/04\/BOTON-VOLVER-768x768.jpg 768w, https:\/\/edublog.educastur.es\/laluna\/files\/2022\/04\/BOTON-VOLVER-88x88.jpg 88w, https:\/\/edublog.educastur.es\/laluna\/files\/2022\/04\/BOTON-VOLVER.jpg 800w\" sizes=\"auto, (max-width: 80px) 100vw, 80px\" \/><\/a><\/p>\n","protected":false},"excerpt":{"rendered":"<p>\u201cEl material inicial pasa por un\u00a0proceso\u00a0o\u00a0tratamiento\u00a0que lo convierte en una nueva materia prima.\u201d. \u00a0La pasta de papel\u00a0es un material compuesto por varios ingredientes, entre los cuales el m\u00e1s esencial es\u00a0la pulpa de papel. Esta \u00faltima se obtiene directamente de la madera\u2026 Para evitar talar \u00e1rboles descubrimos otras formas de conseguir pulpa de papel\u2026 Con papel [&hellip;]<\/p>\n","protected":false},"author":1437,"featured_media":0,"parent":0,"menu_order":0,"comment_status":"closed","ping_status":"closed","template":"","meta":{"footnotes":""},"class_list":["post-164","page","type-page","status-publish","hentry"],"_links":{"self":[{"href":"https:\/\/edublog.educastur.es\/laluna\/wp-json\/wp\/v2\/pages\/164","targetHints":{"allow":["GET"]}}],"collection":[{"href":"https:\/\/edublog.educastur.es\/laluna\/wp-json\/wp\/v2\/pages"}],"about":[{"href":"https:\/\/edublog.educastur.es\/laluna\/wp-json\/wp\/v2\/types\/page"}],"author":[{"embeddable":true,"href":"https:\/\/edublog.educastur.es\/laluna\/wp-json\/wp\/v2\/users\/1437"}],"replies":[{"embeddable":true,"href":"https:\/\/edublog.educastur.es\/laluna\/wp-json\/wp\/v2\/comments?post=164"}],"version-history":[{"count":7,"href":"https:\/\/edublog.educastur.es\/laluna\/wp-json\/wp\/v2\/pages\/164\/revisions"}],"predecessor-version":[{"id":198,"href":"https:\/\/edublog.educastur.es\/laluna\/wp-json\/wp\/v2\/pages\/164\/revisions\/198"}],"wp:attachment":[{"href":"https:\/\/edublog.educastur.es\/laluna\/wp-json\/wp\/v2\/media?parent=164"}],"curies":[{"name":"wp","href":"https:\/\/api.w.org\/{rel}","templated":true}]}}