{"id":165,"date":"2022-04-26T17:04:42","date_gmt":"2022-04-26T17:04:42","guid":{"rendered":"https:\/\/edublog.educastur.es\/laluna\/?page_id=165"},"modified":"2022-05-03T14:35:00","modified_gmt":"2022-05-03T14:35:00","slug":"reducir","status":"publish","type":"page","link":"https:\/\/edublog.educastur.es\/laluna\/reducir\/","title":{"rendered":"Reducir"},"content":{"rendered":"<p style=\"text-align: center\">\u201cLa cadena de reciclaje empieza con el peque\u00f1o gesto &#8211; la separaci\u00f3n de residuos\u201d.<\/p>\n<p style=\"text-align: center\"><strong>Ecoauditorias<\/strong><\/p>\n<p style=\"text-align: center\">Nos hemos propuesto autoevaluarnos.<\/p>\n<p style=\"text-align: center\">Para ello hemos dise\u00f1ado paneles de seguimiento para las aulas y para el Centro Educativo.<\/p>\n<p style=\"text-align: center\"><em><img loading=\"lazy\" decoding=\"async\" class=\"alignnone size-medium wp-image-251\" src=\"http:\/\/edublog.educastur.es\/laluna\/files\/2022\/04\/IMG_20220309_122818-300x135.jpg\" alt=\"\" width=\"300\" height=\"135\" srcset=\"https:\/\/edublog.educastur.es\/laluna\/files\/2022\/04\/IMG_20220309_122818-300x135.jpg 300w, https:\/\/edublog.educastur.es\/laluna\/files\/2022\/04\/IMG_20220309_122818.jpg 763w\" sizes=\"auto, (max-width: 300px) 100vw, 300px\" \/> <img loading=\"lazy\" decoding=\"async\" class=\"alignnone size-medium wp-image-252\" src=\"http:\/\/edublog.educastur.es\/laluna\/files\/2022\/04\/IMG_20220309_122826-300x135.jpg\" alt=\"\" width=\"300\" height=\"135\" srcset=\"https:\/\/edublog.educastur.es\/laluna\/files\/2022\/04\/IMG_20220309_122826-300x135.jpg 300w, https:\/\/edublog.educastur.es\/laluna\/files\/2022\/04\/IMG_20220309_122826.jpg 763w\" sizes=\"auto, (max-width: 300px) 100vw, 300px\" \/> <img loading=\"lazy\" decoding=\"async\" class=\"alignnone size-medium wp-image-253\" src=\"http:\/\/edublog.educastur.es\/laluna\/files\/2022\/04\/IMG_20220314_105640-1-206x300.jpg\" alt=\"\" width=\"206\" height=\"300\" srcset=\"https:\/\/edublog.educastur.es\/laluna\/files\/2022\/04\/IMG_20220314_105640-1-206x300.jpg 206w, https:\/\/edublog.educastur.es\/laluna\/files\/2022\/04\/IMG_20220314_105640-1.jpg 424w\" sizes=\"auto, (max-width: 206px) 100vw, 206px\" \/><\/em><\/p>\n<p><strong>Organizaci\u00f3n<\/strong><\/p>\n<ol>\n<li>Distribuci\u00f3n de contenedores azules, amarillos y negros por cada planta y en los tres patios.<\/li>\n<li>Distribuci\u00f3n de papeleras azules, amarillas y negras en cada aula y en los espacios de uso m\u00faltiple.<\/li>\n<li>Registro de control de aula- Cada aula designar\u00e1 responsables del control de residuos de aula, debiendo anotar cada vez que se deposita en contenido de una papelera en el contenedor correspondiente.<\/li>\n<li>Registro de control de Centro- El alumnado de quinto de primaria quincenalmente realizar\u00e1 registro de los datos de las aulas y espacios de uso m\u00faltiple.<\/li>\n<li>Esos datos se incluir\u00e1n en el Panel de Registro de Residuos de Centro.<\/li>\n<li>Vaciado de contenedores. Los contenedores se vaciar\u00e1n en el horario de tarde por el personal de limpieza.<\/li>\n<li><strong>Las papeleras de color negro<\/strong> nos indicar\u00e1n la cantidad de residuos finalmente generados.<\/li>\n<li><u>S\u00f3lo aquellos residuos depositados en las contenedores\/papeleras negras no entraran en el proceso de reciclado-reutilizaci\u00f3n. <\/u><\/li>\n<li>Los residuos depositados en las papeleras o contenedores de color azul o amarillo podr\u00e1n ser reutilizados o reciclados para otros usos en el \u00e1mbito escolar, en ese caso no contabilizar\u00e1n en el panel de control.<\/li>\n<li>Los datos se remitir\u00e1n a COGERSA trimestralmente.<\/li>\n<\/ol>\n<p style=\"text-align: center\">Deseamos alcanzar el RESIDUO CERO.<\/p>\n<p>&nbsp;<\/p>\n<p style=\"text-align: center\"><a href=\"https:\/\/educastur-my.sharepoint.com\/:v:\/g\/personal\/doloresm_educastur_org\/EZQ7K_mH5-JHvYBTxLCaPo4BBoc0C0Zi_xLmMIr-nJtgJQ?e=cDrBNF\"><strong>\u201cAprendemos en COGERSA\u201d<\/strong><\/a><\/p>\n<p style=\"text-align: center\"><img loading=\"lazy\" decoding=\"async\" class=\"alignnone size-medium wp-image-281\" src=\"http:\/\/edublog.educastur.es\/laluna\/files\/2022\/05\/talleres-300x148.jpg\" alt=\"\" width=\"300\" height=\"148\" srcset=\"https:\/\/edublog.educastur.es\/laluna\/files\/2022\/05\/talleres-300x148.jpg 300w, https:\/\/edublog.educastur.es\/laluna\/files\/2022\/05\/talleres-768x380.jpg 768w, https:\/\/edublog.educastur.es\/laluna\/files\/2022\/05\/talleres.jpg 786w\" sizes=\"auto, (max-width: 300px) 100vw, 300px\" \/><\/p>\n<p style=\"text-align: center\">Visitamos sus instalaciones para despu\u00e9s aplicar lo aprendido\u2026<\/p>\n<p>&nbsp;<\/p>\n<p style=\"text-align: center\"><a href=\"https:\/\/educastur-my.sharepoint.com\/:v:\/g\/personal\/doloresm_educastur_org\/EdelFS_wS6lKsMuOqB6WtMcBF8x0NSKzhPxeynIulLXnDg?e=7Fn8In\"><strong>\u201cH\u00e1bitos Saludables\u201d<\/strong><\/a><\/p>\n<p style=\"text-align: center\">Cambiamos nuestros h\u00e1bitos s\u00f3lo con dejar de generar residuos\u2026<\/p>\n<p>&nbsp;<\/p>\n<p style=\"text-align: center\"><a href=\"https:\/\/educastur-my.sharepoint.com\/:v:\/g\/personal\/doloresm_educastur_org\/EXXnHZsvMo5Fj5rVCumkrNkBaAt_WTy6J41UnmfpoCv4qg?e=Dm6jv3\"><strong>\u201cMomentos SERP\u201d<\/strong><\/a><\/p>\n<p style=\"text-align: center\"><img loading=\"lazy\" decoding=\"async\" class=\"alignnone size-medium wp-image-283\" src=\"http:\/\/edublog.educastur.es\/laluna\/files\/2022\/05\/sepr-300x176.jpg\" alt=\"\" width=\"300\" height=\"176\" srcset=\"https:\/\/edublog.educastur.es\/laluna\/files\/2022\/05\/sepr-300x176.jpg 300w, https:\/\/edublog.educastur.es\/laluna\/files\/2022\/05\/sepr.jpg 733w\" sizes=\"auto, (max-width: 300px) 100vw, 300px\" \/><\/p>\n<p style=\"text-align: center\">La Semana Europea de Prevenci\u00f3n de Residuos nos sirve de motivaci\u00f3n para aportar materia prima y crear\u2026<\/p>\n<p style=\"text-align: center\"><a href=\"https:\/\/edublog.educastur.es\/laluna\/desarrollo-sostenible\/\"><img loading=\"lazy\" decoding=\"async\" class=\"alignnone wp-image-208\" src=\"http:\/\/edublog.educastur.es\/laluna\/files\/2022\/04\/BOTON-VOLVER-300x300.jpg\" alt=\"\" width=\"82\" height=\"82\" srcset=\"https:\/\/edublog.educastur.es\/laluna\/files\/2022\/04\/BOTON-VOLVER-300x300.jpg 300w, https:\/\/edublog.educastur.es\/laluna\/files\/2022\/04\/BOTON-VOLVER-150x150.jpg 150w, https:\/\/edublog.educastur.es\/laluna\/files\/2022\/04\/BOTON-VOLVER-768x768.jpg 768w, https:\/\/edublog.educastur.es\/laluna\/files\/2022\/04\/BOTON-VOLVER-88x88.jpg 88w, https:\/\/edublog.educastur.es\/laluna\/files\/2022\/04\/BOTON-VOLVER.jpg 800w\" sizes=\"auto, (max-width: 82px) 100vw, 82px\" \/><\/a><\/p>\n","protected":false},"excerpt":{"rendered":"<p>\u201cLa cadena de reciclaje empieza con el peque\u00f1o gesto &#8211; la separaci\u00f3n de residuos\u201d. Ecoauditorias Nos hemos propuesto autoevaluarnos. Para ello hemos dise\u00f1ado paneles de seguimiento para las aulas y para el Centro Educativo. Organizaci\u00f3n Distribuci\u00f3n de contenedores azules, amarillos y negros por cada planta y en los tres patios. Distribuci\u00f3n de papeleras azules, amarillas [&hellip;]<\/p>\n","protected":false},"author":1437,"featured_media":0,"parent":0,"menu_order":0,"comment_status":"closed","ping_status":"closed","template":"","meta":{"footnotes":""},"class_list":["post-165","page","type-page","status-publish","hentry"],"_links":{"self":[{"href":"https:\/\/edublog.educastur.es\/laluna\/wp-json\/wp\/v2\/pages\/165","targetHints":{"allow":["GET"]}}],"collection":[{"href":"https:\/\/edublog.educastur.es\/laluna\/wp-json\/wp\/v2\/pages"}],"about":[{"href":"https:\/\/edublog.educastur.es\/laluna\/wp-json\/wp\/v2\/types\/page"}],"author":[{"embeddable":true,"href":"https:\/\/edublog.educastur.es\/laluna\/wp-json\/wp\/v2\/users\/1437"}],"replies":[{"embeddable":true,"href":"https:\/\/edublog.educastur.es\/laluna\/wp-json\/wp\/v2\/comments?post=165"}],"version-history":[{"count":10,"href":"https:\/\/edublog.educastur.es\/laluna\/wp-json\/wp\/v2\/pages\/165\/revisions"}],"predecessor-version":[{"id":284,"href":"https:\/\/edublog.educastur.es\/laluna\/wp-json\/wp\/v2\/pages\/165\/revisions\/284"}],"wp:attachment":[{"href":"https:\/\/edublog.educastur.es\/laluna\/wp-json\/wp\/v2\/media?parent=165"}],"curies":[{"name":"wp","href":"https:\/\/api.w.org\/{rel}","templated":true}]}}