{"id":73,"date":"2022-04-11T08:00:50","date_gmt":"2022-04-11T08:00:50","guid":{"rendered":"https:\/\/edublog.educastur.es\/laluna\/?page_id=73"},"modified":"2023-05-18T12:16:04","modified_gmt":"2023-05-18T12:16:04","slug":"estilos-de-vida-saludable-bienestar-social","status":"publish","type":"page","link":"https:\/\/edublog.educastur.es\/laluna\/estilos-de-vida-saludable-bienestar-social\/","title":{"rendered":"Estilos de Vida Saludable\/Bienestar Social"},"content":{"rendered":"<p>ESTILOS DE VIDA SALUDABLE<\/p>\n<p><a href=\"https:\/\/educastur-my.sharepoint.com\/:v:\/g\/personal\/doloresm_educastur_org\/EY1xdtuegrFJsDF_Rih5HVkB-6DGYmIISTetcDGnXAFEAw?e=ExdPqV\">Autoconstrucci\u00f3n disco volador &#8211; EP5<\/a><\/p>\n<p><a href=\"https:\/\/educastur-my.sharepoint.com\/:v:\/g\/personal\/doloresm_educastur_org\/EaQt3QaUtX1Api0XaD3Gn4MBVpWLwZsV0fWeID5hjBFY4g?e=SD7hRY\">Autoconstrucci\u00f3n OVNI &#8211; EP3<\/a><\/p>\n<p><a href=\"https:\/\/educastur-my.sharepoint.com\/:v:\/g\/personal\/doloresm_educastur_org\/EV0iJLuhQN9Phk69SCKztZwBrQQdqeA_VLfISLSMmZAP0w?e=cW3Rjm\">Autoconstrucci\u00f3n indiaca &#8211; EP3<\/a><\/p>\n<p><a href=\"https:\/\/educastur-my.sharepoint.com\/:v:\/g\/personal\/doloresm_educastur_org\/ESTy_nlhpNFNsunuHhAL7HUBzP-sCuwEHNBWafIkqnwupA?e=BhRSIY\">Autoconstrucci\u00f3n pelota-globo EP4<\/a><\/p>\n<p><a href=\"https:\/\/educastur-my.sharepoint.com\/:v:\/g\/personal\/doloresm_educastur_org\/ERYP0YDKM6VBpqJL3ht8ZKMBIOIS4s4IiRBcI1yp5O-Bug?e=4ZtJq2\">Autoconstrucci\u00f3n indiaca &#8211; EP4<\/a><\/p>\n<p><a href=\"https:\/\/educastur-my.sharepoint.com\/:v:\/g\/personal\/doloresm_educastur_org\/EQtOmjXjbClBoKg6mNL3MeQBY8PhAzvaWpwTjfpKEmxWhg?e=wvCe92\">Autoconstrucci\u00f3n COR &#8211; EP5<\/a><\/p>\n<p><a href=\"https:\/\/educastur-my.sharepoint.com\/:v:\/g\/personal\/doloresm_educastur_org\/EV3Wx7bVGz1IqCXOCK0cEHMBjRD95TMUnSwImAPqHJN4hw?e=la7lPz\">Autoconstrucci\u00f3n raqueta &#8211; EP5<\/a><\/p>\n<p><a href=\"https:\/\/educastur-my.sharepoint.com\/:v:\/g\/personal\/doloresm_educastur_org\/EQ0cCaBeFfBDghV-qmRxa3cBciWLdzgcKSJBfL95xVMoug?e=Iyibg3\">Autoconstrucci\u00f3n aro &#8211; EP5<\/a><\/p>\n<p><a href=\"https:\/\/educastur-my.sharepoint.com\/:v:\/g\/personal\/doloresm_educastur_org\/EZPseqQuAtdNsSTE35GCSAUB5HzjDLL5cA7t_vxXVCQJAQ?e=xMG30F\">Escuela de Chefs &#8211; Promotor de estilos de vida saludable &#8211; EP5<\/a><\/p>\n<p><a href=\"https:\/\/educastur-my.sharepoint.com\/:v:\/g\/personal\/doloresm_educastur_org\/Eb4THS7SfA1MliToE8D42uYBYqomCIagerQ-C3CFXZpxbg?e=1DawVc\">Harlem Shake &#8211; Promotor de estilos de vida saludable &#8211; EP5<\/a><\/p>\n<p>&nbsp;<\/p>\n<p>BIENESTAR SOCIAL<\/p>\n<p><a href=\"https:\/\/educastur-my.sharepoint.com\/:v:\/g\/personal\/doloresm_educastur_org\/EU8UFegMsGRCgW1Kgh2dxsABPt9FvxkachUtHe3TCTtgNg?e=6GS4eM\">Canto \/ baile &#8211; Propuesta intergeneracional &#8211; EP5<\/a><\/p>\n<p><a href=\"https:\/\/educastur-my.sharepoint.com\/:v:\/g\/personal\/doloresm_educastur_org\/EeUGug5ucf1Dqlftrkb1_VEBE-9P5P4oZcKnvMjorMfurQ?e=00gdYG\">Visita a la Junta General del Principado &#8211; Propuesta intergeneracional &#8211; EP4 y EP5<\/a><\/p>\n<p>&nbsp;<\/p>\n","protected":false},"excerpt":{"rendered":"<p>ESTILOS DE VIDA SALUDABLE Autoconstrucci\u00f3n disco volador &#8211; EP5 Autoconstrucci\u00f3n OVNI &#8211; EP3 Autoconstrucci\u00f3n indiaca &#8211; EP3 Autoconstrucci\u00f3n pelota-globo EP4 Autoconstrucci\u00f3n indiaca &#8211; EP4 Autoconstrucci\u00f3n COR &#8211; EP5 Autoconstrucci\u00f3n raqueta &#8211; EP5 Autoconstrucci\u00f3n aro &#8211; EP5 Escuela de Chefs &#8211; Promotor de estilos de vida saludable &#8211; EP5 Harlem Shake &#8211; Promotor de estilos de [&hellip;]<\/p>\n","protected":false},"author":1437,"featured_media":0,"parent":0,"menu_order":0,"comment_status":"closed","ping_status":"closed","template":"","meta":{"footnotes":""},"class_list":["post-73","page","type-page","status-publish","hentry"],"_links":{"self":[{"href":"https:\/\/edublog.educastur.es\/laluna\/wp-json\/wp\/v2\/pages\/73","targetHints":{"allow":["GET"]}}],"collection":[{"href":"https:\/\/edublog.educastur.es\/laluna\/wp-json\/wp\/v2\/pages"}],"about":[{"href":"https:\/\/edublog.educastur.es\/laluna\/wp-json\/wp\/v2\/types\/page"}],"author":[{"embeddable":true,"href":"https:\/\/edublog.educastur.es\/laluna\/wp-json\/wp\/v2\/users\/1437"}],"replies":[{"embeddable":true,"href":"https:\/\/edublog.educastur.es\/laluna\/wp-json\/wp\/v2\/comments?post=73"}],"version-history":[{"count":8,"href":"https:\/\/edublog.educastur.es\/laluna\/wp-json\/wp\/v2\/pages\/73\/revisions"}],"predecessor-version":[{"id":319,"href":"https:\/\/edublog.educastur.es\/laluna\/wp-json\/wp\/v2\/pages\/73\/revisions\/319"}],"wp:attachment":[{"href":"https:\/\/edublog.educastur.es\/laluna\/wp-json\/wp\/v2\/media?parent=73"}],"curies":[{"name":"wp","href":"https:\/\/api.w.org\/{rel}","templated":true}]}}