{"id":32,"date":"2026-01-28T15:35:20","date_gmt":"2026-01-28T14:35:20","guid":{"rendered":"https:\/\/edublog.educastur.es\/laradiodelmata\/?page_id=32"},"modified":"2026-02-01T17:36:09","modified_gmt":"2026-02-01T16:36:09","slug":"quienes-somos","status":"publish","type":"page","link":"https:\/\/edublog.educastur.es\/laradiodelmata\/quienes-somos\/","title":{"rendered":"\u00bfQui\u00e9nes somos?"},"content":{"rendered":"<h3 data-start=\"259\" data-end=\"344\"><img loading=\"lazy\" decoding=\"async\" class=\"alignnone size-full wp-image-22\" src=\"http:\/\/edublog.educastur.es\/laradiodelmata\/files\/2026\/01\/20260128_101000-1-scaled.jpg\" alt=\"\" width=\"2560\" height=\"1182\" srcset=\"https:\/\/edublog.educastur.es\/laradiodelmata\/files\/2026\/01\/20260128_101000-1-scaled.jpg 2560w, https:\/\/edublog.educastur.es\/laradiodelmata\/files\/2026\/01\/20260128_101000-1-300x139.jpg 300w, https:\/\/edublog.educastur.es\/laradiodelmata\/files\/2026\/01\/20260128_101000-1-1024x473.jpg 1024w, https:\/\/edublog.educastur.es\/laradiodelmata\/files\/2026\/01\/20260128_101000-1-768x355.jpg 768w, https:\/\/edublog.educastur.es\/laradiodelmata\/files\/2026\/01\/20260128_101000-1-1536x709.jpg 1536w, https:\/\/edublog.educastur.es\/laradiodelmata\/files\/2026\/01\/20260128_101000-1-2048x946.jpg 2048w\" sizes=\"auto, (max-width: 2560px) 100vw, 2560px\" \/><\/h3>\n<h3 data-start=\"259\" data-end=\"344\"><span style=\"font-family: 'courier new', courier, monospace;color: #993366\">Bienvenidos a nuestra radio escolar: un espacio para escuchar, crear y participar.<\/span><\/h3>\n<p data-start=\"346\" data-end=\"606\"><span style=\"font-family: 'courier new', courier, monospace;font-size: 14pt\">Hoy abrimos este blog con la misma ilusi\u00f3n con la que se enciende un micr\u00f3fono por primera vez. Se trata de un espacio hecho por y para nuestra comunidad educativa, para que las ideas tengan voz, las historias encuentren su lugar y donde cada opini\u00f3n cuente.<\/span><\/p>\n<p data-start=\"608\" data-end=\"1020\"><span style=\"font-family: 'courier new', courier, monospace\"><span style=\"font-size: 14pt\">La radio es mucho m\u00e1s que m\u00fasica y palabras. Es encuentro, es aprendizaje y es creatividad. A trav\u00e9s de este proyecto queremos informar, entretener y reflexionar, pero tambi\u00e9n aprender a escuchar, a expresarnos con respeto y a trabajar en equipo. Cada espacio que emitamos ser\u00e1 una oportunidad para compartir lo que nos interesa, lo que nos preocupa y lo que nos inspira como estudiantes, docentes y miembros de un mismo centro. <\/span><span style=\"font-size: 14pt\">Queremos, por tanto, que este blog sea el punto de encuentro de nuestra radio: aqu\u00ed anunciaremos programas, compartiremos contenidos, experiencias, entrevistas y todo aquello que suceda detr\u00e1s y delante del micr\u00f3fono. Queremos que sea un espacio vivo, en constante crecimiento, donde todos aquellos que quieran puedan intervenir y sentirse part\u00edcipes.<\/span><\/span><\/p>\n<p data-start=\"608\" data-end=\"1020\"><span style=\"font-family: 'courier new', courier, monospace;font-size: 14pt\">Te invitamos a escucharnos, a leernos y, sobre todo, a probar el micr\u00f3fono. Porque la radio escolar no se hace sola: se construye con voces diversas, con curiosidad y con ganas de comunicar.<\/span><\/p>\n<p data-start=\"608\" data-end=\"1020\"><span style=\"font-family: 'courier new', courier, monospace;font-size: 14pt\">Bienvenid@s. \u00a1Estamos en el aire!<\/span><\/p>\n<p>&nbsp;<\/p>\n","protected":false},"excerpt":{"rendered":"<p>Bienvenidos a nuestra radio escolar: un espacio para escuchar, crear y participar. Hoy abrimos este blog con la misma ilusi\u00f3n con la que se enciende un micr\u00f3fono por primera vez. Se trata de un espacio hecho por y para nuestra [&hellip;]<\/p>\n","protected":false},"author":13,"featured_media":0,"parent":0,"menu_order":0,"comment_status":"closed","ping_status":"closed","template":"","meta":{"footnotes":""},"class_list":["post-32","page","type-page","status-publish","hentry"],"_links":{"self":[{"href":"https:\/\/edublog.educastur.es\/laradiodelmata\/wp-json\/wp\/v2\/pages\/32","targetHints":{"allow":["GET"]}}],"collection":[{"href":"https:\/\/edublog.educastur.es\/laradiodelmata\/wp-json\/wp\/v2\/pages"}],"about":[{"href":"https:\/\/edublog.educastur.es\/laradiodelmata\/wp-json\/wp\/v2\/types\/page"}],"author":[{"embeddable":true,"href":"https:\/\/edublog.educastur.es\/laradiodelmata\/wp-json\/wp\/v2\/users\/13"}],"replies":[{"embeddable":true,"href":"https:\/\/edublog.educastur.es\/laradiodelmata\/wp-json\/wp\/v2\/comments?post=32"}],"version-history":[{"count":3,"href":"https:\/\/edublog.educastur.es\/laradiodelmata\/wp-json\/wp\/v2\/pages\/32\/revisions"}],"predecessor-version":[{"id":100,"href":"https:\/\/edublog.educastur.es\/laradiodelmata\/wp-json\/wp\/v2\/pages\/32\/revisions\/100"}],"wp:attachment":[{"href":"https:\/\/edublog.educastur.es\/laradiodelmata\/wp-json\/wp\/v2\/media?parent=32"}],"curies":[{"name":"wp","href":"https:\/\/api.w.org\/{rel}","templated":true}]}}